{"id":77,"date":"2025-10-29T18:39:29","date_gmt":"2025-10-29T18:39:29","guid":{"rendered":"https:\/\/www.heparks.org\/?page_id=77"},"modified":"2026-04-08T10:45:36","modified_gmt":"2026-04-08T15:45:36","slug":"nwsra-hoat-dong-giai-tri-dac-biet","status":"publish","type":"page","link":"https:\/\/www.heparks.org\/vi\/about\/nwsra-special-recreation\/","title":{"rendered":"NWSRA Gi\u1ea3i tr\u00ed \u0110\u1eb7c bi\u1ec7t"},"content":{"rendered":"<section class=\"wp-block-cover alignfull pattern hero-2\"><span aria-hidden=\"true\" class=\"wp-block-cover__background has-dark-teal-background-color has-background-dim-100 has-background-dim\"><\/span><div class=\"wp-block-cover__inner-container has-global-padding is-layout-constrained wp-block-cover-is-layout-constrained\">\n<div class=\"wp-block-columns pattern-intro is-layout-flex wp-container-core-columns-is-layout-28f84493 wp-block-columns-is-layout-flex\">\n<div class=\"wp-block-column pattern-col-text is-layout-flow wp-block-column-is-layout-flow\">\n<h2 class=\"wp-block-heading is-style-intro-heading\">H\u00f2a nh\u1eadp b\u1eaft \u0111\u1ea7u t\u1eeb vi\u1ec7c ti\u1ebfp c\u1eadn vui ch\u01a1i<\/h2>\n\n\n\n<h3 class=\"wp-block-heading pattern-heading\">Hi\u1ec7p h\u1ed9i Gi\u1ea3i tr\u00ed \u0110\u1eb7c bi\u1ec7t Ngo\u1ea1i \u00f4 T\u00e2y B\u1eafc<\/h3>\n\n\n\n<p>HEParks t\u1ef1 h\u00e0o l\u00e0 th\u00e0nh vi\u00ean c\u1ee7a NWSRA, m\u1ed9t t\u1ed5 ch\u1ee9c t\u1eadn t\u00e2m cung c\u1ea5p c\u00e1c ho\u1ea1t \u0111\u1ed9ng gi\u1ea3i tr\u00ed xu\u1ea5t s\u1eafc cho tr\u1ebb em v\u00e0 ng\u01b0\u1eddi l\u1edbn khuy\u1ebft t\u1eadt. Ch\u00fang t\u00f4i cam k\u1ebft \u0111\u1ea3m b\u1ea3o m\u1ecdi th\u00e0nh vi\u00ean trong c\u1ed9ng \u0111\u1ed3ng c\u1ee7a ch\u00fang t\u00f4i \u0111\u1ec1u \u0111\u01b0\u1ee3c ch\u00e0o \u0111\u00f3n v\u00e0 h\u1ed7 tr\u1ee3, v\u00e0 nh\u1edd m\u1ed1i quan h\u1ec7 \u0111\u1ed1i t\u00e1c v\u1edbi NWSRA, ch\u00fang t\u00f4i c\u00f3 th\u1ec3 cung c\u1ea5p c\u00e1c d\u1ecbch v\u1ee5 ph\u1ee5c h\u1ed3i ch\u1ee9c n\u0103ng v\u00e0 h\u00f2a nh\u1eadp quanh n\u0103m.<\/p>\n<\/div>\n\n\n\n<div class=\"wp-block-column pattern-col-image is-layout-flow wp-block-column-is-layout-flow\">\n<figure class=\"wp-block-image size-full\"><img decoding=\"async\" width=\"580\" height=\"327\" data-src=\"https:\/\/www.heparks.org\/wp-content\/smush-webp\/2025\/11\/Rectangle-463-4.png.webp\" alt=\"m\u1ed9t ng\u01b0\u1eddi \u0111ang c\u1ea7m m\u1ed9t chi\u1ebfc gi\u00e0y m\u00e0u h\u1ed3ng\" class=\"wp-image-5378 lazyload\" data-srcset=\"https:\/\/www.heparks.org\/wp-content\/smush-webp\/2025\/11\/Rectangle-463-4.png.webp 580w, https:\/\/www.heparks.org\/wp-content\/smush-webp\/2025\/11\/Rectangle-463-4-300x169.png.webp 300w\" data-sizes=\"(max-width: 580px) 100vw, 580px\" src=\"data:image\/svg+xml;base64,PHN2ZyB3aWR0aD0iMSIgaGVpZ2h0PSIxIiB4bWxucz0iaHR0cDovL3d3dy53My5vcmcvMjAwMC9zdmciPjwvc3ZnPg==\" style=\"--smush-placeholder-width: 580px; --smush-placeholder-aspect-ratio: 580\/327;\" data-smush-webp-fallback=\"{&quot;data-src&quot;:&quot;https:\\\/\\\/www.heparks.org\\\/wp-content\\\/uploads\\\/2025\\\/11\\\/Rectangle-463-4.png&quot;,&quot;data-srcset&quot;:&quot;https:\\\/\\\/www.heparks.org\\\/wp-content\\\/uploads\\\/2025\\\/11\\\/Rectangle-463-4.png 580w, https:\\\/\\\/www.heparks.org\\\/wp-content\\\/uploads\\\/2025\\\/11\\\/Rectangle-463-4-300x169.png 300w&quot;}\" \/><\/figure>\n<\/div>\n<\/div>\n<\/div><\/section>\n\n\n\n<section class=\"wp-block-cover alignfull is-light pattern feature-grid-2\"><span aria-hidden=\"true\" class=\"wp-block-cover__background has-coral-orange-background-color has-background-dim-100 has-background-dim\"><\/span><div class=\"wp-block-cover__inner-container has-global-padding is-layout-constrained wp-block-cover-is-layout-constrained\">\n<div class=\"wp-block-columns pattern-intro is-layout-flex wp-container-core-columns-is-layout-28f84493 wp-block-columns-is-layout-flex\">\n<div class=\"wp-block-column is-layout-flow wp-block-column-is-layout-flow\">\n<h2 class=\"wp-block-heading is-style-intro-heading\">X\u00e2y d\u1ef1ng nh\u1eefng Con \u0111\u01b0\u1eddng \u0110\u1ec3 Ch\u01a1i<\/h2>\n\n\n\n<h3 class=\"wp-block-heading pattern-heading\">V\u1ec1 Quan h\u1ec7 \u0111\u1ed1i t\u00e1c<\/h3>\n\n\n\n<div class=\"wp-block-group has-global-padding is-layout-constrained wp-block-group-is-layout-constrained\">\n<p>Ch\u00fang t\u00f4i t\u1ef1 h\u00e0o l\u00e0 th\u00e0nh vi\u00ean s\u00e1ng l\u1eadp c\u1ee7a NWSRA.<br>\u0110\u00e2y l\u00e0 s\u00e2n ch\u01a1i chung c\u1ee7a ch\u00fang ta. M\u1ed9t h\u1ec7 th\u1ed1ng g\u1ed3m h\u01a1n 80 c\u00f4ng vi\u00ean, \u0111\u01b0\u1ee3c thi\u1ebft k\u1ebf \u0111\u1ec3 tr\u1edf th\u00e0nh \u0111i\u1ec3m s\u00e1ng c\u1ed9ng \u0111\u1ed3ng v\u00e0 kh\u00f4ng gian ngh\u1ec9 ng\u01a1i cho nh\u1eefng ai t\u00ecm ki\u1ebfm s\u1ef1 vui ch\u01a1i, kh\u00e1m ph\u00e1, phi\u00eau l\u01b0u v\u00e0 s\u1ee9c kh\u1ecfe. \u0110\u1ed1i v\u1edbi ch\u00fang t\u00f4i, \u0111i\u1ec1u \u0111\u00f3 c\u00f3 ngh\u0129a l\u00e0 ph\u00e1t tri\u1ec3n c\u00e1c d\u1ecbch v\u1ee5, ch\u01b0\u01a1ng tr\u00ecnh v\u00e0 c\u00f4ng vi\u00ean ch\u00e0o \u0111\u00f3n t\u1ea5t c\u1ea3 m\u1ecdi ng\u01b0\u1eddi.<\/p>\n<\/div>\n<\/div>\n<\/div>\n\n\n\n<div class=\"wp-block-columns pattern-grid is-layout-flex wp-container-core-columns-is-layout-28f84493 wp-block-columns-is-layout-flex\">\n<div class=\"wp-block-column pattern-grid-col-1 is-layout-flow wp-block-column-is-layout-flow\">\n<h4 class=\"wp-block-heading pattern-grid-heading\">Th\u1ec3 thao th\u00edch \u1ee9ng <br>&amp; th\u1ec3 h\u00ecnh<\/h4>\n<\/div>\n\n\n\n<div class=\"wp-block-column pattern-grid-col-2 is-layout-flow wp-block-column-is-layout-flow\">\n<h4 class=\"wp-block-heading pattern-grid-heading\">Ngh\u1ec7 thu\u1eadt &amp; x\u00e3 h\u1ed9i <br>ch\u01b0\u01a1ng tr\u00ecnh<\/h4>\n<\/div>\n\n\n\n<div class=\"wp-block-column pattern-grid-col-3 is-layout-flow wp-block-column-is-layout-flow\">\n<h4 class=\"wp-block-heading pattern-grid-heading\">K\u1ef9 n\u0103ng s\u1ed1ng <br>ph\u00e1t tri\u1ec3n<\/h4>\n<\/div>\n\n\n\n<div class=\"wp-block-column pattern-grid-col-4 is-layout-flow wp-block-column-is-layout-flow\">\n<h4 class=\"wp-block-heading pattern-grid-heading\">H\u1ed7 tr\u1ee3 h\u00f2a nh\u1eadp <br>C\u00e1c ch\u01b0\u01a1ng tr\u00ecnh c\u1ee7a HEParks<\/h4>\n<\/div>\n<\/div>\n<\/div><\/section>\n\n\n\n<section class=\"wp-block-cover alignfull is-light pattern cta-4\"><span aria-hidden=\"true\" class=\"wp-block-cover__background has-sky-blue-background-color has-background-dim-100 has-background-dim\"><\/span><div class=\"wp-block-cover__inner-container has-global-padding is-layout-constrained wp-block-cover-is-layout-constrained\">\n<div class=\"wp-block-columns is-layout-flex wp-container-core-columns-is-layout-28f84493 wp-block-columns-is-layout-flex\">\n<div class=\"wp-block-column pattern-col-text is-layout-flow wp-block-column-is-layout-flow\">\n<h2 class=\"wp-block-heading is-style-intro-heading\">Ch\u00fang t\u00f4i s\u1eb5n s\u00e0ng khi b\u1ea1n s\u1eb5n s\u00e0ng<\/h2>\n\n\n\n<div class=\"wp-block-group has-global-padding is-layout-constrained wp-block-group-is-layout-constrained\">\n<h3 class=\"wp-block-heading pattern-heading\">B\u1eaft \u0111\u1ea7u ho\u1eb7c \u0110\u0103ng k\u00fd nh\u01b0 th\u1ebf n\u00e0o<\/h3>\n\n\n\n<p>N\u1ebfu b\u1ea1n \u0111\u00e3 s\u1eb5n s\u00e0ng tham gia, ch\u00fang t\u00f4i \u1edf \u0111\u00e2y \u0111\u1ec3 gi\u00fap \u0111\u1ee1.&nbsp;<\/p>\n\n\n\n<ol class=\"wp-block-list\">\n<li><strong>H\u00f2a nh\u1eadp trong c\u00e1c Ch\u01b0\u01a1ng tr\u00ecnh HEParks<\/strong>Y\u00eau c\u1ea7u ng\u01b0\u1eddi h\u1ed7 tr\u1ee3 ho\u1eb7c tr\u1ee3 gi\u1ea3ng khi \u0111\u0103ng k\u00fd b\u1ea5t k\u1ef3 l\u1edbp h\u1ecdc ho\u1eb7c s\u1ef1 ki\u1ec7n n\u00e0o c\u1ee7a HEParks.<\/li>\n\n\n\n<li><strong>Ch\u01b0\u01a1ng tr\u00ecnh NWSRA<\/strong>Kh\u00e1m ph\u00e1 c\u00e1c ch\u01b0\u01a1ng tr\u00ecnh th\u00edch \u1ee9ng chuy\u00ean d\u1ee5ng c\u00f3 s\u1eb5n quanh n\u0103m.<\/li>\n<\/ol>\n\n\n\n<p><strong>D\u1ecbch v\u1ee5 h\u1ed7 tr\u1ee3:<\/strong>T\u00ecm hi\u1ec3u v\u1ec1 ph\u01b0\u01a1ng ti\u1ec7n di chuy\u1ec3n, h\u1ed7 tr\u1ee3 c\u00e1 nh\u00e2n v\u00e0 c\u00e1c ngu\u1ed3n l\u1ef1c kh\u00e1c.<\/p>\n\n\n\n<div class=\"wp-block-buttons is-vertical is-layout-flex wp-container-core-buttons-is-layout-fe9cc265 wp-block-buttons-is-layout-flex\">\n<div class=\"wp-block-button is-style-fill\"><a class=\"wp-block-button__link has-dark-teal-color has-light-teal-background-color has-text-color has-background has-link-color wp-element-button\" href=\"https:\/\/www.nwsra.org\/\">Xem trang web nwsra<\/a><\/div>\n<\/div>\n<\/div>\n<\/div>\n\n\n\n<div class=\"wp-block-column pattern-col-image is-layout-flow wp-block-column-is-layout-flow\">\n<figure class=\"wp-block-image size-large\"><img decoding=\"async\" width=\"452\" height=\"763\" data-src=\"https:\/\/www.heparks.org\/wp-content\/uploads\/2025\/10\/Image.svg\" alt=\"\" class=\"wp-image-99 lazyload\" src=\"data:image\/svg+xml;base64,PHN2ZyB3aWR0aD0iMSIgaGVpZ2h0PSIxIiB4bWxucz0iaHR0cDovL3d3dy53My5vcmcvMjAwMC9zdmciPjwvc3ZnPg==\" style=\"--smush-placeholder-width: 452px; --smush-placeholder-aspect-ratio: 452\/763;\" \/><\/figure>\n<\/div>\n<\/div>\n<\/div><\/section>\n\n\n\n<section class=\"wp-block-cover alignfull is-light pattern cta-3\"><img decoding=\"async\" width=\"1024\" height=\"643\" class=\"wp-block-cover__image-background wp-image-5380 size-large lazyload\" alt=\"m\u1ed9t ng\u01b0\u1eddi ng\u1ed3i xe l\u0103n c\u1ea7m m\u1ed9t qu\u1ea3 b\u00f3ng r\u1ed5\" data-src=\"https:\/\/www.heparks.org\/wp-content\/smush-webp\/2025\/11\/pexels-goumbik-296234000-1024x643.png.webp\" data-object-fit=\"cover\" data-srcset=\"https:\/\/www.heparks.org\/wp-content\/smush-webp\/2025\/11\/pexels-goumbik-296234000-1024x643.png.webp 1024w, https:\/\/www.heparks.org\/wp-content\/smush-webp\/2025\/11\/pexels-goumbik-296234000-300x188.png.webp 300w, https:\/\/www.heparks.org\/wp-content\/smush-webp\/2025\/11\/pexels-goumbik-296234000-768x482.png.webp 768w, https:\/\/www.heparks.org\/wp-content\/smush-webp\/2025\/11\/pexels-goumbik-296234000.png.webp 1512w\" data-sizes=\"(max-width: 1024px) 100vw, 1024px\" src=\"data:image\/svg+xml;base64,PHN2ZyB3aWR0aD0iMSIgaGVpZ2h0PSIxIiB4bWxucz0iaHR0cDovL3d3dy53My5vcmcvMjAwMC9zdmciPjwvc3ZnPg==\" style=\"--smush-placeholder-width: 1024px; --smush-placeholder-aspect-ratio: 1024\/643;\" data-smush-webp-fallback=\"{&quot;data-src&quot;:&quot;https:\\\/\\\/www.heparks.org\\\/wp-content\\\/uploads\\\/2025\\\/11\\\/pexels-goumbik-296234000-1024x643.png&quot;,&quot;data-srcset&quot;:&quot;https:\\\/\\\/www.heparks.org\\\/wp-content\\\/uploads\\\/2025\\\/11\\\/pexels-goumbik-296234000-1024x643.png 1024w, https:\\\/\\\/www.heparks.org\\\/wp-content\\\/uploads\\\/2025\\\/11\\\/pexels-goumbik-296234000-300x188.png 300w, https:\\\/\\\/www.heparks.org\\\/wp-content\\\/uploads\\\/2025\\\/11\\\/pexels-goumbik-296234000-768x482.png 768w, https:\\\/\\\/www.heparks.org\\\/wp-content\\\/uploads\\\/2025\\\/11\\\/pexels-goumbik-296234000.png 1512w&quot;}\" \/><span aria-hidden=\"true\" class=\"wp-block-cover__background has-background-dim-0 has-background-dim\" style=\"background-color:#9a8779\"><\/span><div class=\"wp-block-cover__inner-container has-global-padding is-layout-constrained wp-block-cover-is-layout-constrained\">\n<div class=\"wp-block-columns is-layout-flex wp-container-core-columns-is-layout-28f84493 wp-block-columns-is-layout-flex\">\n<div class=\"wp-block-column is-layout-flow wp-block-column-is-layout-flow\">\n<h2 class=\"wp-block-heading is-style-intro-heading\">T\u00ecm hi\u1ec3u th\u00eam<\/h2>\n\n\n\n<h2 class=\"wp-block-heading pattern-heading\">B\u1eaft \u0111\u1ea7u th\u00f4i<\/h2>\n\n\n\n<p>Y\u00eau c\u1ea7u h\u1ed7 tr\u1ee3, nh\u1eadn c\u00e2u tr\u1ea3 l\u1eddi v\u00e0 t\u00ecm hi\u1ec3u th\u00eam v\u1ec1 gi\u1ea3i tr\u00ed h\u00f2a nh\u1eadp ngay b\u00e2y gi\u1edd.<\/p>\n\n\n\n<div class=\"wp-block-buttons is-layout-flex wp-block-buttons-is-layout-flex\">\n<div class=\"wp-block-button\"><a class=\"wp-block-button__link wp-element-button\" href=\"https:\/\/www.heparks.org\/vi\/contact\/\">Li\u00ean h\u1ec7 v\u1edbi ch\u00fang t\u00f4i<\/a><\/div>\n<\/div>\n<\/div>\n<\/div>\n<\/div><\/section>","protected":false},"excerpt":{"rendered":"","protected":false},"author":1,"featured_media":0,"parent":37,"menu_order":0,"comment_status":"closed","ping_status":"closed","template":"","meta":{"_acf_changed":false,"_searchwp_excluded":"","_EventAllDay":false,"_EventTimezone":"","_EventStartDate":"","_EventEndDate":"","_EventStartDateUTC":"","_EventEndDateUTC":"","_EventShowMap":false,"_EventShowMapLink":false,"_EventURL":"","_EventCost":"","_EventCostDescription":"","_EventCurrencySymbol":"","_EventCurrencyCode":"","_EventCurrencyPosition":"","_EventDateTimeSeparator":"","_EventTimeRangeSeparator":"","_EventOrganizerID":[],"_EventVenueID":[],"_OrganizerEmail":"","_OrganizerPhone":"","_OrganizerWebsite":"","_VenueAddress":"","_VenueCity":"","_VenueCountry":"","_VenueProvince":"","_VenueState":"","_VenueZip":"","_VenuePhone":"","_VenueURL":"","_VenueStateProvince":"","_VenueLat":"","_VenueLng":"","_VenueShowMap":false,"_VenueShowMapLink":false,"_tribe_blocks_recurrence_rules":"","_tribe_blocks_recurrence_description":"","_tribe_blocks_recurrence_exclusions":"","_ecp_custom_2":"","footnotes":""},"class_list":["post-77","page","type-page","status-publish","hentry"],"acf":[],"_links":{"self":[{"href":"https:\/\/www.heparks.org\/vi\/wp-json\/wp\/v2\/pages\/77","targetHints":{"allow":["GET"]}}],"collection":[{"href":"https:\/\/www.heparks.org\/vi\/wp-json\/wp\/v2\/pages"}],"about":[{"href":"https:\/\/www.heparks.org\/vi\/wp-json\/wp\/v2\/types\/page"}],"author":[{"embeddable":true,"href":"https:\/\/www.heparks.org\/vi\/wp-json\/wp\/v2\/users\/1"}],"replies":[{"embeddable":true,"href":"https:\/\/www.heparks.org\/vi\/wp-json\/wp\/v2\/comments?post=77"}],"version-history":[{"count":5,"href":"https:\/\/www.heparks.org\/vi\/wp-json\/wp\/v2\/pages\/77\/revisions"}],"predecessor-version":[{"id":46659,"href":"https:\/\/www.heparks.org\/vi\/wp-json\/wp\/v2\/pages\/77\/revisions\/46659"}],"up":[{"embeddable":true,"href":"https:\/\/www.heparks.org\/vi\/wp-json\/wp\/v2\/pages\/37"}],"wp:attachment":[{"href":"https:\/\/www.heparks.org\/vi\/wp-json\/wp\/v2\/media?parent=77"}],"curies":[{"name":"wp","href":"https:\/\/api.w.org\/{rel}","templated":true}]}}