{"id":70,"date":"2025-10-29T13:17:20","date_gmt":"2025-10-29T13:17:20","guid":{"rendered":"https:\/\/www.heparks.org\/?page_id=70"},"modified":"2026-04-08T14:54:18","modified_gmt":"2026-04-08T19:54:18","slug":"co-hoi-viec-lam","status":"publish","type":"page","link":"https:\/\/www.heparks.org\/vi\/about\/job-oppurtunities\/","title":{"rendered":"C\u01a1 h\u1ed9i vi\u1ec7c l\u00e0m"},"content":{"rendered":"<section class=\"wp-block-cover alignfull pattern hero-2\"><span aria-hidden=\"true\" class=\"wp-block-cover__background has-dark-teal-background-color has-background-dim-100 has-background-dim\"><\/span><div class=\"wp-block-cover__inner-container has-global-padding is-layout-constrained wp-block-cover-is-layout-constrained\">\n<div class=\"wp-block-columns pattern-intro is-layout-flex wp-container-core-columns-is-layout-28f84493 wp-block-columns-is-layout-flex\">\n<div class=\"wp-block-column pattern-col-text is-layout-flow wp-block-column-is-layout-flow\">\n<h2 class=\"wp-block-heading is-style-intro-heading\">Ngh\u1ec1 nghi\u1ec7p X\u00e2y d\u1ef1ng C\u1ed9ng \u0111\u1ed3ng v\u00e0 C\u1ea3m gi\u00e1c Thu\u1ed9c v\u1ec1<\/h2>\n\n\n\n<h3 class=\"wp-block-heading pattern-heading\">C\u01a1 h\u1ed9i vi\u1ec7c l\u00e0m<\/h3>\n\n\n\n<p>T\u1ea1i Hoffman Estates Park District, c\u00f4ng vi\u1ec7c c\u1ee7a b\u1ea1n kh\u00f4ng ch\u1ec9 l\u00e0 m\u1ed9t kho\u1ea3n l\u01b0\u01a1ng m\u00e0 c\u00f2n l\u00e0 c\u01a1 h\u1ed9i \u0111\u1ec3 x\u00e2y d\u1ef1ng c\u1ed9ng \u0111\u1ed3ng. Ch\u00fang t\u00f4i cung c\u1ea5p m\u1ee9c l\u01b0\u01a1ng c\u1ea1nh tranh, c\u00e1c ph\u00fac l\u1ee3i tuy\u1ec7t v\u1eddi v\u00e0 nh\u1eefng \u01b0u \u0111\u00e3i gi\u00e1 tr\u1ecb bao g\u1ed3m t\u01b0 c\u00e1ch th\u00e0nh vi\u00ean th\u1ec3 d\u1ee5c mi\u1ec5n ph\u00ed v\u00e0 h\u01a1n th\u1ebf n\u1eefa. Khi b\u1ea1n gia nh\u1eadp HEParks, b\u1ea1n l\u00e0 m\u1ed9t ph\u1ea7n c\u1ee7a \u0111\u1ed9i ng\u0169 h\u1ed7 tr\u1ee3, h\u00f2a nh\u1eadp, t\u1eadn t\u00e2m v\u1edbi s\u1ef1 ch\u00ednh tr\u1ef1c v\u00e0 \u0111\u1ed5i m\u1edbi, t\u1ea1o ra t\u00e1c \u0111\u1ed9ng h\u1eefu h\u00ecnh h\u00e0ng ng\u00e0y \u0111\u1ebfn ch\u1ea5t l\u01b0\u1ee3ng cu\u1ed9c s\u1ed1ng c\u1ee7a c\u01b0 d\u00e2n v\u00e0 du kh\u00e1ch c\u1ee7a ch\u00fang t\u00f4i. Kh\u00e1m ph\u00e1 c\u00e1c c\u01a1 h\u1ed9i vi\u1ec7c l\u00e0m hi\u1ec7n t\u1ea1i c\u1ee7a ch\u00fang t\u00f4i v\u00e0 t\u00ecm v\u1ecb tr\u00ed c\u1ee7a b\u1ea1n trong m\u1ed9t \u0111\u1ed9i ng\u0169 x\u00e2y d\u1ef1ng c\u1ed9ng \u0111\u1ed3ng.<\/p>\n<\/div>\n\n\n\n<div class=\"wp-block-column is-vertically-aligned-stretch pattern-col-image is-layout-flow wp-block-column-is-layout-flow\">\n<figure class=\"wp-block-image size-full\"><img decoding=\"async\" width=\"2560\" height=\"524\" data-src=\"https:\/\/www.heparks.org\/wp-content\/uploads\/2025\/11\/GROUP_Photo-scaled.png.webp\" alt=\"\" class=\"wp-image-4012 lazyload\" data-srcset=\"https:\/\/www.heparks.org\/wp-content\/uploads\/2025\/11\/GROUP_Photo-scaled.png.webp 2560w, https:\/\/www.heparks.org\/wp-content\/uploads\/2025\/11\/GROUP_Photo-scaled.png-300x61.webp 300w, https:\/\/www.heparks.org\/wp-content\/uploads\/2025\/11\/GROUP_Photo-scaled.png-1024x210.webp 1024w, https:\/\/www.heparks.org\/wp-content\/uploads\/2025\/11\/GROUP_Photo-scaled.png-768x157.webp 768w, https:\/\/www.heparks.org\/wp-content\/uploads\/2025\/11\/GROUP_Photo-scaled.png-1536x314.webp 1536w, https:\/\/www.heparks.org\/wp-content\/uploads\/2025\/11\/GROUP_Photo-scaled.png-2048x419.webp 2048w\" data-sizes=\"(max-width: 2560px) 100vw, 2560px\" src=\"data:image\/svg+xml;base64,PHN2ZyB3aWR0aD0iMSIgaGVpZ2h0PSIxIiB4bWxucz0iaHR0cDovL3d3dy53My5vcmcvMjAwMC9zdmciPjwvc3ZnPg==\" style=\"--smush-placeholder-width: 2560px; --smush-placeholder-aspect-ratio: 2560\/524;\" \/><\/figure>\n<\/div>\n<\/div>\n<\/div><\/section>\n\n\n\n<section class=\"wp-block-cover alignfull is-light pattern cta-3\"><img decoding=\"async\" width=\"1024\" height=\"643\" class=\"wp-block-cover__image-background wp-image-5375 size-large lazyload\" alt=\"m\u1ed9t nh\u00f3m tr\u1ebb em trong ph\u00f2ng t\u1eadp th\u1ec3 d\u1ee5c\" data-src=\"https:\/\/www.heparks.org\/wp-content\/smush-webp\/2025\/11\/pexels-goumbik-296234-4-1024x643.png.webp\" data-object-fit=\"cover\" data-srcset=\"https:\/\/www.heparks.org\/wp-content\/smush-webp\/2025\/11\/pexels-goumbik-296234-4-1024x643.png.webp 1024w, https:\/\/www.heparks.org\/wp-content\/smush-webp\/2025\/11\/pexels-goumbik-296234-4-300x188.png.webp 300w, https:\/\/www.heparks.org\/wp-content\/smush-webp\/2025\/11\/pexels-goumbik-296234-4-768x482.png.webp 768w, https:\/\/www.heparks.org\/wp-content\/smush-webp\/2025\/11\/pexels-goumbik-296234-4.png.webp 1512w\" data-sizes=\"(max-width: 1024px) 100vw, 1024px\" src=\"data:image\/svg+xml;base64,PHN2ZyB3aWR0aD0iMSIgaGVpZ2h0PSIxIiB4bWxucz0iaHR0cDovL3d3dy53My5vcmcvMjAwMC9zdmciPjwvc3ZnPg==\" style=\"--smush-placeholder-width: 1024px; --smush-placeholder-aspect-ratio: 1024\/643;\" data-smush-webp-fallback=\"{&quot;data-src&quot;:&quot;https:\\\/\\\/www.heparks.org\\\/wp-content\\\/uploads\\\/2025\\\/11\\\/pexels-goumbik-296234-4-1024x643.png&quot;,&quot;data-srcset&quot;:&quot;https:\\\/\\\/www.heparks.org\\\/wp-content\\\/uploads\\\/2025\\\/11\\\/pexels-goumbik-296234-4-1024x643.png 1024w, https:\\\/\\\/www.heparks.org\\\/wp-content\\\/uploads\\\/2025\\\/11\\\/pexels-goumbik-296234-4-300x188.png 300w, https:\\\/\\\/www.heparks.org\\\/wp-content\\\/uploads\\\/2025\\\/11\\\/pexels-goumbik-296234-4-768x482.png 768w, https:\\\/\\\/www.heparks.org\\\/wp-content\\\/uploads\\\/2025\\\/11\\\/pexels-goumbik-296234-4.png 1512w&quot;}\" \/><span aria-hidden=\"true\" class=\"wp-block-cover__background has-background-dim-0 has-background-dim\" style=\"background-color:#b8875a\"><\/span><div class=\"wp-block-cover__inner-container has-global-padding is-layout-constrained wp-block-cover-is-layout-constrained\">\n<div class=\"wp-block-columns is-layout-flex wp-container-core-columns-is-layout-28f84493 wp-block-columns-is-layout-flex\">\n<div class=\"wp-block-column is-layout-flow wp-block-column-is-layout-flow\">\n<h2 class=\"wp-block-heading is-style-intro-heading\">C\u00e1c v\u1ecb tr\u00ed \u0111ang tuy\u1ec3n<\/h2>\n\n\n\n<h2 class=\"wp-block-heading pattern-heading\">Xem c\u00e1c v\u1ecb tr\u00ed \u0111ang tuy\u1ec3n<\/h2>\n\n\n\n<p>S\u1eb5n s\u00e0ng \u0111\u1ec3 t\u00ecm ki\u1ebfm c\u01a1 h\u1ed9i ti\u1ebfp theo c\u1ee7a b\u1ea1n? Duy\u1ec7t c\u00e1c v\u1ecb tr\u00ed \u0111ang tuy\u1ec3n d\u1ee5ng v\u00e0 \u1ee9ng tuy\u1ec3n tr\u1ef1c tuy\u1ebfn.<\/p>\n\n\n\n<div class=\"wp-block-buttons is-layout-flex wp-block-buttons-is-layout-flex\">\n<div class=\"wp-block-button\"><a class=\"wp-block-button__link wp-element-button\" href=\"https:\/\/www.paycomonline.net\/v4\/ats\/web.php\/jobs?clientkey=7E000DE8BA68EE33EB416631EB43F8E8&amp;session_nonce=aca49bb60cf46156f9dba6df0ed4a145\">t\u00ecm vi\u1ec7c g\u1ea7n b\u1ea1n<\/a><\/div>\n<\/div>\n<\/div>\n<\/div>\n<\/div><\/section>\n\n\n\n<section class=\"wp-block-cover alignfull is-light pattern cta-5\"><span aria-hidden=\"true\" class=\"wp-block-cover__background has-coral-orange-background-color has-background-dim-100 has-background-dim\"><\/span><div class=\"wp-block-cover__inner-container has-global-padding is-layout-constrained wp-block-cover-is-layout-constrained\">\n<div class=\"wp-block-columns is-layout-flex wp-container-core-columns-is-layout-28f84493 wp-block-columns-is-layout-flex\">\n<div class=\"wp-block-column pattern-col-text is-layout-flow wp-block-column-is-layout-flow\">\n<h2 class=\"wp-block-heading is-style-intro-heading\">K\u00eau g\u1ecdi x\u00e2y d\u1ef1ng c\u1ed9ng \u0111\u1ed3ng<\/h2>\n\n\n\n<div class=\"wp-block-group has-global-padding is-layout-constrained wp-block-group-is-layout-constrained\">\n<h3 class=\"wp-block-heading\">T\u1ea1i sao l\u00e0m vi\u1ec7c t\u1ea1i HEParks?<\/h3>\n\n\n\n<p>T\u00ecm m\u1ed9t v\u1ecb tr\u00ed truy\u1ec1n c\u1ea3m h\u1ee9ng cho t\u00e2m h\u1ed3n b\u1ea1n, v\u1edbi m\u1ed9t \u0111\u1ed9i ng\u0169 lu\u00f4n \u1ee7ng h\u1ed9 b\u1ea1n. T\u1ea1i HEParks, ch\u00fang t\u00f4i hi\u1ec3u r\u1eb1ng b\u1ea1n \u0111ang t\u00ecm ki\u1ebfm m\u1ed9t m\u00f4i tr\u01b0\u1eddng \u0111\u1ec1 cao s\u1ef1 h\u00f2a nh\u1eadp, linh ho\u1ea1t, ph\u00e1t tri\u1ec3n v\u00e0 c\u1ed9ng \u0111\u1ed3ng.<\/p>\n<\/div>\n\n\n\n<div class=\"wp-block-group is-vertical is-layout-flex wp-container-core-group-is-layout-fe9cc265 wp-block-group-is-layout-flex\">\n<div class=\"wp-block-group is-vertical is-layout-flex wp-container-core-group-is-layout-fe9cc265 wp-block-group-is-layout-flex\">\n<h4 class=\"wp-block-heading\">Thu\u1ed9c v\u1ec1<\/h4>\n\n\n\n<p>H\u00e3y l\u00e0 m\u1ed9t ph\u1ea7n c\u1ee7a m\u1ed9t c\u1ed9ng \u0111\u1ed3ng \u0111a d\u1ea1ng v\u00e0 h\u1ed7 tr\u1ee3.<\/p>\n<\/div>\n\n\n\n<div class=\"wp-block-group is-vertical is-layout-flex wp-container-core-group-is-layout-fe9cc265 wp-block-group-is-layout-flex\">\n<h4 class=\"wp-block-heading\">T\u0103ng tr\u01b0\u1edfng<\/h4>\n\n\n\n<p>H\u1ecdc c\u00e1c k\u1ef9 n\u0103ng m\u1edbi, kh\u00e1m ph\u00e1 c\u00e1c vai tr\u00f2 kh\u00e1c nhau v\u00e0 th\u0103ng ti\u1ebfn s\u1ef1 nghi\u1ec7p c\u1ee7a b\u1ea1n.<\/p>\n<\/div>\n\n\n\n<div class=\"wp-block-group is-vertical is-layout-flex wp-container-core-group-is-layout-fe9cc265 wp-block-group-is-layout-flex\">\n<h4 class=\"wp-block-heading\">T\u00ednh linh ho\u1ea1t<\/h4>\n\n\n\n<p>T\u00ecm c\u00f4ng vi\u1ec7c ph\u00f9 h\u1ee3p v\u1edbi cu\u1ed9c s\u1ed1ng c\u1ee7a b\u1ea1n \u2014 to\u00e0n th\u1eddi gian, b\u00e1n th\u1eddi gian, theo m\u00f9a.<\/p>\n<\/div>\n\n\n\n<div class=\"wp-block-group is-vertical is-layout-flex wp-container-core-group-is-layout-fe9cc265 wp-block-group-is-layout-flex\">\n<h4 class=\"wp-block-heading\">T\u00e1c \u0111\u1ed9ng<\/h4>\n\n\n\n<p>H\u00e3y nh\u00ecn th\u1ea5y k\u1ebft qu\u1ea3 t\u1eeb nh\u1eefng n\u1ed7 l\u1ef1c c\u1ee7a b\u1ea1n trong cu\u1ed9c s\u1ed1ng c\u1ee7a nh\u1eefng ng\u01b0\u1eddi h\u00e0ng x\u00f3m m\u1ed7i ng\u00e0y.<\/p>\n<\/div>\n<\/div>\n<\/div>\n\n\n\n<div class=\"wp-block-column pattern-col-image is-layout-flow wp-block-column-is-layout-flow\">\n<figure class=\"wp-block-image size-large\"><img decoding=\"async\" data-src=\"https:\/\/www.heparks.org\/wp-content\/themes\/dream\/patterns\/images\/Group-26080384.svg\" alt=\"Hai ng\u01b0\u1eddi \u0111ang c\u01b0\u1eddi\" class=\"wp-image-2371 lazyload\" src=\"data:image\/svg+xml;base64,PHN2ZyB3aWR0aD0iMSIgaGVpZ2h0PSIxIiB4bWxucz0iaHR0cDovL3d3dy53My5vcmcvMjAwMC9zdmciPjwvc3ZnPg==\" style=\"--smush-placeholder-width: 829px; --smush-placeholder-aspect-ratio: 829\/912;\" \/><\/figure>\n<\/div>\n<\/div>\n<\/div><\/section>","protected":false},"excerpt":{"rendered":"","protected":false},"author":1,"featured_media":0,"parent":37,"menu_order":0,"comment_status":"closed","ping_status":"closed","template":"","meta":{"_acf_changed":false,"_searchwp_excluded":"","_EventAllDay":false,"_EventTimezone":"","_EventStartDate":"","_EventEndDate":"","_EventStartDateUTC":"","_EventEndDateUTC":"","_EventShowMap":false,"_EventShowMapLink":false,"_EventURL":"","_EventCost":"","_EventCostDescription":"","_EventCurrencySymbol":"","_EventCurrencyCode":"","_EventCurrencyPosition":"","_EventDateTimeSeparator":"","_EventTimeRangeSeparator":"","_EventOrganizerID":[],"_EventVenueID":[],"_OrganizerEmail":"","_OrganizerPhone":"","_OrganizerWebsite":"","_VenueAddress":"","_VenueCity":"","_VenueCountry":"","_VenueProvince":"","_VenueState":"","_VenueZip":"","_VenuePhone":"","_VenueURL":"","_VenueStateProvince":"","_VenueLat":"","_VenueLng":"","_VenueShowMap":false,"_VenueShowMapLink":false,"_tribe_blocks_recurrence_rules":"","_tribe_blocks_recurrence_description":"","_tribe_blocks_recurrence_exclusions":"","_ecp_custom_2":"","footnotes":""},"class_list":["post-70","page","type-page","status-publish","hentry"],"acf":[],"_links":{"self":[{"href":"https:\/\/www.heparks.org\/vi\/wp-json\/wp\/v2\/pages\/70","targetHints":{"allow":["GET"]}}],"collection":[{"href":"https:\/\/www.heparks.org\/vi\/wp-json\/wp\/v2\/pages"}],"about":[{"href":"https:\/\/www.heparks.org\/vi\/wp-json\/wp\/v2\/types\/page"}],"author":[{"embeddable":true,"href":"https:\/\/www.heparks.org\/vi\/wp-json\/wp\/v2\/users\/1"}],"replies":[{"embeddable":true,"href":"https:\/\/www.heparks.org\/vi\/wp-json\/wp\/v2\/comments?post=70"}],"version-history":[{"count":8,"href":"https:\/\/www.heparks.org\/vi\/wp-json\/wp\/v2\/pages\/70\/revisions"}],"predecessor-version":[{"id":46849,"href":"https:\/\/www.heparks.org\/vi\/wp-json\/wp\/v2\/pages\/70\/revisions\/46849"}],"up":[{"embeddable":true,"href":"https:\/\/www.heparks.org\/vi\/wp-json\/wp\/v2\/pages\/37"}],"wp:attachment":[{"href":"https:\/\/www.heparks.org\/vi\/wp-json\/wp\/v2\/media?parent=70"}],"curies":[{"name":"wp","href":"https:\/\/api.w.org\/{rel}","templated":true}]}}