{"id":215,"date":"2025-11-05T23:08:49","date_gmt":"2025-11-05T23:08:49","guid":{"rendered":"https:\/\/www.heparks.org\/?page_id=215"},"modified":"2026-04-08T10:45:26","modified_gmt":"2026-04-08T15:45:26","slug":"ke-hoach-quan-ly-dat-dai","status":"publish","type":"page","link":"https:\/\/www.heparks.org\/vi\/governance\/land-definition-management-plan\/","title":{"rendered":"\u0110\u1ecbnh ngh\u0129a &amp; K\u1ebf ho\u1ea1ch Qu\u1ea3n l\u00fd \u0110\u1ea5t \u0111ai"},"content":{"rendered":"<section class=\"wp-block-cover alignfull pattern hero-2\"><span aria-hidden=\"true\" class=\"wp-block-cover__background has-dark-teal-background-color has-background-dim-100 has-background-dim\"><\/span><div class=\"wp-block-cover__inner-container has-global-padding is-layout-constrained wp-block-cover-is-layout-constrained\">\n<div class=\"wp-block-columns pattern-intro is-layout-flex wp-container-core-columns-is-layout-28f84493 wp-block-columns-is-layout-flex\">\n<div class=\"wp-block-column pattern-col-text is-layout-flow wp-block-column-is-layout-flow\">\n<h2 class=\"wp-block-heading is-style-intro-heading\">Ch\u0103m s\u00f3c v\u00f9ng \u0111\u1ea5t \u0111ang ch\u0103m s\u00f3c ch\u00fang ta<\/h2>\n\n\n\n<h3 class=\"wp-block-heading pattern-heading\">\u0110\u1ecbnh ngh\u0129a &amp; K\u1ebf ho\u1ea1ch Qu\u1ea3n l\u00fd \u0110\u1ea5t \u0111ai<\/h3>\n\n\n\n<p>\u0110\u1ea7u n\u0103m 2010, H\u1ed9i \u0111\u1ed3ng Qu\u1ea3n tr\u1ecb HEParks \u0111\u00e3 ch\u00ednh th\u1ee9c th\u00f4ng qua K\u1ebf ho\u1ea1ch Qu\u1ea3n l\u00fd Khu v\u1ef1c T\u1ef1 nhi\u00ean \u0111\u1ea7u ti\u00ean c\u1ee7a Qu\u1eadn. Ch\u00fang t\u00f4i \u0111\u00e3 thay \u0111\u1ed5i b\u1edd h\u1ed3 b\u1eb1ng c\u00e1ch tr\u1ed3ng th\u00eam th\u1ea3m th\u1ef1c v\u1eadt t\u1ef1 nhi\u00ean, \u0111\u01b0\u1ee3c g\u1ecdi l\u00e0 b\u1edd h\u1ed3 t\u1ef1 nhi\u00ean. So v\u1edbi b\u1edd h\u1ed3 b\u1eb1ng \u0111\u00e1 ho\u1eb7c t\u01b0\u1eddng ch\u1eafn, b\u1edd h\u1ed3 t\u1ef1 nhi\u00ean mang l\u1ea1i nhi\u1ec1u l\u1ee3i \u00edch cho c\u1ed9ng \u0111\u1ed3ng. B\u1edd h\u1ed3 t\u1ef1 nhi\u00ean l\u00e0m t\u0103ng th\u00eam v\u1ebb \u0111\u1eb9p cho c\u1ea3nh quan. Ch\u00fang gi\u00fap gi\u1ea3m s\u1ef1 ph\u00e1t tri\u1ec3n qu\u00e1 m\u1ee9c c\u1ee7a t\u1ea3o b\u1eb1ng c\u00e1ch b\u1ea3o v\u1ec7 ch\u1ea5t l\u01b0\u1ee3ng n\u01b0\u1edbc v\u00ec ch\u00fang ng\u0103n ch\u1eb7n \u0111\u1ea5t b\u1ecb x\u00f3i m\u00f2n tr\u00f4i v\u00e0o h\u1ed3. B\u1edd h\u1ed3 t\u1ef1 nhi\u00ean c\u0169ng ng\u0103n r\u00e1c th\u1ea3i bay v\u00e0o h\u1ed3. Th\u1ef1c v\u1eadt thu h\u00fat nhi\u1ec1u lo\u00e0i \u0111\u1ed9ng v\u1eadt hoang d\u00e3 nh\u01b0 chim, b\u01b0\u1edbm, \u1ebfch, r\u00f9a v\u00e0 v\u1ecbt, nh\u1eefng lo\u00e0i s\u1eed d\u1ee5ng khu v\u1ef1c n\u00e0y \u0111\u1ec3 l\u00e0m t\u1ed5, sinh s\u1ea3n v\u00e0 tr\u00e1nh k\u1ebb s\u0103n m\u1ed3i. Ngo\u00e0i ra, th\u1ea3m th\u1ef1c v\u1eadt c\u00f2n ng\u0103n ch\u1eb7n c\u00e1c lo\u00e0i g\u00e2y phi\u1ec1n to\u00e1i nh\u01b0 ng\u1ed7ng Canada, lo\u00e0i th\u01b0\u1eddng l\u00e0m b\u1ea9n h\u1ed3 v\u00e0 khu v\u1ef1c xung quanh b\u1eb1ng ph\u00e2n. H\u01a1n n\u1eefa, b\u1eb1ng c\u00e1ch c\u1ea3i thi\u1ec7n ch\u1ea5t l\u01b0\u1ee3ng v\u00e0 v\u1ebb ngo\u00e0i c\u1ee7a n\u01b0\u1edbc, t\u0103ng c\u01b0\u1eddng m\u00f4i tr\u01b0\u1eddng s\u1ed1ng cho \u0111\u1ed9ng v\u1eadt hoang d\u00e3, b\u1edd h\u1ed3 t\u1ef1 nhi\u00ean th\u1eadm ch\u00ed c\u00f3 th\u1ec3 l\u00e0m t\u0103ng gi\u00e1 tr\u1ecb b\u1ea5t \u0111\u1ed9ng s\u1ea3n.<\/p>\n\n\n\n<p>V\u00e0o \u0111\u1ea7u n\u0103m 2021, H\u1ed9i \u0111\u1ed3ng \u1ee6y vi\u00ean HEParks \u0111\u00e3 ch\u00ednh th\u1ee9c th\u00f4ng qua m\u1ed9t K\u1ebf ho\u1ea1ch Qu\u1ea3n l\u00fd Khu v\u1ef1c T\u1ef1 nhi\u00ean c\u1eadp nh\u1eadt, c\u00f3 t\u00ean l\u00e0 \u201cK\u1ebf ho\u1ea1ch X\u00e1c \u0111\u1ecbnh &amp; Qu\u1ea3n l\u00fd \u0110\u1ea5t \u0111ai\u201d, nh\u1eb1m c\u1eadp nh\u1eadt m\u00f4 t\u1ea3 c\u00e1c lo\u1ea1i h\u00ecnh b\u1ea5t \u0111\u1ed9ng s\u1ea3n, v\u1edbi c\u00e1c k\u1ebf ho\u1ea1ch qu\u1ea3n l\u00fd c\u1eadp nh\u1eadt theo t\u1eebng \u0111\u1ecbnh ngh\u0129a b\u1ea5t \u0111\u1ed9ng s\u1ea3n. M\u1ed7i \u0111\u1ecbnh ngh\u0129a qu\u1ea3n l\u00fd \u0111\u01b0\u1ee3c chia th\u00e0nh nhi\u1ec1u c\u1ea5p \u0111\u1ed9 kh\u00e1c nhau, v\u1edbi m\u1ed7i c\u1ea5p \u0111\u1ed9 ph\u00e1c th\u1ea3o c\u00e1c quy tr\u00ecnh ph\u00f9 h\u1ee3p cho s\u1ef1 ph\u00e1t tri\u1ec3n c\u1ea3nh quan xanh t\u1ed1t v\u00e0 c\u00f3 l\u1ee3i.<\/p>\n\n\n\n<p>K\u1ebf ho\u1ea1ch l\u1ea1i \u0111\u01b0\u1ee3c c\u1eadp nh\u1eadt v\u00e0o th\u00e1ng 11 n\u0103m 2024 sau khi C\u00f4ng vi\u00ean Vogelei \u0111\u1ea1t tr\u1ea1ng th\u00e1i Arboretum \u0111\u1ea7y \u0111\u1ee7, bi\u1ebfn HEParks th\u00e0nh m\u1ed9t trong hai c\u01a1 quan qu\u1eadn c\u00f4ng vi\u00ean duy nh\u1ea5t c\u1ee7a Illinois s\u1edf h\u1eefu m\u1ed9t c\u00f4ng vi\u00ean \u0111\u01b0\u1ee3c ch\u1ec9 \u0111\u1ecbnh l\u00e0 Arboretum.<\/p>\n\n\n\n<div class=\"wp-block-buttons is-layout-flex wp-block-buttons-is-layout-flex\">\n<div class=\"wp-block-button\"><a class=\"wp-block-button__link wp-element-button\" href=\"https:\/\/www.heparks.org\/wp-content\/uploads\/2025\/12\/Land-Definition-Management-Plan-Updated-11.14.2024.pdf\">Xem k\u1ebf ho\u1ea1ch<\/a><\/div>\n<\/div>\n<\/div>\n\n\n\n<div class=\"wp-block-column pattern-col-image is-layout-flow wp-block-column-is-layout-flow\">\n<figure class=\"wp-block-image size-full\"><img decoding=\"async\" width=\"580\" height=\"327\" data-src=\"https:\/\/www.heparks.org\/wp-content\/smush-webp\/2025\/12\/Rectangle-463-2.png.webp\" alt=\"m\u1ed9t \u0111\u00f4i tay \u0111eo g\u0103ng tay c\u1ea7m c\u1ecf\" class=\"wp-image-6158 lazyload\" data-srcset=\"https:\/\/www.heparks.org\/wp-content\/smush-webp\/2025\/12\/Rectangle-463-2.png.webp 580w, https:\/\/www.heparks.org\/wp-content\/smush-webp\/2025\/12\/Rectangle-463-2-300x169.png.webp 300w\" data-sizes=\"(max-width: 580px) 100vw, 580px\" src=\"data:image\/svg+xml;base64,PHN2ZyB3aWR0aD0iMSIgaGVpZ2h0PSIxIiB4bWxucz0iaHR0cDovL3d3dy53My5vcmcvMjAwMC9zdmciPjwvc3ZnPg==\" style=\"--smush-placeholder-width: 580px; --smush-placeholder-aspect-ratio: 580\/327;\" data-smush-webp-fallback=\"{&quot;data-src&quot;:&quot;https:\\\/\\\/www.heparks.org\\\/wp-content\\\/uploads\\\/2025\\\/12\\\/Rectangle-463-2.png&quot;,&quot;data-srcset&quot;:&quot;https:\\\/\\\/www.heparks.org\\\/wp-content\\\/uploads\\\/2025\\\/12\\\/Rectangle-463-2.png 580w, https:\\\/\\\/www.heparks.org\\\/wp-content\\\/uploads\\\/2025\\\/12\\\/Rectangle-463-2-300x169.png 300w&quot;}\" \/><\/figure>\n<\/div>\n<\/div>\n<\/div><\/section>\n\n\n\n<section class=\"wp-block-cover alignfull is-light pattern cta-1 has-dark-teal-color has-text-color has-link-color wp-elements-e033bdd935111b6e2b10926e81813442\"><span aria-hidden=\"true\" class=\"wp-block-cover__background has-light-teal-background-color has-background-dim-100 has-background-dim\"><\/span><div class=\"wp-block-cover__inner-container has-global-padding is-layout-constrained wp-block-cover-is-layout-constrained\">\n<div class=\"wp-block-columns is-layout-flex wp-container-core-columns-is-layout-28f84493 wp-block-columns-is-layout-flex\">\n<div class=\"wp-block-column pattern-col-text is-layout-flow wp-block-column-is-layout-flow\">\n<h2 class=\"wp-block-heading is-style-intro-heading\">B\u1ea3n \u0111\u1ed3 t\u01b0\u01a1ng t\u00e1c c\u00e1c c\u00f4ng vi\u00ean v\u00e0 c\u01a1 s\u1edf v\u1eadt ch\u1ea5t<\/h2>\n\n\n\n<div class=\"wp-block-group has-global-padding is-layout-constrained wp-block-group-is-layout-constrained\">\n<h3 class=\"wp-block-heading\">B\u1ea3n \u0111\u1ed3 t\u01b0\u01a1ng t\u00e1c c\u00e1c c\u00f4ng vi\u00ean v\u00e0 c\u01a1 s\u1edf v\u1eadt ch\u1ea5t<\/h3>\n\n\n\n<p>Kh\u00e1m ph\u00e1 c\u00e1c c\u00f4ng vi\u00ean, \u0111\u01b0\u1eddng m\u00f2n v\u00e0 c\u01a1 s\u1edf gi\u1ea3i tr\u00ed tr\u00ean kh\u1eafp Hoffman Estates. S\u1eed d\u1ee5ng b\u1ea3n \u0111\u1ed3 t\u01b0\u01a1ng t\u00e1c \u0111\u1ec3 t\u00ecm ki\u1ebfm c\u00e1c c\u01a1 s\u1edf, c\u00f4ng vi\u00ean, s\u00e2n ch\u01a1i tr\u1ebb em, c\u00f4ng vi\u00ean d\u00e0nh cho ch\u00f3, s\u00e2n pickleball, s\u00e2n th\u1ec3 thao, khu vui ch\u01a1i n\u01b0\u1edbc v\u00e0 nhi\u1ec1u h\u01a1n n\u1eefa. Xem ch\u1ec9 \u0111\u01b0\u1eddng, kh\u00e1m ph\u00e1 c\u00e1c ti\u1ec7n \u00edch v\u00e0 t\u00ecm m\u1ed9t c\u00f4ng vi\u00ean g\u1ea7n b\u1ea1n ngay h\u00f4m nay.<\/p>\n\n\n\n<div class=\"wp-block-buttons is-vertical is-layout-flex wp-container-core-buttons-is-layout-fe9cc265 wp-block-buttons-is-layout-flex\">\n<div class=\"wp-block-button is-style-fill\"><a class=\"wp-block-button__link has-base-color has-dark-teal-background-color has-text-color has-background has-link-color wp-element-button\" href=\"https:\/\/www.heparks.org\/vi\/map\/\">Kh\u00e1m ph\u00e1 b\u1ea3n \u0111\u1ed3<\/a><\/div>\n<\/div>\n<\/div>\n<\/div>\n\n\n\n<div class=\"wp-block-column pattern-col-image is-layout-flow wp-block-column-is-layout-flow\">\n<figure class=\"wp-block-image size-full\"><img decoding=\"async\" width=\"780\" height=\"797\" data-src=\"https:\/\/www.heparks.org\/wp-content\/smush-webp\/2025\/11\/Map.png.webp\" alt=\"b\u1ea3n \u0111\u1ed3 s\u00e2n tennis c\u00f3 qu\u1ea3 b\u00f3ng v\u00e0 k\u00ednh b\u1ea3o h\u1ed9\" class=\"wp-image-293 lazyload\" data-srcset=\"https:\/\/www.heparks.org\/wp-content\/smush-webp\/2025\/11\/Map.png.webp 780w, https:\/\/www.heparks.org\/wp-content\/smush-webp\/2025\/11\/Map-294x300.png.webp 294w, https:\/\/www.heparks.org\/wp-content\/smush-webp\/2025\/11\/Map-768x785.png.webp 768w\" data-sizes=\"(max-width: 780px) 100vw, 780px\" src=\"data:image\/svg+xml;base64,PHN2ZyB3aWR0aD0iMSIgaGVpZ2h0PSIxIiB4bWxucz0iaHR0cDovL3d3dy53My5vcmcvMjAwMC9zdmciPjwvc3ZnPg==\" style=\"--smush-placeholder-width: 780px; --smush-placeholder-aspect-ratio: 780\/797;\" data-smush-webp-fallback=\"{&quot;data-src&quot;:&quot;https:\\\/\\\/www.heparks.org\\\/wp-content\\\/uploads\\\/2025\\\/11\\\/Map.png&quot;,&quot;data-srcset&quot;:&quot;https:\\\/\\\/www.heparks.org\\\/wp-content\\\/uploads\\\/2025\\\/11\\\/Map.png 780w, https:\\\/\\\/www.heparks.org\\\/wp-content\\\/uploads\\\/2025\\\/11\\\/Map-294x300.png 294w, https:\\\/\\\/www.heparks.org\\\/wp-content\\\/uploads\\\/2025\\\/11\\\/Map-768x785.png 768w&quot;}\" \/><\/figure>\n<\/div>\n<\/div>\n<\/div><\/section>","protected":false},"excerpt":{"rendered":"","protected":false},"author":1,"featured_media":0,"parent":6349,"menu_order":0,"comment_status":"closed","ping_status":"closed","template":"","meta":{"_acf_changed":false,"_searchwp_excluded":"","_EventAllDay":false,"_EventTimezone":"","_EventStartDate":"","_EventEndDate":"","_EventStartDateUTC":"","_EventEndDateUTC":"","_EventShowMap":false,"_EventShowMapLink":false,"_EventURL":"","_EventCost":"","_EventCostDescription":"","_EventCurrencySymbol":"","_EventCurrencyCode":"","_EventCurrencyPosition":"","_EventDateTimeSeparator":"","_EventTimeRangeSeparator":"","_EventOrganizerID":[],"_EventVenueID":[],"_OrganizerEmail":"","_OrganizerPhone":"","_OrganizerWebsite":"","_VenueAddress":"","_VenueCity":"","_VenueCountry":"","_VenueProvince":"","_VenueState":"","_VenueZip":"","_VenuePhone":"","_VenueURL":"","_VenueStateProvince":"","_VenueLat":"","_VenueLng":"","_VenueShowMap":false,"_VenueShowMapLink":false,"_tribe_blocks_recurrence_rules":"","_tribe_blocks_recurrence_description":"","_tribe_blocks_recurrence_exclusions":"","_ecp_custom_2":"","footnotes":""},"class_list":["post-215","page","type-page","status-publish","hentry"],"acf":[],"_links":{"self":[{"href":"https:\/\/www.heparks.org\/vi\/wp-json\/wp\/v2\/pages\/215","targetHints":{"allow":["GET"]}}],"collection":[{"href":"https:\/\/www.heparks.org\/vi\/wp-json\/wp\/v2\/pages"}],"about":[{"href":"https:\/\/www.heparks.org\/vi\/wp-json\/wp\/v2\/types\/page"}],"author":[{"embeddable":true,"href":"https:\/\/www.heparks.org\/vi\/wp-json\/wp\/v2\/users\/1"}],"replies":[{"embeddable":true,"href":"https:\/\/www.heparks.org\/vi\/wp-json\/wp\/v2\/comments?post=215"}],"version-history":[{"count":5,"href":"https:\/\/www.heparks.org\/vi\/wp-json\/wp\/v2\/pages\/215\/revisions"}],"predecessor-version":[{"id":46651,"href":"https:\/\/www.heparks.org\/vi\/wp-json\/wp\/v2\/pages\/215\/revisions\/46651"}],"up":[{"embeddable":true,"href":"https:\/\/www.heparks.org\/vi\/wp-json\/wp\/v2\/pages\/6349"}],"wp:attachment":[{"href":"https:\/\/www.heparks.org\/vi\/wp-json\/wp\/v2\/media?parent=215"}],"curies":[{"name":"wp","href":"https:\/\/api.w.org\/{rel}","templated":true}]}}