{"id":134,"date":"2025-11-05T12:09:08","date_gmt":"2025-11-05T12:09:08","guid":{"rendered":"https:\/\/www.heparks.org\/?page_id=134"},"modified":"2026-04-10T11:39:12","modified_gmt":"2026-04-10T16:39:12","slug":"lightning-detection-system","status":"publish","type":"page","link":"https:\/\/www.heparks.org\/vi\/lightning-detection-system\/","title":{"rendered":"H\u1ec7 th\u1ed1ng ph\u00e1t hi\u1ec7n s\u00e9t"},"content":{"rendered":"<section class=\"wp-block-cover alignfull is-light pattern accordion-2\" style=\"min-height:312px;aspect-ratio:unset;\"><span aria-hidden=\"true\" class=\"wp-block-cover__background has-light-teal-background-color has-background-dim-100 has-background-dim\"><\/span><div class=\"wp-block-cover__inner-container has-global-padding is-layout-constrained wp-block-cover-is-layout-constrained\">\n<div style=\"width: 100%; border-radius: 30px; position:relative\" id=\"pwWidget:960648ac-5908-4696-9574-3f444714405e\">\n        <script src=\"https:\/\/widget.perryweather.com\/js\/PwIframe.min.js\"> <\/script>\n        <script>\n            PwIframe.createPerryWeatherWidget('960648ac-5908-4696-9574-3f444714405e');\n        <\/script>\n    <\/div>\n<\/div><\/section>\n\n\n\n<section class=\"wp-block-cover alignfull is-light pattern accordion-2\" style=\"min-height:347px;aspect-ratio:unset;\"><span aria-hidden=\"true\" class=\"wp-block-cover__background has-light-teal-background-color has-background-dim-100 has-background-dim\"><\/span><div class=\"wp-block-cover__inner-container has-global-padding is-layout-constrained wp-block-cover-is-layout-constrained\">\n<div style=\"width: 100%; border-radius: 30px; position:relative\" id=\"pwWidget:00716ad8-eaed-48b7-a5be-84681ec83f8b\">\n        <script src=\"https:\/\/widget.perryweather.com\/js\/PwIframe.min.js\"> <\/script>\n        <script>\n            PwIframe.createPerryWeatherWidget('00716ad8-eaed-48b7-a5be-84681ec83f8b');\n        <\/script>\n    <\/div>\n<\/div><\/section>\n\n\n\n<section class=\"wp-block-cover alignfull pattern accordion-2\"><span aria-hidden=\"true\" class=\"wp-block-cover__background has-sky-blue-background-color has-background-dim-100 has-background-dim\"><\/span><div class=\"wp-block-cover__inner-container has-global-padding is-layout-constrained wp-block-cover-is-layout-constrained\">\n<div class=\"wp-block-columns pattern-intro is-layout-flex wp-container-core-columns-is-layout-28f84493 wp-block-columns-is-layout-flex\">\n<div class=\"wp-block-column pattern-col-text is-layout-flow wp-block-column-is-layout-flow\">\n<h2 class=\"wp-block-heading is-style-intro-heading\">Perry Weather Lightning Detection System<\/h2>\n\n\n\n<h3 class=\"wp-block-heading pattern-heading\">Real-Time Weather Updates<\/h3>\n\n\n\n<p>At Hoffman Estates Park District, your safety is our top priority. To ensure our guests can enjoy our outdoor facilities with peace of mind, we have upgraded our weather monitoring capabilities at The Bridges of Poplar Creek Country Club and Seascape Family Aquatic Center with the Perry Weather outdoor warning system.<\/p>\n\n\n\n<p>Enjoy our facilities knowing that we are watching the skies for you!<\/p>\n<\/div>\n\n\n\n<div class=\"wp-block-column pattern-col-image is-layout-flow wp-block-column-is-layout-flow\">\n<figure class=\"wp-block-image size-full\"><img decoding=\"async\" width=\"580\" height=\"327\" data-src=\"https:\/\/www.heparks.org\/wp-content\/smush-webp\/2025\/11\/Rectangle-463.png.webp\" alt=\"a rainbow in the sky\" class=\"wp-image-155 lazyload\" data-srcset=\"https:\/\/www.heparks.org\/wp-content\/smush-webp\/2025\/11\/Rectangle-463.png.webp 580w, https:\/\/www.heparks.org\/wp-content\/smush-webp\/2025\/11\/Rectangle-463-300x169.png.webp 300w\" data-sizes=\"(max-width: 580px) 100vw, 580px\" src=\"data:image\/svg+xml;base64,PHN2ZyB3aWR0aD0iMSIgaGVpZ2h0PSIxIiB4bWxucz0iaHR0cDovL3d3dy53My5vcmcvMjAwMC9zdmciPjwvc3ZnPg==\" style=\"--smush-placeholder-width: 580px; --smush-placeholder-aspect-ratio: 580\/327;\" data-smush-webp-fallback=\"{&quot;data-src&quot;:&quot;https:\\\/\\\/www.heparks.org\\\/wp-content\\\/uploads\\\/2025\\\/11\\\/Rectangle-463.png&quot;,&quot;data-srcset&quot;:&quot;https:\\\/\\\/www.heparks.org\\\/wp-content\\\/uploads\\\/2025\\\/11\\\/Rectangle-463.png 580w, https:\\\/\\\/www.heparks.org\\\/wp-content\\\/uploads\\\/2025\\\/11\\\/Rectangle-463-300x169.png 300w&quot;}\" \/><\/figure>\n<\/div>\n<\/div>\n\n\n\n<div class=\"wp-block-columns pattern-accordion is-layout-flex wp-container-core-columns-is-layout-28f84493 wp-block-columns-is-layout-flex\">\n<div class=\"wp-block-column is-layout-flow wp-block-column-is-layout-flow\">\n<details class=\"wp-block-details is-layout-flow wp-block-details-is-layout-flow\"><summary>What is Perry Weather?<\/summary>\n<p>Perry Weather is a state-of-the-art weather safety platform that provides 24\/7 monitoring of lightning and severe weather conditions. Unlike traditional weather apps that rely on broad regional data, Perry Weather uses on-site sensors to provide hyperlocal, real-time information, monitoring weather patterns up to 48 hours in advance, specifically for our locations. Learn more at their website: P<a href=\"https:\/\/perryweather.com\/\">erry Weather.<\/a><\/p>\n<\/details>\n\n\n\n<details class=\"wp-block-details is-layout-flow wp-block-details-is-layout-flow\"><summary>How Does it Work?<\/summary>\n<p>When the Perry Weather system detects lightning or severe weather within a specific radius of our facilities, it automatically triggers a series of alerts to keep everyone safe:<\/p>\n\n\n\n<ul class=\"wp-block-list\">\n<li>Notifications are sent in real-time to HEParks staff alerting them of severe weather.<\/li>\n<\/ul>\n\n\n\n<ul class=\"wp-block-list\">\n<li>Audible Sirens: A loud, 15-second horn blast will sound to signal that weather conditions are unsafe and everyone must seek shelter immediately.<\/li>\n<\/ul>\n\n\n\n<ul class=\"wp-block-list\">\n<li>Visual Strobes: High-visibility strobe lights will flash continuously while a weather alert is active.<\/li>\n\n\n\n<li>The &#8220;All-Clear&#8221;: Once the system determines that no lightning has been detected for 30 minutes, it will sound three short horn blasts and the strobes will turn off, signaling that it is safe to resume outdoor activities.<\/li>\n<\/ul>\n\n\n\n<ul class=\"wp-block-list\">\n<li>Text-to-Speech PA: Clear, automated voice instructions may be broadcast to provide specific guidance on where to go. <\/li>\n<\/ul>\n<\/details>\n\n\n\n<details class=\"wp-block-details is-layout-flow wp-block-details-is-layout-flow\"><summary>Where You\u2019ll See It<\/summary>\n<p>You can now find Perry Weather stations active at:<\/p>\n\n\n\n<ul class=\"wp-block-list\">\n<li>The Bridges of Poplar Creek Country Club<\/li>\n\n\n\n<li>Trung t\u00e2m Th\u1ec3 thao D\u01b0\u1edbi n\u01b0\u1edbc Gia \u0111\u00ecnh Seascape<\/li>\n<\/ul>\n\n\n\n<p>Perry Weather App: patrons can view our weather monitoring system on their mobile phones (see below)<\/p>\n<\/details>\n\n\n\n<details class=\"wp-block-details is-layout-flow wp-block-details-is-layout-flow\"><summary>What Happened to the Previous System?<\/summary>\n<p>HEParks formally used Thor Guard, which has since discontinued serving current models of their remote sensors we use, which doesn\u2019t allow us to access to replacement parts or technical support. This provided HEParks the opportunity to upgrade to a better, more modern service. As weather in Illinois can change in an instant, we felt it was vital to keep our residents safe by using the most up-do-date technology to remove the guesswork from weather safety. This system is trusted by the PGA of America and professional sports teams because it offers the most accurate lightning detection available, helping us avoid &#8220;false alarms&#8221; while ensuring we never miss a real threat.<\/p>\n<\/details>\n<\/div>\n<\/div>\n<\/div><\/section>\n\n\n\n<section class=\"wp-block-cover alignfull is-light pattern slider-5\"><img decoding=\"async\" width=\"1024\" height=\"731\" class=\"wp-block-cover__image-background wp-image-41604 size-large lazyload\" alt=\"B\u1ee9c \u1ea3nh ch\u1ee5p nh\u1eefng c\u00e2y c\u1ed1i v\u1edbi \u00e1nh n\u1eafng len l\u1ecfi qua k\u1ebd l\u00e1\" data-src=\"https:\/\/www.heparks.org\/wp-content\/smush-webp\/2025\/12\/DSC7541-1024x731.jpg.webp\" data-object-fit=\"cover\" data-srcset=\"https:\/\/www.heparks.org\/wp-content\/smush-webp\/2025\/12\/DSC7541-1024x731.jpg.webp 1024w, https:\/\/www.heparks.org\/wp-content\/smush-webp\/2025\/12\/DSC7541-300x214.jpg.webp 300w, https:\/\/www.heparks.org\/wp-content\/smush-webp\/2025\/12\/DSC7541-768x549.jpg.webp 768w, https:\/\/www.heparks.org\/wp-content\/smush-webp\/2025\/12\/DSC7541-1536x1097.jpg.webp 1536w, https:\/\/www.heparks.org\/wp-content\/smush-webp\/2025\/12\/DSC7541-scaled.jpg.webp 2048w\" data-sizes=\"(max-width: 1024px) 100vw, 1024px\" src=\"data:image\/svg+xml;base64,PHN2ZyB3aWR0aD0iMSIgaGVpZ2h0PSIxIiB4bWxucz0iaHR0cDovL3d3dy53My5vcmcvMjAwMC9zdmciPjwvc3ZnPg==\" style=\"--smush-placeholder-width: 1024px; --smush-placeholder-aspect-ratio: 1024\/731;\" data-smush-webp-fallback=\"{&quot;data-src&quot;:&quot;https:\\\/\\\/www.heparks.org\\\/wp-content\\\/uploads\\\/2025\\\/12\\\/DSC7541-1024x731.jpg&quot;,&quot;data-srcset&quot;:&quot;https:\\\/\\\/www.heparks.org\\\/wp-content\\\/uploads\\\/2025\\\/12\\\/DSC7541-1024x731.jpg 1024w, https:\\\/\\\/www.heparks.org\\\/wp-content\\\/uploads\\\/2025\\\/12\\\/DSC7541-300x214.jpg 300w, https:\\\/\\\/www.heparks.org\\\/wp-content\\\/uploads\\\/2025\\\/12\\\/DSC7541-768x549.jpg 768w, https:\\\/\\\/www.heparks.org\\\/wp-content\\\/uploads\\\/2025\\\/12\\\/DSC7541-1536x1097.jpg 1536w, https:\\\/\\\/www.heparks.org\\\/wp-content\\\/uploads\\\/2025\\\/12\\\/DSC7541-scaled.jpg 2048w&quot;}\" \/><span aria-hidden=\"true\" class=\"wp-block-cover__background has-background-dim-0 has-background-dim\"><\/span><div class=\"wp-block-cover__inner-container has-global-padding is-layout-constrained wp-block-cover-is-layout-constrained\">\n<div class=\"wp-block-columns pattern-intro is-layout-flex wp-container-core-columns-is-layout-28f84493 wp-block-columns-is-layout-flex\">\n<div class=\"wp-block-column pattern-col-text is-layout-flow wp-block-column-is-layout-flow\">\n<h2 class=\"wp-block-heading is-style-intro-heading\">C\u00e1c ch\u01b0\u01a1ng tr\u00ecnh n\u1ed5i b\u1eadt<\/h2>\n\n\n\n<h3 class=\"wp-block-heading pattern-heading\">Kh\u00e1m ph\u00e1 th\u00eam c\u00e1c n\u1ed9i dung t\u1eeb kh\u1eafp c\u00e1c HEParks<\/h3>\n<\/div>\n\n\n\n<div class=\"wp-block-column pattern-col-content is-layout-flow wp-block-column-is-layout-flow\">\n<p>H\u00e3y kh\u00e1m ph\u00e1 c\u00e1c ch\u01b0\u01a1ng tr\u00ecnh n\u1ed5i b\u1eadt c\u1ee7a ch\u00fang t\u00f4i, \u0111\u01b0\u1ee3c thi\u1ebft k\u1ebf \u0111\u1ec3 gi\u00fap b\u1ea1n lu\u00f4n n\u0103ng \u0111\u1ed9ng, t\u00edch c\u1ef1c tham gia v\u00e0 g\u1eafn k\u1ebft su\u1ed1t c\u1ea3 n\u0103m. T\u1eeb c\u00e1c ho\u1ea1t \u0111\u1ed9ng th\u1ec3 thao v\u00e0 r\u00e8n luy\u1ec7n s\u1ee9c kh\u1ecfe d\u00e0nh cho thanh thi\u1ebfu ni\u00ean \u0111\u1ebfn ngh\u1ec7 thu\u1eadt, gi\u1ea3i tr\u00ed v\u00e0 c\u00e1c s\u1ef1 ki\u1ec7n c\u1ed9ng \u0111\u1ed3ng, Hoffman Estates Park District mang \u0111\u1ebfn nh\u1eefng ho\u1ea1t \u0111\u1ed9ng ph\u00f9 h\u1ee3p cho m\u1ecdi \u0111\u1ed1i t\u01b0\u1ee3ng.<\/p>\n\n\n\n<div class=\"wp-block-buttons is-layout-flex wp-block-buttons-is-layout-flex\">\n<div class=\"wp-block-button\"><a class=\"wp-block-button__link has-dark-teal-color has-text-color has-link-color wp-element-button\" href=\"https:\/\/www.flipsnack.com\/BDABCECC5A8\/spring-2026\">Xem h\u01b0\u1edbng d\u1eabn m\u00f9a xu\u00e2n 2026 c\u1ee7a ch\u00fang t\u00f4i<\/a><\/div>\n<\/div>\n\n\n\n<div class=\"wp-block-buttons is-layout-flex wp-block-buttons-is-layout-flex\">\n<div class=\"wp-block-button\"><a class=\"wp-block-button__link has-dark-teal-color has-text-color has-link-color wp-element-button\" href=\"https:\/\/www.heparks.org\/vi\/chuong-trinh\/after-care-and-camps\/camps\/\">Xem h\u01b0\u1edbng d\u1eabn v\u1ec1 tr\u1ea1i h\u00e8 c\u1ee7a ch\u00fang t\u00f4i<\/a><\/div>\n<\/div>\n<\/div>\n<\/div>\n\n\n\n<div class=\"wp-block-columns pattern-carousel is-layout-flex wp-container-core-columns-is-layout-28f84493 wp-block-columns-is-layout-flex\">\n<div class=\"wp-block-column is-layout-flow wp-block-column-is-layout-flow\">\n<div class=\"wp-block-group slider-variation variation-01 has-global-padding is-layout-constrained wp-block-group-is-layout-constrained\">\n<section class=\"wp-block-prolific-carousel-new has-content-align-center wp-block-prolific-carousel-new\" id=\"carousel-new-block-2d0fb00b-40d6-4de8-bfa9-2a4bd35f90b9\" data-slide-count=\"4\" data-virtual-active-index=\"true\">\n\t<div class=\"carousel-new-swiper-wrapper\">\n\t\t<swiper-container\n\t\t\t direction=\"horizontal\" speed=\"300\" centered-slides=\"false\" auto-height=\"true\" free-mode=\"false\" scrollbar=\"false\" loop=\"false\" allow-touch-move=\"true\" grab-cursor=\"true\" keyboard=\"true\" mousewheel=\"false\" navigation=\"false\" pagination=\"true\" pagination-type=\"bullets\" pagination-el=\"#swiper-pagination-block-2d0fb00b-40d6-4de8-bfa9-2a4bd35f90b9\" pagination-clickable=\"true\" pagination-dynamic-bullets=\"false\" resistance-ratio=\"0.85\" breakpoints='{&quot;0&quot;:{&quot;slidesPerView&quot;:1,&quot;spaceBetween&quot;:10},&quot;768&quot;:{&quot;slidesPerView&quot;:3,&quot;spaceBetween&quot;:20},&quot;1024&quot;:{&quot;slidesPerView&quot;:4,&quot;spaceBetween&quot;:35}}'\t\t\trole=\"region\"\n\t\t\taria-label=\"Carousel\"\n\t\t\tclass=\"carousel-new-swiper-container\"\n\t\t>\n\t\t\t\n\n<swiper-slide class=\"swiper-slide wp-block-prolific-carousel-new-slide\">\n\t<div class=\"carousel-new-slide-inner\">\n\t\t\n\n<div class=\"wp-block-group upper-stack is-vertical is-layout-flex wp-container-core-group-is-layout-fe9cc265 wp-block-group-is-layout-flex\">\n<p class=\"pill\">\u0110\u1ea1i di\u1ec7n c\u1ed9ng \u0111\u1ed3ng<\/p>\n\n\n\n<div class=\"wp-block-group is-vertical is-layout-flex wp-container-core-group-is-layout-fe9cc265 wp-block-group-is-layout-flex\">\n<h3 class=\"wp-block-heading has-text-align-center\">H\u00e3y c\u00f9ng g\u00f3p ph\u1ea7n \u0111\u1ecbnh h\u00ecnh t\u01b0\u01a1ng lai c\u1ee7a ch\u00fang ta<\/h3>\n\n\n\n<p class=\"has-text-align-center\">Ch\u00fang t\u00f4i \u0111ang t\u00ecm ki\u1ebfm c\u00e1c th\u00e0nh vi\u00ean trong c\u1ed9ng \u0111\u1ed3ng tham gia \u1ee6y ban T\u01b0 v\u1ea5n c\u1ee7a ch\u00fang t\u00f4i, nh\u1eb1m mang \u0111\u1ebfn cho c\u01b0 d\u00e2n c\u01a1 h\u1ed9i \u00fd ngh\u0129a \u0111\u1ec3 g\u00f3p ph\u1ea7n \u0111\u1ecbnh h\u00ecnh t\u01b0\u01a1ng lai c\u1ee7a c\u00e1c c\u00f4ng vi\u00ean, ch\u01b0\u01a1ng tr\u00ecnh v\u00e0 c\u01a1 s\u1edf gi\u1ea3i tr\u00ed t\u1ea1i \u0111\u1ecba ph\u01b0\u01a1ng.<\/p>\n<\/div>\n<\/div>\n\n\n\n<div class=\"wp-block-group lower-stack is-vertical is-layout-flex wp-container-core-group-is-layout-fe9cc265 wp-block-group-is-layout-flex\">\n<div class=\"wp-block-buttons is-layout-flex wp-block-buttons-is-layout-flex\">\n<div class=\"wp-block-button\"><a aria-label=\"H\u00e3y c\u00f9ng g\u00f3p ph\u1ea7n \u0111\u1ecbnh h\u00ecnh t\u01b0\u01a1ng lai c\u1ee7a ch\u00fang ta\" class=\"wp-block-button__link wp-element-button\" href=\"https:\/\/www.heparks.org\/vi\/questionnaire\/\">H\u00e3y tham gia<span class=\"screen-reader-text\">H\u00e3y c\u00f9ng g\u00f3p ph\u1ea7n \u0111\u1ecbnh h\u00ecnh t\u01b0\u01a1ng lai c\u1ee7a ch\u00fang ta<\/span><\/a><\/div>\n<\/div>\n<\/div>\n\n\t<\/div>\n<\/swiper-slide>\n\n\n\n<swiper-slide class=\"swiper-slide wp-block-prolific-carousel-new-slide\">\n\t<div class=\"carousel-new-slide-inner\">\n\t\t\n\n<div class=\"wp-block-group upper-stack is-vertical is-layout-flex wp-container-core-group-is-layout-fe9cc265 wp-block-group-is-layout-flex\">\n<p class=\"pill\">Golf d\u00e0nh cho thanh thi\u1ebfu ni\u00ean v\u00e0 ng\u01b0\u1eddi l\u1edbn<\/p>\n\n\n\n<div class=\"wp-block-group is-vertical is-layout-flex wp-container-core-group-is-layout-fe9cc265 wp-block-group-is-layout-flex\">\n<h3 class=\"wp-block-heading has-text-align-center\">N\u00e2ng cao k\u1ef9 n\u0103ng ch\u01a1i golf c\u1ee7a b\u1ea1n<\/h3>\n\n\n\n<p class=\"has-text-align-center\">HEParks cung c\u1ea5p c\u00e1c bu\u1ed5i hu\u1ea5n luy\u1ec7n c\u00e1 nh\u00e2n, l\u1edbp h\u1ecdc nh\u00f3m nh\u1ecf v\u00e0 c\u00e1c ch\u01b0\u01a1ng tr\u00ecnh d\u00e0nh ri\u00eang cho t\u1eebng l\u1ee9a tu\u1ed5i, t\u1eadp trung v\u00e0o c\u00e1c k\u1ef9 thu\u1eadt c\u01a1 b\u1ea3n, c\u01a1 ch\u1ebf vung g\u1eady, k\u1ef9 n\u0103ng \u0111\u00e1nh ng\u1eafn, th\u1ef1c h\u00e0nh tr\u00ean s\u00e2n golf v\u00e0 r\u00e8n luy\u1ec7n s\u1ef1 t\u1ef1 tin trong m\u1ed9t m\u00f4i tr\u01b0\u1eddng h\u1ecdc t\u1eadp th\u00e2n thi\u1ec7n t\u1ea1i C\u00e2u l\u1ea1c b\u1ed9 Golf Bridges of Poplar Creek.<\/p>\n<\/div>\n<\/div>\n\n\n\n<div class=\"wp-block-group lower-stack is-vertical is-layout-flex wp-container-core-group-is-layout-fe9cc265 wp-block-group-is-layout-flex\">\n<div class=\"wp-block-buttons is-layout-flex wp-block-buttons-is-layout-flex\">\n<div class=\"wp-block-button\"><a aria-label=\"N\u00e2ng cao k\u1ef9 n\u0103ng ch\u01a1i golf c\u1ee7a b\u1ea1n\" class=\"wp-block-button__link wp-element-button\" href=\"https:\/\/www.heparks.org\/vi\/chuong-trinh\/dien-kinh\/golf\/\">Ra s\u00e2n golf<span class=\"screen-reader-text\">N\u00e2ng cao k\u1ef9 n\u0103ng ch\u01a1i golf c\u1ee7a b\u1ea1n<\/span><\/a><\/div>\n<\/div>\n<\/div>\n\n\t<\/div>\n<\/swiper-slide>\n\n\n\n<swiper-slide class=\"swiper-slide wp-block-prolific-carousel-new-slide\">\n\t<div class=\"carousel-new-slide-inner\">\n\t\t\n\n<div class=\"wp-block-group upper-stack is-vertical is-layout-flex wp-container-core-group-is-layout-fe9cc265 wp-block-group-is-layout-flex\">\n<p class=\"pill\">\u0110\u00e8o Seascape<\/p>\n\n\n\n<div class=\"wp-block-group is-vertical is-layout-flex wp-container-core-group-is-layout-fe9cc265 wp-block-group-is-layout-flex\">\n<h3 class=\"wp-block-heading has-text-align-center\"><strong>H\u00f2a m\u00ecnh v\u00e0o m\u00f9a h\u00e8<\/strong><\/h3>\n\n\n\n<p class=\"has-text-align-center\">H\u00e3y c\u00f9ng nhau vui ch\u01a1i th\u1ecfa th\u00edch t\u1ea1i Trung t\u00e2m Th\u1ec3 thao d\u01b0\u1edbi n\u01b0\u1edbc Gia \u0111\u00ecnh Seascape. T\u1eeb c\u00e1c \u0111\u01b0\u1eddng tr\u01b0\u1ee3t n\u01b0\u1edbc, b\u1ee5c nh\u1ea3y \u0111\u1ebfn nh\u1eefng em b\u00e9 m\u1edbi t\u1eadp b\u01a1i, n\u01a1i \u0111\u00e2y mang \u0111\u1ebfn ni\u1ec1m vui cho m\u1ecdi l\u1ee9a tu\u1ed5i! H\u00e3y mua v\u00e9 gia \u0111\u00ecnh ngay h\u00f4m nay \u2013 b\u1ea1n c\u1ee7a t\u01b0\u01a1ng lai s\u1ebd c\u1ea3m \u01a1n b\u1ea1n \u0111\u1ea5y!<\/p>\n<\/div>\n<\/div>\n\n\n\n<div class=\"wp-block-group lower-stack is-vertical is-layout-flex wp-container-core-group-is-layout-fe9cc265 wp-block-group-is-layout-flex\">\n<div class=\"wp-block-buttons is-layout-flex wp-block-buttons-is-layout-flex\">\n<div class=\"wp-block-button\"><a aria-label=\"H\u00f2a m\u00ecnh v\u00e0o m\u00f9a h\u00e8\" class=\"wp-block-button__link wp-element-button\" href=\"https:\/\/www.heparks.org\/vi\/khoang-trang\/seascape-family-aquatic-center\/\"><strong>H\u00e3y m\u1ea1nh d\u1ea1n th\u1eed<\/strong><span class=\"screen-reader-text\">H\u00f2a m\u00ecnh v\u00e0o m\u00f9a h\u00e8<\/span><\/a><\/div>\n<\/div>\n<\/div>\n\n\t<\/div>\n<\/swiper-slide>\n\n\n\n<swiper-slide class=\"swiper-slide wp-block-prolific-carousel-new-slide\">\n\t<div class=\"carousel-new-slide-inner\">\n\t\t\n\n<div class=\"wp-block-group upper-stack is-vertical is-layout-flex wp-container-core-group-is-layout-fe9cc265 wp-block-group-is-layout-flex\">\n<p class=\"pill\">Th\u1ebb v\u00e0o c\u00f4ng vi\u00ean d\u00e0nh cho ch\u00f3<\/p>\n\n\n\n<div class=\"wp-block-group is-vertical is-layout-flex wp-container-core-group-is-layout-fe9cc265 wp-block-group-is-layout-flex\">\n<h3 class=\"wp-block-heading has-text-align-center\"><strong>Gi\u1ea3i ph\u00f3ng Ni\u1ec1m vui!<\/strong><\/h3>\n\n\n\n<p class=\"has-text-align-center\">M\u1edf c\u1eeda h\u00e0ng ng\u00e0y, quanh n\u0103m t\u1eeb l\u00fac m\u1eb7t tr\u1eddi m\u1ecdc \u0111\u1ebfn l\u00fac m\u1eb7t tr\u1eddi l\u1eb7n, c\u00e1c c\u00f4ng vi\u00ean d\u00e0nh cho ch\u00f3 kh\u00f4ng c\u1ea7n \u0111eo d\u00e2y x\u00edch c\u1ee7a ch\u00fang t\u00f4i \u0111\u01b0\u1ee3c r\u00e0o ch\u1eafn k\u00edn \u0111\u00e1o, mang \u0111\u1ebfn m\u1ed9t kh\u00f4ng gian an to\u00e0n v\u00e0 th\u00e2n thi\u1ec7n \u0111\u1ec3 c\u00e1c ch\u00fa ch\u00f3 c\u00f3 th\u1ec3 ch\u1ea1y nh\u1ea3y, vui ch\u01a1i v\u00e0 giao l\u01b0u. C\u00e1c ti\u1ec7n \u00edch bao g\u1ed3m khu v\u1ef1c ri\u00eang d\u00e0nh cho ch\u00f3 nh\u1ecf, thi\u1ebft b\u1ecb t\u1eadp luy\u1ec7n kh\u00e9o l\u00e9o, d\u1ecbch v\u1ee5 c\u1ea5p n\u01b0\u1edbc, khu v\u1ef1c ch\u1edd t\u1ea1i l\u1ed1i v\u00e0o, tr\u1ea1m x\u1eed l\u00fd ch\u1ea5t th\u1ea3i, b\u00e0n \u0103n ngo\u00e0i tr\u1eddi v\u00e0 h\u1ec7 th\u1ed1ng v\u00e0o c\u1eeda b\u1eb1ng th\u1ebb qu\u1eb9t ti\u1ec7n l\u1ee3i.<\/p>\n<\/div>\n<\/div>\n\n\n\n<div class=\"wp-block-group lower-stack is-vertical is-layout-flex wp-container-core-group-is-layout-fe9cc265 wp-block-group-is-layout-flex\">\n<div class=\"wp-block-buttons is-layout-flex wp-block-buttons-is-layout-flex\">\n<div class=\"wp-block-button\"><a aria-label=\"Gi\u1ea3i ph\u00f3ng Ni\u1ec1m vui!\" class=\"wp-block-button__link wp-element-button\" href=\"https:\/\/www.heparks.org\/vi\/dog-parks\/\">D\u1eaft ch\u00f3 \u0111i d\u1ea1o<span class=\"screen-reader-text\">Gi\u1ea3i ph\u00f3ng Ni\u1ec1m vui!<\/span><\/a><\/div>\n<\/div>\n<\/div>\n\n\t<\/div>\n<\/swiper-slide>\n\n\t\t<\/swiper-container>\n\n\t\t\n\t\t\n\t\t\t\t\t<div class=\"carousel-new-controls-group grouped grouped-position-bottom grouped-layout-split\">\n\t\t\t\t\t\t\t\t\t\t\t\t\t\t\t\t\t\t\t\t<button\n\t\t\t\t\t\t\tclass=\"carousel-new-nav-prev\"\n\t\t\t\t\t\t\taria-label=\"Previous slide\"\n\t\t\t\t\t\t\trole=\"button\"\n\t\t\t\t\t\t>\n\t\t\t\t\t\t\t\t\t\t\t\t\t\t\t<span class=\"carousel-new-nav-icon\">\n\t\t\t\t\t\t\t\t\t<svg xmlns=\"http:\/\/www.w3.org\/2000\/svg\" fill=\"none\">\n  <path d=\"M-2.40413e-07 5.5L8.25 0.736861L8.25 10.2631L-2.40413e-07 5.5Z\" fill=\"#2C4E3F\"\/>\n<\/svg>\t\t\t\t\t\t\t\t<\/span>\n\t\t\t\t\t\t\t\t\t\t\t\t\t\t<span class=\"screen-reader-text\">Previous<\/span>\n\t\t\t\t\t\t<\/button>\n\t\t\t\t\t\n\t\t\t\t\t\t\t\t\t\t\t<div id=\"swiper-pagination-block-2d0fb00b-40d6-4de8-bfa9-2a4bd35f90b9\" class=\"swiper-pagination grouped\"><\/div>\n\t\t\t\t\t\n\t\t\t\t\t\t\t\t\t\t\t<button\n\t\t\t\t\t\t\tclass=\"carousel-new-nav-next\"\n\t\t\t\t\t\t\taria-label=\"Next slide\"\n\t\t\t\t\t\t\trole=\"button\"\n\t\t\t\t\t\t>\n\t\t\t\t\t\t\t\t\t\t\t\t\t\t\t<span class=\"carousel-new-nav-icon\">\n\t\t\t\t\t\t\t\t\t<svg xmlns=\"http:\/\/www.w3.org\/2000\/svg\" fill=\"none\">\n  <path d=\"M9 5.5L0.749999 10.2631L0.749999 0.73686L9 5.5Z\" fill=\"#2C4E3F\"\/>\n<\/svg>\t\t\t\t\t\t\t\t<\/span>\n\t\t\t\t\t\t\t\t\t\t\t\t\t\t<span class=\"screen-reader-text\">Next<\/span>\n\t\t\t\t\t\t<\/button>\n\t\t\t\t\t\t\t\t\t\t\t\t<\/div>\n\t\t\t<\/div>\n\n\t<\/section>\n<\/div>\n<\/div>\n<\/div>\n<\/div><\/section>","protected":false},"excerpt":{"rendered":"","protected":false},"author":1,"featured_media":0,"parent":0,"menu_order":0,"comment_status":"closed","ping_status":"closed","template":"","meta":{"_acf_changed":false,"_searchwp_excluded":"","_EventAllDay":false,"_EventTimezone":"","_EventStartDate":"","_EventEndDate":"","_EventStartDateUTC":"","_EventEndDateUTC":"","_EventShowMap":false,"_EventShowMapLink":false,"_EventURL":"","_EventCost":"","_EventCostDescription":"","_EventCurrencySymbol":"","_EventCurrencyCode":"","_EventCurrencyPosition":"","_EventDateTimeSeparator":"","_EventTimeRangeSeparator":"","_EventOrganizerID":[],"_EventVenueID":[],"_OrganizerEmail":"","_OrganizerPhone":"","_OrganizerWebsite":"","_VenueAddress":"","_VenueCity":"","_VenueCountry":"","_VenueProvince":"","_VenueState":"","_VenueZip":"","_VenuePhone":"","_VenueURL":"","_VenueStateProvince":"","_VenueLat":"","_VenueLng":"","_VenueShowMap":false,"_VenueShowMapLink":false,"_tribe_blocks_recurrence_rules":"","_tribe_blocks_recurrence_description":"","_tribe_blocks_recurrence_exclusions":"","_ecp_custom_2":"","footnotes":""},"class_list":["post-134","page","type-page","status-publish","hentry"],"acf":[],"_links":{"self":[{"href":"https:\/\/www.heparks.org\/vi\/wp-json\/wp\/v2\/pages\/134","targetHints":{"allow":["GET"]}}],"collection":[{"href":"https:\/\/www.heparks.org\/vi\/wp-json\/wp\/v2\/pages"}],"about":[{"href":"https:\/\/www.heparks.org\/vi\/wp-json\/wp\/v2\/types\/page"}],"author":[{"embeddable":true,"href":"https:\/\/www.heparks.org\/vi\/wp-json\/wp\/v2\/users\/1"}],"replies":[{"embeddable":true,"href":"https:\/\/www.heparks.org\/vi\/wp-json\/wp\/v2\/comments?post=134"}],"version-history":[{"count":19,"href":"https:\/\/www.heparks.org\/vi\/wp-json\/wp\/v2\/pages\/134\/revisions"}],"predecessor-version":[{"id":57592,"href":"https:\/\/www.heparks.org\/vi\/wp-json\/wp\/v2\/pages\/134\/revisions\/57592"}],"wp:attachment":[{"href":"https:\/\/www.heparks.org\/vi\/wp-json\/wp\/v2\/media?parent=134"}],"curies":[{"name":"wp","href":"https:\/\/api.w.org\/{rel}","templated":true}]}}