{"id":103314,"date":"2026-04-14T13:01:43","date_gmt":"2026-04-14T18:01:43","guid":{"rendered":"https:\/\/www.heparks.org\/?page_id=103314"},"modified":"2026-04-14T13:03:16","modified_gmt":"2026-04-14T18:03:16","slug":"e-bikes-motorized-vehicle-or-device-policy","status":"publish","type":"page","link":"https:\/\/www.heparks.org\/vi\/governance\/policies\/e-bikes-motorized-vehicle-or-device-policy\/","title":{"rendered":"E-Bikes, Motorized Vehicle or Device Policy"},"content":{"rendered":"<section class=\"wp-block-cover alignfull pattern hero-2\"><span aria-hidden=\"true\" class=\"wp-block-cover__background has-dark-teal-background-color has-background-dim-100 has-background-dim\"><\/span><div class=\"wp-block-cover__inner-container has-global-padding is-layout-constrained wp-block-cover-is-layout-constrained\">\n<div class=\"wp-block-columns pattern-intro is-layout-flex wp-container-core-columns-is-layout-28f84493 wp-block-columns-is-layout-flex\">\n<div class=\"wp-block-column pattern-col-text is-layout-flow wp-block-column-is-layout-flow\">\n<h2 class=\"wp-block-heading is-style-intro-heading\">9.3.19 &#8211; Motor Vehicles Policy<\/h2>\n\n\n\n<h3 class=\"wp-block-heading pattern-heading\">Unlawful Operation of a Motorized Vehicle or Device.<\/h3>\n\n\n\n<p>Unlawful Operation of a Motorized Vehicle or Device Motorized vehicles or devices, exclusive of battery-operated children\u2019s toys not to exceed 5 miles per hour and operated under adult supervision, are prohibited from all open spaces, parks, and walking and riding paths, unless being used without the motor engaged. Persons with disabilities may operate electric or battery powered carts designed to mitigate those disabilities while on sidewalks and pathways so long as those carts are operated in a safe and appropriate manner.<\/p>\n<\/div>\n\n\n\n<div class=\"wp-block-column pattern-col-image is-layout-flow wp-block-column-is-layout-flow\">\n<figure class=\"wp-block-image size-full\"><img decoding=\"async\" width=\"400\" height=\"300\" data-src=\"https:\/\/www.heparks.org\/wp-content\/smush-webp\/2025\/11\/Pine-Park-2.jpg.webp\" alt=\"a path in a park with a playground\" class=\"wp-image-3366 lazyload\" data-srcset=\"https:\/\/www.heparks.org\/wp-content\/smush-webp\/2025\/11\/Pine-Park-2.jpg.webp 400w, https:\/\/www.heparks.org\/wp-content\/smush-webp\/2025\/11\/Pine-Park-2-300x225.jpg.webp 300w\" data-sizes=\"(max-width: 400px) 100vw, 400px\" src=\"data:image\/svg+xml;base64,PHN2ZyB3aWR0aD0iMSIgaGVpZ2h0PSIxIiB4bWxucz0iaHR0cDovL3d3dy53My5vcmcvMjAwMC9zdmciPjwvc3ZnPg==\" style=\"--smush-placeholder-width: 400px; --smush-placeholder-aspect-ratio: 400\/300;\" data-smush-webp-fallback=\"{&quot;data-src&quot;:&quot;https:\\\/\\\/www.heparks.org\\\/wp-content\\\/uploads\\\/2025\\\/11\\\/Pine-Park-2.jpg&quot;,&quot;data-srcset&quot;:&quot;https:\\\/\\\/www.heparks.org\\\/wp-content\\\/uploads\\\/2025\\\/11\\\/Pine-Park-2.jpg 400w, https:\\\/\\\/www.heparks.org\\\/wp-content\\\/uploads\\\/2025\\\/11\\\/Pine-Park-2-300x225.jpg 300w&quot;}\" \/><\/figure>\n<\/div>\n<\/div>\n<\/div><\/section>\n\n\n\n<section class=\"wp-block-cover alignfull is-light pattern slider-5\"><img decoding=\"async\" width=\"1024\" height=\"731\" class=\"wp-block-cover__image-background wp-image-41604 size-large lazyload\" alt=\"B\u1ee9c \u1ea3nh ch\u1ee5p nh\u1eefng c\u00e2y c\u1ed1i v\u1edbi \u00e1nh n\u1eafng len l\u1ecfi qua k\u1ebd l\u00e1\" data-src=\"https:\/\/www.heparks.org\/wp-content\/smush-webp\/2025\/12\/DSC7541-1024x731.jpg.webp\" data-object-fit=\"cover\" data-srcset=\"https:\/\/www.heparks.org\/wp-content\/smush-webp\/2025\/12\/DSC7541-1024x731.jpg.webp 1024w, https:\/\/www.heparks.org\/wp-content\/smush-webp\/2025\/12\/DSC7541-300x214.jpg.webp 300w, https:\/\/www.heparks.org\/wp-content\/smush-webp\/2025\/12\/DSC7541-768x549.jpg.webp 768w, https:\/\/www.heparks.org\/wp-content\/smush-webp\/2025\/12\/DSC7541-1536x1097.jpg.webp 1536w, https:\/\/www.heparks.org\/wp-content\/smush-webp\/2025\/12\/DSC7541-scaled.jpg.webp 2048w\" data-sizes=\"(max-width: 1024px) 100vw, 1024px\" src=\"data:image\/svg+xml;base64,PHN2ZyB3aWR0aD0iMSIgaGVpZ2h0PSIxIiB4bWxucz0iaHR0cDovL3d3dy53My5vcmcvMjAwMC9zdmciPjwvc3ZnPg==\" style=\"--smush-placeholder-width: 1024px; --smush-placeholder-aspect-ratio: 1024\/731;\" data-smush-webp-fallback=\"{&quot;data-src&quot;:&quot;https:\\\/\\\/www.heparks.org\\\/wp-content\\\/uploads\\\/2025\\\/12\\\/DSC7541-1024x731.jpg&quot;,&quot;data-srcset&quot;:&quot;https:\\\/\\\/www.heparks.org\\\/wp-content\\\/uploads\\\/2025\\\/12\\\/DSC7541-1024x731.jpg 1024w, https:\\\/\\\/www.heparks.org\\\/wp-content\\\/uploads\\\/2025\\\/12\\\/DSC7541-300x214.jpg 300w, https:\\\/\\\/www.heparks.org\\\/wp-content\\\/uploads\\\/2025\\\/12\\\/DSC7541-768x549.jpg 768w, https:\\\/\\\/www.heparks.org\\\/wp-content\\\/uploads\\\/2025\\\/12\\\/DSC7541-1536x1097.jpg 1536w, https:\\\/\\\/www.heparks.org\\\/wp-content\\\/uploads\\\/2025\\\/12\\\/DSC7541-scaled.jpg 2048w&quot;}\" \/><span aria-hidden=\"true\" class=\"wp-block-cover__background has-background-dim-0 has-background-dim\"><\/span><div class=\"wp-block-cover__inner-container has-global-padding is-layout-constrained wp-block-cover-is-layout-constrained\">\n<div class=\"wp-block-columns pattern-intro is-layout-flex wp-container-core-columns-is-layout-28f84493 wp-block-columns-is-layout-flex\">\n<div class=\"wp-block-column pattern-col-text is-layout-flow wp-block-column-is-layout-flow\">\n<h2 class=\"wp-block-heading is-style-intro-heading\">C\u00e1c ch\u01b0\u01a1ng tr\u00ecnh n\u1ed5i b\u1eadt<\/h2>\n\n\n\n<h3 class=\"wp-block-heading pattern-heading\">Kh\u00e1m ph\u00e1 th\u00eam c\u00e1c n\u1ed9i dung t\u1eeb kh\u1eafp c\u00e1c HEParks<\/h3>\n<\/div>\n\n\n\n<div class=\"wp-block-column pattern-col-content is-layout-flow wp-block-column-is-layout-flow\">\n<p>H\u00e3y kh\u00e1m ph\u00e1 c\u00e1c ch\u01b0\u01a1ng tr\u00ecnh n\u1ed5i b\u1eadt c\u1ee7a ch\u00fang t\u00f4i, \u0111\u01b0\u1ee3c thi\u1ebft k\u1ebf \u0111\u1ec3 gi\u00fap b\u1ea1n lu\u00f4n n\u0103ng \u0111\u1ed9ng, t\u00edch c\u1ef1c tham gia v\u00e0 g\u1eafn k\u1ebft su\u1ed1t c\u1ea3 n\u0103m. T\u1eeb c\u00e1c ho\u1ea1t \u0111\u1ed9ng th\u1ec3 thao v\u00e0 r\u00e8n luy\u1ec7n s\u1ee9c kh\u1ecfe d\u00e0nh cho thanh thi\u1ebfu ni\u00ean \u0111\u1ebfn ngh\u1ec7 thu\u1eadt, gi\u1ea3i tr\u00ed v\u00e0 c\u00e1c s\u1ef1 ki\u1ec7n c\u1ed9ng \u0111\u1ed3ng, Hoffman Estates Park District mang \u0111\u1ebfn nh\u1eefng ho\u1ea1t \u0111\u1ed9ng ph\u00f9 h\u1ee3p cho m\u1ecdi \u0111\u1ed1i t\u01b0\u1ee3ng.<\/p>\n\n\n\n<div class=\"wp-block-buttons is-layout-flex wp-block-buttons-is-layout-flex\">\n<div class=\"wp-block-button\"><a class=\"wp-block-button__link has-dark-teal-color has-text-color has-link-color wp-element-button\" href=\"https:\/\/www.flipsnack.com\/BDABCECC5A8\/2026-summer-guide\">View our SUMMER PROGRAM guide<\/a><\/div>\n<\/div>\n\n\n\n<div class=\"wp-block-buttons is-layout-flex wp-block-buttons-is-layout-flex\">\n<div class=\"wp-block-button\"><a class=\"wp-block-button__link has-dark-teal-color has-text-color has-link-color wp-element-button\" href=\"https:\/\/www.heparks.org\/vi\/chuong-trinh\/after-care-and-camps\/camps\/\">Xem h\u01b0\u1edbng d\u1eabn v\u1ec1 tr\u1ea1i h\u00e8 c\u1ee7a ch\u00fang t\u00f4i<\/a><\/div>\n<\/div>\n<\/div>\n<\/div>\n\n\n\n<div class=\"wp-block-columns pattern-carousel is-layout-flex wp-container-core-columns-is-layout-28f84493 wp-block-columns-is-layout-flex\">\n<div class=\"wp-block-column is-layout-flow wp-block-column-is-layout-flow\">\n<div class=\"wp-block-group slider-variation variation-01 has-global-padding is-layout-constrained wp-block-group-is-layout-constrained\">\n<section class=\"wp-block-prolific-carousel-new has-content-align-center wp-block-prolific-carousel-new\" id=\"carousel-new-block-1bfbf88e-251a-44f3-9d8d-69722b0b4a59\" data-slide-count=\"4\" data-virtual-active-index=\"true\">\n\t<div class=\"carousel-new-swiper-wrapper\">\n\t\t<swiper-container\n\t\t\t direction=\"horizontal\" speed=\"300\" centered-slides=\"false\" auto-height=\"true\" free-mode=\"false\" scrollbar=\"false\" loop=\"false\" allow-touch-move=\"true\" grab-cursor=\"true\" keyboard=\"true\" mousewheel=\"false\" navigation=\"false\" pagination=\"true\" pagination-type=\"bullets\" pagination-el=\"#swiper-pagination-block-1bfbf88e-251a-44f3-9d8d-69722b0b4a59\" pagination-clickable=\"true\" pagination-dynamic-bullets=\"false\" resistance-ratio=\"0.85\" breakpoints='{&quot;0&quot;:{&quot;slidesPerView&quot;:1,&quot;spaceBetween&quot;:10},&quot;768&quot;:{&quot;slidesPerView&quot;:3,&quot;spaceBetween&quot;:20},&quot;1024&quot;:{&quot;slidesPerView&quot;:4,&quot;spaceBetween&quot;:35}}'\t\t\trole=\"region\"\n\t\t\taria-label=\"Carousel\"\n\t\t\tclass=\"carousel-new-swiper-container\"\n\t\t>\n\t\t\t\n\n<swiper-slide class=\"swiper-slide wp-block-prolific-carousel-new-slide\">\n\t<div class=\"carousel-new-slide-inner\">\n\t\t\n\n<div class=\"wp-block-group upper-stack is-vertical is-layout-flex wp-container-core-group-is-layout-fe9cc265 wp-block-group-is-layout-flex\">\n<p class=\"pill\">\u0110\u1ea1i di\u1ec7n c\u1ed9ng \u0111\u1ed3ng<\/p>\n\n\n\n<div class=\"wp-block-group is-vertical is-layout-flex wp-container-core-group-is-layout-fe9cc265 wp-block-group-is-layout-flex\">\n<h3 class=\"wp-block-heading has-text-align-center\">H\u00e3y c\u00f9ng g\u00f3p ph\u1ea7n \u0111\u1ecbnh h\u00ecnh t\u01b0\u01a1ng lai c\u1ee7a ch\u00fang ta<\/h3>\n\n\n\n<p class=\"has-text-align-center\">Ch\u00fang t\u00f4i \u0111ang t\u00ecm ki\u1ebfm c\u00e1c th\u00e0nh vi\u00ean trong c\u1ed9ng \u0111\u1ed3ng tham gia \u1ee6y ban T\u01b0 v\u1ea5n c\u1ee7a ch\u00fang t\u00f4i, nh\u1eb1m mang \u0111\u1ebfn cho c\u01b0 d\u00e2n c\u01a1 h\u1ed9i \u00fd ngh\u0129a \u0111\u1ec3 g\u00f3p ph\u1ea7n \u0111\u1ecbnh h\u00ecnh t\u01b0\u01a1ng lai c\u1ee7a c\u00e1c c\u00f4ng vi\u00ean, ch\u01b0\u01a1ng tr\u00ecnh v\u00e0 c\u01a1 s\u1edf gi\u1ea3i tr\u00ed t\u1ea1i \u0111\u1ecba ph\u01b0\u01a1ng.<\/p>\n<\/div>\n<\/div>\n\n\n\n<div class=\"wp-block-group lower-stack is-vertical is-layout-flex wp-container-core-group-is-layout-fe9cc265 wp-block-group-is-layout-flex\">\n<div class=\"wp-block-buttons is-layout-flex wp-block-buttons-is-layout-flex\">\n<div class=\"wp-block-button\"><a aria-label=\"H\u00e3y c\u00f9ng g\u00f3p ph\u1ea7n \u0111\u1ecbnh h\u00ecnh t\u01b0\u01a1ng lai c\u1ee7a ch\u00fang ta\" class=\"wp-block-button__link wp-element-button\" href=\"https:\/\/www.heparks.org\/vi\/questionnaire\/\">H\u00e3y tham gia<span class=\"screen-reader-text\">H\u00e3y c\u00f9ng g\u00f3p ph\u1ea7n \u0111\u1ecbnh h\u00ecnh t\u01b0\u01a1ng lai c\u1ee7a ch\u00fang ta<\/span><\/a><\/div>\n<\/div>\n<\/div>\n\n\t<\/div>\n<\/swiper-slide>\n\n\n\n<swiper-slide class=\"swiper-slide wp-block-prolific-carousel-new-slide\">\n\t<div class=\"carousel-new-slide-inner\">\n\t\t\n\n<div class=\"wp-block-group upper-stack is-vertical is-layout-flex wp-container-core-group-is-layout-fe9cc265 wp-block-group-is-layout-flex\">\n<p class=\"pill\">Vogelei Park &amp; Barn<\/p>\n\n\n\n<div class=\"wp-block-group is-vertical is-layout-flex wp-container-core-group-is-layout-fe9cc265 wp-block-group-is-layout-flex\">\n<h3 class=\"wp-block-heading has-text-align-center\">New Playground Open for Play<\/h3>\n\n\n\n<p class=\"has-text-align-center\">HEParks is proud to announce the opening of a new, fully inclusive playground at Vogelei Park &amp; Barn, located at 650 W. Higgins Road. This opening follows two years of careful planning, demolition, and construction to create a one-of-a-kind recreational space designed for the entire community.<\/p>\n<\/div>\n<\/div>\n\n\n\n<div class=\"wp-block-group lower-stack is-vertical is-layout-flex wp-container-core-group-is-layout-fe9cc265 wp-block-group-is-layout-flex\">\n<div class=\"wp-block-buttons is-layout-flex wp-block-buttons-is-layout-flex\">\n<div class=\"wp-block-button\"><a aria-label=\"New Playground Open for Play\" class=\"wp-block-button__link wp-element-button\" href=\"https:\/\/www.heparks.org\/vi\/hoffman-estates-park-district-debuts-fully-inclusive\/\">Read More<span class=\"screen-reader-text\">New Playground Open for Play<\/span><\/a><\/div>\n<\/div>\n<\/div>\n\n\t<\/div>\n<\/swiper-slide>\n\n\n\n<swiper-slide class=\"swiper-slide wp-block-prolific-carousel-new-slide\">\n\t<div class=\"carousel-new-slide-inner\">\n\t\t\n\n<div class=\"wp-block-group upper-stack is-vertical is-layout-flex wp-container-core-group-is-layout-fe9cc265 wp-block-group-is-layout-flex\">\n<p class=\"pill\">\u0110\u00e8o Seascape<\/p>\n\n\n\n<div class=\"wp-block-group is-vertical is-layout-flex wp-container-core-group-is-layout-fe9cc265 wp-block-group-is-layout-flex\">\n<h3 class=\"wp-block-heading has-text-align-center\"><strong>H\u00f2a m\u00ecnh v\u00e0o m\u00f9a h\u00e8<\/strong><\/h3>\n\n\n\n<p class=\"has-text-align-center\">H\u00e3y c\u00f9ng nhau vui ch\u01a1i th\u1ecfa th\u00edch t\u1ea1i Trung t\u00e2m Th\u1ec3 thao d\u01b0\u1edbi n\u01b0\u1edbc Gia \u0111\u00ecnh Seascape. T\u1eeb c\u00e1c \u0111\u01b0\u1eddng tr\u01b0\u1ee3t n\u01b0\u1edbc, b\u1ee5c nh\u1ea3y \u0111\u1ebfn nh\u1eefng em b\u00e9 m\u1edbi t\u1eadp b\u01a1i, n\u01a1i \u0111\u00e2y mang \u0111\u1ebfn ni\u1ec1m vui cho m\u1ecdi l\u1ee9a tu\u1ed5i! H\u00e3y mua v\u00e9 gia \u0111\u00ecnh ngay h\u00f4m nay \u2013 b\u1ea1n c\u1ee7a t\u01b0\u01a1ng lai s\u1ebd c\u1ea3m \u01a1n b\u1ea1n \u0111\u1ea5y!<\/p>\n<\/div>\n<\/div>\n\n\n\n<div class=\"wp-block-group lower-stack is-vertical is-layout-flex wp-container-core-group-is-layout-fe9cc265 wp-block-group-is-layout-flex\">\n<div class=\"wp-block-buttons is-layout-flex wp-block-buttons-is-layout-flex\">\n<div class=\"wp-block-button\"><a aria-label=\"H\u00f2a m\u00ecnh v\u00e0o m\u00f9a h\u00e8\" class=\"wp-block-button__link wp-element-button\" href=\"https:\/\/www.heparks.org\/vi\/spaces\/seascape-family-aquatic-center\/\"><strong>H\u00e3y m\u1ea1nh d\u1ea1n th\u1eed<\/strong><span class=\"screen-reader-text\">H\u00f2a m\u00ecnh v\u00e0o m\u00f9a h\u00e8<\/span><\/a><\/div>\n<\/div>\n<\/div>\n\n\t<\/div>\n<\/swiper-slide>\n\n\n\n<swiper-slide class=\"swiper-slide wp-block-prolific-carousel-new-slide\">\n\t<div class=\"carousel-new-slide-inner\">\n\t\t\n\n<div class=\"wp-block-group upper-stack is-vertical is-layout-flex wp-container-core-group-is-layout-fe9cc265 wp-block-group-is-layout-flex\">\n<p class=\"pill\">Th\u1ebb v\u00e0o c\u00f4ng vi\u00ean d\u00e0nh cho ch\u00f3<\/p>\n\n\n\n<div class=\"wp-block-group is-vertical is-layout-flex wp-container-core-group-is-layout-fe9cc265 wp-block-group-is-layout-flex\">\n<h3 class=\"wp-block-heading has-text-align-center\"><strong>Gi\u1ea3i ph\u00f3ng Ni\u1ec1m vui!<\/strong><\/h3>\n\n\n\n<p class=\"has-text-align-center\">M\u1edf c\u1eeda h\u00e0ng ng\u00e0y, quanh n\u0103m t\u1eeb l\u00fac m\u1eb7t tr\u1eddi m\u1ecdc \u0111\u1ebfn l\u00fac m\u1eb7t tr\u1eddi l\u1eb7n, c\u00e1c c\u00f4ng vi\u00ean d\u00e0nh cho ch\u00f3 kh\u00f4ng c\u1ea7n \u0111eo d\u00e2y x\u00edch c\u1ee7a ch\u00fang t\u00f4i \u0111\u01b0\u1ee3c r\u00e0o ch\u1eafn k\u00edn \u0111\u00e1o, mang \u0111\u1ebfn m\u1ed9t kh\u00f4ng gian an to\u00e0n v\u00e0 th\u00e2n thi\u1ec7n \u0111\u1ec3 c\u00e1c ch\u00fa ch\u00f3 c\u00f3 th\u1ec3 ch\u1ea1y nh\u1ea3y, vui ch\u01a1i v\u00e0 giao l\u01b0u. C\u00e1c ti\u1ec7n \u00edch bao g\u1ed3m khu v\u1ef1c ri\u00eang d\u00e0nh cho ch\u00f3 nh\u1ecf, thi\u1ebft b\u1ecb t\u1eadp luy\u1ec7n kh\u00e9o l\u00e9o, d\u1ecbch v\u1ee5 c\u1ea5p n\u01b0\u1edbc, khu v\u1ef1c ch\u1edd t\u1ea1i l\u1ed1i v\u00e0o, tr\u1ea1m x\u1eed l\u00fd ch\u1ea5t th\u1ea3i, b\u00e0n \u0103n ngo\u00e0i tr\u1eddi v\u00e0 h\u1ec7 th\u1ed1ng v\u00e0o c\u1eeda b\u1eb1ng th\u1ebb qu\u1eb9t ti\u1ec7n l\u1ee3i.<\/p>\n<\/div>\n<\/div>\n\n\n\n<div class=\"wp-block-group lower-stack is-vertical is-layout-flex wp-container-core-group-is-layout-fe9cc265 wp-block-group-is-layout-flex\">\n<div class=\"wp-block-buttons is-layout-flex wp-block-buttons-is-layout-flex\">\n<div class=\"wp-block-button\"><a aria-label=\"Gi\u1ea3i ph\u00f3ng Ni\u1ec1m vui!\" class=\"wp-block-button__link wp-element-button\" href=\"https:\/\/www.heparks.org\/vi\/dog-parks\/\">D\u1eaft ch\u00f3 \u0111i d\u1ea1o<span class=\"screen-reader-text\">Gi\u1ea3i ph\u00f3ng Ni\u1ec1m vui!<\/span><\/a><\/div>\n<\/div>\n<\/div>\n\n\t<\/div>\n<\/swiper-slide>\n\n\t\t<\/swiper-container>\n\n\t\t\n\t\t\n\t\t\t\t\t<div class=\"carousel-new-controls-group grouped grouped-position-bottom grouped-layout-split\">\n\t\t\t\t\t\t\t\t\t\t\t\t\t\t\t\t\t\t\t\t<button\n\t\t\t\t\t\t\tclass=\"carousel-new-nav-prev\"\n\t\t\t\t\t\t\taria-label=\"Previous slide\"\n\t\t\t\t\t\t\trole=\"button\"\n\t\t\t\t\t\t>\n\t\t\t\t\t\t\t\t\t\t\t\t\t\t\t<span class=\"carousel-new-nav-icon\">\n\t\t\t\t\t\t\t\t\t<svg xmlns=\"http:\/\/www.w3.org\/2000\/svg\" fill=\"none\">\n  <path d=\"M-2.40413e-07 5.5L8.25 0.736861L8.25 10.2631L-2.40413e-07 5.5Z\" fill=\"#2C4E3F\"\/>\n<\/svg>\t\t\t\t\t\t\t\t<\/span>\n\t\t\t\t\t\t\t\t\t\t\t\t\t\t<span class=\"screen-reader-text\">Previous<\/span>\n\t\t\t\t\t\t<\/button>\n\t\t\t\t\t\n\t\t\t\t\t\t\t\t\t\t\t<div id=\"swiper-pagination-block-1bfbf88e-251a-44f3-9d8d-69722b0b4a59\" class=\"swiper-pagination grouped\"><\/div>\n\t\t\t\t\t\n\t\t\t\t\t\t\t\t\t\t\t<button\n\t\t\t\t\t\t\tclass=\"carousel-new-nav-next\"\n\t\t\t\t\t\t\taria-label=\"Next slide\"\n\t\t\t\t\t\t\trole=\"button\"\n\t\t\t\t\t\t>\n\t\t\t\t\t\t\t\t\t\t\t\t\t\t\t<span class=\"carousel-new-nav-icon\">\n\t\t\t\t\t\t\t\t\t<svg xmlns=\"http:\/\/www.w3.org\/2000\/svg\" fill=\"none\">\n  <path d=\"M9 5.5L0.749999 10.2631L0.749999 0.73686L9 5.5Z\" fill=\"#2C4E3F\"\/>\n<\/svg>\t\t\t\t\t\t\t\t<\/span>\n\t\t\t\t\t\t\t\t\t\t\t\t\t\t<span class=\"screen-reader-text\">Next<\/span>\n\t\t\t\t\t\t<\/button>\n\t\t\t\t\t\t\t\t\t\t\t\t<\/div>\n\t\t\t<\/div>\n\n\t<\/section>\n<\/div>\n<\/div>\n<\/div>\n<\/div><\/section>","protected":false},"excerpt":{"rendered":"","protected":false},"author":16,"featured_media":0,"parent":213,"menu_order":0,"comment_status":"closed","ping_status":"closed","template":"","meta":{"_acf_changed":false,"_searchwp_excluded":"","_EventAllDay":false,"_EventTimezone":"","_EventStartDate":"","_EventEndDate":"","_EventStartDateUTC":"","_EventEndDateUTC":"","_EventShowMap":false,"_EventShowMapLink":false,"_EventURL":"","_EventCost":"","_EventCostDescription":"","_EventCurrencySymbol":"","_EventCurrencyCode":"","_EventCurrencyPosition":"","_EventDateTimeSeparator":"","_EventTimeRangeSeparator":"","_EventOrganizerID":[],"_EventVenueID":[],"_OrganizerEmail":"","_OrganizerPhone":"","_OrganizerWebsite":"","_VenueAddress":"","_VenueCity":"","_VenueCountry":"","_VenueProvince":"","_VenueState":"","_VenueZip":"","_VenuePhone":"","_VenueURL":"","_VenueStateProvince":"","_VenueLat":"","_VenueLng":"","_VenueShowMap":false,"_VenueShowMapLink":false,"_tribe_blocks_recurrence_rules":"","_tribe_blocks_recurrence_description":"","_tribe_blocks_recurrence_exclusions":"","_ecp_custom_2":"","footnotes":""},"class_list":["post-103314","page","type-page","status-publish","hentry"],"acf":[],"_links":{"self":[{"href":"https:\/\/www.heparks.org\/vi\/wp-json\/wp\/v2\/pages\/103314","targetHints":{"allow":["GET"]}}],"collection":[{"href":"https:\/\/www.heparks.org\/vi\/wp-json\/wp\/v2\/pages"}],"about":[{"href":"https:\/\/www.heparks.org\/vi\/wp-json\/wp\/v2\/types\/page"}],"author":[{"embeddable":true,"href":"https:\/\/www.heparks.org\/vi\/wp-json\/wp\/v2\/users\/16"}],"replies":[{"embeddable":true,"href":"https:\/\/www.heparks.org\/vi\/wp-json\/wp\/v2\/comments?post=103314"}],"version-history":[{"count":1,"href":"https:\/\/www.heparks.org\/vi\/wp-json\/wp\/v2\/pages\/103314\/revisions"}],"predecessor-version":[{"id":103315,"href":"https:\/\/www.heparks.org\/vi\/wp-json\/wp\/v2\/pages\/103314\/revisions\/103315"}],"up":[{"embeddable":true,"href":"https:\/\/www.heparks.org\/vi\/wp-json\/wp\/v2\/pages\/213"}],"wp:attachment":[{"href":"https:\/\/www.heparks.org\/vi\/wp-json\/wp\/v2\/media?parent=103314"}],"curies":[{"name":"wp","href":"https:\/\/api.w.org\/{rel}","templated":true}]}}