{"id":89,"date":"2025-10-29T19:04:11","date_gmt":"2025-10-29T19:04:11","guid":{"rendered":"https:\/\/www.heparks.org\/?page_id=89"},"modified":"2026-04-08T14:49:11","modified_gmt":"2026-04-08T19:49:11","slug":"wolontariusz","status":"publish","type":"page","link":"https:\/\/www.heparks.org\/pl\/about\/get-involved\/volunteer\/","title":{"rendered":"Wolontariusz"},"content":{"rendered":"<section class=\"wp-block-cover alignfull pattern hero-2\"><span aria-hidden=\"true\" class=\"wp-block-cover__background has-dark-teal-background-color has-background-dim-100 has-background-dim\"><\/span><div class=\"wp-block-cover__inner-container has-global-padding is-layout-constrained wp-block-cover-is-layout-constrained\">\n<div class=\"wp-block-columns pattern-intro is-layout-flex wp-container-core-columns-is-layout-28f84493 wp-block-columns-is-layout-flex\">\n<div class=\"wp-block-column pattern-col-text is-layout-flow wp-block-column-is-layout-flow\">\n<h2 class=\"wp-block-heading is-style-intro-heading\">Jeste\u015bmy czym\u015b wi\u0119cej ni\u017c sum\u0105 naszych cz\u0119\u015bci<\/h2>\n\n\n\n<h3 class=\"wp-block-heading pattern-heading\">Wolontariat w HEParks<\/h3>\n\n\n\n<p>Nasz park powiatowy nie mo\u017ce prosperowa\u0107 tylko dzi\u0119ki wsparciu pracownik\u00f3w \u2013 potrzebujemy serc, r\u0105k i umiej\u0119tno\u015bci naszych s\u0105siad\u00f3w. Tutaj zesp\u00f3\u0142 oddanych wolontariuszy tworzy wi\u0119zi, splataj\u0105c tkank\u0119 naszej spo\u0142eczno\u015bci z ka\u017cd\u0105 interakcj\u0105.<\/p>\n\n\n\n<p>Zapraszamy do do\u0142\u0105czenia do naszych dzia\u0142a\u0144 wolontariackich. Niezale\u017cnie od tego, czy pasjonuje Ci\u0119 trenowanie, posiadasz wiedz\u0119 w zakresie ogrodnictwa i upi\u0119kszania przestrzeni zewn\u0119trznych, mo\u017cesz wnie\u015b\u0107 energi\u0119 podczas naszych wydarze\u0144 spo\u0142eczno\u015bciowych, czy te\u017c chcesz wesprze\u0107 nasze centrum dla senior\u00f3w 50+, u nas znajdziesz dla siebie miejsce.&nbsp;<\/p>\n<\/div>\n\n\n\n<div class=\"wp-block-column pattern-col-image is-layout-flow wp-block-column-is-layout-flow\">\n<figure class=\"wp-block-image size-full\"><img decoding=\"async\" width=\"580\" height=\"327\" data-src=\"https:\/\/www.heparks.org\/wp-content\/smush-webp\/2025\/11\/Rectangle-463-5.png.webp\" alt=\"grupa ludzi \u0142\u0105cz\u0105ca r\u0119ce\" class=\"wp-image-5479 lazyload\" data-srcset=\"https:\/\/www.heparks.org\/wp-content\/smush-webp\/2025\/11\/Rectangle-463-5.png.webp 580w, https:\/\/www.heparks.org\/wp-content\/smush-webp\/2025\/11\/Rectangle-463-5-300x169.png.webp 300w\" data-sizes=\"(max-width: 580px) 100vw, 580px\" src=\"data:image\/svg+xml;base64,PHN2ZyB3aWR0aD0iMSIgaGVpZ2h0PSIxIiB4bWxucz0iaHR0cDovL3d3dy53My5vcmcvMjAwMC9zdmciPjwvc3ZnPg==\" style=\"--smush-placeholder-width: 580px; --smush-placeholder-aspect-ratio: 580\/327;\" data-smush-webp-fallback=\"{&quot;data-src&quot;:&quot;https:\\\/\\\/www.heparks.org\\\/wp-content\\\/uploads\\\/2025\\\/11\\\/Rectangle-463-5.png&quot;,&quot;data-srcset&quot;:&quot;https:\\\/\\\/www.heparks.org\\\/wp-content\\\/uploads\\\/2025\\\/11\\\/Rectangle-463-5.png 580w, https:\\\/\\\/www.heparks.org\\\/wp-content\\\/uploads\\\/2025\\\/11\\\/Rectangle-463-5-300x169.png 300w&quot;}\" \/><\/figure>\n<\/div>\n<\/div>\n<\/div><\/section>\n\n\n\n<section class=\"wp-block-cover alignfull is-light pattern cards-3\"><span aria-hidden=\"true\" class=\"wp-block-cover__background has-coral-orange-background-color has-background-dim-100 has-background-dim\"><\/span><div class=\"wp-block-cover__inner-container has-global-padding is-layout-constrained wp-block-cover-is-layout-constrained\">\n<div class=\"wp-block-columns pattern-intro is-layout-flex wp-container-core-columns-is-layout-28f84493 wp-block-columns-is-layout-flex\">\n<div class=\"wp-block-column is-layout-flow wp-block-column-is-layout-flow\">\n<h2 class=\"wp-block-heading is-style-intro-heading\">Spo\u0142eczno\u015b\u0107 ro\u015bnie silniejsza razem.<\/h2>\n\n\n\n<h3 class=\"wp-block-heading pattern-heading\">Sposoby, w jakie mo\u017cesz pom\u00f3c<\/h3>\n<\/div>\n<\/div>\n\n\n\n<div class=\"wp-block-columns pattern-cards is-layout-flex wp-container-core-columns-is-layout-28f84493 wp-block-columns-is-layout-flex\">\n<div class=\"wp-block-column is-layout-flow wp-block-column-is-layout-flow\">\n<div class=\"wp-block-group has-global-padding is-layout-constrained wp-block-group-is-layout-constrained\">\n<figure class=\"wp-block-image size-full\"><img decoding=\"async\" data-src=\"https:\/\/www.heparks.org\/wp-content\/themes\/dream\/patterns\/images\/Group-328-1.svg\" alt=\"zielone logo li\u015bcia\" class=\"wp-image-1943 lazyload\" src=\"data:image\/svg+xml;base64,PHN2ZyB3aWR0aD0iMSIgaGVpZ2h0PSIxIiB4bWxucz0iaHR0cDovL3d3dy53My5vcmcvMjAwMC9zdmciPjwvc3ZnPg==\" style=\"--smush-placeholder-width: 30px; --smush-placeholder-aspect-ratio: 30\/30;\" \/><\/figure>\n\n\n\n<h4 class=\"wp-block-heading pattern-card-heading\">Mo\u017cliwo\u015bci Coacheskie<\/h4>\n\n\n\n<p>Wywrzyj trwa\u0142y wp\u0142yw, trenuj\u0105c m\u0142odzie\u017cowe sporty, takie jak koszyk\u00f3wka, baseball, softball, pi\u0142ka no\u017cna, siatk\u00f3wka, hokej lub \u0142y\u017cwiarstwo figurowe. Wszyscy wolontariusze przechodz\u0105 specjalistyczne szkolenie.<\/p>\n<\/div>\n\n\n<\/div>\n\n\n\n<div class=\"wp-block-column is-layout-flow wp-block-column-is-layout-flow\">\n<div class=\"wp-block-group has-global-padding is-layout-constrained wp-block-group-is-layout-constrained\">\n<figure class=\"wp-block-image size-full\"><img decoding=\"async\" data-src=\"https:\/\/www.heparks.org\/wp-content\/themes\/dream\/patterns\/images\/Group-328-1.svg\" alt=\"zielone logo li\u015bcia\" class=\"wp-image-1943 lazyload\" src=\"data:image\/svg+xml;base64,PHN2ZyB3aWR0aD0iMSIgaGVpZ2h0PSIxIiB4bWxucz0iaHR0cDovL3d3dy53My5vcmcvMjAwMC9zdmciPjwvc3ZnPg==\" style=\"--smush-placeholder-width: 30px; --smush-placeholder-aspect-ratio: 30\/30;\" \/><\/figure>\n\n\n\n<h4 class=\"wp-block-heading pattern-card-heading\">Wolontariat na imprezy specjalne<\/h4>\n\n\n\n<p>Wspieraj nasze wydarzenia t\u0119tni\u0105cej \u017cyciem spo\u0142eczno\u015bci, po\u015bwi\u0119caj\u0105c jeden dzie\u0144. Pom\u00f3\u017c przy ustawianiu, rejestracji, organizacji zaj\u0119\u0107 lub sprz\u0105taniu.<\/p>\n<\/div>\n\n\n<\/div>\n\n\n\n<div class=\"wp-block-column is-layout-flow wp-block-column-is-layout-flow\">\n<div class=\"wp-block-group has-global-padding is-layout-constrained wp-block-group-is-layout-constrained\">\n<figure class=\"wp-block-image size-full\"><img decoding=\"async\" data-src=\"https:\/\/www.heparks.org\/wp-content\/themes\/dream\/patterns\/images\/Group-328-1.svg\" alt=\"zielone logo li\u015bcia\" class=\"wp-image-1943 lazyload\" src=\"data:image\/svg+xml;base64,PHN2ZyB3aWR0aD0iMSIgaGVpZ2h0PSIxIiB4bWxucz0iaHR0cDovL3d3dy53My5vcmcvMjAwMC9zdmciPjwvc3ZnPg==\" style=\"--smush-placeholder-width: 30px; --smush-placeholder-aspect-ratio: 30\/30;\" \/><\/figure>\n\n\n\n<h4 class=\"wp-block-heading pattern-card-heading\">Wolontariat w parkach<\/h4>\n\n\n\n<p>Zosta\u0144 cz\u0119\u015bci\u0105 Programu Adoptuj Park \u2013 pomagaj w pieleniu, malowaniu, sprz\u0105taniu i sadzeniu rodzimych kwiat\u00f3w polnych. Odegraj aktywn\u0105 rol\u0119 w utrzymaniu naszych park\u00f3w w pi\u0119knym i przyjaznym stanie.<\/p>\n<\/div>\n\n\n\n<div class=\"wp-block-buttons is-layout-flex wp-block-buttons-is-layout-flex\"><\/div>\n<\/div>\n\n\n\n<div class=\"wp-block-column is-layout-flow wp-block-column-is-layout-flow\">\n<div class=\"wp-block-group has-global-padding is-layout-constrained wp-block-group-is-layout-constrained\">\n<figure class=\"wp-block-image size-full\"><img decoding=\"async\" data-src=\"https:\/\/www.heparks.org\/wp-content\/themes\/dream\/patterns\/images\/Group-328-1.svg\" alt=\"zielone logo li\u015bcia\" class=\"wp-image-1943 lazyload\" src=\"data:image\/svg+xml;base64,PHN2ZyB3aWR0aD0iMSIgaGVpZ2h0PSIxIiB4bWxucz0iaHR0cDovL3d3dy53My5vcmcvMjAwMC9zdmciPjwvc3ZnPg==\" style=\"--smush-placeholder-width: 30px; --smush-placeholder-aspect-ratio: 30\/30;\" \/><\/figure>\n\n\n\n<h4 class=\"wp-block-heading pattern-card-heading\">Wolontariusze Centrum 50+<\/h4>\n\n\n\n<p>Pom\u00f3\u017c stworzy\u0107 ciep\u0142\u0105 i przyjazn\u0105 atmosfer\u0119 dla senior\u00f3w, pomagaj\u0105c w obs\u0142udze klienta lub podczas organizacji wydarze\u0144 w Centrum dla Senior\u00f3w.<\/p>\n<\/div>\n\n\n<\/div>\n<\/div>\n<\/div><\/section>\n\n\n\n<section class=\"wp-block-cover alignfull pattern timeline\"><span aria-hidden=\"true\" class=\"wp-block-cover__background has-dark-teal-background-color has-background-dim-100 has-background-dim\"><\/span><div class=\"wp-block-cover__inner-container has-global-padding is-layout-constrained wp-block-cover-is-layout-constrained\">\n<div class=\"wp-block-columns alignwide is-layout-flex wp-container-core-columns-is-layout-28f84493 wp-block-columns-is-layout-flex\">\n<div class=\"wp-block-column pattern-col-text is-layout-flow wp-block-column-is-layout-flow\">\n<h2 class=\"wp-block-heading is-style-intro-heading\">Przyjd\u017a taki, jakim jeste\u015b, zacznij tam, gdzie jeste\u015b<\/h2>\n\n\n\n<h3 class=\"wp-block-heading pattern-heading\">Jak zacz\u0105\u0107<\/h3>\n\n\n\n<div class=\"wp-block-group has-global-padding is-layout-constrained wp-block-group-is-layout-constrained\">\n<p>Nie mo\u017cemy si\u0119 doczeka\u0107, aby powita\u0107 Ci\u0119 w naszej spo\u0142eczno\u015bci wolontariuszy.<\/p>\n\n\n\n<p>Aby rozpocz\u0105\u0107, wykonaj te proste kroki. Je\u015bli potrzebujesz pomocy lub dodatkowych informacji, zawsze jeste\u015bmy tutaj, aby odpowiedzie\u0107 na pytania i udzieli\u0107 wskaz\u00f3wek. Skontaktuj si\u0119 z nami, je\u015bli czegokolwiek potrzebujesz.<\/p>\n<\/div>\n<\/div>\n\n\n\n<div class=\"wp-block-column pattern-col-content is-layout-flow wp-block-column-is-layout-flow\">\n<div class=\"wp-block-group is-nowrap is-layout-flex wp-container-core-group-is-layout-6c531013 wp-block-group-is-layout-flex\">\n<p>1<\/p>\n\n\n\n<div class=\"wp-block-group has-global-padding is-layout-constrained wp-block-group-is-layout-constrained\">\n<h4 class=\"wp-block-heading\">Zg\u0142oszenie wolontariusza<\/h4>\n\n\n\n<p>Wype\u0142nij formularz zg\u0142oszeniowy, aby podzieli\u0107 si\u0119 swoimi zainteresowaniami i dost\u0119pno\u015bci\u0105.<\/p>\n\n\n\n<div class=\"wp-block-buttons is-layout-flex wp-block-buttons-is-layout-flex\">\n<div class=\"wp-block-button is-style-outline is-style-outline--1\"><a class=\"wp-block-button__link wp-element-button\" href=\"https:\/\/www.heparks.org\/pl\/authorization-for-volunteer-service-background-check-2\/\">Zg\u0142oszenie wolontariusza<\/a><\/div>\n<\/div>\n<\/div>\n<\/div>\n\n\n\n<div class=\"wp-block-group is-nowrap is-layout-flex wp-container-core-group-is-layout-6c531013 wp-block-group-is-layout-flex\">\n<p>2<\/p>\n\n\n\n<div class=\"wp-block-group has-global-padding is-layout-constrained wp-block-group-is-layout-constrained\">\n<h4 class=\"wp-block-heading\">Autoryzacja sprawdzenia przesz\u0142o\u015bci<\/h4>\n\n\n\n<p>Z\u0142\u00f3\u017c wymagany formularz autoryzacji sprawdzenia przesz\u0142o\u015bci.<\/p>\n\n\n\n<div class=\"wp-block-buttons is-layout-flex wp-block-buttons-is-layout-flex\">\n<div class=\"wp-block-button is-style-outline is-style-outline--2\"><a class=\"wp-block-button__link wp-element-button\" href=\"https:\/\/www.heparks.org\/pl\/authorization-for-volunteer-service-background-check\/\"><strong>Formularz weryfikacji przesz\u0142o\u015bci<\/strong><\/a><\/div>\n<\/div>\n<\/div>\n<\/div>\n\n\n\n<div class=\"wp-block-group is-nowrap is-layout-flex wp-container-core-group-is-layout-6c531013 wp-block-group-is-layout-flex\">\n<p>3<\/p>\n\n\n\n<div class=\"wp-block-group has-global-padding is-layout-constrained wp-block-group-is-layout-constrained\">\n<h4 class=\"wp-block-heading\">Zwolnienie z odpowiedzialno\u015bci wolontariusza<\/h4>\n\n\n\n<p>Podpisz o\u015bwiadczenie, aby sfinalizowa\u0107 zapis.<\/p>\n\n\n\n<div class=\"wp-block-buttons is-layout-flex wp-block-buttons-is-layout-flex\">\n<div class=\"wp-block-button is-style-outline is-style-outline--3\"><a class=\"wp-block-button__link wp-element-button\" href=\"https:\/\/www.heparks.org\/pl\/authorization-for-volunteer-service-background-check-3\/\">Zrzeczenie si\u0119 ochotnika<\/a><\/div>\n<\/div>\n<\/div>\n<\/div>\n<\/div>\n<\/div>\n<\/div><\/section>\n\n\n\n<section class=\"wp-block-cover alignfull is-light pattern feature-grid-1 has-dark-teal-color has-text-color has-link-color wp-elements-b35814e7dae815543b29bf5683baff1f\"><span aria-hidden=\"true\" class=\"wp-block-cover__background has-light-teal-background-color has-background-dim-100 has-background-dim\"><\/span><div class=\"wp-block-cover__inner-container has-global-padding is-layout-constrained wp-block-cover-is-layout-constrained\">\n<div class=\"wp-block-columns pattern-intro is-layout-flex wp-container-core-columns-is-layout-28f84493 wp-block-columns-is-layout-flex\">\n<div class=\"wp-block-column is-layout-flow wp-block-column-is-layout-flow\">\n<h2 class=\"wp-block-heading is-style-intro-heading\">Jeste\u015bmy Ci bardzo wdzi\u0119czni<\/h2>\n\n\n\n<h3 class=\"wp-block-heading pattern-heading\">Docenienie wolontariuszy<\/h3>\n\n\n\n<div class=\"wp-block-group has-global-padding is-layout-constrained wp-block-group-is-layout-constrained\">\n<p>Prawda jest taka, \u017ce nie ma nas bez ciebie.<br>Niezale\u017cnie od tego, ile nagr\u00f3d zdob\u0119dziemy lub wyr\u00f3\u017cnie\u0144 otrzymamy, prawdziwymiar naszego sukcesu tkwi w waszym zaanga\u017cowaniu. Wiemy, \u017ce nie po\u015bwi\u0119caliby\u015bcie nam swojego czasu i wiedzy, gdyby\u015bcie nie wierzyli w nasz\u0105 misj\u0119 i nie dostrzegali, \u017ce nasza wsp\u00f3lna wizja ma realny wp\u0142yw na nasz\u0105 spo\u0142eczno\u015b\u0107.<\/p>\n<\/div>\n<\/div>\n<\/div>\n\n\n\n<div class=\"wp-block-columns pattern-grid is-layout-flex wp-container-core-columns-is-layout-28f84493 wp-block-columns-is-layout-flex\">\n<div class=\"wp-block-column is-layout-flow wp-block-column-is-layout-flow\">\n<h4 class=\"wp-block-heading pattern-grid-heading\">Najlepsze z <br>Hoffman<\/h4>\n\n\n\n<p>Wielu wolontariuszy jest nagradzanych przez Rad\u0119 Komisarzy Parku na comiesi\u0119cznych spotkaniach.<\/p>\n<\/div>\n\n\n\n<div class=\"wp-block-column is-layout-flow wp-block-column-is-layout-flow\">\n<h4 class=\"wp-block-heading pattern-grid-heading\">Wolontariusz <br>Rok<\/h4>\n\n\n\n<p>U\u017cywaj ich wsz\u0119dzie \u2014 programy, cz\u0142onkostwa, masa\u017ce, golf i wiele wi\u0119cej.<\/p>\n<\/div>\n\n\n\n<div class=\"wp-block-column is-layout-flow wp-block-column-is-layout-flow\">\n<h4 class=\"wp-block-heading pattern-grid-heading\">Wolontariusz <br>Wiecz\u00f3r Docenienia<\/h4>\n\n\n\n<p>W ka\u017cdym sierpniu wolontariusze i ich rodziny bawi\u0105 si\u0119 na przyj\u0119ciu organizowanym przez nasz\u0105 Rad\u0119 Parku.<\/p>\n<\/div>\n<\/div>\n\n\n\n<div class=\"wp-block-buttons is-content-justification-center is-layout-flex wp-container-core-buttons-is-layout-a89b3969 wp-block-buttons-is-layout-flex\">\n<div class=\"wp-block-button\"><a class=\"wp-block-button__link wp-element-button\" href=\"https:\/\/www.heparks.org\/pl\/o\/najlepsze-z-hoffmana\/\">Sprawd\u017a najlepsze z Hoffmana<\/a><\/div>\n<\/div>\n<\/div><\/section>\n\n\n\n<section class=\"wp-block-cover alignfull is-light pattern cta-3\"><img decoding=\"async\" width=\"1024\" height=\"643\" class=\"wp-block-cover__image-background wp-image-5481 size-large lazyload\" alt=\"osoba rozci\u0105gaj\u0105ca r\u0119ce\" data-src=\"https:\/\/www.heparks.org\/wp-content\/smush-webp\/2025\/11\/pexels-goumbik-296234-6-1024x643.png.webp\" data-object-fit=\"cover\" data-srcset=\"https:\/\/www.heparks.org\/wp-content\/smush-webp\/2025\/11\/pexels-goumbik-296234-6-1024x643.png.webp 1024w, https:\/\/www.heparks.org\/wp-content\/smush-webp\/2025\/11\/pexels-goumbik-296234-6-300x188.png.webp 300w, https:\/\/www.heparks.org\/wp-content\/smush-webp\/2025\/11\/pexels-goumbik-296234-6-768x482.png.webp 768w, https:\/\/www.heparks.org\/wp-content\/smush-webp\/2025\/11\/pexels-goumbik-296234-6.png.webp 1512w\" data-sizes=\"(max-width: 1024px) 100vw, 1024px\" src=\"data:image\/svg+xml;base64,PHN2ZyB3aWR0aD0iMSIgaGVpZ2h0PSIxIiB4bWxucz0iaHR0cDovL3d3dy53My5vcmcvMjAwMC9zdmciPjwvc3ZnPg==\" style=\"--smush-placeholder-width: 1024px; --smush-placeholder-aspect-ratio: 1024\/643;\" data-smush-webp-fallback=\"{&quot;data-src&quot;:&quot;https:\\\/\\\/www.heparks.org\\\/wp-content\\\/uploads\\\/2025\\\/11\\\/pexels-goumbik-296234-6-1024x643.png&quot;,&quot;data-srcset&quot;:&quot;https:\\\/\\\/www.heparks.org\\\/wp-content\\\/uploads\\\/2025\\\/11\\\/pexels-goumbik-296234-6-1024x643.png 1024w, https:\\\/\\\/www.heparks.org\\\/wp-content\\\/uploads\\\/2025\\\/11\\\/pexels-goumbik-296234-6-300x188.png 300w, https:\\\/\\\/www.heparks.org\\\/wp-content\\\/uploads\\\/2025\\\/11\\\/pexels-goumbik-296234-6-768x482.png 768w, https:\\\/\\\/www.heparks.org\\\/wp-content\\\/uploads\\\/2025\\\/11\\\/pexels-goumbik-296234-6.png 1512w&quot;}\" \/><span aria-hidden=\"true\" class=\"wp-block-cover__background has-background-dim-0 has-background-dim\" style=\"background-color:#809cae\"><\/span><div class=\"wp-block-cover__inner-container has-global-padding is-layout-constrained wp-block-cover-is-layout-constrained\">\n<div class=\"wp-block-columns is-layout-flex wp-container-core-columns-is-layout-28f84493 wp-block-columns-is-layout-flex\">\n<div class=\"wp-block-column is-layout-flow wp-block-column-is-layout-flow\">\n<h2 class=\"wp-block-heading is-style-intro-heading\">Jeste\u015bmy tu, aby pom\u00f3c Ci pom\u00f3c nam<\/h2>\n\n\n\n<h2 class=\"wp-block-heading pattern-heading\">Dane kontaktowe<\/h2>\n\n\n\n<p>Je\u015bli nie wiesz, od czego zacz\u0105\u0107, po prostu si\u0119 skontaktuj. Jeste\u015bmy tutaj, aby pom\u00f3c Ci znale\u017a\u0107 odpowiednie rozwi\u0105zanie dla Twoich zainteresowa\u0144, dost\u0119pno\u015bci i wiedzy.<\/p>\n\n\n\n<div class=\"wp-block-buttons is-layout-flex wp-block-buttons-is-layout-flex\">\n<div class=\"wp-block-button\"><a class=\"wp-block-button__link wp-element-button\" href=\"https:\/\/www.heparks.org\/pl\/kontakt\/\">skontaktuj si\u0119 z nami<\/a><\/div>\n<\/div>\n<\/div>\n<\/div>\n<\/div><\/section>","protected":false},"excerpt":{"rendered":"","protected":false},"author":1,"featured_media":0,"parent":6343,"menu_order":0,"comment_status":"closed","ping_status":"closed","template":"","meta":{"_acf_changed":false,"_searchwp_excluded":"","_EventAllDay":false,"_EventTimezone":"","_EventStartDate":"","_EventEndDate":"","_EventStartDateUTC":"","_EventEndDateUTC":"","_EventShowMap":false,"_EventShowMapLink":false,"_EventURL":"","_EventCost":"","_EventCostDescription":"","_EventCurrencySymbol":"","_EventCurrencyCode":"","_EventCurrencyPosition":"","_EventDateTimeSeparator":"","_EventTimeRangeSeparator":"","_EventOrganizerID":[],"_EventVenueID":[],"_OrganizerEmail":"","_OrganizerPhone":"","_OrganizerWebsite":"","_VenueAddress":"","_VenueCity":"","_VenueCountry":"","_VenueProvince":"","_VenueState":"","_VenueZip":"","_VenuePhone":"","_VenueURL":"","_VenueStateProvince":"","_VenueLat":"","_VenueLng":"","_VenueShowMap":false,"_VenueShowMapLink":false,"_tribe_blocks_recurrence_rules":"","_tribe_blocks_recurrence_description":"","_tribe_blocks_recurrence_exclusions":"","_ecp_custom_2":"","footnotes":""},"class_list":["post-89","page","type-page","status-publish","hentry"],"acf":[],"_links":{"self":[{"href":"https:\/\/www.heparks.org\/pl\/wp-json\/wp\/v2\/pages\/89","targetHints":{"allow":["GET"]}}],"collection":[{"href":"https:\/\/www.heparks.org\/pl\/wp-json\/wp\/v2\/pages"}],"about":[{"href":"https:\/\/www.heparks.org\/pl\/wp-json\/wp\/v2\/types\/page"}],"author":[{"embeddable":true,"href":"https:\/\/www.heparks.org\/pl\/wp-json\/wp\/v2\/users\/1"}],"replies":[{"embeddable":true,"href":"https:\/\/www.heparks.org\/pl\/wp-json\/wp\/v2\/comments?post=89"}],"version-history":[{"count":7,"href":"https:\/\/www.heparks.org\/pl\/wp-json\/wp\/v2\/pages\/89\/revisions"}],"predecessor-version":[{"id":46830,"href":"https:\/\/www.heparks.org\/pl\/wp-json\/wp\/v2\/pages\/89\/revisions\/46830"}],"up":[{"embeddable":true,"href":"https:\/\/www.heparks.org\/pl\/wp-json\/wp\/v2\/pages\/6343"}],"wp:attachment":[{"href":"https:\/\/www.heparks.org\/pl\/wp-json\/wp\/v2\/media?parent=89"}],"curies":[{"name":"wp","href":"https:\/\/api.w.org\/{rel}","templated":true}]}}