{"id":77,"date":"2025-10-29T18:39:29","date_gmt":"2025-10-29T18:39:29","guid":{"rendered":"https:\/\/www.heparks.org\/?page_id=77"},"modified":"2026-04-08T10:45:36","modified_gmt":"2026-04-08T15:45:36","slug":"nwsra-rekreacja-specjalna","status":"publish","type":"page","link":"https:\/\/www.heparks.org\/pl\/about\/nwsra-special-recreation\/","title":{"rendered":"NWSRA Rekreacja Specjalna"},"content":{"rendered":"<section class=\"wp-block-cover alignfull pattern hero-2\"><span aria-hidden=\"true\" class=\"wp-block-cover__background has-dark-teal-background-color has-background-dim-100 has-background-dim\"><\/span><div class=\"wp-block-cover__inner-container has-global-padding is-layout-constrained wp-block-cover-is-layout-constrained\">\n<div class=\"wp-block-columns pattern-intro is-layout-flex wp-container-core-columns-is-layout-28f84493 wp-block-columns-is-layout-flex\">\n<div class=\"wp-block-column pattern-col-text is-layout-flow wp-block-column-is-layout-flow\">\n<h2 class=\"wp-block-heading is-style-intro-heading\">Inkluzywno\u015b\u0107 Zaczyna si\u0119 od Dost\u0119pu do Zabawy<\/h2>\n\n\n\n<h3 class=\"wp-block-heading pattern-heading\">Northwest Suburban Special Recreation Association<\/h3>\n\n\n\n<p>HEParks jest dumny z cz\u0142onkostwa w NWSRA, organizacji zajmuj\u0105cej si\u0119 zapewnieniem doskona\u0142ej rekreacji dla dzieci i doros\u0142ych z niepe\u0142nosprawno\u015bciami. Jeste\u015bmy zaanga\u017cowani w zapewnienie, \u017ce ka\u017cdy cz\u0142onek naszej spo\u0142eczno\u015bci jest mile widziany i wspierany, a dzi\u0119ki naszej wsp\u00f3\u0142pracy z NWSRA mo\u017cemy oferowa\u0107 ca\u0142oroczn\u0105 aktywno\u015b\u0107 rekreacyjn\u0105 i us\u0142ugi integracyjne dostosowane do potrzeb.<\/p>\n<\/div>\n\n\n\n<div class=\"wp-block-column pattern-col-image is-layout-flow wp-block-column-is-layout-flow\">\n<figure class=\"wp-block-image size-full\"><img decoding=\"async\" width=\"580\" height=\"327\" data-src=\"https:\/\/www.heparks.org\/wp-content\/smush-webp\/2025\/11\/Rectangle-463-4.png.webp\" alt=\"osoba trzymaj\u0105ca r\u00f3\u017cowy but\" class=\"wp-image-5378 lazyload\" data-srcset=\"https:\/\/www.heparks.org\/wp-content\/smush-webp\/2025\/11\/Rectangle-463-4.png.webp 580w, https:\/\/www.heparks.org\/wp-content\/smush-webp\/2025\/11\/Rectangle-463-4-300x169.png.webp 300w\" data-sizes=\"(max-width: 580px) 100vw, 580px\" src=\"data:image\/svg+xml;base64,PHN2ZyB3aWR0aD0iMSIgaGVpZ2h0PSIxIiB4bWxucz0iaHR0cDovL3d3dy53My5vcmcvMjAwMC9zdmciPjwvc3ZnPg==\" style=\"--smush-placeholder-width: 580px; --smush-placeholder-aspect-ratio: 580\/327;\" data-smush-webp-fallback=\"{&quot;data-src&quot;:&quot;https:\\\/\\\/www.heparks.org\\\/wp-content\\\/uploads\\\/2025\\\/11\\\/Rectangle-463-4.png&quot;,&quot;data-srcset&quot;:&quot;https:\\\/\\\/www.heparks.org\\\/wp-content\\\/uploads\\\/2025\\\/11\\\/Rectangle-463-4.png 580w, https:\\\/\\\/www.heparks.org\\\/wp-content\\\/uploads\\\/2025\\\/11\\\/Rectangle-463-4-300x169.png 300w&quot;}\" \/><\/figure>\n<\/div>\n<\/div>\n<\/div><\/section>\n\n\n\n<section class=\"wp-block-cover alignfull is-light pattern feature-grid-2\"><span aria-hidden=\"true\" class=\"wp-block-cover__background has-coral-orange-background-color has-background-dim-100 has-background-dim\"><\/span><div class=\"wp-block-cover__inner-container has-global-padding is-layout-constrained wp-block-cover-is-layout-constrained\">\n<div class=\"wp-block-columns pattern-intro is-layout-flex wp-container-core-columns-is-layout-28f84493 wp-block-columns-is-layout-flex\">\n<div class=\"wp-block-column is-layout-flow wp-block-column-is-layout-flow\">\n<h2 class=\"wp-block-heading is-style-intro-heading\">Budowanie \u015bcie\u017cek do zabawy<\/h2>\n\n\n\n<h3 class=\"wp-block-heading pattern-heading\">O partnerstwie<\/h3>\n\n\n\n<div class=\"wp-block-group has-global-padding is-layout-constrained wp-block-group-is-layout-constrained\">\n<p>Jeste\u015bmy dumni, \u017ce jeste\u015bmy cz\u0142onkiem za\u0142o\u017cycielem NWSRA.<br>To jest nasz wsp\u00f3lny ogr\u00f3d. System ponad 80 park\u00f3w, zaprojektowanych jako spo\u0142eczne latarnie i miejsca wytchnienia dla tych, kt\u00f3rzy szukaj\u0105 zabawy, odkry\u0107, przyg\u00f3d i dobrego samopoczucia. Dla nas oznacza to rozwijanie us\u0142ug, program\u00f3w i park\u00f3w dost\u0119pnych dla wszystkich.<\/p>\n<\/div>\n<\/div>\n<\/div>\n\n\n\n<div class=\"wp-block-columns pattern-grid is-layout-flex wp-container-core-columns-is-layout-28f84493 wp-block-columns-is-layout-flex\">\n<div class=\"wp-block-column pattern-grid-col-1 is-layout-flow wp-block-column-is-layout-flow\">\n<h4 class=\"wp-block-heading pattern-grid-heading\">Sporty adaptacyjne <br>i fitness<\/h4>\n<\/div>\n\n\n\n<div class=\"wp-block-column pattern-grid-col-2 is-layout-flow wp-block-column-is-layout-flow\">\n<h4 class=\"wp-block-heading pattern-grid-heading\">Sztuka i nauki spo\u0142eczne <br>programy<\/h4>\n<\/div>\n\n\n\n<div class=\"wp-block-column pattern-grid-col-3 is-layout-flow wp-block-column-is-layout-flow\">\n<h4 class=\"wp-block-heading pattern-grid-heading\">Umiej\u0119tno\u015bci \u017cyciowe <br>rozw\u00f3j<\/h4>\n<\/div>\n\n\n\n<div class=\"wp-block-column pattern-grid-col-4 is-layout-flow wp-block-column-is-layout-flow\">\n<h4 class=\"wp-block-heading pattern-grid-heading\">Wsparcie w zakresie w\u0142\u0105czania <br>Programy HEParks<\/h4>\n<\/div>\n<\/div>\n<\/div><\/section>\n\n\n\n<section class=\"wp-block-cover alignfull is-light pattern cta-4\"><span aria-hidden=\"true\" class=\"wp-block-cover__background has-sky-blue-background-color has-background-dim-100 has-background-dim\"><\/span><div class=\"wp-block-cover__inner-container has-global-padding is-layout-constrained wp-block-cover-is-layout-constrained\">\n<div class=\"wp-block-columns is-layout-flex wp-container-core-columns-is-layout-28f84493 wp-block-columns-is-layout-flex\">\n<div class=\"wp-block-column pattern-col-text is-layout-flow wp-block-column-is-layout-flow\">\n<h2 class=\"wp-block-heading is-style-intro-heading\">Jeste\u015bmy gotowi, kiedy Ty b\u0119dziesz.<\/h2>\n\n\n\n<div class=\"wp-block-group has-global-padding is-layout-constrained wp-block-group-is-layout-constrained\">\n<h3 class=\"wp-block-heading pattern-heading\">Jak zacz\u0105\u0107 lub si\u0119 zapisa\u0107<\/h3>\n\n\n\n<p>Je\u015bli jeste\u015b gotowy do udzia\u0142u, jeste\u015bmy tutaj, aby pom\u00f3c.&nbsp;<\/p>\n\n\n\n<ol class=\"wp-block-list\">\n<li><strong>W\u0142\u0105czenie do program\u00f3w HEParks<\/strong>Popro\u015b o pomoc asystenta lub wsparcie podczas rejestracji na dowolne zaj\u0119cia lub wydarzenie HEParks.<\/li>\n\n\n\n<li><strong>Programy NWSRA<\/strong>Poznaj specjalistyczne programy adaptacyjne dost\u0119pne przez ca\u0142y rok.<\/li>\n<\/ol>\n\n\n\n<p><strong>Us\u0142ugi wsparcia:<\/strong>Dowiedz si\u0119 o transporcie, indywidualnej pomocy i innych zasobach.<\/p>\n\n\n\n<div class=\"wp-block-buttons is-vertical is-layout-flex wp-container-core-buttons-is-layout-fe9cc265 wp-block-buttons-is-layout-flex\">\n<div class=\"wp-block-button is-style-fill\"><a class=\"wp-block-button__link has-dark-teal-color has-light-teal-background-color has-text-color has-background has-link-color wp-element-button\" href=\"https:\/\/www.nwsra.org\/\">Zobacz stron\u0119 internetow\u0105 nwsra<\/a><\/div>\n<\/div>\n<\/div>\n<\/div>\n\n\n\n<div class=\"wp-block-column pattern-col-image is-layout-flow wp-block-column-is-layout-flow\">\n<figure class=\"wp-block-image size-large\"><img decoding=\"async\" width=\"452\" height=\"763\" data-src=\"https:\/\/www.heparks.org\/wp-content\/uploads\/2025\/10\/Image.svg\" alt=\"\" class=\"wp-image-99 lazyload\" src=\"data:image\/svg+xml;base64,PHN2ZyB3aWR0aD0iMSIgaGVpZ2h0PSIxIiB4bWxucz0iaHR0cDovL3d3dy53My5vcmcvMjAwMC9zdmciPjwvc3ZnPg==\" style=\"--smush-placeholder-width: 452px; --smush-placeholder-aspect-ratio: 452\/763;\" \/><\/figure>\n<\/div>\n<\/div>\n<\/div><\/section>\n\n\n\n<section class=\"wp-block-cover alignfull is-light pattern cta-3\"><img decoding=\"async\" width=\"1024\" height=\"643\" class=\"wp-block-cover__image-background wp-image-5380 size-large lazyload\" alt=\"Osoba na w\u00f3zku inwalidzkim trzymaj\u0105ca pi\u0142k\u0119 do koszyk\u00f3wki\" data-src=\"https:\/\/www.heparks.org\/wp-content\/smush-webp\/2025\/11\/pexels-goumbik-296234000-1024x643.png.webp\" data-object-fit=\"cover\" data-srcset=\"https:\/\/www.heparks.org\/wp-content\/smush-webp\/2025\/11\/pexels-goumbik-296234000-1024x643.png.webp 1024w, https:\/\/www.heparks.org\/wp-content\/smush-webp\/2025\/11\/pexels-goumbik-296234000-300x188.png.webp 300w, https:\/\/www.heparks.org\/wp-content\/smush-webp\/2025\/11\/pexels-goumbik-296234000-768x482.png.webp 768w, https:\/\/www.heparks.org\/wp-content\/smush-webp\/2025\/11\/pexels-goumbik-296234000.png.webp 1512w\" data-sizes=\"(max-width: 1024px) 100vw, 1024px\" src=\"data:image\/svg+xml;base64,PHN2ZyB3aWR0aD0iMSIgaGVpZ2h0PSIxIiB4bWxucz0iaHR0cDovL3d3dy53My5vcmcvMjAwMC9zdmciPjwvc3ZnPg==\" style=\"--smush-placeholder-width: 1024px; --smush-placeholder-aspect-ratio: 1024\/643;\" data-smush-webp-fallback=\"{&quot;data-src&quot;:&quot;https:\\\/\\\/www.heparks.org\\\/wp-content\\\/uploads\\\/2025\\\/11\\\/pexels-goumbik-296234000-1024x643.png&quot;,&quot;data-srcset&quot;:&quot;https:\\\/\\\/www.heparks.org\\\/wp-content\\\/uploads\\\/2025\\\/11\\\/pexels-goumbik-296234000-1024x643.png 1024w, https:\\\/\\\/www.heparks.org\\\/wp-content\\\/uploads\\\/2025\\\/11\\\/pexels-goumbik-296234000-300x188.png 300w, https:\\\/\\\/www.heparks.org\\\/wp-content\\\/uploads\\\/2025\\\/11\\\/pexels-goumbik-296234000-768x482.png 768w, https:\\\/\\\/www.heparks.org\\\/wp-content\\\/uploads\\\/2025\\\/11\\\/pexels-goumbik-296234000.png 1512w&quot;}\" \/><span aria-hidden=\"true\" class=\"wp-block-cover__background has-background-dim-0 has-background-dim\" style=\"background-color:#9a8779\"><\/span><div class=\"wp-block-cover__inner-container has-global-padding is-layout-constrained wp-block-cover-is-layout-constrained\">\n<div class=\"wp-block-columns is-layout-flex wp-container-core-columns-is-layout-28f84493 wp-block-columns-is-layout-flex\">\n<div class=\"wp-block-column is-layout-flow wp-block-column-is-layout-flow\">\n<h2 class=\"wp-block-heading is-style-intro-heading\">Wi\u0119cej informacji<\/h2>\n\n\n\n<h2 class=\"wp-block-heading pattern-heading\">Zacznijmy<\/h2>\n\n\n\n<p>Uzyskaj wsparcie, otrzymuj odpowiedzi i dowiedz si\u0119 wi\u0119cej o inkluzywnej rekreacji ju\u017c teraz.<\/p>\n\n\n\n<div class=\"wp-block-buttons is-layout-flex wp-block-buttons-is-layout-flex\">\n<div class=\"wp-block-button\"><a class=\"wp-block-button__link wp-element-button\" href=\"https:\/\/www.heparks.org\/pl\/kontakt\/\">Skontaktuj si\u0119 z nami<\/a><\/div>\n<\/div>\n<\/div>\n<\/div>\n<\/div><\/section>","protected":false},"excerpt":{"rendered":"","protected":false},"author":1,"featured_media":0,"parent":37,"menu_order":0,"comment_status":"closed","ping_status":"closed","template":"","meta":{"_acf_changed":false,"_searchwp_excluded":"","_EventAllDay":false,"_EventTimezone":"","_EventStartDate":"","_EventEndDate":"","_EventStartDateUTC":"","_EventEndDateUTC":"","_EventShowMap":false,"_EventShowMapLink":false,"_EventURL":"","_EventCost":"","_EventCostDescription":"","_EventCurrencySymbol":"","_EventCurrencyCode":"","_EventCurrencyPosition":"","_EventDateTimeSeparator":"","_EventTimeRangeSeparator":"","_EventOrganizerID":[],"_EventVenueID":[],"_OrganizerEmail":"","_OrganizerPhone":"","_OrganizerWebsite":"","_VenueAddress":"","_VenueCity":"","_VenueCountry":"","_VenueProvince":"","_VenueState":"","_VenueZip":"","_VenuePhone":"","_VenueURL":"","_VenueStateProvince":"","_VenueLat":"","_VenueLng":"","_VenueShowMap":false,"_VenueShowMapLink":false,"_tribe_blocks_recurrence_rules":"","_tribe_blocks_recurrence_description":"","_tribe_blocks_recurrence_exclusions":"","_ecp_custom_2":"","footnotes":""},"class_list":["post-77","page","type-page","status-publish","hentry"],"acf":[],"_links":{"self":[{"href":"https:\/\/www.heparks.org\/pl\/wp-json\/wp\/v2\/pages\/77","targetHints":{"allow":["GET"]}}],"collection":[{"href":"https:\/\/www.heparks.org\/pl\/wp-json\/wp\/v2\/pages"}],"about":[{"href":"https:\/\/www.heparks.org\/pl\/wp-json\/wp\/v2\/types\/page"}],"author":[{"embeddable":true,"href":"https:\/\/www.heparks.org\/pl\/wp-json\/wp\/v2\/users\/1"}],"replies":[{"embeddable":true,"href":"https:\/\/www.heparks.org\/pl\/wp-json\/wp\/v2\/comments?post=77"}],"version-history":[{"count":5,"href":"https:\/\/www.heparks.org\/pl\/wp-json\/wp\/v2\/pages\/77\/revisions"}],"predecessor-version":[{"id":46659,"href":"https:\/\/www.heparks.org\/pl\/wp-json\/wp\/v2\/pages\/77\/revisions\/46659"}],"up":[{"embeddable":true,"href":"https:\/\/www.heparks.org\/pl\/wp-json\/wp\/v2\/pages\/37"}],"wp:attachment":[{"href":"https:\/\/www.heparks.org\/pl\/wp-json\/wp\/v2\/media?parent=77"}],"curies":[{"name":"wp","href":"https:\/\/api.w.org\/{rel}","templated":true}]}}