{"id":70,"date":"2025-10-29T13:17:20","date_gmt":"2025-10-29T13:17:20","guid":{"rendered":"https:\/\/www.heparks.org\/?page_id=70"},"modified":"2026-04-08T14:54:18","modified_gmt":"2026-04-08T19:54:18","slug":"oferty-pracy","status":"publish","type":"page","link":"https:\/\/www.heparks.org\/pl\/about\/job-oppurtunities\/","title":{"rendered":"Oferty pracy"},"content":{"rendered":"<section class=\"wp-block-cover alignfull pattern hero-2\"><span aria-hidden=\"true\" class=\"wp-block-cover__background has-dark-teal-background-color has-background-dim-100 has-background-dim\"><\/span><div class=\"wp-block-cover__inner-container has-global-padding is-layout-constrained wp-block-cover-is-layout-constrained\">\n<div class=\"wp-block-columns pattern-intro is-layout-flex wp-container-core-columns-is-layout-28f84493 wp-block-columns-is-layout-flex\">\n<div class=\"wp-block-column pattern-col-text is-layout-flow wp-block-column-is-layout-flow\">\n<h2 class=\"wp-block-heading is-style-intro-heading\">Kariery buduj\u0105ce spo\u0142eczno\u015b\u0107 i poczucie przynale\u017cno\u015bci<\/h2>\n\n\n\n<h3 class=\"wp-block-heading pattern-heading\">Oferty pracy<\/h3>\n\n\n\n<p>W Hoffman Estates Park District Twoja praca to co\u015b wi\u0119cej ni\u017c tylko wyp\u0142ata \u2013 to szansa na budowanie spo\u0142eczno\u015bci. Oferujemy konkurencyjne wynagrodzenie, doskona\u0142e \u015bwiadczenia i cenne dodatki, w tym bezp\u0142atne karnety na si\u0142owni\u0119 i nie tylko. Do\u0142\u0105czaj\u0105c do HEParks, stajesz si\u0119 cz\u0119\u015bci\u0105 wspieraj\u0105cego, integracyjnego zespo\u0142u oddanego uczciwo\u015bci i innowacyjno\u015bci, maj\u0105cego codzienny, namacalny wp\u0142yw na jako\u015b\u0107 \u017cycia naszych mieszka\u0144c\u00f3w i go\u015bci. Przejrzyj nasze aktualne oferty pracy i znajd\u017a swoje miejsce w zespole, kt\u00f3ry buduje spo\u0142eczno\u015b\u0107.<\/p>\n<\/div>\n\n\n\n<div class=\"wp-block-column is-vertically-aligned-stretch pattern-col-image is-layout-flow wp-block-column-is-layout-flow\">\n<figure class=\"wp-block-image size-full\"><img decoding=\"async\" width=\"2560\" height=\"524\" data-src=\"https:\/\/www.heparks.org\/wp-content\/uploads\/2025\/11\/GROUP_Photo-scaled.png.webp\" alt=\"\" class=\"wp-image-4012 lazyload\" data-srcset=\"https:\/\/www.heparks.org\/wp-content\/uploads\/2025\/11\/GROUP_Photo-scaled.png.webp 2560w, https:\/\/www.heparks.org\/wp-content\/uploads\/2025\/11\/GROUP_Photo-scaled.png-300x61.webp 300w, https:\/\/www.heparks.org\/wp-content\/uploads\/2025\/11\/GROUP_Photo-scaled.png-1024x210.webp 1024w, https:\/\/www.heparks.org\/wp-content\/uploads\/2025\/11\/GROUP_Photo-scaled.png-768x157.webp 768w, https:\/\/www.heparks.org\/wp-content\/uploads\/2025\/11\/GROUP_Photo-scaled.png-1536x314.webp 1536w, https:\/\/www.heparks.org\/wp-content\/uploads\/2025\/11\/GROUP_Photo-scaled.png-2048x419.webp 2048w\" data-sizes=\"(max-width: 2560px) 100vw, 2560px\" src=\"data:image\/svg+xml;base64,PHN2ZyB3aWR0aD0iMSIgaGVpZ2h0PSIxIiB4bWxucz0iaHR0cDovL3d3dy53My5vcmcvMjAwMC9zdmciPjwvc3ZnPg==\" style=\"--smush-placeholder-width: 2560px; --smush-placeholder-aspect-ratio: 2560\/524;\" \/><\/figure>\n<\/div>\n<\/div>\n<\/div><\/section>\n\n\n\n<section class=\"wp-block-cover alignfull is-light pattern cta-3\"><img decoding=\"async\" width=\"1024\" height=\"643\" class=\"wp-block-cover__image-background wp-image-5375 size-large lazyload\" alt=\"grupa dzieci na sali gimnastycznej\" data-src=\"https:\/\/www.heparks.org\/wp-content\/smush-webp\/2025\/11\/pexels-goumbik-296234-4-1024x643.png.webp\" data-object-fit=\"cover\" data-srcset=\"https:\/\/www.heparks.org\/wp-content\/smush-webp\/2025\/11\/pexels-goumbik-296234-4-1024x643.png.webp 1024w, https:\/\/www.heparks.org\/wp-content\/smush-webp\/2025\/11\/pexels-goumbik-296234-4-300x188.png.webp 300w, https:\/\/www.heparks.org\/wp-content\/smush-webp\/2025\/11\/pexels-goumbik-296234-4-768x482.png.webp 768w, https:\/\/www.heparks.org\/wp-content\/smush-webp\/2025\/11\/pexels-goumbik-296234-4.png.webp 1512w\" data-sizes=\"(max-width: 1024px) 100vw, 1024px\" src=\"data:image\/svg+xml;base64,PHN2ZyB3aWR0aD0iMSIgaGVpZ2h0PSIxIiB4bWxucz0iaHR0cDovL3d3dy53My5vcmcvMjAwMC9zdmciPjwvc3ZnPg==\" style=\"--smush-placeholder-width: 1024px; --smush-placeholder-aspect-ratio: 1024\/643;\" data-smush-webp-fallback=\"{&quot;data-src&quot;:&quot;https:\\\/\\\/www.heparks.org\\\/wp-content\\\/uploads\\\/2025\\\/11\\\/pexels-goumbik-296234-4-1024x643.png&quot;,&quot;data-srcset&quot;:&quot;https:\\\/\\\/www.heparks.org\\\/wp-content\\\/uploads\\\/2025\\\/11\\\/pexels-goumbik-296234-4-1024x643.png 1024w, https:\\\/\\\/www.heparks.org\\\/wp-content\\\/uploads\\\/2025\\\/11\\\/pexels-goumbik-296234-4-300x188.png 300w, https:\\\/\\\/www.heparks.org\\\/wp-content\\\/uploads\\\/2025\\\/11\\\/pexels-goumbik-296234-4-768x482.png 768w, https:\\\/\\\/www.heparks.org\\\/wp-content\\\/uploads\\\/2025\\\/11\\\/pexels-goumbik-296234-4.png 1512w&quot;}\" \/><span aria-hidden=\"true\" class=\"wp-block-cover__background has-background-dim-0 has-background-dim\" style=\"background-color:#b8875a\"><\/span><div class=\"wp-block-cover__inner-container has-global-padding is-layout-constrained wp-block-cover-is-layout-constrained\">\n<div class=\"wp-block-columns is-layout-flex wp-container-core-columns-is-layout-28f84493 wp-block-columns-is-layout-flex\">\n<div class=\"wp-block-column is-layout-flow wp-block-column-is-layout-flow\">\n<h2 class=\"wp-block-heading is-style-intro-heading\">Otwarte pozycje<\/h2>\n\n\n\n<h2 class=\"wp-block-heading pattern-heading\">Zobacz wolne stanowiska<\/h2>\n\n\n\n<p>Gotowi na znalezienie kolejnej okazji? Przegl\u0105daj aktualne oferty i aplikuj online.<\/p>\n\n\n\n<div class=\"wp-block-buttons is-layout-flex wp-block-buttons-is-layout-flex\">\n<div class=\"wp-block-button\"><a class=\"wp-block-button__link wp-element-button\" href=\"https:\/\/www.paycomonline.net\/v4\/ats\/web.php\/jobs?clientkey=7E000DE8BA68EE33EB416631EB43F8E8&amp;session_nonce=aca49bb60cf46156f9dba6df0ed4a145\">znajd\u017a prac\u0119 w pobli\u017cu<\/a><\/div>\n<\/div>\n<\/div>\n<\/div>\n<\/div><\/section>\n\n\n\n<section class=\"wp-block-cover alignfull is-light pattern cta-5\"><span aria-hidden=\"true\" class=\"wp-block-cover__background has-coral-orange-background-color has-background-dim-100 has-background-dim\"><\/span><div class=\"wp-block-cover__inner-container has-global-padding is-layout-constrained wp-block-cover-is-layout-constrained\">\n<div class=\"wp-block-columns is-layout-flex wp-container-core-columns-is-layout-28f84493 wp-block-columns-is-layout-flex\">\n<div class=\"wp-block-column pattern-col-text is-layout-flow wp-block-column-is-layout-flow\">\n<h2 class=\"wp-block-heading is-style-intro-heading\">Powolani do tworzenia wsp\u00f3lnoty<\/h2>\n\n\n\n<div class=\"wp-block-group has-global-padding is-layout-constrained wp-block-group-is-layout-constrained\">\n<h3 class=\"wp-block-heading\">Dlaczego pracowa\u0107 w HEParks?<\/h3>\n\n\n\n<p>Znajd\u017a stanowisko, kt\u00f3re inspiruje twojego ducha, z zespo\u0142em, kt\u00f3ry ci\u0119 wspiera. W HEParks rozumiemy, \u017ce szukasz kultury, kt\u00f3ra ceni sobie inkluzywno\u015b\u0107, elastyczno\u015b\u0107, rozw\u00f3j i wsp\u00f3lnot\u0119.<\/p>\n<\/div>\n\n\n\n<div class=\"wp-block-group is-vertical is-layout-flex wp-container-core-group-is-layout-fe9cc265 wp-block-group-is-layout-flex\">\n<div class=\"wp-block-group is-vertical is-layout-flex wp-container-core-group-is-layout-fe9cc265 wp-block-group-is-layout-flex\">\n<h4 class=\"wp-block-heading\">Przynale\u017cno\u015b\u0107<\/h4>\n\n\n\n<p>B\u0105d\u017a cz\u0119\u015bci\u0105 zr\u00f3\u017cnicowanej, wspieraj\u0105cej spo\u0142eczno\u015bci.<\/p>\n<\/div>\n\n\n\n<div class=\"wp-block-group is-vertical is-layout-flex wp-container-core-group-is-layout-fe9cc265 wp-block-group-is-layout-flex\">\n<h4 class=\"wp-block-heading\">Wzrost<\/h4>\n\n\n\n<p>Naucz si\u0119 nowych umiej\u0119tno\u015bci, poznaj r\u00f3\u017cne role i rozwijaj swoj\u0105 karier\u0119.<\/p>\n<\/div>\n\n\n\n<div class=\"wp-block-group is-vertical is-layout-flex wp-container-core-group-is-layout-fe9cc265 wp-block-group-is-layout-flex\">\n<h4 class=\"wp-block-heading\">Elastyczno\u015b\u0107<\/h4>\n\n\n\n<p>Znajd\u017a prac\u0119 dopasowan\u0105 do Twojego \u017cycia \u2013 na pe\u0142en etat, cz\u0119\u015b\u0107 etatu, sezonow\u0105.<\/p>\n<\/div>\n\n\n\n<div class=\"wp-block-group is-vertical is-layout-flex wp-container-core-group-is-layout-fe9cc265 wp-block-group-is-layout-flex\">\n<h4 class=\"wp-block-heading\">Wp\u0142yw<\/h4>\n\n\n\n<p>Zobacz ka\u017cdego dnia efekty swoich wysi\u0142k\u00f3w w \u017cyciu s\u0105siad\u00f3w.<\/p>\n<\/div>\n<\/div>\n<\/div>\n\n\n\n<div class=\"wp-block-column pattern-col-image is-layout-flow wp-block-column-is-layout-flow\">\n<figure class=\"wp-block-image size-large\"><img decoding=\"async\" data-src=\"https:\/\/www.heparks.org\/wp-content\/themes\/dream\/patterns\/images\/Group-26080384.svg\" alt=\"Dwie osoby si\u0119 u\u015bmiechaj\u0105ce\" class=\"wp-image-2371 lazyload\" src=\"data:image\/svg+xml;base64,PHN2ZyB3aWR0aD0iMSIgaGVpZ2h0PSIxIiB4bWxucz0iaHR0cDovL3d3dy53My5vcmcvMjAwMC9zdmciPjwvc3ZnPg==\" style=\"--smush-placeholder-width: 829px; --smush-placeholder-aspect-ratio: 829\/912;\" \/><\/figure>\n<\/div>\n<\/div>\n<\/div><\/section>","protected":false},"excerpt":{"rendered":"","protected":false},"author":1,"featured_media":0,"parent":37,"menu_order":0,"comment_status":"closed","ping_status":"closed","template":"","meta":{"_acf_changed":false,"_searchwp_excluded":"","_EventAllDay":false,"_EventTimezone":"","_EventStartDate":"","_EventEndDate":"","_EventStartDateUTC":"","_EventEndDateUTC":"","_EventShowMap":false,"_EventShowMapLink":false,"_EventURL":"","_EventCost":"","_EventCostDescription":"","_EventCurrencySymbol":"","_EventCurrencyCode":"","_EventCurrencyPosition":"","_EventDateTimeSeparator":"","_EventTimeRangeSeparator":"","_EventOrganizerID":[],"_EventVenueID":[],"_OrganizerEmail":"","_OrganizerPhone":"","_OrganizerWebsite":"","_VenueAddress":"","_VenueCity":"","_VenueCountry":"","_VenueProvince":"","_VenueState":"","_VenueZip":"","_VenuePhone":"","_VenueURL":"","_VenueStateProvince":"","_VenueLat":"","_VenueLng":"","_VenueShowMap":false,"_VenueShowMapLink":false,"_tribe_blocks_recurrence_rules":"","_tribe_blocks_recurrence_description":"","_tribe_blocks_recurrence_exclusions":"","_ecp_custom_2":"","footnotes":""},"class_list":["post-70","page","type-page","status-publish","hentry"],"acf":[],"_links":{"self":[{"href":"https:\/\/www.heparks.org\/pl\/wp-json\/wp\/v2\/pages\/70","targetHints":{"allow":["GET"]}}],"collection":[{"href":"https:\/\/www.heparks.org\/pl\/wp-json\/wp\/v2\/pages"}],"about":[{"href":"https:\/\/www.heparks.org\/pl\/wp-json\/wp\/v2\/types\/page"}],"author":[{"embeddable":true,"href":"https:\/\/www.heparks.org\/pl\/wp-json\/wp\/v2\/users\/1"}],"replies":[{"embeddable":true,"href":"https:\/\/www.heparks.org\/pl\/wp-json\/wp\/v2\/comments?post=70"}],"version-history":[{"count":8,"href":"https:\/\/www.heparks.org\/pl\/wp-json\/wp\/v2\/pages\/70\/revisions"}],"predecessor-version":[{"id":46849,"href":"https:\/\/www.heparks.org\/pl\/wp-json\/wp\/v2\/pages\/70\/revisions\/46849"}],"up":[{"embeddable":true,"href":"https:\/\/www.heparks.org\/pl\/wp-json\/wp\/v2\/pages\/37"}],"wp:attachment":[{"href":"https:\/\/www.heparks.org\/pl\/wp-json\/wp\/v2\/media?parent=70"}],"curies":[{"name":"wp","href":"https:\/\/api.w.org\/{rel}","templated":true}]}}