{"id":6377,"date":"2025-11-13T18:07:42","date_gmt":"2025-11-13T18:07:42","guid":{"rendered":"https:\/\/www.heparks.org\/?page_id=6377"},"modified":"2026-04-08T10:45:19","modified_gmt":"2026-04-08T15:45:19","slug":"hokej","status":"publish","type":"page","link":"https:\/\/www.heparks.org\/pl\/program\/athletics\/hockey\/","title":{"rendered":"Hokej"},"content":{"rendered":"<section class=\"wp-block-cover alignfull pattern hero-2 with-slider\"><span aria-hidden=\"true\" class=\"wp-block-cover__background has-dark-teal-background-color has-background-dim-100 has-background-dim\"><\/span><div class=\"wp-block-cover__inner-container has-global-padding is-layout-constrained wp-block-cover-is-layout-constrained\">\n<div class=\"wp-block-columns pattern-intro is-layout-flex wp-container-core-columns-is-layout-28f84493 wp-block-columns-is-layout-flex\">\n<div class=\"wp-block-column pattern-col-text is-layout-flow wp-block-column-is-layout-flow\">\n<h2 class=\"wp-block-heading is-style-intro-heading\">Program<\/h2>\n\n\n\n<h3 class=\"wp-block-heading pattern-heading\">Hokej<\/h3>\n\n\n\n<p>HE Parks jest dumny z bycia domem dla program\u00f3w hokejowych Wolf Pack i Wolverines Girls! Nasz program Jr. Wolf Pack to idealny pierwszy krok dla zawodnik\u00f3w, kt\u00f3rzy chc\u0105 przej\u015b\u0107 do gry zespo\u0142owej. Oferujemy ca\u0142oroczne zaj\u0119cia, ligi, kliniki i obozy, kt\u00f3re ucz\u0105 jazdy na \u0142y\u017cwach, kr\u0105\u017cenia, strzelania i strategii gry. Dzi\u0119ki do\u015bwiadczonym instruktorom i wspieraj\u0105cemu \u015brodowisku skupiamy si\u0119 na pracy zespo\u0142owej, duchu sportowej rywalizacji i podstawach hokeja \u2013 pomagaj\u0105c graczom rozwija\u0107 si\u0119 i kocha\u0107 t\u0119 gr\u0119.<\/p>\n<\/div>\n\n\n\n<div class=\"wp-block-column pattern-col-image is-layout-flow wp-block-column-is-layout-flow\">\n<figure class=\"wp-block-image size-full\"><img decoding=\"async\" width=\"1400\" height=\"860\" data-src=\"https:\/\/www.heparks.org\/wp-content\/uploads\/2026\/01\/WP-Youth-Hockey.png\" alt=\"dziecko w stroju hokejowym na lodzie\" class=\"wp-image-31209 lazyload\" data-srcset=\"https:\/\/www.heparks.org\/wp-content\/uploads\/2026\/01\/WP-Youth-Hockey.png 1400w, https:\/\/www.heparks.org\/wp-content\/uploads\/2026\/01\/WP-Youth-Hockey-300x184.png 300w, https:\/\/www.heparks.org\/wp-content\/uploads\/2026\/01\/WP-Youth-Hockey-1024x629.png 1024w, https:\/\/www.heparks.org\/wp-content\/uploads\/2026\/01\/WP-Youth-Hockey-768x472.png 768w\" data-sizes=\"(max-width: 1400px) 100vw, 1400px\" src=\"data:image\/svg+xml;base64,PHN2ZyB3aWR0aD0iMSIgaGVpZ2h0PSIxIiB4bWxucz0iaHR0cDovL3d3dy53My5vcmcvMjAwMC9zdmciPjwvc3ZnPg==\" style=\"--smush-placeholder-width: 1400px; --smush-placeholder-aspect-ratio: 1400\/860;\" \/><\/figure>\n<\/div>\n<\/div>\n\n\n\n<div class=\"wp-block-columns is-layout-flex wp-container-core-columns-is-layout-28f84493 wp-block-columns-is-layout-flex\">\n<div class=\"wp-block-column is-layout-flow wp-block-column-is-layout-flow\">\n<div class=\"wp-block-group has-global-padding is-layout-constrained wp-block-group-is-layout-constrained\">\n<h4 class=\"wp-block-heading is-style-intro-heading\">Opcje hokejowe<\/h4>\n<\/div>\n\n\n\n<div class=\"wp-block-group slider-variation variation-01 has-global-padding is-layout-constrained wp-block-group-is-layout-constrained\">\n<section class=\"wp-block-prolific-carousel-new has-content-align-center wp-block-prolific-carousel-new\" id=\"carousel-new-block-757c3a26-0c9f-4e17-af1b-b191edb3a978\" data-slide-count=\"3\" data-virtual-active-index=\"true\">\n\t<div class=\"carousel-new-swiper-wrapper\">\n\t\t<swiper-container\n\t\t\t direction=\"horizontal\" speed=\"300\" centered-slides=\"false\" auto-height=\"true\" free-mode=\"false\" scrollbar=\"false\" loop=\"false\" allow-touch-move=\"true\" grab-cursor=\"true\" keyboard=\"true\" mousewheel=\"false\" navigation=\"false\" pagination=\"true\" pagination-type=\"bullets\" pagination-el=\"#swiper-pagination-block-757c3a26-0c9f-4e17-af1b-b191edb3a978\" pagination-clickable=\"true\" pagination-dynamic-bullets=\"false\" resistance-ratio=\"0.85\" breakpoints='{&quot;0&quot;:{&quot;slidesPerView&quot;:1,&quot;spaceBetween&quot;:10},&quot;768&quot;:{&quot;slidesPerView&quot;:3,&quot;spaceBetween&quot;:20},&quot;1024&quot;:{&quot;slidesPerView&quot;:4,&quot;spaceBetween&quot;:35}}'\t\t\trole=\"region\"\n\t\t\taria-label=\"Karuzela\"\n\t\t\tclass=\"carousel-new-swiper-container\"\n\t\t>\n\t\t\t\n\n<swiper-slide class=\"swiper-slide wp-block-prolific-carousel-new-slide\">\n\t<div class=\"carousel-new-slide-inner\">\n\t\t\n\n<div class=\"wp-block-group upper-stack is-vertical is-layout-flex wp-container-core-group-is-layout-fe9cc265 wp-block-group-is-layout-flex\">\n<p class=\"pill\">Kategoria<\/p>\n\n\n\n<div class=\"wp-block-group is-vertical is-layout-flex wp-container-core-group-is-layout-fe9cc265 wp-block-group-is-layout-flex\">\n<h3 class=\"wp-block-heading has-text-align-center\">Naucz si\u0119 gra\u0107<\/h3>\n\n\n\n<p class=\"has-text-align-center\">Rozpocznij swoj\u0105 przygod\u0119 z hokejem od programu Nauki Jazdy na \u0141y\u017cwach, rozwijaj umiej\u0119tno\u015bci dzi\u0119ki Nauczaniu Gry i przygotuj si\u0119 do gry zespo\u0142owej w Grach na Ma\u0142ym Lodzie i Doskonaleniu Umiej\u0119tno\u015bci. Te progresywne programy kieruj\u0105 m\u0142odych \u0142y\u017cwiarzy w miar\u0119 ich rozwoju, zdobywania pewno\u015bci siebie i rozwijania mi\u0142o\u015bci do gry w zabawnym, wspieraj\u0105cym \u015brodowisku.<\/p>\n<\/div>\n<\/div>\n\n\n\n<div class=\"wp-block-group lower-stack is-vertical is-layout-flex wp-container-core-group-is-layout-fe9cc265 wp-block-group-is-layout-flex\">\n<div class=\"wp-block-buttons is-layout-flex wp-block-buttons-is-layout-flex\">\n<div class=\"wp-block-button\"><a aria-label=\"Dowiedz si\u0119 wi\u0119cej o Learn To Play\" class=\"wp-block-button__link wp-element-button\" href=\"https:\/\/www.heparks.org\/pl\/program\/lekkoatletyka\/hokej\/learn-to-skate\/\">Dowiedz si\u0119 wi\u0119cej<span class=\"screen-reader-text\">Dowiedz si\u0119 wi\u0119cej o Learn To Play<\/span><\/a><\/div>\n<\/div>\n<\/div>\n\n\t<\/div>\n<\/swiper-slide>\n\n\n\n<swiper-slide class=\"swiper-slide wp-block-prolific-carousel-new-slide\">\n\t<div class=\"carousel-new-slide-inner\">\n\t\t\n\n<div class=\"wp-block-group upper-stack is-vertical is-layout-flex wp-container-core-group-is-layout-fe9cc265 wp-block-group-is-layout-flex\">\n<p class=\"pill\">Kategoria<\/p>\n\n\n\n<div class=\"wp-block-group is-vertical is-layout-flex wp-container-core-group-is-layout-fe9cc265 wp-block-group-is-layout-flex\">\n<h3 class=\"wp-block-heading has-text-align-center\">Hokejowe ligi m\u0142odzie\u017cowe<\/h3>\n\n\n\n<p>Gotowi do gry zespo\u0142owej? Do\u0142\u0105cz do ligi hokejowej Wolf Pack i Wolverines Girls (tylko jesie\u0144 i wiosna)&nbsp;<\/p>\n<\/div>\n<\/div>\n\n\n\n<div class=\"wp-block-group lower-stack is-vertical is-layout-flex wp-container-core-group-is-layout-fe9cc265 wp-block-group-is-layout-flex\">\n<div class=\"wp-block-buttons is-layout-flex wp-block-buttons-is-layout-flex\">\n<div class=\"wp-block-button\"><a aria-label=\"Dowiedz si\u0119 wi\u0119cej o ligach hokeja na lodzie dla m\u0142odzie\u017cy\" class=\"wp-block-button__link wp-element-button\" href=\"https:\/\/www.heparks.org\/pl\/program\/lekkoatletyka\/hokej\/mlodziezowe-ligi\/\">Dowiedz si\u0119 wi\u0119cej<span class=\"screen-reader-text\">Dowiedz si\u0119 wi\u0119cej o ligach hokeja na lodzie dla m\u0142odzie\u017cy<\/span><\/a><\/div>\n<\/div>\n<\/div>\n\n\t<\/div>\n<\/swiper-slide>\n\n\n\n<swiper-slide class=\"swiper-slide wp-block-prolific-carousel-new-slide\">\n\t<div class=\"carousel-new-slide-inner\">\n\t\t\n\n<div class=\"wp-block-group upper-stack is-vertical is-layout-flex wp-container-core-group-is-layout-fe9cc265 wp-block-group-is-layout-flex\">\n<p class=\"pill\">Kategoria<\/p>\n\n\n\n<div class=\"wp-block-group is-vertical is-layout-flex wp-container-core-group-is-layout-fe9cc265 wp-block-group-is-layout-flex\">\n<h3 class=\"wp-block-heading has-text-align-center\">Wydarzenia specjalne, obozy i kliniki<\/h3>\n\n\n\n<p>Prze\u017cyj emocje zwi\u0105zane z hokejem dzi\u0119ki specjalnym wydarzeniom przeznaczonym dla graczy w ka\u017cdym wieku i na ka\u017cdym poziomie umiej\u0119tno\u015bci. Od akcji \u201eSpr\u00f3buj hokeja za darmo\u201d po sezonowe obozy i zaj\u0119cia rozwijaj\u0105ce umiej\u0119tno\u015bci, te wydarzenia oferuj\u0105 zabawny, praktyczny spos\u00f3b na nauk\u0119, gr\u0119 i odkrywanie rado\u015bci p\u0142yn\u0105cej z gry.<\/p>\n<\/div>\n<\/div>\n\n\n\n<div class=\"wp-block-group lower-stack is-vertical is-layout-flex wp-container-core-group-is-layout-fe9cc265 wp-block-group-is-layout-flex\">\n<div class=\"wp-block-buttons is-layout-flex wp-block-buttons-is-layout-flex\">\n<div class=\"wp-block-button\"><a aria-label=\"Dowiedz si\u0119 wi\u0119cej o wydarzeniach specjalnych, obozach i klinikach\" class=\"wp-block-button__link wp-element-button\" href=\"https:\/\/www.heparks.org\/pl\/program\/lekkoatletyka\/hokej\/wydarzenia-specjalne\/\">Dowiedz si\u0119 wi\u0119cej<span class=\"screen-reader-text\">Dowiedz si\u0119 wi\u0119cej o wydarzeniach specjalnych, obozach i klinikach<\/span><\/a><\/div>\n<\/div>\n<\/div>\n\n\t<\/div>\n<\/swiper-slide>\n\n\t\t<\/swiper-container>\n\n\t\t\n\t\t\n\t\t\t\t\t<div class=\"carousel-new-controls-group grouped grouped-position-bottom grouped-layout-split\">\n\t\t\t\t\t\t\t\t\t\t\t\t\t\t\t\t\t\t\t\t<button\n\t\t\t\t\t\t\tclass=\"carousel-new-nav-prev\"\n\t\t\t\t\t\t\taria-label=\"Poprzedni slajd\"\n\t\t\t\t\t\t\trole=\"button\"\n\t\t\t\t\t\t>\n\t\t\t\t\t\t\t\t\t\t\t\t\t\t\t<span class=\"carousel-new-nav-icon\">\n\t\t\t\t\t\t\t\t\t<svg xmlns=\"http:\/\/www.w3.org\/2000\/svg\" fill=\"none\"><path d=\"M-2.40413e-07 5.5L8.25 0.736861L8.25 10.2631L-2.40413e-07 5.5Z\" fill=\"#2C4E3F\"\/><\/svg>\t\t\t\t\t\t\t\t<\/span>\n\t\t\t\t\t\t\t\t\t\t\t\t\t\t<span class=\"screen-reader-text\">Poprzedni<\/span>\n\t\t\t\t\t\t<\/button>\n\t\t\t\t\t\n\t\t\t\t\t\t\t\t\t\t\t<div id=\"swiper-pagination-block-757c3a26-0c9f-4e17-af1b-b191edb3a978\" class=\"swiper-pagination grouped\"><\/div>\n\t\t\t\t\t\n\t\t\t\t\t\t\t\t\t\t\t<button\n\t\t\t\t\t\t\tclass=\"carousel-new-nav-next\"\n\t\t\t\t\t\t\taria-label=\"Nast\u0119pny slajd\"\n\t\t\t\t\t\t\trole=\"button\"\n\t\t\t\t\t\t>\n\t\t\t\t\t\t\t\t\t\t\t\t\t\t\t<span class=\"carousel-new-nav-icon\">\n\t\t\t\t\t\t\t\t\t<svg xmlns=\"http:\/\/www.w3.org\/2000\/svg\" fill=\"none\"><path d=\"M9 5.5L0.749999 10.2631L0.749999 0.73686L9 5.5Z\" fill=\"#2C4E3F\"\/><\/svg>\t\t\t\t\t\t\t\t<\/span>\n\t\t\t\t\t\t\t\t\t\t\t\t\t\t<span class=\"screen-reader-text\">Nast\u0119pny<\/span>\n\t\t\t\t\t\t<\/button>\n\t\t\t\t\t\t\t\t\t\t\t\t<\/div>\n\t\t\t<\/div>\n\n\t<\/section>\n<\/div>\n<\/div>\n<\/div>\n<\/div><\/section>\n\n\n\n<section class=\"wp-block-cover alignfull is-light pattern slider-5\"><img decoding=\"async\" width=\"1024\" height=\"731\" class=\"wp-block-cover__image-background wp-image-41604 size-large lazyload\" alt=\"Obraz drzew ze s\u0142o\u0144cem przebijaj\u0105cym si\u0119 przez li\u015bcie\" data-src=\"https:\/\/www.heparks.org\/wp-content\/smush-webp\/2025\/12\/DSC7541-1024x731.jpg.webp\" data-object-fit=\"cover\" data-srcset=\"https:\/\/www.heparks.org\/wp-content\/smush-webp\/2025\/12\/DSC7541-1024x731.jpg.webp 1024w, https:\/\/www.heparks.org\/wp-content\/smush-webp\/2025\/12\/DSC7541-300x214.jpg.webp 300w, https:\/\/www.heparks.org\/wp-content\/smush-webp\/2025\/12\/DSC7541-768x549.jpg.webp 768w, https:\/\/www.heparks.org\/wp-content\/smush-webp\/2025\/12\/DSC7541-1536x1097.jpg.webp 1536w, https:\/\/www.heparks.org\/wp-content\/smush-webp\/2025\/12\/DSC7541-scaled.jpg.webp 2048w\" data-sizes=\"(max-width: 1024px) 100vw, 1024px\" src=\"data:image\/svg+xml;base64,PHN2ZyB3aWR0aD0iMSIgaGVpZ2h0PSIxIiB4bWxucz0iaHR0cDovL3d3dy53My5vcmcvMjAwMC9zdmciPjwvc3ZnPg==\" style=\"--smush-placeholder-width: 1024px; --smush-placeholder-aspect-ratio: 1024\/731;\" data-smush-webp-fallback=\"{&quot;data-src&quot;:&quot;https:\\\/\\\/www.heparks.org\\\/wp-content\\\/uploads\\\/2025\\\/12\\\/DSC7541-1024x731.jpg&quot;,&quot;data-srcset&quot;:&quot;https:\\\/\\\/www.heparks.org\\\/wp-content\\\/uploads\\\/2025\\\/12\\\/DSC7541-1024x731.jpg 1024w, https:\\\/\\\/www.heparks.org\\\/wp-content\\\/uploads\\\/2025\\\/12\\\/DSC7541-300x214.jpg 300w, https:\\\/\\\/www.heparks.org\\\/wp-content\\\/uploads\\\/2025\\\/12\\\/DSC7541-768x549.jpg 768w, https:\\\/\\\/www.heparks.org\\\/wp-content\\\/uploads\\\/2025\\\/12\\\/DSC7541-1536x1097.jpg 1536w, https:\\\/\\\/www.heparks.org\\\/wp-content\\\/uploads\\\/2025\\\/12\\\/DSC7541-scaled.jpg 2048w&quot;}\" \/><span aria-hidden=\"true\" class=\"wp-block-cover__background has-background-dim-0 has-background-dim\"><\/span><div class=\"wp-block-cover__inner-container has-global-padding is-layout-constrained wp-block-cover-is-layout-constrained\">\n<div class=\"wp-block-columns pattern-intro is-layout-flex wp-container-core-columns-is-layout-28f84493 wp-block-columns-is-layout-flex\">\n<div class=\"wp-block-column pattern-col-text is-layout-flow wp-block-column-is-layout-flow\">\n<h2 class=\"wp-block-heading is-style-intro-heading\">Polecane programy<\/h2>\n\n\n\n<h3 class=\"wp-block-heading pattern-heading\">Odkrywaj wi\u0119cej z ca\u0142ej sieci HEParks<\/h3>\n<\/div>\n\n\n\n<div class=\"wp-block-column pattern-col-content is-layout-flow wp-block-column-is-layout-flow\">\n<p>Odkryj nasze polecane programy zaprojektowane tak, aby utrzyma\u0107 Ci\u0119 w ruchu, zaanga\u017cowanym i w kontakcie przez ca\u0142y rok. Od sport\u00f3w i fitnessu dla m\u0142odzie\u017cy po sztuk\u0119, rekreacj\u0119 i wydarzenia spo\u0142eczno\u015bciowe, Hoffman Estates Park District oferuje co\u015b dla ka\u017cdego.<\/p>\n\n\n\n<div class=\"wp-block-buttons is-layout-flex wp-block-buttons-is-layout-flex\">\n<div class=\"wp-block-button\"><a class=\"wp-block-button__link has-dark-teal-color has-text-color has-link-color wp-element-button\" href=\"https:\/\/www.flipsnack.com\/BDABCECC5A8\/2026-summer-guide\">Zobacz nasz przewodnik po programie LETNIM<\/a><\/div>\n<\/div>\n\n\n\n<div class=\"wp-block-buttons is-layout-flex wp-block-buttons-is-layout-flex\">\n<div class=\"wp-block-button\"><a class=\"wp-block-button__link has-dark-teal-color has-text-color has-link-color wp-element-button\" href=\"https:\/\/www.heparks.org\/pl\/program\/opieka-po-zakonczeniu-i-obozy\/obozy\/\">Zobacz nasz przewodnik po obozach letnich<\/a><\/div>\n<\/div>\n<\/div>\n<\/div>\n\n\n\n<div class=\"wp-block-columns pattern-carousel is-layout-flex wp-container-core-columns-is-layout-28f84493 wp-block-columns-is-layout-flex\">\n<div class=\"wp-block-column is-layout-flow wp-block-column-is-layout-flow\">\n<div class=\"wp-block-group slider-variation variation-01 has-global-padding is-layout-constrained wp-block-group-is-layout-constrained\">\n<section class=\"wp-block-prolific-carousel-new has-content-align-center wp-block-prolific-carousel-new\" id=\"carousel-new-block-2ad333bc-1261-4f19-9a69-ade601414500\" data-slide-count=\"4\" data-virtual-active-index=\"true\">\n\t<div class=\"carousel-new-swiper-wrapper\">\n\t\t<swiper-container\n\t\t\t direction=\"horizontal\" speed=\"300\" centered-slides=\"false\" auto-height=\"true\" free-mode=\"false\" scrollbar=\"false\" loop=\"false\" allow-touch-move=\"true\" grab-cursor=\"true\" keyboard=\"true\" mousewheel=\"false\" navigation=\"false\" pagination=\"true\" pagination-type=\"bullets\" pagination-el=\"#swiper-pagination-block-2ad333bc-1261-4f19-9a69-ade601414500\" pagination-clickable=\"true\" pagination-dynamic-bullets=\"false\" resistance-ratio=\"0.85\" breakpoints='{&quot;0&quot;:{&quot;slidesPerView&quot;:1,&quot;spaceBetween&quot;:10},&quot;768&quot;:{&quot;slidesPerView&quot;:3,&quot;spaceBetween&quot;:20},&quot;1024&quot;:{&quot;slidesPerView&quot;:4,&quot;spaceBetween&quot;:35}}'\t\t\trole=\"region\"\n\t\t\taria-label=\"Karuzela\"\n\t\t\tclass=\"carousel-new-swiper-container\"\n\t\t>\n\t\t\t\n\n<swiper-slide class=\"swiper-slide wp-block-prolific-carousel-new-slide\">\n\t<div class=\"carousel-new-slide-inner\">\n\t\t\n\n<div class=\"wp-block-group upper-stack is-vertical is-layout-flex wp-container-core-group-is-layout-fe9cc265 wp-block-group-is-layout-flex\">\n<p class=\"pill\">Liga Futbolu Ameryka\u0144skiego Flagowego<\/p>\n\n\n\n<div class=\"wp-block-group is-vertical is-layout-flex wp-container-core-group-is-layout-fe9cc265 wp-block-group-is-layout-flex\">\n<h3 class=\"wp-block-heading has-text-align-center\">Do\u0142\u0105cz do gry<\/h3>\n\n\n\n<p class=\"has-text-align-center\">Wsp\u00f3\u0142pracujemy z South Barrington, River Trails i Prospect Heights Park Districts, aby zapewni\u0107 letni sezon NFL Flag Football! Uczniowie klas 1-8 b\u0119d\u0105 trenowa\u0107 i rozgrywa\u0107 mecze u siebie w Fabbrini Park, korzystaj\u0105c z oficjalnego sprz\u0119tu i zagrywek NFL. Zapisy do 17 maja!<\/p>\n<\/div>\n<\/div>\n\n\n\n<div class=\"wp-block-group lower-stack is-vertical is-layout-flex wp-container-core-group-is-layout-fe9cc265 wp-block-group-is-layout-flex\">\n<div class=\"wp-block-buttons is-layout-flex wp-block-buttons-is-layout-flex\">\n<div class=\"wp-block-button\"><a aria-label=\"Do\u0142\u0105cz do gry\" class=\"wp-block-button__link wp-element-button\" href=\"http:\/\/itl.ink\/HEParks-NFLFlagFootball\">POKA\u017b LIGI<span class=\"screen-reader-text\">Do\u0142\u0105cz do gry<\/span><\/a><\/div>\n<\/div>\n<\/div>\n\n\t<\/div>\n<\/swiper-slide>\n\n\n\n<swiper-slide class=\"swiper-slide wp-block-prolific-carousel-new-slide\">\n\t<div class=\"carousel-new-slide-inner\">\n\t\t\n\n<div class=\"wp-block-group upper-stack is-vertical is-layout-flex wp-container-core-group-is-layout-fe9cc265 wp-block-group-is-layout-flex\">\n<p class=\"pill\">Park i Stodo\u0142a Vogelei<\/p>\n\n\n\n<div class=\"wp-block-group is-vertical is-layout-flex wp-container-core-group-is-layout-fe9cc265 wp-block-group-is-layout-flex\">\n<h3 class=\"wp-block-heading has-text-align-center\">Nowy plac zabaw otwarty do zabawy<\/h3>\n\n\n\n<p class=\"has-text-align-center\">HEParks z dum\u0105 og\u0142asza otwarcie nowego, w pe\u0142ni dost\u0119pnego placu zabaw w Vogelei Park &amp; Barn, zlokalizowanego przy 650 W. Higgins Road. Otwarcie to jest ukoronowaniem dwuletnich, starannych plan\u00f3w, rozbi\u00f3rki i budowy, maj\u0105cych na celu stworzenie wyj\u0105tkowej przestrzeni rekreacyjnej przeznaczonej dla ca\u0142ej spo\u0142eczno\u015bci.<\/p>\n<\/div>\n<\/div>\n\n\n\n<div class=\"wp-block-group lower-stack is-vertical is-layout-flex wp-container-core-group-is-layout-fe9cc265 wp-block-group-is-layout-flex\">\n<div class=\"wp-block-buttons is-layout-flex wp-block-buttons-is-layout-flex\">\n<div class=\"wp-block-button\"><a aria-label=\"Nowy plac zabaw otwarty do zabawy\" class=\"wp-block-button__link wp-element-button\" href=\"https:\/\/www.heparks.org\/pl\/hoffman-estates-park-district-debuts-fully-inclusive\/\">Czytaj wi\u0119cej<span class=\"screen-reader-text\">Nowy plac zabaw otwarty do zabawy<\/span><\/a><\/div>\n<\/div>\n<\/div>\n\n\t<\/div>\n<\/swiper-slide>\n\n\n\n<swiper-slide class=\"swiper-slide wp-block-prolific-carousel-new-slide\">\n\t<div class=\"carousel-new-slide-inner\">\n\t\t\n\n<div class=\"wp-block-group upper-stack is-vertical is-layout-flex wp-container-core-group-is-layout-fe9cc265 wp-block-group-is-layout-flex\">\n<p class=\"pill\">Przej\u015bcie krajobrazowe<\/p>\n\n\n\n<div class=\"wp-block-group is-vertical is-layout-flex wp-container-core-group-is-layout-fe9cc265 wp-block-group-is-layout-flex\">\n<h3 class=\"wp-block-heading has-text-align-center\"><strong>Rozbryzgaj si\u0119 na lato<\/strong><\/h3>\n\n\n\n<p class=\"has-text-align-center\">Zanurz si\u0119 w wodzie w Seascape Family Aquatic Center. Od zje\u017cd\u017calni po deski do nurkowania i malutkich p\u0142ywak\u00f3w po raz pierwszy - zabawa dla wszystkich grup wiekowych!  Kup karnety rodzinne ju\u017c dzi\u015b - Twoje przysz\u0142e lato b\u0119dzie Ci wdzi\u0119czne!<\/p>\n<\/div>\n<\/div>\n\n\n\n<div class=\"wp-block-group lower-stack is-vertical is-layout-flex wp-container-core-group-is-layout-fe9cc265 wp-block-group-is-layout-flex\">\n<div class=\"wp-block-buttons is-layout-flex wp-block-buttons-is-layout-flex\">\n<div class=\"wp-block-button\"><a aria-label=\"Rozbryzgaj si\u0119 na lato\" class=\"wp-block-button__link wp-element-button\" href=\"https:\/\/www.heparks.org\/pl\/spaces\/rodzinne-centrum-wodne-seascape\/\"><strong>Zaryzykuj<\/strong><span class=\"screen-reader-text\">Rozbryzgaj si\u0119 na lato<\/span><\/a><\/div>\n<\/div>\n<\/div>\n\n\t<\/div>\n<\/swiper-slide>\n\n\n\n<swiper-slide class=\"swiper-slide wp-block-prolific-carousel-new-slide\">\n\t<div class=\"carousel-new-slide-inner\">\n\t\t\n\n<div class=\"wp-block-group upper-stack is-vertical is-layout-flex wp-container-core-group-is-layout-fe9cc265 wp-block-group-is-layout-flex\">\n<p class=\"pill\">Karnety do park\u00f3w dla ps\u00f3w<\/p>\n\n\n\n<div class=\"wp-block-group is-vertical is-layout-flex wp-container-core-group-is-layout-fe9cc265 wp-block-group-is-layout-flex\">\n<h3 class=\"wp-block-heading has-text-align-center\"><strong>Uwolnij zabaw\u0119!<\/strong><\/h3>\n\n\n\n<p class=\"has-text-align-center\">Otwarte codziennie, przez ca\u0142y rok od \u015bwitu do zmierzchu, nasze w pe\u0142ni ogrodzone parki dla ps\u00f3w bez smyczy zapewniaj\u0105 bezpieczne, przyjazne miejsce do biegania, zabawy i socjalizacji ps\u00f3w. Udogodnienia obejmuj\u0105 oddzielne strefy dla ma\u0142ych ps\u00f3w, sprz\u0119t do agility, wod\u0119, strefy wej\u015bciowe, stacje do wyrzucania odchod\u00f3w, sto\u0142y piknikowe i wygodne wej\u015bcie na kart\u0119 zbli\u017ceniow\u0105.<\/p>\n<\/div>\n<\/div>\n\n\n\n<div class=\"wp-block-group lower-stack is-vertical is-layout-flex wp-container-core-group-is-layout-fe9cc265 wp-block-group-is-layout-flex\">\n<div class=\"wp-block-buttons is-layout-flex wp-block-buttons-is-layout-flex\">\n<div class=\"wp-block-button\"><a aria-label=\"Uwolnij zabaw\u0119!\" class=\"wp-block-button__link wp-element-button\" href=\"https:\/\/www.heparks.org\/pl\/psiarnie\/\">WYPROWAD\u0179 PSA<span class=\"screen-reader-text\">Uwolnij zabaw\u0119!<\/span><\/a><\/div>\n<\/div>\n<\/div>\n\n\t<\/div>\n<\/swiper-slide>\n\n\t\t<\/swiper-container>\n\n\t\t\n\t\t\n\t\t\t\t\t<div class=\"carousel-new-controls-group grouped grouped-position-bottom grouped-layout-split\">\n\t\t\t\t\t\t\t\t\t\t\t\t\t\t\t\t\t\t\t\t<button\n\t\t\t\t\t\t\tclass=\"carousel-new-nav-prev\"\n\t\t\t\t\t\t\taria-label=\"Poprzedni slajd\"\n\t\t\t\t\t\t\trole=\"button\"\n\t\t\t\t\t\t>\n\t\t\t\t\t\t\t\t\t\t\t\t\t\t\t<span class=\"carousel-new-nav-icon\">\n\t\t\t\t\t\t\t\t\t<svg xmlns=\"http:\/\/www.w3.org\/2000\/svg\" fill=\"none\">\n  <path d=\"M-2.40413e-07 5.5L8.25 0.736861L8.25 10.2631L-2.40413e-07 5.5Z\" fill=\"#2C4E3F\"\/>\n<\/svg>\t\t\t\t\t\t\t\t<\/span>\n\t\t\t\t\t\t\t\t\t\t\t\t\t\t<span class=\"screen-reader-text\">Poprzedni<\/span>\n\t\t\t\t\t\t<\/button>\n\t\t\t\t\t\n\t\t\t\t\t\t\t\t\t\t\t<div id=\"swiper-pagination-block-2ad333bc-1261-4f19-9a69-ade601414500\" class=\"swiper-pagination grouped\"><\/div>\n\t\t\t\t\t\n\t\t\t\t\t\t\t\t\t\t\t<button\n\t\t\t\t\t\t\tclass=\"carousel-new-nav-next\"\n\t\t\t\t\t\t\taria-label=\"Nast\u0119pny slajd\"\n\t\t\t\t\t\t\trole=\"button\"\n\t\t\t\t\t\t>\n\t\t\t\t\t\t\t\t\t\t\t\t\t\t\t<span class=\"carousel-new-nav-icon\">\n\t\t\t\t\t\t\t\t\t<svg xmlns=\"http:\/\/www.w3.org\/2000\/svg\" fill=\"none\">\n  <path d=\"M9 5.5L0.749999 10.2631L0.749999 0.73686L9 5.5Z\" fill=\"#2C4E3F\"\/>\n<\/svg>\t\t\t\t\t\t\t\t<\/span>\n\t\t\t\t\t\t\t\t\t\t\t\t\t\t<span class=\"screen-reader-text\">Nast\u0119pny<\/span>\n\t\t\t\t\t\t<\/button>\n\t\t\t\t\t\t\t\t\t\t\t\t<\/div>\n\t\t\t<\/div>\n\n\t<\/section>\n<\/div>\n<\/div>\n<\/div>\n<\/div><\/section>","protected":false},"excerpt":{"rendered":"","protected":false},"author":1,"featured_media":0,"parent":282,"menu_order":0,"comment_status":"closed","ping_status":"closed","template":"","meta":{"_acf_changed":false,"_searchwp_excluded":"","_EventAllDay":false,"_EventTimezone":"","_EventStartDate":"","_EventEndDate":"","_EventStartDateUTC":"","_EventEndDateUTC":"","_EventShowMap":false,"_EventShowMapLink":false,"_EventURL":"","_EventCost":"","_EventCostDescription":"","_EventCurrencySymbol":"","_EventCurrencyCode":"","_EventCurrencyPosition":"","_EventDateTimeSeparator":"","_EventTimeRangeSeparator":"","_EventOrganizerID":[],"_EventVenueID":[],"_OrganizerEmail":"","_OrganizerPhone":"","_OrganizerWebsite":"","_VenueAddress":"","_VenueCity":"","_VenueCountry":"","_VenueProvince":"","_VenueState":"","_VenueZip":"","_VenuePhone":"","_VenueURL":"","_VenueStateProvince":"","_VenueLat":"","_VenueLng":"","_VenueShowMap":false,"_VenueShowMapLink":false,"_tribe_blocks_recurrence_rules":"","_tribe_blocks_recurrence_description":"","_tribe_blocks_recurrence_exclusions":"","_ecp_custom_2":"","footnotes":""},"class_list":["post-6377","page","type-page","status-publish","hentry"],"acf":[],"_links":{"self":[{"href":"https:\/\/www.heparks.org\/pl\/wp-json\/wp\/v2\/pages\/6377","targetHints":{"allow":["GET"]}}],"collection":[{"href":"https:\/\/www.heparks.org\/pl\/wp-json\/wp\/v2\/pages"}],"about":[{"href":"https:\/\/www.heparks.org\/pl\/wp-json\/wp\/v2\/types\/page"}],"author":[{"embeddable":true,"href":"https:\/\/www.heparks.org\/pl\/wp-json\/wp\/v2\/users\/1"}],"replies":[{"embeddable":true,"href":"https:\/\/www.heparks.org\/pl\/wp-json\/wp\/v2\/comments?post=6377"}],"version-history":[{"count":16,"href":"https:\/\/www.heparks.org\/pl\/wp-json\/wp\/v2\/pages\/6377\/revisions"}],"predecessor-version":[{"id":46645,"href":"https:\/\/www.heparks.org\/pl\/wp-json\/wp\/v2\/pages\/6377\/revisions\/46645"}],"up":[{"embeddable":true,"href":"https:\/\/www.heparks.org\/pl\/wp-json\/wp\/v2\/pages\/282"}],"wp:attachment":[{"href":"https:\/\/www.heparks.org\/pl\/wp-json\/wp\/v2\/media?parent=6377"}],"curies":[{"name":"wp","href":"https:\/\/api.w.org\/{rel}","templated":true}]}}