{"id":46,"date":"2025-10-22T16:24:51","date_gmt":"2025-10-22T16:24:51","guid":{"rendered":"https:\/\/www.heparks.org\/?page_id=46"},"modified":"2026-04-27T16:36:01","modified_gmt":"2026-04-27T21:36:01","slug":"nagrody-uznanie","status":"publish","type":"page","link":"https:\/\/www.heparks.org\/pl\/about\/awards-recognition\/","title":{"rendered":"Nagrody i wyr\u00f3\u017cnienia"},"content":{"rendered":"<section class=\"wp-block-cover alignfull pattern hero-1\"><img decoding=\"async\" width=\"1024\" height=\"612\" class=\"wp-block-cover__image-background wp-image-3909 size-large lazyload\" alt=\"jezioro z pomostem i drzewami\" data-src=\"https:\/\/www.heparks.org\/wp-content\/smush-webp\/2025\/11\/Hero-3-1024x612.png.webp\" data-object-fit=\"cover\" data-srcset=\"https:\/\/www.heparks.org\/wp-content\/smush-webp\/2025\/11\/Hero-3-1024x612.png.webp 1024w, https:\/\/www.heparks.org\/wp-content\/smush-webp\/2025\/11\/Hero-3-300x179.png.webp 300w, https:\/\/www.heparks.org\/wp-content\/smush-webp\/2025\/11\/Hero-3-768x459.png.webp 768w, https:\/\/www.heparks.org\/wp-content\/smush-webp\/2025\/11\/Hero-3.png.webp 1512w\" data-sizes=\"(max-width: 1024px) 100vw, 1024px\" src=\"data:image\/svg+xml;base64,PHN2ZyB3aWR0aD0iMSIgaGVpZ2h0PSIxIiB4bWxucz0iaHR0cDovL3d3dy53My5vcmcvMjAwMC9zdmciPjwvc3ZnPg==\" style=\"--smush-placeholder-width: 1024px; --smush-placeholder-aspect-ratio: 1024\/612;\" data-smush-webp-fallback=\"{&quot;data-src&quot;:&quot;https:\\\/\\\/www.heparks.org\\\/wp-content\\\/uploads\\\/2025\\\/11\\\/Hero-3-1024x612.png&quot;,&quot;data-srcset&quot;:&quot;https:\\\/\\\/www.heparks.org\\\/wp-content\\\/uploads\\\/2025\\\/11\\\/Hero-3-1024x612.png 1024w, https:\\\/\\\/www.heparks.org\\\/wp-content\\\/uploads\\\/2025\\\/11\\\/Hero-3-300x179.png 300w, https:\\\/\\\/www.heparks.org\\\/wp-content\\\/uploads\\\/2025\\\/11\\\/Hero-3-768x459.png 768w, https:\\\/\\\/www.heparks.org\\\/wp-content\\\/uploads\\\/2025\\\/11\\\/Hero-3.png 1512w&quot;}\" \/><span aria-hidden=\"true\" class=\"wp-block-cover__background has-background-dim\"><\/span><div class=\"wp-block-cover__inner-container has-global-padding is-layout-constrained wp-block-cover-is-layout-constrained\">\n<div class=\"wp-block-columns pattern-intro is-layout-flex wp-container-core-columns-is-layout-28f84493 wp-block-columns-is-layout-flex\">\n<div class=\"wp-block-column is-layout-flow wp-block-column-is-layout-flow\">\n<h2 class=\"wp-block-heading is-style-intro-heading\">Osi\u0105ganie doskona\u0142o\u015bci dla was wszystkich<\/h2>\n\n\n\n<div class=\"wp-block-group has-global-padding is-layout-constrained wp-block-group-is-layout-constrained\">\n<h3 class=\"wp-block-heading pattern-heading\">Nagradzane parki <br>Programy<\/h3>\n\n\n\n<p>Praca jest nagrod\u0105 sam\u0105 w sobie. Z przyjemno\u015bci\u0105 zapewniamy wyj\u0105tkowy park dla ponad 50 000 cz\u0142onk\u00f3w spo\u0142eczno\u015bci w 72 parkach w ca\u0142ym okr\u0119gu. Sama \u015bwiadomo\u015b\u0107, \u017ce nas odwiedzacie, sp\u0119dzacie u nas sw\u00f3j cenny czas na \u015bwie\u017cym powietrzu i ponownie \u0142\u0105czcie si\u0119 z prawdziwymi chwilami, kt\u00f3re naprawd\u0119 si\u0119 licz\u0105, jest tym, co jest najwa\u017cniejsze.<\/p>\n<\/div>\n<\/div>\n<\/div>\n<\/div><\/section>\n\n\n\n<section class=\"wp-block-cover alignfull is-light pattern slider-1\"><span aria-hidden=\"true\" class=\"wp-block-cover__background has-light-teal-background-color has-background-dim-100 has-background-dim\"><\/span><div class=\"wp-block-cover__inner-container has-global-padding is-layout-constrained wp-block-cover-is-layout-constrained\">\n<div class=\"wp-block-columns pattern-intro is-layout-flex wp-container-core-columns-is-layout-28f84493 wp-block-columns-is-layout-flex\">\n<div class=\"wp-block-column is-layout-flow wp-block-column-is-layout-flow\">\n<h2 class=\"wp-block-heading is-style-intro-heading\">Nagrody i wyr\u00f3\u017cnienia<\/h2>\n\n\n\n<h3 class=\"wp-block-heading pattern-heading\">Nagrody i wyr\u00f3\u017cnienia<\/h3>\n\n\n\n<p>Bycie docenionym za ten wysi\u0142ek jest niezwyk\u0142e i jeste\u015bmy bardzo dumni, \u017ce mo\u017cemy przynie\u015b\u0107 <br>te nagrody nale\u017c\u0105 si\u0119 wam wszystkim.<\/p>\n<\/div>\n<\/div>\n\n\n\n<div class=\"wp-block-columns pattern-carousel is-layout-flex wp-container-core-columns-is-layout-28f84493 wp-block-columns-is-layout-flex\">\n<div class=\"wp-block-column is-layout-flow wp-block-column-is-layout-flow\">\n<section class=\"wp-block-prolific-carousel-new has-content-align-center wp-block-prolific-carousel-new\" id=\"carousel-new-block-5e76e173-5ef5-4c8d-b8e5-f197c65ecb7e\" data-slide-count=\"8\" data-virtual-active-index=\"true\">\n\t<div class=\"carousel-new-swiper-wrapper\">\n\t\t<swiper-container\n\t\t\t direction=\"horizontal\" speed=\"300\" centered-slides=\"true\" auto-height=\"true\" free-mode=\"false\" scrollbar=\"false\" loop=\"true\" allow-touch-move=\"true\" grab-cursor=\"true\" keyboard=\"true\" mousewheel=\"false\" navigation=\"false\" pagination=\"true\" pagination-type=\"bullets\" pagination-el=\"#swiper-pagination-block-5e76e173-5ef5-4c8d-b8e5-f197c65ecb7e\" pagination-clickable=\"true\" pagination-dynamic-bullets=\"false\" resistance-ratio=\"0.85\" breakpoints='{&quot;0&quot;:{&quot;slidesPerView&quot;:1,&quot;spaceBetween&quot;:10},&quot;768&quot;:{&quot;slidesPerView&quot;:2,&quot;spaceBetween&quot;:20},&quot;1024&quot;:{&quot;slidesPerView&quot;:3,&quot;spaceBetween&quot;:30}}'\t\t\trole=\"region\"\n\t\t\taria-label=\"Carousel\"\n\t\t\tclass=\"carousel-new-swiper-container\"\n\t\t>\n\t\t\t\n\n<swiper-slide class=\"swiper-slide wp-block-prolific-carousel-new-slide\">\n\t<div class=\"carousel-new-slide-inner\">\n\t\t\n\n<figure class=\"wp-block-image aligncenter size-full is-resized\"><img decoding=\"async\" width=\"504\" height=\"504\" data-src=\"https:\/\/www.heparks.org\/wp-content\/smush-webp\/2025\/11\/CAPRA-2022-RGB.png.webp\" alt=\"zielono-bia\u0142e logo\" class=\"wp-image-3256 lazyload\" style=\"--smush-placeholder-width: 504px; --smush-placeholder-aspect-ratio: 504\/504;width:116px;height:auto\" data-srcset=\"https:\/\/www.heparks.org\/wp-content\/smush-webp\/2025\/11\/CAPRA-2022-RGB.png.webp 504w, https:\/\/www.heparks.org\/wp-content\/smush-webp\/2025\/11\/CAPRA-2022-RGB-300x300.png.webp 300w, https:\/\/www.heparks.org\/wp-content\/smush-webp\/2025\/11\/CAPRA-2022-RGB-150x150.png.webp 150w\" data-sizes=\"(max-width: 504px) 100vw, 504px\" src=\"data:image\/svg+xml;base64,PHN2ZyB3aWR0aD0iMSIgaGVpZ2h0PSIxIiB4bWxucz0iaHR0cDovL3d3dy53My5vcmcvMjAwMC9zdmciPjwvc3ZnPg==\" data-smush-webp-fallback=\"{&quot;data-src&quot;:&quot;https:\\\/\\\/www.heparks.org\\\/wp-content\\\/uploads\\\/2025\\\/11\\\/CAPRA-2022-RGB.png&quot;,&quot;data-srcset&quot;:&quot;https:\\\/\\\/www.heparks.org\\\/wp-content\\\/uploads\\\/2025\\\/11\\\/CAPRA-2022-RGB.png 504w, https:\\\/\\\/www.heparks.org\\\/wp-content\\\/uploads\\\/2025\\\/11\\\/CAPRA-2022-RGB-300x300.png 300w, https:\\\/\\\/www.heparks.org\\\/wp-content\\\/uploads\\\/2025\\\/11\\\/CAPRA-2022-RGB-150x150.png 150w&quot;}\" \/><\/figure>\n\n\n\n<h4 class=\"wp-block-heading pattern-slide-heading\"><strong>Komisja NPRA ds. Akredytacji Agencji Park\u00f3w i Rekreacji<\/strong><\/h4>\n\n\n\n<p class=\"has-text-align-center\"><strong>Nagrodzony<\/strong>: <strong><strong>2013-2017, 2018-2022, 2023-2027<\/strong><\/strong><\/p>\n\n\t<\/div>\n<\/swiper-slide>\n\n\n\n<swiper-slide class=\"swiper-slide wp-block-prolific-carousel-new-slide\">\n\t<div class=\"carousel-new-slide-inner\">\n\t\t\n\n<figure class=\"wp-block-image aligncenter size-large\"><img decoding=\"async\" width=\"1024\" height=\"1024\" data-src=\"https:\/\/www.heparks.org\/wp-content\/uploads\/2025\/11\/DistinguishedAgency-2048x2048.png-1024x1024.webp\" alt=\"\" class=\"wp-image-3257 lazyload\" data-srcset=\"https:\/\/www.heparks.org\/wp-content\/uploads\/2025\/11\/DistinguishedAgency-2048x2048.png-1024x1024.webp 1024w, https:\/\/www.heparks.org\/wp-content\/uploads\/2025\/11\/DistinguishedAgency-2048x2048.png-300x300.webp 300w, https:\/\/www.heparks.org\/wp-content\/uploads\/2025\/11\/DistinguishedAgency-2048x2048.png-150x150.webp 150w, https:\/\/www.heparks.org\/wp-content\/uploads\/2025\/11\/DistinguishedAgency-2048x2048.png-768x768.webp 768w, https:\/\/www.heparks.org\/wp-content\/uploads\/2025\/11\/DistinguishedAgency-2048x2048.png-1536x1536.webp 1536w, https:\/\/www.heparks.org\/wp-content\/uploads\/2025\/11\/DistinguishedAgency-2048x2048.png.webp 2048w\" data-sizes=\"(max-width: 1024px) 100vw, 1024px\" src=\"data:image\/svg+xml;base64,PHN2ZyB3aWR0aD0iMSIgaGVpZ2h0PSIxIiB4bWxucz0iaHR0cDovL3d3dy53My5vcmcvMjAwMC9zdmciPjwvc3ZnPg==\" style=\"--smush-placeholder-width: 1024px; --smush-placeholder-aspect-ratio: 1024\/1024;\" \/><\/figure>\n\n\n\n<h4 class=\"wp-block-heading pattern-slide-heading\"><strong>Wyr\u00f3\u017cnienie dla Wybitnej Agencji Park\u00f3w i Rekreacji Illinois<\/strong><\/h4>\n\n\n\n<p class=\"has-text-align-center\"><strong>Nagrodzony<\/strong>: <strong>2000-2005, 2006-2011, 2011-2016, 2017-2022, i 2022-2028<\/strong> <br><\/p>\n\n\t<\/div>\n<\/swiper-slide>\n\n\n\n<swiper-slide class=\"swiper-slide wp-block-prolific-carousel-new-slide\">\n\t<div class=\"carousel-new-slide-inner\">\n\t\t\n\n<figure class=\"wp-block-image aligncenter size-full\"><img decoding=\"async\" width=\"282\" height=\"364\" data-src=\"https:\/\/www.heparks.org\/wp-content\/smush-webp\/2025\/11\/gfoa-certificate-of-achievement.png.webp\" alt=\"zbli\u017cenie certyfikatu\" class=\"wp-image-3259 lazyload\" data-srcset=\"https:\/\/www.heparks.org\/wp-content\/smush-webp\/2025\/11\/gfoa-certificate-of-achievement.png.webp 282w, https:\/\/www.heparks.org\/wp-content\/smush-webp\/2025\/11\/gfoa-certificate-of-achievement-232x300.png.webp 232w\" data-sizes=\"(max-width: 282px) 100vw, 282px\" src=\"data:image\/svg+xml;base64,PHN2ZyB3aWR0aD0iMSIgaGVpZ2h0PSIxIiB4bWxucz0iaHR0cDovL3d3dy53My5vcmcvMjAwMC9zdmciPjwvc3ZnPg==\" style=\"--smush-placeholder-width: 282px; --smush-placeholder-aspect-ratio: 282\/364;\" data-smush-webp-fallback=\"{&quot;data-src&quot;:&quot;https:\\\/\\\/www.heparks.org\\\/wp-content\\\/uploads\\\/2025\\\/11\\\/gfoa-certificate-of-achievement.png&quot;,&quot;data-srcset&quot;:&quot;https:\\\/\\\/www.heparks.org\\\/wp-content\\\/uploads\\\/2025\\\/11\\\/gfoa-certificate-of-achievement.png 282w, https:\\\/\\\/www.heparks.org\\\/wp-content\\\/uploads\\\/2025\\\/11\\\/gfoa-certificate-of-achievement-232x300.png 232w&quot;}\" \/><\/figure>\n\n\n\n<h4 class=\"wp-block-heading pattern-slide-heading\"><strong>Certyfikat Doskona\u0142o\u015bci w Sprawozdawczo\u015bci Finansowej GFOA<\/strong><\/h4>\n\n\n\n<p class=\"has-text-align-center\"><strong>Nagrodzony<\/strong>: <strong><strong>2013-2024<\/strong><\/strong><\/p>\n\n\t<\/div>\n<\/swiper-slide>\n\n\n\n<swiper-slide class=\"swiper-slide wp-block-prolific-carousel-new-slide\">\n\t<div class=\"carousel-new-slide-inner\">\n\t\t\n\n<figure class=\"wp-block-image aligncenter size-full is-resized\"><img decoding=\"async\" width=\"742\" height=\"329\" data-src=\"https:\/\/www.heparks.org\/wp-content\/smush-webp\/2025\/12\/logbo-s.png.webp\" alt=\"zielono-czarne logo\" class=\"wp-image-13428 lazyload\" style=\"--smush-placeholder-width: 742px; --smush-placeholder-aspect-ratio: 742\/329;width:116px;height:auto\" data-srcset=\"https:\/\/www.heparks.org\/wp-content\/smush-webp\/2025\/12\/logbo-s.png.webp 742w, https:\/\/www.heparks.org\/wp-content\/smush-webp\/2025\/12\/logbo-s-300x133.png.webp 300w\" data-sizes=\"(max-width: 742px) 100vw, 742px\" src=\"data:image\/svg+xml;base64,PHN2ZyB3aWR0aD0iMSIgaGVpZ2h0PSIxIiB4bWxucz0iaHR0cDovL3d3dy53My5vcmcvMjAwMC9zdmciPjwvc3ZnPg==\" data-smush-webp-fallback=\"{&quot;data-src&quot;:&quot;https:\\\/\\\/www.heparks.org\\\/wp-content\\\/uploads\\\/2025\\\/12\\\/logbo-s.png&quot;,&quot;data-srcset&quot;:&quot;https:\\\/\\\/www.heparks.org\\\/wp-content\\\/uploads\\\/2025\\\/12\\\/logbo-s.png 742w, https:\\\/\\\/www.heparks.org\\\/wp-content\\\/uploads\\\/2025\\\/12\\\/logbo-s-300x133.png 300w&quot;}\" \/><\/figure>\n\n\n\n<h4 class=\"wp-block-heading pattern-slide-heading\">Nagrody IAPD Najlepsze z Najlepszych<\/h4>\n\n\n\n<p><strong>Nagroda Best of the Best 2025: Wybitny Spo\u0142eczny Wolontariusz \u2013 Dave Negrete; Best of the Best 2024: Nagroda Mi\u0119dzyrz\u0105dowa i Wybitny Spo\u0142eczny Wolontariusz \u2013 Stephanie Felber; 2023: Nagroda Uznania dla Profesjonalisty \u2013 Craig Talsma<\/strong><\/p>\n\n\t<\/div>\n<\/swiper-slide>\n\n\n\n<swiper-slide class=\"swiper-slide wp-block-prolific-carousel-new-slide\">\n\t<div class=\"carousel-new-slide-inner\">\n\t\t\n\n<figure class=\"wp-block-image aligncenter size-full\"><img decoding=\"async\" width=\"287\" height=\"448\" data-src=\"https:\/\/www.heparks.org\/wp-content\/smush-webp\/2025\/11\/HE-Chamber-Public-Sector-of-the-Year-1.jpg.webp\" alt=\"niebieskie trofeum z bia\u0142ym napisem\" class=\"wp-image-3439 lazyload\" data-srcset=\"https:\/\/www.heparks.org\/wp-content\/smush-webp\/2025\/11\/HE-Chamber-Public-Sector-of-the-Year-1.jpg.webp 287w, https:\/\/www.heparks.org\/wp-content\/smush-webp\/2025\/11\/HE-Chamber-Public-Sector-of-the-Year-1-192x300.jpg.webp 192w\" data-sizes=\"(max-width: 287px) 100vw, 287px\" src=\"data:image\/svg+xml;base64,PHN2ZyB3aWR0aD0iMSIgaGVpZ2h0PSIxIiB4bWxucz0iaHR0cDovL3d3dy53My5vcmcvMjAwMC9zdmciPjwvc3ZnPg==\" style=\"--smush-placeholder-width: 287px; --smush-placeholder-aspect-ratio: 287\/448;\" data-smush-webp-fallback=\"{&quot;data-src&quot;:&quot;https:\\\/\\\/www.heparks.org\\\/wp-content\\\/uploads\\\/2025\\\/11\\\/HE-Chamber-Public-Sector-of-the-Year-1.jpg&quot;,&quot;data-srcset&quot;:&quot;https:\\\/\\\/www.heparks.org\\\/wp-content\\\/uploads\\\/2025\\\/11\\\/HE-Chamber-Public-Sector-of-the-Year-1.jpg 287w, https:\\\/\\\/www.heparks.org\\\/wp-content\\\/uploads\\\/2025\\\/11\\\/HE-Chamber-Public-Sector-of-the-Year-1-192x300.jpg 192w&quot;}\" \/><\/figure>\n\n\n\n<h3 class=\"wp-block-heading has-text-align-center pattern-slide-heading\"><strong>Gmina Roku Hoffman Estates w Sektorze Publicznym<\/strong><\/h3>\n\n\n\n<p class=\"has-text-align-center\"><strong>Nagrodzony<\/strong>: <strong><strong><strong><strong>2013, 2015 i 2018<\/strong><\/strong><\/strong><\/strong><\/p>\n\n\t<\/div>\n<\/swiper-slide>\n\n\n\n<swiper-slide class=\"swiper-slide wp-block-prolific-carousel-new-slide\">\n\t<div class=\"carousel-new-slide-inner\">\n\t\t\n\n<figure class=\"wp-block-image aligncenter size-full\"><img decoding=\"async\" width=\"264\" height=\"300\" data-src=\"https:\/\/www.heparks.org\/wp-content\/smush-webp\/2025\/11\/Star-Guard-Aquatics-Institute-Safety-Award.jpg.webp\" alt=\"niebiesko-bia\u0142y certyfikat\" class=\"wp-image-3440 lazyload\" src=\"data:image\/svg+xml;base64,PHN2ZyB3aWR0aD0iMSIgaGVpZ2h0PSIxIiB4bWxucz0iaHR0cDovL3d3dy53My5vcmcvMjAwMC9zdmciPjwvc3ZnPg==\" style=\"--smush-placeholder-width: 264px; --smush-placeholder-aspect-ratio: 264\/300;\" data-smush-webp-fallback=\"{&quot;data-src&quot;:&quot;https:\\\/\\\/www.heparks.org\\\/wp-content\\\/uploads\\\/2025\\\/11\\\/Star-Guard-Aquatics-Institute-Safety-Award.jpg&quot;}\" \/><\/figure>\n\n\n\n<h3 class=\"wp-block-heading has-text-align-center pattern-slide-heading\">Instytut Aquatics Starguard \u2013 Nagroda Jako\u015bci 4 Gwiazdki<\/h3>\n\n\n\n<p class=\"has-text-align-center\"><strong>Nagrodzony<\/strong>: <strong><strong><strong><strong>2014-2019, 2021-2025<\/strong><\/strong><\/strong><\/strong><\/p>\n\n\t<\/div>\n<\/swiper-slide>\n\n\n\n<swiper-slide class=\"swiper-slide wp-block-prolific-carousel-new-slide\">\n\t<div class=\"carousel-new-slide-inner\">\n\t\t\n\n<figure class=\"wp-block-image size-full\"><img decoding=\"async\" width=\"1698\" height=\"1654\" data-src=\"https:\/\/www.heparks.org\/wp-content\/smush-webp\/2025\/12\/logos.png.webp\" alt=\"Okr\u0105g\u0142e logo z niebieskim i \u017c\u00f3\u0142tym tekstem\" class=\"wp-image-13424 lazyload\" data-srcset=\"https:\/\/www.heparks.org\/wp-content\/smush-webp\/2025\/12\/logos.png.webp 1698w, https:\/\/www.heparks.org\/wp-content\/smush-webp\/2025\/12\/logos-300x292.png.webp 300w, https:\/\/www.heparks.org\/wp-content\/smush-webp\/2025\/12\/logos-1024x997.png.webp 1024w, https:\/\/www.heparks.org\/wp-content\/smush-webp\/2025\/12\/logos-768x748.png.webp 768w, https:\/\/www.heparks.org\/wp-content\/smush-webp\/2025\/12\/logos-1536x1496.png.webp 1536w\" data-sizes=\"(max-width: 1698px) 100vw, 1698px\" src=\"data:image\/svg+xml;base64,PHN2ZyB3aWR0aD0iMSIgaGVpZ2h0PSIxIiB4bWxucz0iaHR0cDovL3d3dy53My5vcmcvMjAwMC9zdmciPjwvc3ZnPg==\" style=\"--smush-placeholder-width: 1698px; --smush-placeholder-aspect-ratio: 1698\/1654;\" data-smush-webp-fallback=\"{&quot;data-src&quot;:&quot;https:\\\/\\\/www.heparks.org\\\/wp-content\\\/uploads\\\/2025\\\/12\\\/logos.png&quot;,&quot;data-srcset&quot;:&quot;https:\\\/\\\/www.heparks.org\\\/wp-content\\\/uploads\\\/2025\\\/12\\\/logos.png 1698w, https:\\\/\\\/www.heparks.org\\\/wp-content\\\/uploads\\\/2025\\\/12\\\/logos-300x292.png 300w, https:\\\/\\\/www.heparks.org\\\/wp-content\\\/uploads\\\/2025\\\/12\\\/logos-1024x997.png 1024w, https:\\\/\\\/www.heparks.org\\\/wp-content\\\/uploads\\\/2025\\\/12\\\/logos-768x748.png 768w, https:\\\/\\\/www.heparks.org\\\/wp-content\\\/uploads\\\/2025\\\/12\\\/logos-1536x1496.png 1536w&quot;}\" \/><\/figure>\n\n\n\n<h3 class=\"wp-block-heading has-text-align-center pattern-slide-heading\">Gmina Hoffman Estates Proklamacje<\/h3>\n\n\n\n<p class=\"has-text-align-center\"><strong>Nagrodzony<\/strong>:<strong><strong><strong><strong><strong>Miesi\u0105c Park\u00f3w i Rekreacji \u2013 2015, 2017, 2019<\/strong><\/strong><\/strong><\/strong><\/strong>, <strong>Krajowy Dzie\u0144 Dzieci w Parkach \u2013 maj 2019-2025<\/strong>, <strong>Dzie\u0144 Craiga Talsmy \u2013 28 czerwca 2022<\/strong><\/p>\n\n\t<\/div>\n<\/swiper-slide>\n\n\n\n<swiper-slide class=\"swiper-slide wp-block-prolific-carousel-new-slide\">\n\t<div class=\"carousel-new-slide-inner\">\n\t\t\n\n<figure class=\"wp-block-image size-large\"><img decoding=\"async\" data-src=\"https:\/\/www.heparks.org\/wp-content\/themes\/dream\/patterns\/images\/09f99dbef531552dd4cbb7712167efc91453b8d1-1024x1024.png\" alt=\"Z\u0142oty medal krajowy\" class=\"wp-image-1682 lazyload\" src=\"data:image\/svg+xml;base64,PHN2ZyB3aWR0aD0iMSIgaGVpZ2h0PSIxIiB4bWxucz0iaHR0cDovL3d3dy53My5vcmcvMjAwMC9zdmciPjwvc3ZnPg==\" style=\"--smush-placeholder-width: 1024px; --smush-placeholder-aspect-ratio: 1024\/1024;\" \/><\/figure>\n\n\n\n<h4 class=\"wp-block-heading pattern-slide-heading\"><strong>Krajowa Z\u0142ota Nagroda za Doskona\u0142o\u015b\u0107 w Zarz\u0105dzaniu Parkami i Rekreacj\u0105<\/strong><\/h4>\n\n\n\n<p class=\"has-text-align-center\"><strong>Nagrodzony<\/strong>: <strong><strong>2009<\/strong>,<strong>&nbsp;2023<\/strong><\/strong><\/p>\n\n\n\n<p class=\"has-text-align-center\"><strong>Finalista<\/strong>: <strong><strong><strong>1989, 1990, 1991, 2007, 2008, 2009, 2022<\/strong>,&nbsp;<strong>2023<\/strong><\/strong><\/strong><\/p>\n\n\t<\/div>\n<\/swiper-slide>\n\n\t\t<\/swiper-container>\n\n\t\t\n\t\t\n\t\t\t\t\t<div class=\"carousel-new-controls-group grouped grouped-position-top grouped-layout-split\">\n\t\t\t\t\t\t\t\t\t\t\t\t\t\t\t\t\t\t\t\t<button\n\t\t\t\t\t\t\tclass=\"carousel-new-nav-prev\"\n\t\t\t\t\t\t\taria-label=\"Previous slide\"\n\t\t\t\t\t\t\trole=\"button\"\n\t\t\t\t\t\t>\n\t\t\t\t\t\t\t\t\t\t\t\t\t\t\t<span class=\"carousel-new-nav-icon\">\n\t\t\t\t\t\t\t\t\t<svg xmlns=\"http:\/\/www.w3.org\/2000\/svg\" fill=\"none\"><path d=\"M-2.40413e-07 5.5L8.25 0.736861L8.25 10.2631L-2.40413e-07 5.5Z\" fill=\"#2C4E3F\"\/><\/svg>\t\t\t\t\t\t\t\t<\/span>\n\t\t\t\t\t\t\t\t\t\t\t\t\t\t<span class=\"screen-reader-text\">Previous<\/span>\n\t\t\t\t\t\t<\/button>\n\t\t\t\t\t\n\t\t\t\t\t\t\t\t\t\t\t<div id=\"swiper-pagination-block-5e76e173-5ef5-4c8d-b8e5-f197c65ecb7e\" class=\"swiper-pagination grouped\"><\/div>\n\t\t\t\t\t\n\t\t\t\t\t\t\t\t\t\t\t<button\n\t\t\t\t\t\t\tclass=\"carousel-new-nav-next\"\n\t\t\t\t\t\t\taria-label=\"Next slide\"\n\t\t\t\t\t\t\trole=\"button\"\n\t\t\t\t\t\t>\n\t\t\t\t\t\t\t\t\t\t\t\t\t\t\t<span class=\"carousel-new-nav-icon\">\n\t\t\t\t\t\t\t\t\t<svg xmlns=\"http:\/\/www.w3.org\/2000\/svg\" fill=\"none\"><path d=\"M9 5.5L0.749999 10.2631L0.749999 0.73686L9 5.5Z\" fill=\"#2C4E3F\"\/><\/svg>\t\t\t\t\t\t\t\t<\/span>\n\t\t\t\t\t\t\t\t\t\t\t\t\t\t<span class=\"screen-reader-text\">Next<\/span>\n\t\t\t\t\t\t<\/button>\n\t\t\t\t\t\t\t\t\t\t\t\t<\/div>\n\t\t\t<\/div>\n\n\t<\/section>\n<\/div>\n<\/div>\n<\/div><\/section>\n\n\n\n<section class=\"wp-block-cover alignfull pattern cta-3\"><img decoding=\"async\" width=\"1024\" height=\"643\" class=\"wp-block-cover__image-background wp-image-3911 size-large lazyload\" alt=\"osoba kl\u0119cz\u0105ca w ziemi z \u0142opat\u0105 i kilka os\u00f3b\" data-src=\"https:\/\/www.heparks.org\/wp-content\/smush-webp\/2025\/11\/pexels-goumbik-296234-2-1024x643.png.webp\" data-object-fit=\"cover\" data-srcset=\"https:\/\/www.heparks.org\/wp-content\/smush-webp\/2025\/11\/pexels-goumbik-296234-2-1024x643.png.webp 1024w, https:\/\/www.heparks.org\/wp-content\/smush-webp\/2025\/11\/pexels-goumbik-296234-2-300x188.png.webp 300w, https:\/\/www.heparks.org\/wp-content\/smush-webp\/2025\/11\/pexels-goumbik-296234-2-768x482.png.webp 768w, https:\/\/www.heparks.org\/wp-content\/smush-webp\/2025\/11\/pexels-goumbik-296234-2.png.webp 1512w\" data-sizes=\"(max-width: 1024px) 100vw, 1024px\" src=\"data:image\/svg+xml;base64,PHN2ZyB3aWR0aD0iMSIgaGVpZ2h0PSIxIiB4bWxucz0iaHR0cDovL3d3dy53My5vcmcvMjAwMC9zdmciPjwvc3ZnPg==\" style=\"--smush-placeholder-width: 1024px; --smush-placeholder-aspect-ratio: 1024\/643;\" data-smush-webp-fallback=\"{&quot;data-src&quot;:&quot;https:\\\/\\\/www.heparks.org\\\/wp-content\\\/uploads\\\/2025\\\/11\\\/pexels-goumbik-296234-2-1024x643.png&quot;,&quot;data-srcset&quot;:&quot;https:\\\/\\\/www.heparks.org\\\/wp-content\\\/uploads\\\/2025\\\/11\\\/pexels-goumbik-296234-2-1024x643.png 1024w, https:\\\/\\\/www.heparks.org\\\/wp-content\\\/uploads\\\/2025\\\/11\\\/pexels-goumbik-296234-2-300x188.png 300w, https:\\\/\\\/www.heparks.org\\\/wp-content\\\/uploads\\\/2025\\\/11\\\/pexels-goumbik-296234-2-768x482.png 768w, https:\\\/\\\/www.heparks.org\\\/wp-content\\\/uploads\\\/2025\\\/11\\\/pexels-goumbik-296234-2.png 1512w&quot;}\" \/><span aria-hidden=\"true\" class=\"wp-block-cover__background has-background-dim-0 has-background-dim\" style=\"background-color:#776d4c\"><\/span><div class=\"wp-block-cover__inner-container has-global-padding is-layout-constrained wp-block-cover-is-layout-constrained\">\n<div class=\"wp-block-columns is-layout-flex wp-container-core-columns-is-layout-28f84493 wp-block-columns-is-layout-flex\">\n<div class=\"wp-block-column is-layout-flow wp-block-column-is-layout-flow\">\n<h2 class=\"wp-block-heading is-style-intro-heading\">B\u0105d\u017a cz\u0119\u015bci\u0105 czego\u015b wi\u0119kszego.<\/h2>\n\n\n\n<h2 class=\"wp-block-heading pattern-heading\">Zaanga\u017cuj si\u0119<\/h2>\n\n\n\n<p>Niekt\u00f3re z najbardziej znacz\u0105cych chwil w HEParks zdarzaj\u0105 si\u0119 dzi\u0119ki temu, \u017ce kto\u015b taki jak Ty zdecydowa\u0142 si\u0119 tutaj stawi\u0107. Kiedy zostajesz wolontariuszem, nie tylko pomagasz \u2013 tworzysz wspomnienia, podnosisz na duchu i budujesz spo\u0142eczno\u015b\u0107, kt\u00f3rej wszyscy chcemy by\u0107 cz\u0119\u015bci\u0105. Niezale\u017cnie od tego, jak po\u015bwi\u0119casz sw\u00f3j czas, wiedz, \u017ce ma to znaczenie.<\/p>\n\n\n\n<div class=\"wp-block-buttons is-layout-flex wp-block-buttons-is-layout-flex\">\n<div class=\"wp-block-button\"><a class=\"wp-block-button__link wp-element-button\" href=\"https:\/\/www.heparks.org\/pl\/o\/zaangazuj-sie\/wolontariusz\/\">Wolontariusz<\/a><\/div>\n<\/div>\n<\/div>\n<\/div>\n<\/div><\/section>","protected":false},"excerpt":{"rendered":"","protected":false},"author":1,"featured_media":0,"parent":37,"menu_order":0,"comment_status":"closed","ping_status":"closed","template":"","meta":{"_acf_changed":false,"_searchwp_excluded":"","_EventAllDay":false,"_EventTimezone":"","_EventStartDate":"","_EventEndDate":"","_EventStartDateUTC":"","_EventEndDateUTC":"","_EventShowMap":false,"_EventShowMapLink":false,"_EventURL":"","_EventCost":"","_EventCostDescription":"","_EventCurrencySymbol":"","_EventCurrencyCode":"","_EventCurrencyPosition":"","_EventDateTimeSeparator":"","_EventTimeRangeSeparator":"","_EventOrganizerID":[],"_EventVenueID":[],"_OrganizerEmail":"","_OrganizerPhone":"","_OrganizerWebsite":"","_VenueAddress":"","_VenueCity":"","_VenueCountry":"","_VenueProvince":"","_VenueState":"","_VenueZip":"","_VenuePhone":"","_VenueURL":"","_VenueStateProvince":"","_VenueLat":"","_VenueLng":"","_VenueShowMap":false,"_VenueShowMapLink":false,"_tribe_blocks_recurrence_rules":"","_tribe_blocks_recurrence_description":"","_tribe_blocks_recurrence_exclusions":"","_ecp_custom_2":"","footnotes":""},"class_list":["post-46","page","type-page","status-publish","hentry"],"acf":[],"_links":{"self":[{"href":"https:\/\/www.heparks.org\/pl\/wp-json\/wp\/v2\/pages\/46","targetHints":{"allow":["GET"]}}],"collection":[{"href":"https:\/\/www.heparks.org\/pl\/wp-json\/wp\/v2\/pages"}],"about":[{"href":"https:\/\/www.heparks.org\/pl\/wp-json\/wp\/v2\/types\/page"}],"author":[{"embeddable":true,"href":"https:\/\/www.heparks.org\/pl\/wp-json\/wp\/v2\/users\/1"}],"replies":[{"embeddable":true,"href":"https:\/\/www.heparks.org\/pl\/wp-json\/wp\/v2\/comments?post=46"}],"version-history":[{"count":25,"href":"https:\/\/www.heparks.org\/pl\/wp-json\/wp\/v2\/pages\/46\/revisions"}],"predecessor-version":[{"id":103675,"href":"https:\/\/www.heparks.org\/pl\/wp-json\/wp\/v2\/pages\/46\/revisions\/103675"}],"up":[{"embeddable":true,"href":"https:\/\/www.heparks.org\/pl\/wp-json\/wp\/v2\/pages\/37"}],"wp:attachment":[{"href":"https:\/\/www.heparks.org\/pl\/wp-json\/wp\/v2\/media?parent=46"}],"curies":[{"name":"wp","href":"https:\/\/api.w.org\/{rel}","templated":true}]}}