{"id":215,"date":"2025-11-05T23:08:49","date_gmt":"2025-11-05T23:08:49","guid":{"rendered":"https:\/\/www.heparks.org\/?page_id=215"},"modified":"2026-04-08T10:45:26","modified_gmt":"2026-04-08T15:45:26","slug":"plan-zarzadzania-terenem","status":"publish","type":"page","link":"https:\/\/www.heparks.org\/pl\/governance\/land-definition-management-plan\/","title":{"rendered":"Definicja i Plan Zarz\u0105dzania Gruntami"},"content":{"rendered":"<section class=\"wp-block-cover alignfull pattern hero-2\"><span aria-hidden=\"true\" class=\"wp-block-cover__background has-dark-teal-background-color has-background-dim-100 has-background-dim\"><\/span><div class=\"wp-block-cover__inner-container has-global-padding is-layout-constrained wp-block-cover-is-layout-constrained\">\n<div class=\"wp-block-columns pattern-intro is-layout-flex wp-container-core-columns-is-layout-28f84493 wp-block-columns-is-layout-flex\">\n<div class=\"wp-block-column pattern-col-text is-layout-flow wp-block-column-is-layout-flow\">\n<h2 class=\"wp-block-heading is-style-intro-heading\">Troska o ziemi\u0119, kt\u00f3ra troszczy si\u0119 o nas<\/h2>\n\n\n\n<h3 class=\"wp-block-heading pattern-heading\">Definicja i Plan Zarz\u0105dzania Gruntami<\/h3>\n\n\n\n<p>Na pocz\u0105tku 2010 roku Rada Komisarzy HEParks formalnie przyj\u0119\u0142a pierwszy Plan Zarz\u0105dzania Obszarami Przyrodniczymi Dystryktu. Zmienili\u015bmy linie brzegowe naszych jezior poprzez dodanie naturalnej ro\u015blinno\u015bci, zwanej naturaln\u0105 lini\u0105 brzegow\u0105. Naturalne linie brzegowe, w przeciwie\u0144stwie do obrze\u017cy skalnych lub mur\u00f3w oporowych, oferuj\u0105 wiele korzy\u015bci dla spo\u0142eczno\u015bci. Naturalne linie brzegowe dodaj\u0105 pi\u0119kna krajobrazowi. Pomagaj\u0105 ograniczy\u0107 nadmierny wzrost glon\u00f3w, chroni\u0105c jako\u015b\u0107 wody, poniewa\u017c zapobiegaj\u0105 erozji gleby do jeziora. Naturalne linie brzegowe zapobiegaj\u0105 r\u00f3wnie\u017c przedostawaniu si\u0119 \u015bmieci do jezior. Ro\u015bliny przyci\u0105gaj\u0105 wiele r\u00f3\u017cnych gatunk\u00f3w dzikich zwierz\u0105t, takich jak ptaki, motyle, \u017caby, \u017c\u00f3\u0142wie i kaczki, kt\u00f3re wykorzystuj\u0105 ten obszar do gniazdowania, tar\u0142a i ochrony przed drapie\u017cnikami. Ponadto ro\u015blinno\u015b\u0107 odstrasza uci\u0105\u017cliwe gatunki, takie jak g\u0119si kanadyjskie, kt\u00f3re za\u015bmiecaj\u0105 jezioro i otaczaj\u0105cy je obszar odchodami. Co wi\u0119cej, poprawiaj\u0105c jako\u015b\u0107 i wygl\u0105d wody, zwi\u0119kszaj\u0105c siedliska dzikich zwierz\u0105t, naturalna linia brzegowa mo\u017ce nawet poprawi\u0107 warto\u015b\u0107 nieruchomo\u015bci.<\/p>\n\n\n\n<p>Na pocz\u0105tku 2021 roku Rada Komisarzy HEParks formalnie przyj\u0119\u0142a zaktualizowany Plan Zarz\u0105dzania Obszarami Naturalnymi, zatytu\u0142owany \u201cPlan Definicji i Zarz\u0105dzania Terenami\u201d, kt\u00f3ry s\u0142u\u017cy\u0142 aktualizacji opis\u00f3w typ\u00f3w nieruchomo\u015bci, z uwzgl\u0119dnieniem zaktualizowanych plan\u00f3w zarz\u0105dzania dla ka\u017cdej definicji nieruchomo\u015bci. Ka\u017cda definicja zarz\u0105dzania podzielona jest na r\u00f3\u017cne poziomy, z kt\u00f3rych ka\u017cdy okre\u015bla odpowiednie procedury zdrowego i korzystnego rozwoju ogrodniczego.<\/p>\n\n\n\n<p>Plan zosta\u0142 ponownie zaktualizowany w listopadzie 2024 roku, po tym jak Vogelei Park uzyska\u0142 pe\u0142ny status Arboretum, co czyni HEParks jedn\u0105 z zaledwie dw\u00f3ch agencji zajmuj\u0105cych si\u0119 parkami w stanie Illinois, kt\u00f3re posiadaj\u0105 park jako wyznaczone Arboretum.<\/p>\n\n\n\n<div class=\"wp-block-buttons is-layout-flex wp-block-buttons-is-layout-flex\">\n<div class=\"wp-block-button\"><a class=\"wp-block-button__link wp-element-button\" href=\"https:\/\/www.heparks.org\/wp-content\/uploads\/2025\/12\/Land-Definition-Management-Plan-Updated-11.14.2024.pdf\">Zobacz plan<\/a><\/div>\n<\/div>\n<\/div>\n\n\n\n<div class=\"wp-block-column pattern-col-image is-layout-flow wp-block-column-is-layout-flow\">\n<figure class=\"wp-block-image size-full\"><img decoding=\"async\" width=\"580\" height=\"327\" data-src=\"https:\/\/www.heparks.org\/wp-content\/smush-webp\/2025\/12\/Rectangle-463-2.png.webp\" alt=\"para r\u0105k w r\u0119kawiczkach trzymaj\u0105ca traw\u0119\" class=\"wp-image-6158 lazyload\" data-srcset=\"https:\/\/www.heparks.org\/wp-content\/smush-webp\/2025\/12\/Rectangle-463-2.png.webp 580w, https:\/\/www.heparks.org\/wp-content\/smush-webp\/2025\/12\/Rectangle-463-2-300x169.png.webp 300w\" data-sizes=\"(max-width: 580px) 100vw, 580px\" src=\"data:image\/svg+xml;base64,PHN2ZyB3aWR0aD0iMSIgaGVpZ2h0PSIxIiB4bWxucz0iaHR0cDovL3d3dy53My5vcmcvMjAwMC9zdmciPjwvc3ZnPg==\" style=\"--smush-placeholder-width: 580px; --smush-placeholder-aspect-ratio: 580\/327;\" data-smush-webp-fallback=\"{&quot;data-src&quot;:&quot;https:\\\/\\\/www.heparks.org\\\/wp-content\\\/uploads\\\/2025\\\/12\\\/Rectangle-463-2.png&quot;,&quot;data-srcset&quot;:&quot;https:\\\/\\\/www.heparks.org\\\/wp-content\\\/uploads\\\/2025\\\/12\\\/Rectangle-463-2.png 580w, https:\\\/\\\/www.heparks.org\\\/wp-content\\\/uploads\\\/2025\\\/12\\\/Rectangle-463-2-300x169.png 300w&quot;}\" \/><\/figure>\n<\/div>\n<\/div>\n<\/div><\/section>\n\n\n\n<section class=\"wp-block-cover alignfull is-light pattern cta-1 has-dark-teal-color has-text-color has-link-color wp-elements-e033bdd935111b6e2b10926e81813442\"><span aria-hidden=\"true\" class=\"wp-block-cover__background has-light-teal-background-color has-background-dim-100 has-background-dim\"><\/span><div class=\"wp-block-cover__inner-container has-global-padding is-layout-constrained wp-block-cover-is-layout-constrained\">\n<div class=\"wp-block-columns is-layout-flex wp-container-core-columns-is-layout-28f84493 wp-block-columns-is-layout-flex\">\n<div class=\"wp-block-column pattern-col-text is-layout-flow wp-block-column-is-layout-flow\">\n<h2 class=\"wp-block-heading is-style-intro-heading\">Interaktywna mapa park\u00f3w i obiekt\u00f3w<\/h2>\n\n\n\n<div class=\"wp-block-group has-global-padding is-layout-constrained wp-block-group-is-layout-constrained\">\n<h3 class=\"wp-block-heading\">Interaktywna mapa park\u00f3w i obiekt\u00f3w<\/h3>\n\n\n\n<p>Odkryj parki, szlaki i obiekty rekreacyjne w Hoffman Estates. Skorzystaj z interaktywnej mapy, aby znale\u017a\u0107 obiekty, parki, place zabaw, parki dla ps\u00f3w, korty do gry w pikle, boiska sportowe, rozlewiska i nie tylko. Uzyskaj wskaz\u00f3wki dojazdu, poznaj udogodnienia i znajd\u017a park w pobli\u017cu ju\u017c dzi\u015b.<\/p>\n\n\n\n<div class=\"wp-block-buttons is-vertical is-layout-flex wp-container-core-buttons-is-layout-fe9cc265 wp-block-buttons-is-layout-flex\">\n<div class=\"wp-block-button is-style-fill\"><a class=\"wp-block-button__link has-base-color has-dark-teal-background-color has-text-color has-background has-link-color wp-element-button\" href=\"https:\/\/www.heparks.org\/pl\/map\/\">Poznaj map\u0119<\/a><\/div>\n<\/div>\n<\/div>\n<\/div>\n\n\n\n<div class=\"wp-block-column pattern-col-image is-layout-flow wp-block-column-is-layout-flow\">\n<figure class=\"wp-block-image size-full\"><img decoding=\"async\" width=\"780\" height=\"797\" data-src=\"https:\/\/www.heparks.org\/wp-content\/smush-webp\/2025\/11\/Map.png.webp\" alt=\"mapa kortu tenisowego z pi\u0142k\u0105 i goglami\" class=\"wp-image-293 lazyload\" data-srcset=\"https:\/\/www.heparks.org\/wp-content\/smush-webp\/2025\/11\/Map.png.webp 780w, https:\/\/www.heparks.org\/wp-content\/smush-webp\/2025\/11\/Map-294x300.png.webp 294w, https:\/\/www.heparks.org\/wp-content\/smush-webp\/2025\/11\/Map-768x785.png.webp 768w\" data-sizes=\"(max-width: 780px) 100vw, 780px\" src=\"data:image\/svg+xml;base64,PHN2ZyB3aWR0aD0iMSIgaGVpZ2h0PSIxIiB4bWxucz0iaHR0cDovL3d3dy53My5vcmcvMjAwMC9zdmciPjwvc3ZnPg==\" style=\"--smush-placeholder-width: 780px; --smush-placeholder-aspect-ratio: 780\/797;\" data-smush-webp-fallback=\"{&quot;data-src&quot;:&quot;https:\\\/\\\/www.heparks.org\\\/wp-content\\\/uploads\\\/2025\\\/11\\\/Map.png&quot;,&quot;data-srcset&quot;:&quot;https:\\\/\\\/www.heparks.org\\\/wp-content\\\/uploads\\\/2025\\\/11\\\/Map.png 780w, https:\\\/\\\/www.heparks.org\\\/wp-content\\\/uploads\\\/2025\\\/11\\\/Map-294x300.png 294w, https:\\\/\\\/www.heparks.org\\\/wp-content\\\/uploads\\\/2025\\\/11\\\/Map-768x785.png 768w&quot;}\" \/><\/figure>\n<\/div>\n<\/div>\n<\/div><\/section>","protected":false},"excerpt":{"rendered":"","protected":false},"author":1,"featured_media":0,"parent":6349,"menu_order":0,"comment_status":"closed","ping_status":"closed","template":"","meta":{"_acf_changed":false,"_searchwp_excluded":"","_EventAllDay":false,"_EventTimezone":"","_EventStartDate":"","_EventEndDate":"","_EventStartDateUTC":"","_EventEndDateUTC":"","_EventShowMap":false,"_EventShowMapLink":false,"_EventURL":"","_EventCost":"","_EventCostDescription":"","_EventCurrencySymbol":"","_EventCurrencyCode":"","_EventCurrencyPosition":"","_EventDateTimeSeparator":"","_EventTimeRangeSeparator":"","_EventOrganizerID":[],"_EventVenueID":[],"_OrganizerEmail":"","_OrganizerPhone":"","_OrganizerWebsite":"","_VenueAddress":"","_VenueCity":"","_VenueCountry":"","_VenueProvince":"","_VenueState":"","_VenueZip":"","_VenuePhone":"","_VenueURL":"","_VenueStateProvince":"","_VenueLat":"","_VenueLng":"","_VenueShowMap":false,"_VenueShowMapLink":false,"_tribe_blocks_recurrence_rules":"","_tribe_blocks_recurrence_description":"","_tribe_blocks_recurrence_exclusions":"","_ecp_custom_2":"","footnotes":""},"class_list":["post-215","page","type-page","status-publish","hentry"],"acf":[],"_links":{"self":[{"href":"https:\/\/www.heparks.org\/pl\/wp-json\/wp\/v2\/pages\/215","targetHints":{"allow":["GET"]}}],"collection":[{"href":"https:\/\/www.heparks.org\/pl\/wp-json\/wp\/v2\/pages"}],"about":[{"href":"https:\/\/www.heparks.org\/pl\/wp-json\/wp\/v2\/types\/page"}],"author":[{"embeddable":true,"href":"https:\/\/www.heparks.org\/pl\/wp-json\/wp\/v2\/users\/1"}],"replies":[{"embeddable":true,"href":"https:\/\/www.heparks.org\/pl\/wp-json\/wp\/v2\/comments?post=215"}],"version-history":[{"count":5,"href":"https:\/\/www.heparks.org\/pl\/wp-json\/wp\/v2\/pages\/215\/revisions"}],"predecessor-version":[{"id":46651,"href":"https:\/\/www.heparks.org\/pl\/wp-json\/wp\/v2\/pages\/215\/revisions\/46651"}],"up":[{"embeddable":true,"href":"https:\/\/www.heparks.org\/pl\/wp-json\/wp\/v2\/pages\/6349"}],"wp:attachment":[{"href":"https:\/\/www.heparks.org\/pl\/wp-json\/wp\/v2\/media?parent=215"}],"curies":[{"name":"wp","href":"https:\/\/api.w.org\/{rel}","templated":true}]}}