{"id":134,"date":"2025-11-05T12:09:08","date_gmt":"2025-11-05T12:09:08","guid":{"rendered":"https:\/\/www.heparks.org\/?page_id=134"},"modified":"2026-04-10T11:39:12","modified_gmt":"2026-04-10T16:39:12","slug":"lightning-detection-system","status":"publish","type":"page","link":"https:\/\/www.heparks.org\/pl\/lightning-detection-system\/","title":{"rendered":"System Detekcji Wy\u0142adowa\u0144 Atmosferycznych"},"content":{"rendered":"<section class=\"wp-block-cover alignfull is-light pattern accordion-2\" style=\"min-height:312px;aspect-ratio:unset;\"><span aria-hidden=\"true\" class=\"wp-block-cover__background has-light-teal-background-color has-background-dim-100 has-background-dim\"><\/span><div class=\"wp-block-cover__inner-container has-global-padding is-layout-constrained wp-block-cover-is-layout-constrained\">\n<div style=\"width: 100%; border-radius: 30px; position:relative\" id=\"pwWidget:960648ac-5908-4696-9574-3f444714405e\">\n        <script src=\"https:\/\/widget.perryweather.com\/js\/PwIframe.min.js\"> <\/script>\n        <script>\n            PwIframe.createPerryWeatherWidget('960648ac-5908-4696-9574-3f444714405e');\n        <\/script>\n    <\/div>\n<\/div><\/section>\n\n\n\n<section class=\"wp-block-cover alignfull is-light pattern accordion-2\" style=\"min-height:347px;aspect-ratio:unset;\"><span aria-hidden=\"true\" class=\"wp-block-cover__background has-light-teal-background-color has-background-dim-100 has-background-dim\"><\/span><div class=\"wp-block-cover__inner-container has-global-padding is-layout-constrained wp-block-cover-is-layout-constrained\">\n<div style=\"width: 100%; border-radius: 30px; position:relative\" id=\"pwWidget:00716ad8-eaed-48b7-a5be-84681ec83f8b\">\n        <script src=\"https:\/\/widget.perryweather.com\/js\/PwIframe.min.js\"> <\/script>\n        <script>\n            PwIframe.createPerryWeatherWidget('00716ad8-eaed-48b7-a5be-84681ec83f8b');\n        <\/script>\n    <\/div>\n<\/div><\/section>\n\n\n\n<section class=\"wp-block-cover alignfull pattern accordion-2\"><span aria-hidden=\"true\" class=\"wp-block-cover__background has-sky-blue-background-color has-background-dim-100 has-background-dim\"><\/span><div class=\"wp-block-cover__inner-container has-global-padding is-layout-constrained wp-block-cover-is-layout-constrained\">\n<div class=\"wp-block-columns pattern-intro is-layout-flex wp-container-core-columns-is-layout-28f84493 wp-block-columns-is-layout-flex\">\n<div class=\"wp-block-column pattern-col-text is-layout-flow wp-block-column-is-layout-flow\">\n<h2 class=\"wp-block-heading is-style-intro-heading\">Perry Weather Lightning Detection System<\/h2>\n\n\n\n<h3 class=\"wp-block-heading pattern-heading\">Real-Time Weather Updates<\/h3>\n\n\n\n<p>At Hoffman Estates Park District, your safety is our top priority. To ensure our guests can enjoy our outdoor facilities with peace of mind, we have upgraded our weather monitoring capabilities at The Bridges of Poplar Creek Country Club and Seascape Family Aquatic Center with the Perry Weather outdoor warning system.<\/p>\n\n\n\n<p>Enjoy our facilities knowing that we are watching the skies for you!<\/p>\n<\/div>\n\n\n\n<div class=\"wp-block-column pattern-col-image is-layout-flow wp-block-column-is-layout-flow\">\n<figure class=\"wp-block-image size-full\"><img decoding=\"async\" width=\"580\" height=\"327\" data-src=\"https:\/\/www.heparks.org\/wp-content\/smush-webp\/2025\/11\/Rectangle-463.png.webp\" alt=\"a rainbow in the sky\" class=\"wp-image-155 lazyload\" data-srcset=\"https:\/\/www.heparks.org\/wp-content\/smush-webp\/2025\/11\/Rectangle-463.png.webp 580w, https:\/\/www.heparks.org\/wp-content\/smush-webp\/2025\/11\/Rectangle-463-300x169.png.webp 300w\" data-sizes=\"(max-width: 580px) 100vw, 580px\" src=\"data:image\/svg+xml;base64,PHN2ZyB3aWR0aD0iMSIgaGVpZ2h0PSIxIiB4bWxucz0iaHR0cDovL3d3dy53My5vcmcvMjAwMC9zdmciPjwvc3ZnPg==\" style=\"--smush-placeholder-width: 580px; --smush-placeholder-aspect-ratio: 580\/327;\" data-smush-webp-fallback=\"{&quot;data-src&quot;:&quot;https:\\\/\\\/www.heparks.org\\\/wp-content\\\/uploads\\\/2025\\\/11\\\/Rectangle-463.png&quot;,&quot;data-srcset&quot;:&quot;https:\\\/\\\/www.heparks.org\\\/wp-content\\\/uploads\\\/2025\\\/11\\\/Rectangle-463.png 580w, https:\\\/\\\/www.heparks.org\\\/wp-content\\\/uploads\\\/2025\\\/11\\\/Rectangle-463-300x169.png 300w&quot;}\" \/><\/figure>\n<\/div>\n<\/div>\n\n\n\n<div class=\"wp-block-columns pattern-accordion is-layout-flex wp-container-core-columns-is-layout-28f84493 wp-block-columns-is-layout-flex\">\n<div class=\"wp-block-column is-layout-flow wp-block-column-is-layout-flow\">\n<details class=\"wp-block-details is-layout-flow wp-block-details-is-layout-flow\"><summary>What is Perry Weather?<\/summary>\n<p>Perry Weather is a state-of-the-art weather safety platform that provides 24\/7 monitoring of lightning and severe weather conditions. Unlike traditional weather apps that rely on broad regional data, Perry Weather uses on-site sensors to provide hyperlocal, real-time information, monitoring weather patterns up to 48 hours in advance, specifically for our locations. Learn more at their website: P<a href=\"https:\/\/perryweather.com\/\">erry Weather.<\/a><\/p>\n<\/details>\n\n\n\n<details class=\"wp-block-details is-layout-flow wp-block-details-is-layout-flow\"><summary>How Does it Work?<\/summary>\n<p>When the Perry Weather system detects lightning or severe weather within a specific radius of our facilities, it automatically triggers a series of alerts to keep everyone safe:<\/p>\n\n\n\n<ul class=\"wp-block-list\">\n<li>Notifications are sent in real-time to HEParks staff alerting them of severe weather.<\/li>\n<\/ul>\n\n\n\n<ul class=\"wp-block-list\">\n<li>Audible Sirens: A loud, 15-second horn blast will sound to signal that weather conditions are unsafe and everyone must seek shelter immediately.<\/li>\n<\/ul>\n\n\n\n<ul class=\"wp-block-list\">\n<li>Visual Strobes: High-visibility strobe lights will flash continuously while a weather alert is active.<\/li>\n\n\n\n<li>The &#8220;All-Clear&#8221;: Once the system determines that no lightning has been detected for 30 minutes, it will sound three short horn blasts and the strobes will turn off, signaling that it is safe to resume outdoor activities.<\/li>\n<\/ul>\n\n\n\n<ul class=\"wp-block-list\">\n<li>Text-to-Speech PA: Clear, automated voice instructions may be broadcast to provide specific guidance on where to go. <\/li>\n<\/ul>\n<\/details>\n\n\n\n<details class=\"wp-block-details is-layout-flow wp-block-details-is-layout-flow\"><summary>Where You\u2019ll See It<\/summary>\n<p>You can now find Perry Weather stations active at:<\/p>\n\n\n\n<ul class=\"wp-block-list\">\n<li>The Bridges of Poplar Creek Country Club<\/li>\n\n\n\n<li>Rodzinne Centrum Wodne Seascape<\/li>\n<\/ul>\n\n\n\n<p>Perry Weather App: patrons can view our weather monitoring system on their mobile phones (see below)<\/p>\n<\/details>\n\n\n\n<details class=\"wp-block-details is-layout-flow wp-block-details-is-layout-flow\"><summary>What Happened to the Previous System?<\/summary>\n<p>HEParks formally used Thor Guard, which has since discontinued serving current models of their remote sensors we use, which doesn\u2019t allow us to access to replacement parts or technical support. This provided HEParks the opportunity to upgrade to a better, more modern service. As weather in Illinois can change in an instant, we felt it was vital to keep our residents safe by using the most up-do-date technology to remove the guesswork from weather safety. This system is trusted by the PGA of America and professional sports teams because it offers the most accurate lightning detection available, helping us avoid &#8220;false alarms&#8221; while ensuring we never miss a real threat.<\/p>\n<\/details>\n<\/div>\n<\/div>\n<\/div><\/section>\n\n\n\n<section class=\"wp-block-cover alignfull is-light pattern slider-5\"><img decoding=\"async\" width=\"1024\" height=\"731\" class=\"wp-block-cover__image-background wp-image-41604 size-large lazyload\" alt=\"Obraz drzew ze s\u0142o\u0144cem przebijaj\u0105cym si\u0119 przez li\u015bcie\" data-src=\"https:\/\/www.heparks.org\/wp-content\/smush-webp\/2025\/12\/DSC7541-1024x731.jpg.webp\" data-object-fit=\"cover\" data-srcset=\"https:\/\/www.heparks.org\/wp-content\/smush-webp\/2025\/12\/DSC7541-1024x731.jpg.webp 1024w, https:\/\/www.heparks.org\/wp-content\/smush-webp\/2025\/12\/DSC7541-300x214.jpg.webp 300w, https:\/\/www.heparks.org\/wp-content\/smush-webp\/2025\/12\/DSC7541-768x549.jpg.webp 768w, https:\/\/www.heparks.org\/wp-content\/smush-webp\/2025\/12\/DSC7541-1536x1097.jpg.webp 1536w, https:\/\/www.heparks.org\/wp-content\/smush-webp\/2025\/12\/DSC7541-scaled.jpg.webp 2048w\" data-sizes=\"(max-width: 1024px) 100vw, 1024px\" src=\"data:image\/svg+xml;base64,PHN2ZyB3aWR0aD0iMSIgaGVpZ2h0PSIxIiB4bWxucz0iaHR0cDovL3d3dy53My5vcmcvMjAwMC9zdmciPjwvc3ZnPg==\" style=\"--smush-placeholder-width: 1024px; --smush-placeholder-aspect-ratio: 1024\/731;\" data-smush-webp-fallback=\"{&quot;data-src&quot;:&quot;https:\\\/\\\/www.heparks.org\\\/wp-content\\\/uploads\\\/2025\\\/12\\\/DSC7541-1024x731.jpg&quot;,&quot;data-srcset&quot;:&quot;https:\\\/\\\/www.heparks.org\\\/wp-content\\\/uploads\\\/2025\\\/12\\\/DSC7541-1024x731.jpg 1024w, https:\\\/\\\/www.heparks.org\\\/wp-content\\\/uploads\\\/2025\\\/12\\\/DSC7541-300x214.jpg 300w, https:\\\/\\\/www.heparks.org\\\/wp-content\\\/uploads\\\/2025\\\/12\\\/DSC7541-768x549.jpg 768w, https:\\\/\\\/www.heparks.org\\\/wp-content\\\/uploads\\\/2025\\\/12\\\/DSC7541-1536x1097.jpg 1536w, https:\\\/\\\/www.heparks.org\\\/wp-content\\\/uploads\\\/2025\\\/12\\\/DSC7541-scaled.jpg 2048w&quot;}\" \/><span aria-hidden=\"true\" class=\"wp-block-cover__background has-background-dim-0 has-background-dim\"><\/span><div class=\"wp-block-cover__inner-container has-global-padding is-layout-constrained wp-block-cover-is-layout-constrained\">\n<div class=\"wp-block-columns pattern-intro is-layout-flex wp-container-core-columns-is-layout-28f84493 wp-block-columns-is-layout-flex\">\n<div class=\"wp-block-column pattern-col-text is-layout-flow wp-block-column-is-layout-flow\">\n<h2 class=\"wp-block-heading is-style-intro-heading\">Polecane programy<\/h2>\n\n\n\n<h3 class=\"wp-block-heading pattern-heading\">Odkrywaj wi\u0119cej z ca\u0142ej sieci HEParks<\/h3>\n<\/div>\n\n\n\n<div class=\"wp-block-column pattern-col-content is-layout-flow wp-block-column-is-layout-flow\">\n<p>Odkryj nasze polecane programy zaprojektowane tak, aby utrzyma\u0107 Ci\u0119 w ruchu, zaanga\u017cowanym i w kontakcie przez ca\u0142y rok. Od sport\u00f3w i fitnessu dla m\u0142odzie\u017cy po sztuk\u0119, rekreacj\u0119 i wydarzenia spo\u0142eczno\u015bciowe, Hoffman Estates Park District oferuje co\u015b dla ka\u017cdego.<\/p>\n\n\n\n<div class=\"wp-block-buttons is-layout-flex wp-block-buttons-is-layout-flex\">\n<div class=\"wp-block-button\"><a class=\"wp-block-button__link has-dark-teal-color has-text-color has-link-color wp-element-button\" href=\"https:\/\/www.flipsnack.com\/BDABCECC5A8\/spring-2026\">Zobacz nasz przewodnik po wio\u015bnie 2026<\/a><\/div>\n<\/div>\n\n\n\n<div class=\"wp-block-buttons is-layout-flex wp-block-buttons-is-layout-flex\">\n<div class=\"wp-block-button\"><a class=\"wp-block-button__link has-dark-teal-color has-text-color has-link-color wp-element-button\" href=\"https:\/\/www.heparks.org\/pl\/program\/opieka-po-zakonczeniu-i-obozy\/camps\/\">Zobacz nasz przewodnik po obozach letnich<\/a><\/div>\n<\/div>\n<\/div>\n<\/div>\n\n\n\n<div class=\"wp-block-columns pattern-carousel is-layout-flex wp-container-core-columns-is-layout-28f84493 wp-block-columns-is-layout-flex\">\n<div class=\"wp-block-column is-layout-flow wp-block-column-is-layout-flow\">\n<div class=\"wp-block-group slider-variation variation-01 has-global-padding is-layout-constrained wp-block-group-is-layout-constrained\">\n<section class=\"wp-block-prolific-carousel-new has-content-align-center wp-block-prolific-carousel-new\" id=\"carousel-new-block-2d0fb00b-40d6-4de8-bfa9-2a4bd35f90b9\" data-slide-count=\"4\" data-virtual-active-index=\"true\">\n\t<div class=\"carousel-new-swiper-wrapper\">\n\t\t<swiper-container\n\t\t\t direction=\"horizontal\" speed=\"300\" centered-slides=\"false\" auto-height=\"true\" free-mode=\"false\" scrollbar=\"false\" loop=\"false\" allow-touch-move=\"true\" grab-cursor=\"true\" keyboard=\"true\" mousewheel=\"false\" navigation=\"false\" pagination=\"true\" pagination-type=\"bullets\" pagination-el=\"#swiper-pagination-block-2d0fb00b-40d6-4de8-bfa9-2a4bd35f90b9\" pagination-clickable=\"true\" pagination-dynamic-bullets=\"false\" resistance-ratio=\"0.85\" breakpoints='{&quot;0&quot;:{&quot;slidesPerView&quot;:1,&quot;spaceBetween&quot;:10},&quot;768&quot;:{&quot;slidesPerView&quot;:3,&quot;spaceBetween&quot;:20},&quot;1024&quot;:{&quot;slidesPerView&quot;:4,&quot;spaceBetween&quot;:35}}'\t\t\trole=\"region\"\n\t\t\taria-label=\"Carousel\"\n\t\t\tclass=\"carousel-new-swiper-container\"\n\t\t>\n\t\t\t\n\n<swiper-slide class=\"swiper-slide wp-block-prolific-carousel-new-slide\">\n\t<div class=\"carousel-new-slide-inner\">\n\t\t\n\n<div class=\"wp-block-group upper-stack is-vertical is-layout-flex wp-container-core-group-is-layout-fe9cc265 wp-block-group-is-layout-flex\">\n<p class=\"pill\">Przedstawiciel Spo\u0142eczno\u015bci<\/p>\n\n\n\n<div class=\"wp-block-group is-vertical is-layout-flex wp-container-core-group-is-layout-fe9cc265 wp-block-group-is-layout-flex\">\n<h3 class=\"wp-block-heading has-text-align-center\">Pom\u00f3\u017c kszta\u0142towa\u0107 nasz\u0105 przysz\u0142o\u015b\u0107<\/h3>\n\n\n\n<p class=\"has-text-align-center\">Poszukujemy cz\u0142onk\u00f3w spo\u0142eczno\u015bci do pracy w naszym Komitecie Doradczym, oferuj\u0105c mieszka\u0144com znacz\u0105c\u0105 mo\u017cliwo\u015b\u0107 kszta\u0142towania przysz\u0142o\u015bci lokalnych park\u00f3w, program\u00f3w i obiekt\u00f3w rekreacyjnych.<\/p>\n<\/div>\n<\/div>\n\n\n\n<div class=\"wp-block-group lower-stack is-vertical is-layout-flex wp-container-core-group-is-layout-fe9cc265 wp-block-group-is-layout-flex\">\n<div class=\"wp-block-buttons is-layout-flex wp-block-buttons-is-layout-flex\">\n<div class=\"wp-block-button\"><a aria-label=\"Pom\u00f3\u017c kszta\u0142towa\u0107 nasz\u0105 przysz\u0142o\u015b\u0107\" class=\"wp-block-button__link wp-element-button\" href=\"https:\/\/www.heparks.org\/pl\/questionnaire\/\">Zaanga\u017cuj si\u0119<span class=\"screen-reader-text\">Pom\u00f3\u017c kszta\u0142towa\u0107 nasz\u0105 przysz\u0142o\u015b\u0107<\/span><\/a><\/div>\n<\/div>\n<\/div>\n\n\t<\/div>\n<\/swiper-slide>\n\n\n\n<swiper-slide class=\"swiper-slide wp-block-prolific-carousel-new-slide\">\n\t<div class=\"carousel-new-slide-inner\">\n\t\t\n\n<div class=\"wp-block-group upper-stack is-vertical is-layout-flex wp-container-core-group-is-layout-fe9cc265 wp-block-group-is-layout-flex\">\n<p class=\"pill\">Golf dla m\u0142odzie\u017cy i doros\u0142ych<\/p>\n\n\n\n<div class=\"wp-block-group is-vertical is-layout-flex wp-container-core-group-is-layout-fe9cc265 wp-block-group-is-layout-flex\">\n<h3 class=\"wp-block-heading has-text-align-center\">Rozwijaj swoj\u0105 gr\u0119 w golfa<\/h3>\n\n\n\n<p class=\"has-text-align-center\">HEParks oferuje indywidualne lekcje, zaj\u0119cia w ma\u0142ych grupach i programy dostosowane do wieku, kt\u00f3re koncentruj\u0105 si\u0119 na podstawach, mechanice swingu, umiej\u0119tno\u015bciach gry na kr\u00f3tkich dystansach, grze na polu i budowaniu pewno\u015bci siebie w wspieraj\u0105cym \u015brodowisku nauki w Bridges of Poplar Creek Country Club.<\/p>\n<\/div>\n<\/div>\n\n\n\n<div class=\"wp-block-group lower-stack is-vertical is-layout-flex wp-container-core-group-is-layout-fe9cc265 wp-block-group-is-layout-flex\">\n<div class=\"wp-block-buttons is-layout-flex wp-block-buttons-is-layout-flex\">\n<div class=\"wp-block-button\"><a aria-label=\"Rozwijaj swoj\u0105 gr\u0119 w golfa\" class=\"wp-block-button__link wp-element-button\" href=\"https:\/\/www.heparks.org\/pl\/program\/lekkoatletyka\/golf\/\">Kliknij w linki<span class=\"screen-reader-text\">Rozwijaj swoj\u0105 gr\u0119 w golfa<\/span><\/a><\/div>\n<\/div>\n<\/div>\n\n\t<\/div>\n<\/swiper-slide>\n\n\n\n<swiper-slide class=\"swiper-slide wp-block-prolific-carousel-new-slide\">\n\t<div class=\"carousel-new-slide-inner\">\n\t\t\n\n<div class=\"wp-block-group upper-stack is-vertical is-layout-flex wp-container-core-group-is-layout-fe9cc265 wp-block-group-is-layout-flex\">\n<p class=\"pill\">Przej\u015bcie krajobrazowe<\/p>\n\n\n\n<div class=\"wp-block-group is-vertical is-layout-flex wp-container-core-group-is-layout-fe9cc265 wp-block-group-is-layout-flex\">\n<h3 class=\"wp-block-heading has-text-align-center\"><strong>Rozbryzgaj si\u0119 na lato<\/strong><\/h3>\n\n\n\n<p class=\"has-text-align-center\">Zanurz si\u0119 w wodzie w Seascape Family Aquatic Center. Od zje\u017cd\u017calni po deski do nurkowania i malutkich p\u0142ywak\u00f3w po raz pierwszy - zabawa dla wszystkich grup wiekowych!  Kup karnety rodzinne ju\u017c dzi\u015b - Twoje przysz\u0142e lato b\u0119dzie Ci wdzi\u0119czne!<\/p>\n<\/div>\n<\/div>\n\n\n\n<div class=\"wp-block-group lower-stack is-vertical is-layout-flex wp-container-core-group-is-layout-fe9cc265 wp-block-group-is-layout-flex\">\n<div class=\"wp-block-buttons is-layout-flex wp-block-buttons-is-layout-flex\">\n<div class=\"wp-block-button\"><a aria-label=\"Rozbryzgaj si\u0119 na lato\" class=\"wp-block-button__link wp-element-button\" href=\"https:\/\/www.heparks.org\/pl\/spacje\/rodzinne-centrum-wodne-seascape\/\"><strong>Zaryzykuj<\/strong><span class=\"screen-reader-text\">Rozbryzgaj si\u0119 na lato<\/span><\/a><\/div>\n<\/div>\n<\/div>\n\n\t<\/div>\n<\/swiper-slide>\n\n\n\n<swiper-slide class=\"swiper-slide wp-block-prolific-carousel-new-slide\">\n\t<div class=\"carousel-new-slide-inner\">\n\t\t\n\n<div class=\"wp-block-group upper-stack is-vertical is-layout-flex wp-container-core-group-is-layout-fe9cc265 wp-block-group-is-layout-flex\">\n<p class=\"pill\">Karnety do park\u00f3w dla ps\u00f3w<\/p>\n\n\n\n<div class=\"wp-block-group is-vertical is-layout-flex wp-container-core-group-is-layout-fe9cc265 wp-block-group-is-layout-flex\">\n<h3 class=\"wp-block-heading has-text-align-center\"><strong>Uwolnij zabaw\u0119!<\/strong><\/h3>\n\n\n\n<p class=\"has-text-align-center\">Otwarte codziennie, przez ca\u0142y rok od \u015bwitu do zmierzchu, nasze w pe\u0142ni ogrodzone parki dla ps\u00f3w bez smyczy zapewniaj\u0105 bezpieczne, przyjazne miejsce do biegania, zabawy i socjalizacji ps\u00f3w. Udogodnienia obejmuj\u0105 oddzielne strefy dla ma\u0142ych ps\u00f3w, sprz\u0119t do agility, wod\u0119, strefy wej\u015bciowe, stacje do wyrzucania odchod\u00f3w, sto\u0142y piknikowe i wygodne wej\u015bcie na kart\u0119 zbli\u017ceniow\u0105.<\/p>\n<\/div>\n<\/div>\n\n\n\n<div class=\"wp-block-group lower-stack is-vertical is-layout-flex wp-container-core-group-is-layout-fe9cc265 wp-block-group-is-layout-flex\">\n<div class=\"wp-block-buttons is-layout-flex wp-block-buttons-is-layout-flex\">\n<div class=\"wp-block-button\"><a aria-label=\"Uwolnij zabaw\u0119!\" class=\"wp-block-button__link wp-element-button\" href=\"https:\/\/www.heparks.org\/pl\/psiarnie\/\">WYPROWAD\u0179 PSA<span class=\"screen-reader-text\">Uwolnij zabaw\u0119!<\/span><\/a><\/div>\n<\/div>\n<\/div>\n\n\t<\/div>\n<\/swiper-slide>\n\n\t\t<\/swiper-container>\n\n\t\t\n\t\t\n\t\t\t\t\t<div class=\"carousel-new-controls-group grouped grouped-position-bottom grouped-layout-split\">\n\t\t\t\t\t\t\t\t\t\t\t\t\t\t\t\t\t\t\t\t<button\n\t\t\t\t\t\t\tclass=\"carousel-new-nav-prev\"\n\t\t\t\t\t\t\taria-label=\"Previous slide\"\n\t\t\t\t\t\t\trole=\"button\"\n\t\t\t\t\t\t>\n\t\t\t\t\t\t\t\t\t\t\t\t\t\t\t<span class=\"carousel-new-nav-icon\">\n\t\t\t\t\t\t\t\t\t<svg xmlns=\"http:\/\/www.w3.org\/2000\/svg\" fill=\"none\">\n  <path d=\"M-2.40413e-07 5.5L8.25 0.736861L8.25 10.2631L-2.40413e-07 5.5Z\" fill=\"#2C4E3F\"\/>\n<\/svg>\t\t\t\t\t\t\t\t<\/span>\n\t\t\t\t\t\t\t\t\t\t\t\t\t\t<span class=\"screen-reader-text\">Previous<\/span>\n\t\t\t\t\t\t<\/button>\n\t\t\t\t\t\n\t\t\t\t\t\t\t\t\t\t\t<div id=\"swiper-pagination-block-2d0fb00b-40d6-4de8-bfa9-2a4bd35f90b9\" class=\"swiper-pagination grouped\"><\/div>\n\t\t\t\t\t\n\t\t\t\t\t\t\t\t\t\t\t<button\n\t\t\t\t\t\t\tclass=\"carousel-new-nav-next\"\n\t\t\t\t\t\t\taria-label=\"Next slide\"\n\t\t\t\t\t\t\trole=\"button\"\n\t\t\t\t\t\t>\n\t\t\t\t\t\t\t\t\t\t\t\t\t\t\t<span class=\"carousel-new-nav-icon\">\n\t\t\t\t\t\t\t\t\t<svg xmlns=\"http:\/\/www.w3.org\/2000\/svg\" fill=\"none\">\n  <path d=\"M9 5.5L0.749999 10.2631L0.749999 0.73686L9 5.5Z\" fill=\"#2C4E3F\"\/>\n<\/svg>\t\t\t\t\t\t\t\t<\/span>\n\t\t\t\t\t\t\t\t\t\t\t\t\t\t<span class=\"screen-reader-text\">Next<\/span>\n\t\t\t\t\t\t<\/button>\n\t\t\t\t\t\t\t\t\t\t\t\t<\/div>\n\t\t\t<\/div>\n\n\t<\/section>\n<\/div>\n<\/div>\n<\/div>\n<\/div><\/section>","protected":false},"excerpt":{"rendered":"","protected":false},"author":1,"featured_media":0,"parent":0,"menu_order":0,"comment_status":"closed","ping_status":"closed","template":"","meta":{"_acf_changed":false,"_searchwp_excluded":"","_EventAllDay":false,"_EventTimezone":"","_EventStartDate":"","_EventEndDate":"","_EventStartDateUTC":"","_EventEndDateUTC":"","_EventShowMap":false,"_EventShowMapLink":false,"_EventURL":"","_EventCost":"","_EventCostDescription":"","_EventCurrencySymbol":"","_EventCurrencyCode":"","_EventCurrencyPosition":"","_EventDateTimeSeparator":"","_EventTimeRangeSeparator":"","_EventOrganizerID":[],"_EventVenueID":[],"_OrganizerEmail":"","_OrganizerPhone":"","_OrganizerWebsite":"","_VenueAddress":"","_VenueCity":"","_VenueCountry":"","_VenueProvince":"","_VenueState":"","_VenueZip":"","_VenuePhone":"","_VenueURL":"","_VenueStateProvince":"","_VenueLat":"","_VenueLng":"","_VenueShowMap":false,"_VenueShowMapLink":false,"_tribe_blocks_recurrence_rules":"","_tribe_blocks_recurrence_description":"","_tribe_blocks_recurrence_exclusions":"","_ecp_custom_2":"","footnotes":""},"class_list":["post-134","page","type-page","status-publish","hentry"],"acf":[],"_links":{"self":[{"href":"https:\/\/www.heparks.org\/pl\/wp-json\/wp\/v2\/pages\/134","targetHints":{"allow":["GET"]}}],"collection":[{"href":"https:\/\/www.heparks.org\/pl\/wp-json\/wp\/v2\/pages"}],"about":[{"href":"https:\/\/www.heparks.org\/pl\/wp-json\/wp\/v2\/types\/page"}],"author":[{"embeddable":true,"href":"https:\/\/www.heparks.org\/pl\/wp-json\/wp\/v2\/users\/1"}],"replies":[{"embeddable":true,"href":"https:\/\/www.heparks.org\/pl\/wp-json\/wp\/v2\/comments?post=134"}],"version-history":[{"count":19,"href":"https:\/\/www.heparks.org\/pl\/wp-json\/wp\/v2\/pages\/134\/revisions"}],"predecessor-version":[{"id":57592,"href":"https:\/\/www.heparks.org\/pl\/wp-json\/wp\/v2\/pages\/134\/revisions\/57592"}],"wp:attachment":[{"href":"https:\/\/www.heparks.org\/pl\/wp-json\/wp\/v2\/media?parent=134"}],"curies":[{"name":"wp","href":"https:\/\/api.w.org\/{rel}","templated":true}]}}