{"id":111,"date":"2025-10-30T09:32:59","date_gmt":"2025-10-30T09:32:59","guid":{"rendered":"https:\/\/www.heparks.org\/?page_id=111"},"modified":"2026-04-08T10:28:09","modified_gmt":"2026-04-08T15:28:09","slug":"mozliwosci-sponsoringu-reklamowego","status":"publish","type":"page","link":"https:\/\/www.heparks.org\/pl\/about\/get-involved\/advertising-sponsorship-opportunities\/","title":{"rendered":"Mo\u017cliwo\u015bci reklamy i sponsorowania"},"content":{"rendered":"<section class=\"wp-block-cover alignfull pattern hero-1\"><img decoding=\"async\" width=\"1024\" height=\"612\" class=\"wp-block-cover__image-background wp-image-6123 size-large lazyload\" alt=\"osoba p\u0142ywaj\u0105ca w basenie\" data-src=\"https:\/\/www.heparks.org\/wp-content\/smush-webp\/2025\/12\/Hero-2-1024x612.png.webp\" data-object-fit=\"cover\" data-srcset=\"https:\/\/www.heparks.org\/wp-content\/smush-webp\/2025\/12\/Hero-2-1024x612.png.webp 1024w, https:\/\/www.heparks.org\/wp-content\/smush-webp\/2025\/12\/Hero-2-300x179.png.webp 300w, https:\/\/www.heparks.org\/wp-content\/smush-webp\/2025\/12\/Hero-2-768x459.png.webp 768w, https:\/\/www.heparks.org\/wp-content\/smush-webp\/2025\/12\/Hero-2.png.webp 1512w\" data-sizes=\"(max-width: 1024px) 100vw, 1024px\" src=\"data:image\/svg+xml;base64,PHN2ZyB3aWR0aD0iMSIgaGVpZ2h0PSIxIiB4bWxucz0iaHR0cDovL3d3dy53My5vcmcvMjAwMC9zdmciPjwvc3ZnPg==\" style=\"--smush-placeholder-width: 1024px; --smush-placeholder-aspect-ratio: 1024\/612;\" data-smush-webp-fallback=\"{&quot;data-src&quot;:&quot;https:\\\/\\\/www.heparks.org\\\/wp-content\\\/uploads\\\/2025\\\/12\\\/Hero-2-1024x612.png&quot;,&quot;data-srcset&quot;:&quot;https:\\\/\\\/www.heparks.org\\\/wp-content\\\/uploads\\\/2025\\\/12\\\/Hero-2-1024x612.png 1024w, https:\\\/\\\/www.heparks.org\\\/wp-content\\\/uploads\\\/2025\\\/12\\\/Hero-2-300x179.png 300w, https:\\\/\\\/www.heparks.org\\\/wp-content\\\/uploads\\\/2025\\\/12\\\/Hero-2-768x459.png 768w, https:\\\/\\\/www.heparks.org\\\/wp-content\\\/uploads\\\/2025\\\/12\\\/Hero-2.png 1512w&quot;}\" \/><span aria-hidden=\"true\" class=\"wp-block-cover__background has-background-dim\"><\/span><div class=\"wp-block-cover__inner-container has-global-padding is-layout-constrained wp-block-cover-is-layout-constrained\">\n<div class=\"wp-block-columns pattern-intro is-layout-flex wp-container-core-columns-is-layout-28f84493 wp-block-columns-is-layout-flex\">\n<div class=\"wp-block-column is-layout-flow wp-block-column-is-layout-flow\">\n<h2 class=\"wp-block-heading is-style-intro-heading\">Dotrzyj do swojej publiczno\u015bci. Wspieraj swoj\u0105 spo\u0142eczno\u015b\u0107<\/h2>\n\n\n\n<div class=\"wp-block-group has-global-padding is-layout-constrained wp-block-group-is-layout-constrained\">\n<h3 class=\"wp-block-heading pattern-heading\">Mo\u017cliwo\u015bci reklamy i sponsorowania<\/h3>\n\n\n\n<p>Nawi\u0105\u017c wsp\u00f3\u0142prac\u0119 z HEParks i nawi\u0105\u017c znacz\u0105cy kontakt swojej firmy z tysi\u0105cami lokalnych rodzin. Nasze sponsoringi oferuj\u0105 wi\u0119cej ni\u017c tylko widoczno\u015b\u0107 \u2013 tworz\u0105 autentyczne relacje mi\u0119dzy Twoj\u0105 mark\u0105 a nasz\u0105 spo\u0142eczno\u015bci\u0105. Nawi\u0105zuj\u0105c wsp\u00f3\u0142prac\u0119 z nasz\u0105 zaufan\u0105, skoncentrowan\u0105 na rodzinie organizacj\u0105, zademonstrujesz swoje zaanga\u017cowanie w lokalne warto\u015bci, jednocze\u015bnie docieraj\u0105c do swojej grupy docelowej tam, gdzie \u017cyje, bawi si\u0119 i spotyka.<\/p>\n<\/div>\n<\/div>\n<\/div>\n<\/div><\/section>\n\n\n\n<section class=\"wp-block-cover alignfull is-light pattern feature-grid-2\"><span aria-hidden=\"true\" class=\"wp-block-cover__background has-coral-orange-background-color has-background-dim-100 has-background-dim\"><\/span><div class=\"wp-block-cover__inner-container has-global-padding is-layout-constrained wp-block-cover-is-layout-constrained\">\n<div class=\"wp-block-columns pattern-intro is-layout-flex wp-container-core-columns-is-layout-28f84493 wp-block-columns-is-layout-flex\">\n<div class=\"wp-block-column is-layout-flow wp-block-column-is-layout-flow\">\n<h2 class=\"wp-block-heading is-style-intro-heading\">Dlaczego warto z nami wsp\u00f3\u0142pracowa\u0107?<\/h2>\n\n\n\n<h3 class=\"wp-block-heading pattern-heading\">O partnerstwie<\/h3>\n\n\n\n<div class=\"wp-block-group has-global-padding is-layout-constrained wp-block-group-is-layout-constrained\">\n<p>Partnerstwo z HEParks to co\u015b wi\u0119cej ni\u017c reklama \u2013 to znacz\u0105ce po\u0142\u0105czenie ze spo\u0142eczno\u015bci\u0105. Po\u0142\u0105cz swoj\u0105 mark\u0119 z zaufan\u0105 instytucj\u0105 publiczn\u0105, zyskaj widoczno\u015b\u0107 wielokana\u0142ow\u0105 i wywrzy bezpo\u015bredni wp\u0142yw na zdrowie i szcz\u0119\u015bcie lokalnych rodzin. Jest to op\u0142acalne, o wysokiej warto\u015bci i zakorzenione w celu.<\/p>\n<\/div>\n<\/div>\n<\/div>\n\n\n\n<div class=\"wp-block-columns pattern-grid is-layout-flex wp-container-core-columns-is-layout-28f84493 wp-block-columns-is-layout-flex\">\n<div class=\"wp-block-column pattern-grid-col-1 is-layout-flow wp-block-column-is-layout-flow\">\n<h4 class=\"wp-block-heading pattern-grid-heading\">Wsp\u00f3lnota Bezpo\u015brednia <br>Wp\u0142yw<\/h4>\n<\/div>\n\n\n\n<div class=\"wp-block-column pattern-grid-col-2 is-layout-flow wp-block-column-is-layout-flow\">\n<h4 class=\"wp-block-heading pattern-grid-heading\">Wielokana\u0142owy <br>Widoczno\u015b\u0107<\/h4>\n<\/div>\n\n\n\n<div class=\"wp-block-column pattern-grid-col-3 is-layout-flow wp-block-column-is-layout-flow\">\n<h4 class=\"wp-block-heading pattern-grid-heading\">Ekonomiczne <br>Ekspozycja marki<\/h4>\n<\/div>\n\n\n\n<div class=\"wp-block-column pattern-grid-col-4 is-layout-flow wp-block-column-is-layout-flow\">\n<h4 class=\"wp-block-heading pattern-grid-heading\">Pozytywna Spo\u0142eczno\u015b\u0107 <br>Percepcja<\/h4>\n<\/div>\n<\/div>\n<\/div><\/section>\n\n\n\n<section class=\"wp-block-cover alignfull pattern accordion-1\"><span aria-hidden=\"true\" class=\"wp-block-cover__background has-dark-teal-background-color has-background-dim-100 has-background-dim\"><\/span><div class=\"wp-block-cover__inner-container has-global-padding is-layout-constrained wp-block-cover-is-layout-constrained\">\n<div class=\"wp-block-columns pattern-intro is-layout-flex wp-container-core-columns-is-layout-28f84493 wp-block-columns-is-layout-flex\">\n<div class=\"wp-block-column pattern-col-text is-layout-flow wp-block-column-is-layout-flow\">\n<h2 class=\"wp-block-heading is-style-intro-heading\">Jak nawi\u0105za\u0107 wsp\u00f3\u0142prac\u0119 z nami<\/h2>\n\n\n\n<h3 class=\"wp-block-heading pattern-heading\">Mo\u017cliwo\u015bci reklamy i sponsorowania<\/h3>\n<\/div>\n\n\n\n<div class=\"wp-block-column pattern-col-image is-layout-flow wp-block-column-is-layout-flow\">\n<figure class=\"wp-block-image size-full\"><img decoding=\"async\" width=\"2048\" height=\"643\" data-src=\"https:\/\/www.heparks.org\/wp-content\/smush-webp\/2025\/12\/caines-edit-Recovered-copy-1.jpg.webp\" alt=\"dwie kobiety stoj\u0105ce obok siebie\" class=\"wp-image-6125 lazyload\" data-srcset=\"https:\/\/www.heparks.org\/wp-content\/smush-webp\/2025\/12\/caines-edit-Recovered-copy-1.jpg.webp 2048w, https:\/\/www.heparks.org\/wp-content\/smush-webp\/2025\/12\/caines-edit-Recovered-copy-1-300x94.jpg.webp 300w, https:\/\/www.heparks.org\/wp-content\/smush-webp\/2025\/12\/caines-edit-Recovered-copy-1-1024x322.jpg.webp 1024w, https:\/\/www.heparks.org\/wp-content\/smush-webp\/2025\/12\/caines-edit-Recovered-copy-1-768x241.jpg.webp 768w, https:\/\/www.heparks.org\/wp-content\/smush-webp\/2025\/12\/caines-edit-Recovered-copy-1-1536x483.jpg.webp 1536w\" data-sizes=\"(max-width: 2048px) 100vw, 2048px\" src=\"data:image\/svg+xml;base64,PHN2ZyB3aWR0aD0iMSIgaGVpZ2h0PSIxIiB4bWxucz0iaHR0cDovL3d3dy53My5vcmcvMjAwMC9zdmciPjwvc3ZnPg==\" style=\"--smush-placeholder-width: 2048px; --smush-placeholder-aspect-ratio: 2048\/643;\" data-smush-webp-fallback=\"{&quot;data-src&quot;:&quot;https:\\\/\\\/www.heparks.org\\\/wp-content\\\/uploads\\\/2025\\\/12\\\/caines-edit-Recovered-copy-1.jpg&quot;,&quot;data-srcset&quot;:&quot;https:\\\/\\\/www.heparks.org\\\/wp-content\\\/uploads\\\/2025\\\/12\\\/caines-edit-Recovered-copy-1.jpg 2048w, https:\\\/\\\/www.heparks.org\\\/wp-content\\\/uploads\\\/2025\\\/12\\\/caines-edit-Recovered-copy-1-300x94.jpg 300w, https:\\\/\\\/www.heparks.org\\\/wp-content\\\/uploads\\\/2025\\\/12\\\/caines-edit-Recovered-copy-1-1024x322.jpg 1024w, https:\\\/\\\/www.heparks.org\\\/wp-content\\\/uploads\\\/2025\\\/12\\\/caines-edit-Recovered-copy-1-768x241.jpg 768w, https:\\\/\\\/www.heparks.org\\\/wp-content\\\/uploads\\\/2025\\\/12\\\/caines-edit-Recovered-copy-1-1536x483.jpg 1536w&quot;}\" \/><\/figure>\n<\/div>\n<\/div>\n\n\n\n<div class=\"wp-block-columns pattern-accordion is-layout-flex wp-container-core-columns-is-layout-28f84493 wp-block-columns-is-layout-flex\">\n<div class=\"wp-block-column is-layout-flow wp-block-column-is-layout-flow\">\n<details class=\"wp-block-details is-layout-flow wp-block-details-is-layout-flow\"><summary>Cyfrowe i drukowane<\/summary>\n<ul class=\"wp-block-list\">\n<li>Reklama przewodnik po programach (ponad 130 000 wy\u015bwietle\u0144 stron miesi\u0119cznie)<\/li>\n\n\n\n<li>Obecno\u015b\u0107 w Internecie (druga najcz\u0119\u015bciej odwiedzana strona)<\/li>\n\n\n\n<li>Zasi\u0119g w mediach spo\u0142eczno\u015bciowych (ponad 200 000 odbiorc\u00f3w miesi\u0119cznie)<\/li>\n\n\n\n<li>Umieszczenie w Biuletynie E-mail (ponad 23 000 aktywnych kont)<\/li>\n<\/ul>\n<\/details>\n\n\n\n<details class=\"wp-block-details is-layout-flow wp-block-details-is-layout-flow\"><summary>Wydarzenia Specjalne<\/summary>\n<p>Hoffman Estates Park District organizuje specjalne wydarzenia przez ca\u0142y rok. Te popularne wydarzenia daj\u0105 Twojej firmie bezpo\u015bredni kontakt z przysz\u0142ymi klientami. Oto tylko kilka z nich:<\/p>\n\n\n\n<p>\u2022 Wydarzenia \u0142y\u017cwiarskie<br>\u2022 Polowanie na jajka<br>Jarmark R\u0119kodzie\u0142a<br>\u2022\u00a0Pi\u0105tkowa Zabawa w Parku<br>\u2022 Wydarzenia z muzyk\u0105 na \u017cywo<br>Wydarzenia Morskie<br>Impreza Halloweenowa<br>\u2022 Festyn nawiedzonych Hoffman\u00f3w<br>Zimowy Festiwal<br>\u2022 \u015aniadanie z \u015awi\u0119tym Miko\u0142ajem<br>\u2022 Wydarzenia golfowe<\/p>\n<\/details>\n\n\n\n<details class=\"wp-block-details is-layout-flow wp-block-details-is-layout-flow\"><summary>Oznakowanie na miejscu<\/summary>\n<p>Hoffman Estates Park District oferuje firmom mo\u017cliwo\u015b\u0107 reklamy w r\u00f3\u017cnych obiektach Park District, a tak\u017ce na swoich dw\u00f3ch du\u017cych ekranach cyfrowych o rozmiarze 10\u2019x20\u2032 przy ruchliwych ulicach: Triphahn Center (Higgins Road) i Vogelei Park (Higgins i Golf Roads). Dost\u0119pne s\u0105 opcje przestrzeni g\u0142\u00f3wnej oraz przestrzeni wsp\u00f3\u0142dzielonej.<\/p>\n<\/details>\n\n\n\n<details class=\"wp-block-details is-layout-flow wp-block-details-is-layout-flow\"><summary>Sponsoring obiekt\u00f3w i program\u00f3w<\/summary>\n<p>Oferujemy sponsoring wydarze\u0144 i obiekt\u00f3w, a tak\u017ce r\u00f3\u017cne opcje reklamowe na terenie i w okolicach Park District. Niezale\u017cnie od tego, czy chodzi o darowizny rzeczowe lub \u017cywno\u015bciowe, nagrody na loterie, czy sponsoring finansowy, pomo\u017cemy Ci znale\u017a\u0107 najlepsze rozwi\u0105zanie dla Twojej firmy. Obs\u0142ugujemy wszystkich, od dzieci po senior\u00f3w, dlatego jeste\u015bmy pewni, \u017ce znajdziemy odpowiedni\u0105 dla Pa\u0144stwa ofert\u0119 sponsorsk\u0105.<\/p>\n\n\n\n<p><strong>Widoczno\u015b\u0107 Spo\u0142eczno\u015bci<\/strong><br>56 690 mieszka\u0144c\u00f3w HE Parks<br>Ponad 200 tys. ods\u0142on strony rocznie<br>30 000 rozegranych rund golfa<br>6 000 uczestnik\u00f3w wydarzenia specjalnego<br>23 000+ aktywnych kont e-mail<br>Ponad 7000 obserwuj\u0105cych w mediach spo\u0142eczno\u015bciowych<\/p>\n\n\n\n<p><strong>Mo\u017cliwo\u015bci partnerskie<\/strong><br>Sponsoring obiektu<br>Sponsoring wydarze\u0144\/program\u00f3w<br>Rodzina, Spo\u0142eczno\u015b\u0107 i Wydarzenia z Psem<br>Mo\u017cliwo\u015bci sponsoringu program\u00f3w dla doros\u0142ych i m\u0142odzie\u017cy<br>Ligii sportowe<br>Darowizny rzeczowe<br>Pakiety Golfa<br>Klub 50+ wydarzenia<br>Sponsoring LSC\/Przedszkole\/Obozu<\/p>\n\n\n\n<p class=\"has-base-color has-text-color has-link-color wp-elements-961f3d5b51f5928d2cb8e767cafca64b\">Po informacje, napisz na adres&nbsp;<a href=\"mailto:jney@heparks.org\">Jef Ney<\/a>&nbsp;lub zadzwo\u0144 pod numer 847-285-5477.<\/p>\n<\/details>\n\n\n\n<details class=\"wp-block-details is-layout-flow wp-block-details-is-layout-flow\"><summary>Fundacja i Mo\u017cliwo\u015bci Darczy\u0144c\u00f3w<\/summary>\n<p>Przyjaciele Park\u00f3w HE oferuj\u0105 niepowtarzaln\u0105 okazj\u0119 do sponsorowania wydarze\u0144, zakupu li\u015bcia na Drzewku Dar\u00f3w i wielu innych.&nbsp;<\/p>\n\n\n\n<div class=\"wp-block-buttons is-layout-flex wp-block-buttons-is-layout-flex\">\n<div class=\"wp-block-button\"><a class=\"wp-block-button__link wp-element-button\" href=\"https:\/\/www.heparks.org\/pl\/o\/zaangazuj-sie\/friends-of-heparks-foundation\/\">Przyjaciele Fundacji HEParks<\/a><\/div>\n<\/div>\n<\/details>\n<\/div>\n<\/div>\n<\/div><\/section>\n\n\n\n<section class=\"wp-block-cover alignfull is-light pattern cta-1 has-dark-teal-color has-text-color has-link-color wp-elements-c6b0db99fec0046bcd577e485b9c0232\"><span aria-hidden=\"true\" class=\"wp-block-cover__background has-light-teal-background-color has-background-dim-100 has-background-dim\"><\/span><div class=\"wp-block-cover__inner-container has-global-padding is-layout-constrained wp-block-cover-is-layout-constrained\">\n<div class=\"wp-block-columns is-layout-flex wp-container-core-columns-is-layout-28f84493 wp-block-columns-is-layout-flex\">\n<div class=\"wp-block-column pattern-col-text is-layout-flow wp-block-column-is-layout-flow\">\n<h2 class=\"wp-block-heading is-style-intro-heading\">Wesprzyj to, co porusza nasz\u0105 spo\u0142eczno\u015b\u0107<\/h2>\n\n\n\n<div class=\"wp-block-group has-global-padding is-layout-constrained wp-block-group-is-layout-constrained\">\n<h3 class=\"wp-block-heading\">Odkryj elastyczne mo\u017cliwo\u015bci sponsoringu<\/h3>\n\n\n\n<p>Oferujemy szeroki wyb\u00f3r pakiet\u00f3w sponsorskich dopasowanych do Twoich cel\u00f3w i umo\u017cliwiaj\u0105cych nawi\u0105zanie kontaktu z sercem Hoffman Estates. Niezale\u017cnie od tego, czy chcesz zwi\u0119kszy\u0107 \u015bwiadomo\u015b\u0107 marki, wspiera\u0107 spo\u0142eczno\u015b\u0107, czy wywrze\u0107 znacz\u0105cy wp\u0142yw, nasze poziomy Br\u0105zowy, Srebrny i Z\u0142oty oferuj\u0105 skalowalne korzy\u015bci \u2014 od oznakowania i wzmianek w mediach spo\u0142eczno\u015bciowych po obecno\u015b\u0107 na wydarzeniach spo\u0142eczno\u015bciowych.<\/p>\n\n\n\n<p>Ch\u0119tnie przyjmujemy r\u00f3wnie\u017c darowizny rzeczowe lub us\u0142ugi, kt\u00f3re pomagaj\u0105 wspiera\u0107 nasze programy i s\u0105 doceniane przemy\u015blanymi podzi\u0119kowaniami na naszych platformach.<\/p>\n\n\n\n<div class=\"wp-block-buttons is-vertical is-layout-flex wp-container-core-buttons-is-layout-fe9cc265 wp-block-buttons-is-layout-flex\">\n<div class=\"wp-block-button is-style-fill\"><a class=\"wp-block-button__link has-base-color has-dark-teal-background-color has-text-color has-background has-link-color wp-element-button\" href=\"https:\/\/www.heparks.org\/pl\/kontakt\/\">skontaktuj si\u0119 po wi\u0119cej informacji<\/a><\/div>\n<\/div>\n<\/div>\n<\/div>\n\n\n\n<div class=\"wp-block-column pattern-col-image is-layout-flow wp-block-column-is-layout-flow\">\n<figure class=\"wp-block-image size-full\"><img decoding=\"async\" width=\"686\" height=\"861\" data-src=\"https:\/\/www.heparks.org\/wp-content\/smush-webp\/2025\/11\/Group-26080393.png.webp\" alt=\"osoba i osoba podaj\u0105ca sobie r\u0119ce\" class=\"wp-image-200 lazyload\" data-srcset=\"https:\/\/www.heparks.org\/wp-content\/smush-webp\/2025\/11\/Group-26080393.png.webp 686w, https:\/\/www.heparks.org\/wp-content\/smush-webp\/2025\/11\/Group-26080393-239x300.png.webp 239w\" data-sizes=\"(max-width: 686px) 100vw, 686px\" src=\"data:image\/svg+xml;base64,PHN2ZyB3aWR0aD0iMSIgaGVpZ2h0PSIxIiB4bWxucz0iaHR0cDovL3d3dy53My5vcmcvMjAwMC9zdmciPjwvc3ZnPg==\" style=\"--smush-placeholder-width: 686px; --smush-placeholder-aspect-ratio: 686\/861;\" data-smush-webp-fallback=\"{&quot;data-src&quot;:&quot;https:\\\/\\\/www.heparks.org\\\/wp-content\\\/uploads\\\/2025\\\/11\\\/Group-26080393.png&quot;,&quot;data-srcset&quot;:&quot;https:\\\/\\\/www.heparks.org\\\/wp-content\\\/uploads\\\/2025\\\/11\\\/Group-26080393.png 686w, https:\\\/\\\/www.heparks.org\\\/wp-content\\\/uploads\\\/2025\\\/11\\\/Group-26080393-239x300.png 239w&quot;}\" \/><\/figure>\n<\/div>\n<\/div>\n<\/div><\/section>\n\n\n\n<section class=\"wp-block-cover alignfull is-light pattern feature-grid-2\"><span aria-hidden=\"true\" class=\"wp-block-cover__background has-coral-orange-background-color has-background-dim-100 has-background-dim\"><\/span><div class=\"wp-block-cover__inner-container has-global-padding is-layout-constrained wp-block-cover-is-layout-constrained\">\n<div class=\"wp-block-columns pattern-intro is-layout-flex wp-container-core-columns-is-layout-28f84493 wp-block-columns-is-layout-flex\">\n<div class=\"wp-block-column is-layout-flow wp-block-column-is-layout-flow\">\n<h2 class=\"wp-block-heading is-style-intro-heading\">Nasze zasi\u0119gi+ Jak wywieramy wp\u0142yw<\/h2>\n\n\n\n<h3 class=\"wp-block-heading pattern-heading\">Spo\u0142eczno\u015b\u0107<\/h3>\n\n\n\n<div class=\"wp-block-group has-global-padding is-layout-constrained wp-block-group-is-layout-constrained\">\n<p>Wierzymy, \u017ce praca, kt\u00f3r\u0105 wykonujesz, powinna mie\u0107 znaczenie \u2014 a ludzie, z kt\u00f3rymi j\u0105 wykonujesz, powinni ci\u0119 wspiera\u0107. Wierzymy, \u017ce praca, kt\u00f3r\u0105 wykonujesz, powinna mie\u0107 znaczenie \u2014 a ludzie, z kt\u00f3rymi j\u0105 wykonujesz, powinni ci\u0119 wspiera\u0107. Wierzymy, \u017ce praca, kt\u00f3r\u0105 wykonujesz, powinna mie\u0107 znaczenie.<\/p>\n<\/div>\n<\/div>\n<\/div>\n\n\n\n<div class=\"wp-block-columns pattern-grid is-layout-flex wp-container-core-columns-is-layout-28f84493 wp-block-columns-is-layout-flex\">\n<div class=\"wp-block-column pattern-grid-col-1 is-layout-flow wp-block-column-is-layout-flow\">\n<h4 class=\"wp-block-heading pattern-grid-heading\"><strong>56,690<\/strong> <br>Mieszka\u0144cy HEParks<\/h4>\n<\/div>\n\n\n\n<div class=\"wp-block-column pattern-grid-col-2 is-layout-flow wp-block-column-is-layout-flow\">\n<h4 class=\"wp-block-heading pattern-grid-heading\"><strong>200,000+<\/strong> <br>Roczna liczba odwiedzin strony internetowej<\/h4>\n<\/div>\n\n\n\n<div class=\"wp-block-column pattern-grid-col-3 is-layout-flow wp-block-column-is-layout-flow\">\n<h4 class=\"wp-block-heading pattern-grid-heading\"><strong>6,000+<\/strong><br>Uczestnicy wydarzenia<\/h4>\n<\/div>\n\n\n\n<div class=\"wp-block-column pattern-grid-col-4 is-layout-flow wp-block-column-is-layout-flow\">\n<h4 class=\"wp-block-heading pattern-grid-heading\"><strong>7,000+<\/strong><br>Obserwatorzy medi\u00f3w spo\u0142eczno\u015bciowych<\/h4>\n<\/div>\n<\/div>\n<\/div><\/section>\n\n\n\n<section class=\"wp-block-cover alignfull is-light pattern cta-4 has-deep-maroon-color has-text-color has-link-color wp-elements-783316b8f5df3151a7ecbcffd678298f\"><span aria-hidden=\"true\" class=\"wp-block-cover__background has-golden-yellow-background-color has-background-dim-100 has-background-dim\"><\/span><div class=\"wp-block-cover__inner-container has-global-padding is-layout-constrained wp-block-cover-is-layout-constrained\">\n<div class=\"wp-block-columns is-layout-flex wp-container-core-columns-is-layout-28f84493 wp-block-columns-is-layout-flex\">\n<div class=\"wp-block-column pattern-col-text is-layout-flow wp-block-column-is-layout-flow\">\n<h2 class=\"wp-block-heading is-style-intro-heading\">Dlaczego to jest wa\u017cne<\/h2>\n\n\n\n<div class=\"wp-block-group has-global-padding is-layout-constrained wp-block-group-is-layout-constrained\">\n<h3 class=\"wp-block-heading pattern-heading\">Niezale\u017cnie od Pa\u0144stwa cel\u00f3w, oferujemy mo\u017cliwo\u015bci partnerskie, kt\u00f3re \u0142\u0105cz\u0105 Pa\u0144stwa mark\u0119 z nasz\u0105 spo\u0142eczno\u015bci\u0105.<\/h3>\n\n\n\n<div class=\"wp-block-buttons is-vertical is-layout-flex wp-container-core-buttons-is-layout-fe9cc265 wp-block-buttons-is-layout-flex\">\n<div data-wp-context=\"{&quot;hoverBg&quot;:&quot;#ffffff&quot;,&quot;hoverText&quot;:&quot;#1E9ED4&quot;,&quot;originalStyle&quot;:&quot;&quot;,&quot;captured&quot;:false}\" data-wp-interactive=\"button-hover-colors\" class=\"wp-block-button is-style-fill-alternate\"><a data-wp-on--blur=\"actions.onMouseLeave\" data-wp-on--focus=\"actions.onMouseEnter\" data-wp-on--mouseenter=\"actions.onMouseEnter\" data-wp-on--mouseleave=\"actions.onMouseLeave\" class=\"wp-block-button__link has-deep-navy-color has-sky-blue-background-color has-text-color has-background has-link-color wp-element-button\" href=\"https:\/\/www.heparks.org\/pl\/kontakt\/\">skontaktuj si\u0119 z nami<\/a><\/div>\n<\/div>\n<\/div>\n<\/div>\n\n\n\n<div class=\"wp-block-column pattern-col-image is-layout-flow wp-block-column-is-layout-flow\">\n<figure class=\"wp-block-image size-full\"><img decoding=\"async\" width=\"794\" height=\"773\" data-src=\"https:\/\/www.heparks.org\/wp-content\/smush-webp\/2025\/11\/Group-26080394.png.webp\" alt=\"dwoje dzieci trzymaj\u0105cych \u017c\u00f3\u0142te frisbee\" class=\"wp-image-310 lazyload\" data-srcset=\"https:\/\/www.heparks.org\/wp-content\/smush-webp\/2025\/11\/Group-26080394.png.webp 794w, https:\/\/www.heparks.org\/wp-content\/smush-webp\/2025\/11\/Group-26080394-300x292.png.webp 300w, https:\/\/www.heparks.org\/wp-content\/smush-webp\/2025\/11\/Group-26080394-768x748.png.webp 768w\" data-sizes=\"(max-width: 794px) 100vw, 794px\" src=\"data:image\/svg+xml;base64,PHN2ZyB3aWR0aD0iMSIgaGVpZ2h0PSIxIiB4bWxucz0iaHR0cDovL3d3dy53My5vcmcvMjAwMC9zdmciPjwvc3ZnPg==\" style=\"--smush-placeholder-width: 794px; --smush-placeholder-aspect-ratio: 794\/773;\" data-smush-webp-fallback=\"{&quot;data-src&quot;:&quot;https:\\\/\\\/www.heparks.org\\\/wp-content\\\/uploads\\\/2025\\\/11\\\/Group-26080394.png&quot;,&quot;data-srcset&quot;:&quot;https:\\\/\\\/www.heparks.org\\\/wp-content\\\/uploads\\\/2025\\\/11\\\/Group-26080394.png 794w, https:\\\/\\\/www.heparks.org\\\/wp-content\\\/uploads\\\/2025\\\/11\\\/Group-26080394-300x292.png 300w, https:\\\/\\\/www.heparks.org\\\/wp-content\\\/uploads\\\/2025\\\/11\\\/Group-26080394-768x748.png 768w&quot;}\" \/><\/figure>\n<\/div>\n<\/div>\n<\/div><\/section>","protected":false},"excerpt":{"rendered":"","protected":false},"author":1,"featured_media":0,"parent":6343,"menu_order":0,"comment_status":"closed","ping_status":"closed","template":"","meta":{"_acf_changed":false,"_searchwp_excluded":"","_EventAllDay":false,"_EventTimezone":"","_EventStartDate":"","_EventEndDate":"","_EventStartDateUTC":"","_EventEndDateUTC":"","_EventShowMap":false,"_EventShowMapLink":false,"_EventURL":"","_EventCost":"","_EventCostDescription":"","_EventCurrencySymbol":"","_EventCurrencyCode":"","_EventCurrencyPosition":"","_EventDateTimeSeparator":"","_EventTimeRangeSeparator":"","_EventOrganizerID":[],"_EventVenueID":[],"_OrganizerEmail":"","_OrganizerPhone":"","_OrganizerWebsite":"","_VenueAddress":"","_VenueCity":"","_VenueCountry":"","_VenueProvince":"","_VenueState":"","_VenueZip":"","_VenuePhone":"","_VenueURL":"","_VenueStateProvince":"","_VenueLat":"","_VenueLng":"","_VenueShowMap":false,"_VenueShowMapLink":false,"_tribe_blocks_recurrence_rules":"","_tribe_blocks_recurrence_description":"","_tribe_blocks_recurrence_exclusions":"","_ecp_custom_2":"","footnotes":""},"class_list":["post-111","page","type-page","status-publish","hentry"],"acf":[],"_links":{"self":[{"href":"https:\/\/www.heparks.org\/pl\/wp-json\/wp\/v2\/pages\/111","targetHints":{"allow":["GET"]}}],"collection":[{"href":"https:\/\/www.heparks.org\/pl\/wp-json\/wp\/v2\/pages"}],"about":[{"href":"https:\/\/www.heparks.org\/pl\/wp-json\/wp\/v2\/types\/page"}],"author":[{"embeddable":true,"href":"https:\/\/www.heparks.org\/pl\/wp-json\/wp\/v2\/users\/1"}],"replies":[{"embeddable":true,"href":"https:\/\/www.heparks.org\/pl\/wp-json\/wp\/v2\/comments?post=111"}],"version-history":[{"count":7,"href":"https:\/\/www.heparks.org\/pl\/wp-json\/wp\/v2\/pages\/111\/revisions"}],"predecessor-version":[{"id":46523,"href":"https:\/\/www.heparks.org\/pl\/wp-json\/wp\/v2\/pages\/111\/revisions\/46523"}],"up":[{"embeddable":true,"href":"https:\/\/www.heparks.org\/pl\/wp-json\/wp\/v2\/pages\/6343"}],"wp:attachment":[{"href":"https:\/\/www.heparks.org\/pl\/wp-json\/wp\/v2\/media?parent=111"}],"curies":[{"name":"wp","href":"https:\/\/api.w.org\/{rel}","templated":true}]}}