{"id":89,"date":"2025-10-29T19:04:11","date_gmt":"2025-10-29T19:04:11","guid":{"rendered":"https:\/\/www.heparks.org\/?page_id=89"},"modified":"2026-04-08T14:49:11","modified_gmt":"2026-04-08T19:49:11","slug":"benevole","status":"publish","type":"page","link":"https:\/\/www.heparks.org\/fr\/about\/get-involved\/volunteer\/","title":{"rendered":"B\u00e9n\u00e9vole"},"content":{"rendered":"<section class=\"wp-block-cover alignfull pattern hero-2\"><span aria-hidden=\"true\" class=\"wp-block-cover__background has-dark-teal-background-color has-background-dim-100 has-background-dim\"><\/span><div class=\"wp-block-cover__inner-container has-global-padding is-layout-constrained wp-block-cover-is-layout-constrained\">\n<div class=\"wp-block-columns pattern-intro is-layout-flex wp-container-core-columns-is-layout-28f84493 wp-block-columns-is-layout-flex\">\n<div class=\"wp-block-column pattern-col-text is-layout-flow wp-block-column-is-layout-flow\">\n<h2 class=\"wp-block-heading is-style-intro-heading\">Nous sommes plus grands que la somme de nos parties<\/h2>\n\n\n\n<h3 class=\"wp-block-heading pattern-heading\">Faites du b\u00e9n\u00e9volat avec HEParks<\/h3>\n\n\n\n<p>Notre district de parcs ne peut prosp\u00e9rer avec le seul soutien du personnel ; nous avons besoin du c\u0153ur, des mains et des comp\u00e9tences de nos voisins. Ici, une \u00e9quipe de b\u00e9n\u00e9voles d\u00e9vou\u00e9s cr\u00e9e des liens, tissant le tissu de notre communaut\u00e9 \u00e0 chaque interaction.<\/p>\n\n\n\n<p>Nous vous invitons \u00e0 vous joindre \u00e0 nos efforts de b\u00e9n\u00e9volat. Que vous soyez passionn\u00e9 par l'encadrement, que vous ayez de l'expertise en jardinage et en embellissement d'espaces ext\u00e9rieurs, que vous puissiez apporter votre \u00e9nergie \u00e0 nos \u00e9v\u00e9nements communautaires, ou que vous souhaitiez soutenir notre centre communautaire pour personnes \u00e2g\u00e9es, il y a une place pour vous ici.&nbsp;<\/p>\n<\/div>\n\n\n\n<div class=\"wp-block-column pattern-col-image is-layout-flow wp-block-column-is-layout-flow\">\n<figure class=\"wp-block-image size-full\"><img decoding=\"async\" width=\"580\" height=\"327\" data-src=\"https:\/\/www.heparks.org\/wp-content\/smush-webp\/2025\/11\/Rectangle-463-5.png.webp\" alt=\"un groupe de personnes joignant leurs mains\" class=\"wp-image-5479 lazyload\" data-srcset=\"https:\/\/www.heparks.org\/wp-content\/smush-webp\/2025\/11\/Rectangle-463-5.png.webp 580w, https:\/\/www.heparks.org\/wp-content\/smush-webp\/2025\/11\/Rectangle-463-5-300x169.png.webp 300w\" data-sizes=\"(max-width: 580px) 100vw, 580px\" src=\"data:image\/svg+xml;base64,PHN2ZyB3aWR0aD0iMSIgaGVpZ2h0PSIxIiB4bWxucz0iaHR0cDovL3d3dy53My5vcmcvMjAwMC9zdmciPjwvc3ZnPg==\" style=\"--smush-placeholder-width: 580px; --smush-placeholder-aspect-ratio: 580\/327;\" data-smush-webp-fallback=\"{&quot;data-src&quot;:&quot;https:\\\/\\\/www.heparks.org\\\/wp-content\\\/uploads\\\/2025\\\/11\\\/Rectangle-463-5.png&quot;,&quot;data-srcset&quot;:&quot;https:\\\/\\\/www.heparks.org\\\/wp-content\\\/uploads\\\/2025\\\/11\\\/Rectangle-463-5.png 580w, https:\\\/\\\/www.heparks.org\\\/wp-content\\\/uploads\\\/2025\\\/11\\\/Rectangle-463-5-300x169.png 300w&quot;}\" \/><\/figure>\n<\/div>\n<\/div>\n<\/div><\/section>\n\n\n\n<section class=\"wp-block-cover alignfull is-light pattern cards-3\"><span aria-hidden=\"true\" class=\"wp-block-cover__background has-coral-orange-background-color has-background-dim-100 has-background-dim\"><\/span><div class=\"wp-block-cover__inner-container has-global-padding is-layout-constrained wp-block-cover-is-layout-constrained\">\n<div class=\"wp-block-columns pattern-intro is-layout-flex wp-container-core-columns-is-layout-28f84493 wp-block-columns-is-layout-flex\">\n<div class=\"wp-block-column is-layout-flow wp-block-column-is-layout-flow\">\n<h2 class=\"wp-block-heading is-style-intro-heading\">La communaut\u00e9 se renforce ensemble.<\/h2>\n\n\n\n<h3 class=\"wp-block-heading pattern-heading\">Comment vous pouvez aider<\/h3>\n<\/div>\n<\/div>\n\n\n\n<div class=\"wp-block-columns pattern-cards is-layout-flex wp-container-core-columns-is-layout-28f84493 wp-block-columns-is-layout-flex\">\n<div class=\"wp-block-column is-layout-flow wp-block-column-is-layout-flow\">\n<div class=\"wp-block-group has-global-padding is-layout-constrained wp-block-group-is-layout-constrained\">\n<figure class=\"wp-block-image size-full\"><img decoding=\"async\" data-src=\"https:\/\/www.heparks.org\/wp-content\/themes\/dream\/patterns\/images\/Group-328-1.svg\" alt=\"logo feuille verte\" class=\"wp-image-1943 lazyload\" src=\"data:image\/svg+xml;base64,PHN2ZyB3aWR0aD0iMSIgaGVpZ2h0PSIxIiB4bWxucz0iaHR0cDovL3d3dy53My5vcmcvMjAwMC9zdmciPjwvc3ZnPg==\" style=\"--smush-placeholder-width: 30px; --smush-placeholder-aspect-ratio: 30\/30;\" \/><\/figure>\n\n\n\n<h4 class=\"wp-block-heading pattern-card-heading\">Opportunit\u00e9s de coaching<\/h4>\n\n\n\n<p>Faites une diff\u00e9rence durable en entra\u00eenant des sports pour jeunes tels que le basketball, le baseball, le softball, le soccer, le volleyball, le hockey ou le patinage artistique. Tous les b\u00e9n\u00e9voles re\u00e7oivent une formation sp\u00e9cialis\u00e9e.<\/p>\n<\/div>\n\n\n<\/div>\n\n\n\n<div class=\"wp-block-column is-layout-flow wp-block-column-is-layout-flow\">\n<div class=\"wp-block-group has-global-padding is-layout-constrained wp-block-group-is-layout-constrained\">\n<figure class=\"wp-block-image size-full\"><img decoding=\"async\" data-src=\"https:\/\/www.heparks.org\/wp-content\/themes\/dream\/patterns\/images\/Group-328-1.svg\" alt=\"logo feuille verte\" class=\"wp-image-1943 lazyload\" src=\"data:image\/svg+xml;base64,PHN2ZyB3aWR0aD0iMSIgaGVpZ2h0PSIxIiB4bWxucz0iaHR0cDovL3d3dy53My5vcmcvMjAwMC9zdmciPjwvc3ZnPg==\" style=\"--smush-placeholder-width: 30px; --smush-placeholder-aspect-ratio: 30\/30;\" \/><\/figure>\n\n\n\n<h4 class=\"wp-block-heading pattern-card-heading\">B\u00e9n\u00e9volat \u00c9v\u00e9nementiel<\/h4>\n\n\n\n<p>Soutenez nos \u00e9v\u00e9nements communautaires dynamiques avec un engagement d'une journ\u00e9e. Aidez \u00e0 l'installation, \u00e0 l'inscription, aux activit\u00e9s ou au nettoyage.<\/p>\n<\/div>\n\n\n<\/div>\n\n\n\n<div class=\"wp-block-column is-layout-flow wp-block-column-is-layout-flow\">\n<div class=\"wp-block-group has-global-padding is-layout-constrained wp-block-group-is-layout-constrained\">\n<figure class=\"wp-block-image size-full\"><img decoding=\"async\" data-src=\"https:\/\/www.heparks.org\/wp-content\/themes\/dream\/patterns\/images\/Group-328-1.svg\" alt=\"logo feuille verte\" class=\"wp-image-1943 lazyload\" src=\"data:image\/svg+xml;base64,PHN2ZyB3aWR0aD0iMSIgaGVpZ2h0PSIxIiB4bWxucz0iaHR0cDovL3d3dy53My5vcmcvMjAwMC9zdmciPjwvc3ZnPg==\" style=\"--smush-placeholder-width: 30px; --smush-placeholder-aspect-ratio: 30\/30;\" \/><\/figure>\n\n\n\n<h4 class=\"wp-block-heading pattern-card-heading\">B\u00e9n\u00e9volat dans les parcs<\/h4>\n\n\n\n<p>Participez au programme \"Adoptez un parc\" \u2014 aidez \u00e0 d\u00e9sherber, peindre, nettoyer et planter des fleurs sauvages indig\u00e8nes. Jouez un r\u00f4le actif dans le maintien de la beaut\u00e9 et de l'accueil de nos parcs.<\/p>\n<\/div>\n\n\n\n<div class=\"wp-block-buttons is-layout-flex wp-block-buttons-is-layout-flex\"><\/div>\n<\/div>\n\n\n\n<div class=\"wp-block-column is-layout-flow wp-block-column-is-layout-flow\">\n<div class=\"wp-block-group has-global-padding is-layout-constrained wp-block-group-is-layout-constrained\">\n<figure class=\"wp-block-image size-full\"><img decoding=\"async\" data-src=\"https:\/\/www.heparks.org\/wp-content\/themes\/dream\/patterns\/images\/Group-328-1.svg\" alt=\"logo feuille verte\" class=\"wp-image-1943 lazyload\" src=\"data:image\/svg+xml;base64,PHN2ZyB3aWR0aD0iMSIgaGVpZ2h0PSIxIiB4bWxucz0iaHR0cDovL3d3dy53My5vcmcvMjAwMC9zdmciPjwvc3ZnPg==\" style=\"--smush-placeholder-width: 30px; --smush-placeholder-aspect-ratio: 30\/30;\" \/><\/figure>\n\n\n\n<h4 class=\"wp-block-heading pattern-card-heading\">B\u00e9n\u00e9voles du Centre 50+<\/h4>\n\n\n\n<p>Aider \u00e0 cr\u00e9er un environnement chaleureux et accueillant pour les a\u00een\u00e9s en assistant au service \u00e0 la client\u00e8le ou au soutien \u00e9v\u00e9nementiel au Centre pour a\u00een\u00e9s.<\/p>\n<\/div>\n\n\n<\/div>\n<\/div>\n<\/div><\/section>\n\n\n\n<section class=\"wp-block-cover alignfull pattern timeline\"><span aria-hidden=\"true\" class=\"wp-block-cover__background has-dark-teal-background-color has-background-dim-100 has-background-dim\"><\/span><div class=\"wp-block-cover__inner-container has-global-padding is-layout-constrained wp-block-cover-is-layout-constrained\">\n<div class=\"wp-block-columns alignwide is-layout-flex wp-container-core-columns-is-layout-28f84493 wp-block-columns-is-layout-flex\">\n<div class=\"wp-block-column pattern-col-text is-layout-flow wp-block-column-is-layout-flow\">\n<h2 class=\"wp-block-heading is-style-intro-heading\">Venez comme vous \u00eates, commencez o\u00f9 vous \u00eates<\/h2>\n\n\n\n<h3 class=\"wp-block-heading pattern-heading\">Comment commencer<\/h3>\n\n\n\n<div class=\"wp-block-group has-global-padding is-layout-constrained wp-block-group-is-layout-constrained\">\n<p>Nous avons h\u00e2te de vous accueillir dans notre communaut\u00e9 de b\u00e9n\u00e9voles.<\/p>\n\n\n\n<p>Pour commencer, suivez simplement ces \u00e9tapes simples. Si vous avez besoin d'aide ou d'informations suppl\u00e9mentaires, nous sommes toujours l\u00e0 pour r\u00e9pondre \u00e0 vos questions et vous apporter notre \u00e9clairage. N'h\u00e9sitez pas \u00e0 nous contacter si vous avez besoin de quoi que ce soit.<\/p>\n<\/div>\n<\/div>\n\n\n\n<div class=\"wp-block-column pattern-col-content is-layout-flow wp-block-column-is-layout-flow\">\n<div class=\"wp-block-group is-nowrap is-layout-flex wp-container-core-group-is-layout-6c531013 wp-block-group-is-layout-flex\">\n<p>1<\/p>\n\n\n\n<div class=\"wp-block-group has-global-padding is-layout-constrained wp-block-group-is-layout-constrained\">\n<h4 class=\"wp-block-heading\">Demande de b\u00e9n\u00e9volat<\/h4>\n\n\n\n<p>Compl\u00e9tez le formulaire de candidature pour partager vos int\u00e9r\u00eats et vos disponibilit\u00e9s.<\/p>\n\n\n\n<div class=\"wp-block-buttons is-layout-flex wp-block-buttons-is-layout-flex\">\n<div class=\"wp-block-button is-style-outline is-style-outline--1\"><a class=\"wp-block-button__link wp-element-button\" href=\"https:\/\/www.heparks.org\/fr\/authorization-for-volunteer-service-background-check-2\/\">Demande de b\u00e9n\u00e9volat<\/a><\/div>\n<\/div>\n<\/div>\n<\/div>\n\n\n\n<div class=\"wp-block-group is-nowrap is-layout-flex wp-container-core-group-is-layout-6c531013 wp-block-group-is-layout-flex\">\n<p>2<\/p>\n\n\n\n<div class=\"wp-block-group has-global-padding is-layout-constrained wp-block-group-is-layout-constrained\">\n<h4 class=\"wp-block-heading\">Autorisation de v\u00e9rification des ant\u00e9c\u00e9dents<\/h4>\n\n\n\n<p>Veuillez soumettre le formulaire d'autorisation de v\u00e9rification des ant\u00e9c\u00e9dents requis.<\/p>\n\n\n\n<div class=\"wp-block-buttons is-layout-flex wp-block-buttons-is-layout-flex\">\n<div class=\"wp-block-button is-style-outline is-style-outline--2\"><a class=\"wp-block-button__link wp-element-button\" href=\"https:\/\/www.heparks.org\/fr\/authorization-for-volunteer-service-background-check\/\"><strong>Formulaire de v\u00e9rification d'ant\u00e9c\u00e9dents<\/strong><\/a><\/div>\n<\/div>\n<\/div>\n<\/div>\n\n\n\n<div class=\"wp-block-group is-nowrap is-layout-flex wp-container-core-group-is-layout-6c531013 wp-block-group-is-layout-flex\">\n<p>3<\/p>\n\n\n\n<div class=\"wp-block-group has-global-padding is-layout-constrained wp-block-group-is-layout-constrained\">\n<h4 class=\"wp-block-heading\">D\u00e9charge de responsabilit\u00e9 du b\u00e9n\u00e9vole<\/h4>\n\n\n\n<p>Signez la d\u00e9charge pour finaliser votre inscription.<\/p>\n\n\n\n<div class=\"wp-block-buttons is-layout-flex wp-block-buttons-is-layout-flex\">\n<div class=\"wp-block-button is-style-outline is-style-outline--3\"><a class=\"wp-block-button__link wp-element-button\" href=\"https:\/\/www.heparks.org\/fr\/authorization-for-volunteer-service-background-check-3\/\">D\u00e9claration de renonciation du b\u00e9n\u00e9vole<\/a><\/div>\n<\/div>\n<\/div>\n<\/div>\n<\/div>\n<\/div>\n<\/div><\/section>\n\n\n\n<section class=\"wp-block-cover alignfull is-light pattern feature-grid-1 has-dark-teal-color has-text-color has-link-color wp-elements-b35814e7dae815543b29bf5683baff1f\"><span aria-hidden=\"true\" class=\"wp-block-cover__background has-light-teal-background-color has-background-dim-100 has-background-dim\"><\/span><div class=\"wp-block-cover__inner-container has-global-padding is-layout-constrained wp-block-cover-is-layout-constrained\">\n<div class=\"wp-block-columns pattern-intro is-layout-flex wp-container-core-columns-is-layout-28f84493 wp-block-columns-is-layout-flex\">\n<div class=\"wp-block-column is-layout-flow wp-block-column-is-layout-flow\">\n<h2 class=\"wp-block-heading is-style-intro-heading\">Nous vous sommes tr\u00e8s reconnaissants<\/h2>\n\n\n\n<h3 class=\"wp-block-heading pattern-heading\">Reconnaissance des b\u00e9n\u00e9voles<\/h3>\n\n\n\n<div class=\"wp-block-group has-global-padding is-layout-constrained wp-block-group-is-layout-constrained\">\n<p>La v\u00e9rit\u00e9, c'est qu'il n'y a pas de nous sans vous.<br>Quelle que soit la quantit\u00e9 de prix que nous gagnons ou les distinctions que nous recevons, la v\u00e9ritable mesure de notre succ\u00e8s r\u00e9side dans votre engagement. Nous savons que vous ne passeriez pas votre temps et votre expertise avec nous si vous ne croyiez pas en notre mission et ne reconnaissiez pas que notre vision commune a un impact r\u00e9el sur notre communaut\u00e9.<\/p>\n<\/div>\n<\/div>\n<\/div>\n\n\n\n<div class=\"wp-block-columns pattern-grid is-layout-flex wp-container-core-columns-is-layout-28f84493 wp-block-columns-is-layout-flex\">\n<div class=\"wp-block-column is-layout-flow wp-block-column-is-layout-flow\">\n<h4 class=\"wp-block-heading pattern-grid-heading\">Meilleur de <br>Hoffman<\/h4>\n\n\n\n<p>De nombreux b\u00e9n\u00e9voles sont reconnus par le conseil des commissaires du parc lors de r\u00e9unions mensuelles.<\/p>\n<\/div>\n\n\n\n<div class=\"wp-block-column is-layout-flow wp-block-column-is-layout-flow\">\n<h4 class=\"wp-block-heading pattern-grid-heading\">B\u00e9n\u00e9vole de <br>l'Ann\u00e9e<\/h4>\n\n\n\n<p>Utilisez-les partout \u2014 programmes, adh\u00e9sions, massages, golf, et plus encore.<\/p>\n<\/div>\n\n\n\n<div class=\"wp-block-column is-layout-flow wp-block-column-is-layout-flow\">\n<h4 class=\"wp-block-heading pattern-grid-heading\">B\u00e9n\u00e9vole <br>Soir\u00e9e d'appr\u00e9ciation<\/h4>\n\n\n\n<p>Chaque mois d'ao\u00fbt, les b\u00e9n\u00e9voles et leurs familles profitent d'une f\u00eate organis\u00e9e par notre conseil municipal.<\/p>\n<\/div>\n<\/div>\n\n\n\n<div class=\"wp-block-buttons is-content-justification-center is-layout-flex wp-container-core-buttons-is-layout-a89b3969 wp-block-buttons-is-layout-flex\">\n<div class=\"wp-block-button\"><a class=\"wp-block-button__link wp-element-button\" href=\"https:\/\/www.heparks.org\/fr\/a-propos\/le-meilleur-de-hoffman\/\">D\u00e9couvrez le meilleur de Hoffman<\/a><\/div>\n<\/div>\n<\/div><\/section>\n\n\n\n<section class=\"wp-block-cover alignfull is-light pattern cta-3\"><img decoding=\"async\" width=\"1024\" height=\"643\" class=\"wp-block-cover__image-background wp-image-5481 size-large lazyload\" alt=\"une personne s&#039;\u00e9tirant les bras\" data-src=\"https:\/\/www.heparks.org\/wp-content\/smush-webp\/2025\/11\/pexels-goumbik-296234-6-1024x643.png.webp\" data-object-fit=\"cover\" data-srcset=\"https:\/\/www.heparks.org\/wp-content\/smush-webp\/2025\/11\/pexels-goumbik-296234-6-1024x643.png.webp 1024w, https:\/\/www.heparks.org\/wp-content\/smush-webp\/2025\/11\/pexels-goumbik-296234-6-300x188.png.webp 300w, https:\/\/www.heparks.org\/wp-content\/smush-webp\/2025\/11\/pexels-goumbik-296234-6-768x482.png.webp 768w, https:\/\/www.heparks.org\/wp-content\/smush-webp\/2025\/11\/pexels-goumbik-296234-6.png.webp 1512w\" data-sizes=\"(max-width: 1024px) 100vw, 1024px\" src=\"data:image\/svg+xml;base64,PHN2ZyB3aWR0aD0iMSIgaGVpZ2h0PSIxIiB4bWxucz0iaHR0cDovL3d3dy53My5vcmcvMjAwMC9zdmciPjwvc3ZnPg==\" style=\"--smush-placeholder-width: 1024px; --smush-placeholder-aspect-ratio: 1024\/643;\" data-smush-webp-fallback=\"{&quot;data-src&quot;:&quot;https:\\\/\\\/www.heparks.org\\\/wp-content\\\/uploads\\\/2025\\\/11\\\/pexels-goumbik-296234-6-1024x643.png&quot;,&quot;data-srcset&quot;:&quot;https:\\\/\\\/www.heparks.org\\\/wp-content\\\/uploads\\\/2025\\\/11\\\/pexels-goumbik-296234-6-1024x643.png 1024w, https:\\\/\\\/www.heparks.org\\\/wp-content\\\/uploads\\\/2025\\\/11\\\/pexels-goumbik-296234-6-300x188.png 300w, https:\\\/\\\/www.heparks.org\\\/wp-content\\\/uploads\\\/2025\\\/11\\\/pexels-goumbik-296234-6-768x482.png 768w, https:\\\/\\\/www.heparks.org\\\/wp-content\\\/uploads\\\/2025\\\/11\\\/pexels-goumbik-296234-6.png 1512w&quot;}\" \/><span aria-hidden=\"true\" class=\"wp-block-cover__background has-background-dim-0 has-background-dim\" style=\"background-color:#809cae\"><\/span><div class=\"wp-block-cover__inner-container has-global-padding is-layout-constrained wp-block-cover-is-layout-constrained\">\n<div class=\"wp-block-columns is-layout-flex wp-container-core-columns-is-layout-28f84493 wp-block-columns-is-layout-flex\">\n<div class=\"wp-block-column is-layout-flow wp-block-column-is-layout-flow\">\n<h2 class=\"wp-block-heading is-style-intro-heading\">Nous sommes l\u00e0 pour vous aider, aidez-nous<\/h2>\n\n\n\n<h2 class=\"wp-block-heading pattern-heading\">Informations de contact<\/h2>\n\n\n\n<p>Si vous n'\u00eates pas s\u00fbr par o\u00f9 commencer, n'h\u00e9sitez pas \u00e0 nous contacter. Nous sommes l\u00e0 pour vous aider \u00e0 trouver ce qui correspond le mieux \u00e0 vos centres d'int\u00e9r\u00eat, \u00e0 vos disponibilit\u00e9s et \u00e0 votre expertise.<\/p>\n\n\n\n<div class=\"wp-block-buttons is-layout-flex wp-block-buttons-is-layout-flex\">\n<div class=\"wp-block-button\"><a class=\"wp-block-button__link wp-element-button\" href=\"https:\/\/www.heparks.org\/fr\/contact\/\">Contactez-nous<\/a><\/div>\n<\/div>\n<\/div>\n<\/div>\n<\/div><\/section>","protected":false},"excerpt":{"rendered":"","protected":false},"author":1,"featured_media":0,"parent":6343,"menu_order":0,"comment_status":"closed","ping_status":"closed","template":"","meta":{"_acf_changed":false,"_searchwp_excluded":"","_EventAllDay":false,"_EventTimezone":"","_EventStartDate":"","_EventEndDate":"","_EventStartDateUTC":"","_EventEndDateUTC":"","_EventShowMap":false,"_EventShowMapLink":false,"_EventURL":"","_EventCost":"","_EventCostDescription":"","_EventCurrencySymbol":"","_EventCurrencyCode":"","_EventCurrencyPosition":"","_EventDateTimeSeparator":"","_EventTimeRangeSeparator":"","_EventOrganizerID":[],"_EventVenueID":[],"_OrganizerEmail":"","_OrganizerPhone":"","_OrganizerWebsite":"","_VenueAddress":"","_VenueCity":"","_VenueCountry":"","_VenueProvince":"","_VenueState":"","_VenueZip":"","_VenuePhone":"","_VenueURL":"","_VenueStateProvince":"","_VenueLat":"","_VenueLng":"","_VenueShowMap":false,"_VenueShowMapLink":false,"_tribe_blocks_recurrence_rules":"","_tribe_blocks_recurrence_description":"","_tribe_blocks_recurrence_exclusions":"","_ecp_custom_2":"","footnotes":""},"class_list":["post-89","page","type-page","status-publish","hentry"],"acf":[],"_links":{"self":[{"href":"https:\/\/www.heparks.org\/fr\/wp-json\/wp\/v2\/pages\/89","targetHints":{"allow":["GET"]}}],"collection":[{"href":"https:\/\/www.heparks.org\/fr\/wp-json\/wp\/v2\/pages"}],"about":[{"href":"https:\/\/www.heparks.org\/fr\/wp-json\/wp\/v2\/types\/page"}],"author":[{"embeddable":true,"href":"https:\/\/www.heparks.org\/fr\/wp-json\/wp\/v2\/users\/1"}],"replies":[{"embeddable":true,"href":"https:\/\/www.heparks.org\/fr\/wp-json\/wp\/v2\/comments?post=89"}],"version-history":[{"count":7,"href":"https:\/\/www.heparks.org\/fr\/wp-json\/wp\/v2\/pages\/89\/revisions"}],"predecessor-version":[{"id":46830,"href":"https:\/\/www.heparks.org\/fr\/wp-json\/wp\/v2\/pages\/89\/revisions\/46830"}],"up":[{"embeddable":true,"href":"https:\/\/www.heparks.org\/fr\/wp-json\/wp\/v2\/pages\/6343"}],"wp:attachment":[{"href":"https:\/\/www.heparks.org\/fr\/wp-json\/wp\/v2\/media?parent=89"}],"curies":[{"name":"wp","href":"https:\/\/api.w.org\/{rel}","templated":true}]}}