{"id":16446,"date":"2025-12-12T11:37:13","date_gmt":"2025-12-12T17:37:13","guid":{"rendered":"https:\/\/www.heparks.org\/?page_id=16446"},"modified":"2026-04-08T15:07:53","modified_gmt":"2026-04-08T20:07:53","slug":"futsal-en-salle","status":"publish","type":"page","link":"https:\/\/www.heparks.org\/fr\/program\/athletics\/soccer\/indoor-futsal\/","title":{"rendered":"Futsal en salle"},"content":{"rendered":"<section class=\"wp-block-cover alignfull pattern hero-2 with-slider\"><span aria-hidden=\"true\" class=\"wp-block-cover__background has-dark-teal-background-color has-background-dim-100 has-background-dim\"><\/span><div class=\"wp-block-cover__inner-container has-global-padding is-layout-constrained wp-block-cover-is-layout-constrained\">\n<div class=\"wp-block-columns pattern-intro is-layout-flex wp-container-core-columns-is-layout-28f84493 wp-block-columns-is-layout-flex\">\n<div class=\"wp-block-column pattern-col-text is-layout-flow wp-block-column-is-layout-flow\">\n<h2 class=\"wp-block-heading is-style-intro-heading\">Programme<\/h2>\n\n\n\n<h3 class=\"wp-block-heading pattern-heading\">Futsal en salle<\/h3>\n\n\n\n<p>Vivez l'excitation du futsal, une version int\u00e9rieure et rapide du football jou\u00e9e sur un terrain dur. Ce jeu met l'accent sur les touches rapides, les passes pr\u00e9cises et un meilleur contr\u00f4le du ballon. Chaque s\u00e9ance commence par 20 minutes d'exercices de perfectionnement pour renforcer les bases, suivies de 40 minutes de jeu r\u00e9el o\u00f9 les joueurs sont divis\u00e9s en \u00e9quipes et mettent leurs comp\u00e9tences en pratique. C'est le m\u00e9lange parfait d'entra\u00eenement et de comp\u00e9tition ludique !<\/p>\n<\/div>\n\n\n\n<div class=\"wp-block-column pattern-col-image is-layout-flow wp-block-column-is-layout-flow\">\n<figure class=\"wp-block-image size-full\"><img decoding=\"async\" width=\"2030\" height=\"2048\" data-src=\"https:\/\/www.heparks.org\/wp-content\/smush-webp\/2026\/03\/Soccer-Junior-090719-11-scaled.jpg.webp\" alt=\"un jeune gar\u00e7on jouant au football en int\u00e9rieur\" class=\"wp-image-41619 lazyload\" data-srcset=\"https:\/\/www.heparks.org\/wp-content\/smush-webp\/2026\/03\/Soccer-Junior-090719-11-scaled.jpg.webp 2030w, https:\/\/www.heparks.org\/wp-content\/smush-webp\/2026\/03\/Soccer-Junior-090719-11-297x300.jpg.webp 297w, https:\/\/www.heparks.org\/wp-content\/smush-webp\/2026\/03\/Soccer-Junior-090719-11-1015x1024.jpg.webp 1015w, https:\/\/www.heparks.org\/wp-content\/smush-webp\/2026\/03\/Soccer-Junior-090719-11-150x150.jpg.webp 150w, https:\/\/www.heparks.org\/wp-content\/smush-webp\/2026\/03\/Soccer-Junior-090719-11-768x775.jpg.webp 768w, https:\/\/www.heparks.org\/wp-content\/smush-webp\/2026\/03\/Soccer-Junior-090719-11-1523x1536.jpg.webp 1523w\" data-sizes=\"(max-width: 2030px) 100vw, 2030px\" src=\"data:image\/svg+xml;base64,PHN2ZyB3aWR0aD0iMSIgaGVpZ2h0PSIxIiB4bWxucz0iaHR0cDovL3d3dy53My5vcmcvMjAwMC9zdmciPjwvc3ZnPg==\" style=\"--smush-placeholder-width: 2030px; --smush-placeholder-aspect-ratio: 2030\/2048;\" data-smush-webp-fallback=\"{&quot;data-src&quot;:&quot;https:\\\/\\\/www.heparks.org\\\/wp-content\\\/uploads\\\/2026\\\/03\\\/Soccer-Junior-090719-11-scaled.jpg&quot;,&quot;data-srcset&quot;:&quot;https:\\\/\\\/www.heparks.org\\\/wp-content\\\/uploads\\\/2026\\\/03\\\/Soccer-Junior-090719-11-scaled.jpg 2030w, https:\\\/\\\/www.heparks.org\\\/wp-content\\\/uploads\\\/2026\\\/03\\\/Soccer-Junior-090719-11-297x300.jpg 297w, https:\\\/\\\/www.heparks.org\\\/wp-content\\\/uploads\\\/2026\\\/03\\\/Soccer-Junior-090719-11-1015x1024.jpg 1015w, https:\\\/\\\/www.heparks.org\\\/wp-content\\\/uploads\\\/2026\\\/03\\\/Soccer-Junior-090719-11-150x150.jpg 150w, https:\\\/\\\/www.heparks.org\\\/wp-content\\\/uploads\\\/2026\\\/03\\\/Soccer-Junior-090719-11-768x775.jpg 768w, https:\\\/\\\/www.heparks.org\\\/wp-content\\\/uploads\\\/2026\\\/03\\\/Soccer-Junior-090719-11-1523x1536.jpg 1523w&quot;}\" \/><\/figure>\n<\/div>\n<\/div>\n\n\n\n<div class=\"wp-block-columns is-layout-flex wp-container-core-columns-is-layout-28f84493 wp-block-columns-is-layout-flex\">\n<div class=\"wp-block-column is-layout-flow wp-block-column-is-layout-flow\">\n<div class=\"wp-block-group has-global-padding is-layout-constrained wp-block-group-is-layout-constrained\">\n<h4 class=\"wp-block-heading is-style-intro-heading\">Options de football<\/h4>\n<\/div>\n\n\n<div class=\"wp-block-rectrac-programs wp-block-rectrac-programs\">\n<div class=\"rectrac-no-programs\" role=\"status\" aria-live=\"polite\">\n\t<div class=\"rectrac-no-programs__container\">\n\t\t<div class=\"rectrac-no-programs__icon\" aria-hidden=\"true\">\n\t\t\t<svg xmlns=\"http:\/\/www.w3.org\/2000\/svg\" viewbox=\"0 0 24 24\" fill=\"none\" stroke=\"currentColor\" stroke-width=\"2\" stroke-linecap=\"round\" stroke-linejoin=\"round\">\n\t\t\t\t<circle cx=\"12\" cy=\"12\" r=\"10\"><\/circle>\n\t\t\t\t<line x1=\"12\" y1=\"8\" x2=\"12\" y2=\"12\"><\/line>\n\t\t\t\t<line x1=\"12\" y1=\"16\" x2=\"12.01\" y2=\"16\"><\/line>\n\t\t\t<\/svg>\n\t\t<\/div>\n\n\t\t<div class=\"rectrac-no-programs__content\">\n\t\t\t<h3 class=\"rectrac-no-programs__title\">\n\t\t\t\tRevenez bient\u00f4t !\t\t\t<\/h3>\n\n\t\t\t<p class=\"rectrac-no-programs__message\">\n\t\t\t\tLes cours de futsal en salle reviennent bient\u00f4t. En attendant, d\u00e9couvrez notre programme Apprendre \u00e0 jouer au soccer !\t\t\t<\/p>\n\n\t\t\t\t\t\t<div class=\"rectrac-no-programs__actions\">\n\t\t\t\t<a\n\t\t\t\t\thref=\"https:\/\/www.heparks.org\/fr\/programme\/athletisme\/football\/apprendre-a-jouer-au-football\/\"\n\t\t\t\t\tclass=\"rectrac-btn rectrac-btn--primary rectrac-no-programs__link\"\n\t\t\t\t>\n\t\t\t\t\tApprenez-en davantage sur le football Apprenez \u00e0 jouer\t\t\t\t\t<svg xmlns=\"http:\/\/www.w3.org\/2000\/svg\" viewbox=\"0 0 24 24\" fill=\"none\" stroke=\"currentColor\" stroke-width=\"2\" stroke-linecap=\"round\" stroke-linejoin=\"round\" aria-hidden=\"true\">\n\t\t\t\t\t\t<line x1=\"5\" y1=\"12\" x2=\"19\" y2=\"12\"><\/line>\n\t\t\t\t\t\t<polyline points=\"12 5 19 12 12 19\"><\/polyline>\n\t\t\t\t\t<\/svg>\n\t\t\t\t<\/a>\n\t\t\t<\/div>\n\t\t\t\t\t<\/div>\n\t<\/div>\n<\/div>\n<\/div><\/div>\n<\/div>\n<\/div><\/section>\n\n\n\n<section class=\"wp-block-cover alignfull is-light pattern cta-7 has-dark-brown-color has-text-color has-link-color wp-elements-8ace65645dac98b04d153962ba264e65\"><span aria-hidden=\"true\" class=\"wp-block-cover__background has-coral-orange-background-color has-background-dim-100 has-background-dim\"><\/span><div class=\"wp-block-cover__inner-container has-global-padding is-layout-constrained wp-block-cover-is-layout-constrained\">\n<div class=\"wp-block-columns is-layout-flex wp-container-core-columns-is-layout-28f84493 wp-block-columns-is-layout-flex\">\n<div class=\"wp-block-column pattern-col-text is-layout-flow wp-block-column-is-layout-flow\">\n<h2 class=\"wp-block-heading is-style-intro-heading\">Aper\u00e7u et avantages<\/h2>\n\n\n\n<h3 class=\"wp-block-heading pattern-heading\">Jouer avec intention. <br>Grandir avec le jeu.<\/h3>\n\n\n\n<div class=\"wp-block-group has-global-padding is-layout-constrained wp-block-group-is-layout-constrained\">\n<p>Le football d\u00e9veloppe plus que les comp\u00e9tences athl\u00e9tiques \u2014 il d\u00e9veloppe l'esprit d'\u00e9quipe, la concentration et la confiance en soi qui durent au-del\u00e0 du terrain. Nos entra\u00eeneurs guident chaque joueur pour am\u00e9liorer sa technique, sa prise de d\u00e9cision et sa cr\u00e9ativit\u00e9 tout en gardant la joie du jeu au centre.<\/p>\n\n\n\n<p>Que ce soit leur premier coup de pied ou leur centi\u00e8me but, chaque joueur apprend \u00e0 bouger, \u00e0 penser et \u00e0 jouer avec intention.<\/p>\n<\/div>\n\n\n\n<div class=\"wp-block-group is-nowrap is-layout-flex wp-container-core-group-is-layout-6c531013 wp-block-group-is-layout-flex\">\n<h4 class=\"wp-block-heading\">COMP\u00c9TENCE <br>D\u00c9VELOPPEMENT<\/h4>\n\n\n\n<h4 class=\"wp-block-heading\">\u00c9QUIPE <br>CONNEXION<\/h4>\n\n\n\n<h4 class=\"wp-block-heading\">CONFIANCE <br>et amusant<\/h4>\n<\/div>\n<\/div>\n\n\n\n<div class=\"wp-block-column pattern-col-image is-layout-flow wp-block-column-is-layout-flow\">\n<figure class=\"wp-block-image size-full\"><img decoding=\"async\" data-src=\"https:\/\/www.heparks.org\/wp-content\/themes\/dream\/patterns\/images\/football.png\" alt=\"Illustration d&#039;un joueur de football frappant un ballon de football\" class=\"wp-image-2951 lazyload\" src=\"data:image\/svg+xml;base64,PHN2ZyB3aWR0aD0iMSIgaGVpZ2h0PSIxIiB4bWxucz0iaHR0cDovL3d3dy53My5vcmcvMjAwMC9zdmciPjwvc3ZnPg==\" style=\"--smush-placeholder-width: 501px; --smush-placeholder-aspect-ratio: 501\/733;\" \/><\/figure>\n<\/div>\n<\/div>\n<\/div><\/section>\n\n\n\n<section class=\"wp-block-cover alignfull is-light pattern slider-5\"><img decoding=\"async\" width=\"1024\" height=\"731\" class=\"wp-block-cover__image-background wp-image-41604 size-large lazyload\" alt=\"Photo des arbres avec le soleil apparaissant \u00e0 travers les feuilles\" data-src=\"https:\/\/www.heparks.org\/wp-content\/smush-webp\/2025\/12\/DSC7541-1024x731.jpg.webp\" data-object-fit=\"cover\" data-srcset=\"https:\/\/www.heparks.org\/wp-content\/smush-webp\/2025\/12\/DSC7541-1024x731.jpg.webp 1024w, https:\/\/www.heparks.org\/wp-content\/smush-webp\/2025\/12\/DSC7541-300x214.jpg.webp 300w, https:\/\/www.heparks.org\/wp-content\/smush-webp\/2025\/12\/DSC7541-768x549.jpg.webp 768w, https:\/\/www.heparks.org\/wp-content\/smush-webp\/2025\/12\/DSC7541-1536x1097.jpg.webp 1536w, https:\/\/www.heparks.org\/wp-content\/smush-webp\/2025\/12\/DSC7541-scaled.jpg.webp 2048w\" data-sizes=\"(max-width: 1024px) 100vw, 1024px\" src=\"data:image\/svg+xml;base64,PHN2ZyB3aWR0aD0iMSIgaGVpZ2h0PSIxIiB4bWxucz0iaHR0cDovL3d3dy53My5vcmcvMjAwMC9zdmciPjwvc3ZnPg==\" style=\"--smush-placeholder-width: 1024px; --smush-placeholder-aspect-ratio: 1024\/731;\" data-smush-webp-fallback=\"{&quot;data-src&quot;:&quot;https:\\\/\\\/www.heparks.org\\\/wp-content\\\/uploads\\\/2025\\\/12\\\/DSC7541-1024x731.jpg&quot;,&quot;data-srcset&quot;:&quot;https:\\\/\\\/www.heparks.org\\\/wp-content\\\/uploads\\\/2025\\\/12\\\/DSC7541-1024x731.jpg 1024w, https:\\\/\\\/www.heparks.org\\\/wp-content\\\/uploads\\\/2025\\\/12\\\/DSC7541-300x214.jpg 300w, https:\\\/\\\/www.heparks.org\\\/wp-content\\\/uploads\\\/2025\\\/12\\\/DSC7541-768x549.jpg 768w, https:\\\/\\\/www.heparks.org\\\/wp-content\\\/uploads\\\/2025\\\/12\\\/DSC7541-1536x1097.jpg 1536w, https:\\\/\\\/www.heparks.org\\\/wp-content\\\/uploads\\\/2025\\\/12\\\/DSC7541-scaled.jpg 2048w&quot;}\" \/><span aria-hidden=\"true\" class=\"wp-block-cover__background has-background-dim-0 has-background-dim\"><\/span><div class=\"wp-block-cover__inner-container has-global-padding is-layout-constrained wp-block-cover-is-layout-constrained\">\n<div class=\"wp-block-columns pattern-intro is-layout-flex wp-container-core-columns-is-layout-28f84493 wp-block-columns-is-layout-flex\">\n<div class=\"wp-block-column pattern-col-text is-layout-flow wp-block-column-is-layout-flow\">\n<h2 class=\"wp-block-heading is-style-intro-heading\">Programmes en vedette<\/h2>\n\n\n\n<h3 class=\"wp-block-heading pattern-heading\">Explorer davantage depuis HEParks<\/h3>\n<\/div>\n\n\n\n<div class=\"wp-block-column pattern-col-content is-layout-flow wp-block-column-is-layout-flow\">\n<p>Explorez nos programmes phares con\u00e7us pour vous garder actif, engag\u00e9 et connect\u00e9 tout au long de l'ann\u00e9e. Des sports et de la condition physique pour les jeunes aux arts, aux loisirs et aux \u00e9v\u00e9nements communautaires, le Hoffman Estates Park District offre quelque chose pour tout le monde.<\/p>\n\n\n\n<div class=\"wp-block-buttons is-layout-flex wp-block-buttons-is-layout-flex\">\n<div class=\"wp-block-button\"><a class=\"wp-block-button__link has-dark-teal-color has-text-color has-link-color wp-element-button\" href=\"https:\/\/www.flipsnack.com\/BDABCECC5A8\/2026-summer-guide\">Consultez notre guide du programme d'\u00c9T\u00c9<\/a><\/div>\n<\/div>\n\n\n\n<div class=\"wp-block-buttons is-layout-flex wp-block-buttons-is-layout-flex\">\n<div class=\"wp-block-button\"><a class=\"wp-block-button__link has-dark-teal-color has-text-color has-link-color wp-element-button\" href=\"https:\/\/www.heparks.org\/fr\/programme\/soins-apres-et-camps\/camps\/\">Consultez notre guide des camps d'\u00e9t\u00e9<\/a><\/div>\n<\/div>\n<\/div>\n<\/div>\n\n\n\n<div class=\"wp-block-columns pattern-carousel is-layout-flex wp-container-core-columns-is-layout-28f84493 wp-block-columns-is-layout-flex\">\n<div class=\"wp-block-column is-layout-flow wp-block-column-is-layout-flow\">\n<div class=\"wp-block-group slider-variation variation-01 has-global-padding is-layout-constrained wp-block-group-is-layout-constrained\">\n<section class=\"wp-block-prolific-carousel-new has-content-align-center wp-block-prolific-carousel-new\" id=\"carousel-new-block-1bfbf88e-251a-44f3-9d8d-69722b0b4a59\" data-slide-count=\"4\" data-virtual-active-index=\"true\">\n\t<div class=\"carousel-new-swiper-wrapper\">\n\t\t<swiper-container\n\t\t\t direction=\"horizontal\" speed=\"300\" centered-slides=\"false\" auto-height=\"true\" free-mode=\"false\" scrollbar=\"false\" loop=\"false\" allow-touch-move=\"true\" grab-cursor=\"true\" keyboard=\"true\" mousewheel=\"false\" navigation=\"false\" pagination=\"true\" pagination-type=\"bullets\" pagination-el=\"#swiper-pagination-block-1bfbf88e-251a-44f3-9d8d-69722b0b4a59\" pagination-clickable=\"true\" pagination-dynamic-bullets=\"false\" resistance-ratio=\"0.85\" breakpoints='{&quot;0&quot;:{&quot;slidesPerView&quot;:1,&quot;spaceBetween&quot;:10},&quot;768&quot;:{&quot;slidesPerView&quot;:3,&quot;spaceBetween&quot;:20},&quot;1024&quot;:{&quot;slidesPerView&quot;:4,&quot;spaceBetween&quot;:35}}'\t\t\trole=\"region\"\n\t\t\taria-label=\"Man\u00e8ge\"\n\t\t\tclass=\"carousel-new-swiper-container\"\n\t\t>\n\t\t\t\n\n<swiper-slide class=\"swiper-slide wp-block-prolific-carousel-new-slide\">\n\t<div class=\"carousel-new-slide-inner\">\n\t\t\n\n<div class=\"wp-block-group upper-stack is-vertical is-layout-flex wp-container-core-group-is-layout-fe9cc265 wp-block-group-is-layout-flex\">\n<p class=\"pill\">Repr\u00e9sentant de la communaut\u00e9<\/p>\n\n\n\n<div class=\"wp-block-group is-vertical is-layout-flex wp-container-core-group-is-layout-fe9cc265 wp-block-group-is-layout-flex\">\n<h3 class=\"wp-block-heading has-text-align-center\">Aidez \u00e0 fa\u00e7onner notre avenir<\/h3>\n\n\n\n<p class=\"has-text-align-center\">Nous recherchons des membres de la communaut\u00e9 pour si\u00e9ger \u00e0 notre comit\u00e9 consultatif, offrant aux r\u00e9sidents une occasion significative de contribuer \u00e0 l'avenir des parcs, des programmes et des installations de loisirs locaux.<\/p>\n<\/div>\n<\/div>\n\n\n\n<div class=\"wp-block-group lower-stack is-vertical is-layout-flex wp-container-core-group-is-layout-fe9cc265 wp-block-group-is-layout-flex\">\n<div class=\"wp-block-buttons is-layout-flex wp-block-buttons-is-layout-flex\">\n<div class=\"wp-block-button\"><a aria-label=\"Aidez \u00e0 fa\u00e7onner notre avenir\" class=\"wp-block-button__link wp-element-button\" href=\"https:\/\/www.heparks.org\/fr\/questionnaire\/\">Participez<span class=\"screen-reader-text\">Aidez \u00e0 fa\u00e7onner notre avenir<\/span><\/a><\/div>\n<\/div>\n<\/div>\n\n\t<\/div>\n<\/swiper-slide>\n\n\n\n<swiper-slide class=\"swiper-slide wp-block-prolific-carousel-new-slide\">\n\t<div class=\"carousel-new-slide-inner\">\n\t\t\n\n<div class=\"wp-block-group upper-stack is-vertical is-layout-flex wp-container-core-group-is-layout-fe9cc265 wp-block-group-is-layout-flex\">\n<p class=\"pill\">Parc Vogelei et grange<\/p>\n\n\n\n<div class=\"wp-block-group is-vertical is-layout-flex wp-container-core-group-is-layout-fe9cc265 wp-block-group-is-layout-flex\">\n<h3 class=\"wp-block-heading has-text-align-center\">Nouvelle aire de jeux ouverte pour le jeu<\/h3>\n\n\n\n<p class=\"has-text-align-center\">HEParks est fier d'annoncer l'ouverture d'une nouvelle aire de jeux enti\u00e8rement inclusive au Vogelei Park &amp; Barn, situ\u00e9 au 650 W. Higgins Road. Cette ouverture fait suite \u00e0 deux ann\u00e9es de planification minutieuse, de d\u00e9molition et de construction pour cr\u00e9er un espace r\u00e9cr\u00e9atif unique en son genre, con\u00e7u pour toute la communaut\u00e9.<\/p>\n<\/div>\n<\/div>\n\n\n\n<div class=\"wp-block-group lower-stack is-vertical is-layout-flex wp-container-core-group-is-layout-fe9cc265 wp-block-group-is-layout-flex\">\n<div class=\"wp-block-buttons is-layout-flex wp-block-buttons-is-layout-flex\">\n<div class=\"wp-block-button\"><a aria-label=\"Nouvelle aire de jeux ouverte pour le jeu\" class=\"wp-block-button__link wp-element-button\" href=\"https:\/\/www.heparks.org\/fr\/hoffman-estates-park-district-debuts-fully-inclusive\/\">En savoir plus<span class=\"screen-reader-text\">Nouvelle aire de jeux ouverte pour le jeu<\/span><\/a><\/div>\n<\/div>\n<\/div>\n\n\t<\/div>\n<\/swiper-slide>\n\n\n\n<swiper-slide class=\"swiper-slide wp-block-prolific-carousel-new-slide\">\n\t<div class=\"carousel-new-slide-inner\">\n\t\t\n\n<div class=\"wp-block-group upper-stack is-vertical is-layout-flex wp-container-core-group-is-layout-fe9cc265 wp-block-group-is-layout-flex\">\n<p class=\"pill\">Pass Seascape<\/p>\n\n\n\n<div class=\"wp-block-group is-vertical is-layout-flex wp-container-core-group-is-layout-fe9cc265 wp-block-group-is-layout-flex\">\n<h3 class=\"wp-block-heading has-text-align-center\"><strong>Splash Into Summer<\/strong><\/h3>\n\n\n\n<p class=\"has-text-align-center\">Faites sensation au centre aquatique familial Seascape. Des toboggans aux plongeoirs pour les plus jeunes nageurs, il y en a pour tous les \u00e2ges ! Achetez vos laissez-passer familiaux d\u00e8s aujourd'hui, votre futur vous estival vous remerciera !<\/p>\n<\/div>\n<\/div>\n\n\n\n<div class=\"wp-block-group lower-stack is-vertical is-layout-flex wp-container-core-group-is-layout-fe9cc265 wp-block-group-is-layout-flex\">\n<div class=\"wp-block-buttons is-layout-flex wp-block-buttons-is-layout-flex\">\n<div class=\"wp-block-button\"><a aria-label=\"Splash Into Summer\" class=\"wp-block-button__link wp-element-button\" href=\"https:\/\/www.heparks.org\/fr\/spaces\/seascape-family-aquatic-center\/\"><strong>Se lancer dans l'aventure<\/strong><span class=\"screen-reader-text\">Splash Into Summer<\/span><\/a><\/div>\n<\/div>\n<\/div>\n\n\t<\/div>\n<\/swiper-slide>\n\n\n\n<swiper-slide class=\"swiper-slide wp-block-prolific-carousel-new-slide\">\n\t<div class=\"carousel-new-slide-inner\">\n\t\t\n\n<div class=\"wp-block-group upper-stack is-vertical is-layout-flex wp-container-core-group-is-layout-fe9cc265 wp-block-group-is-layout-flex\">\n<p class=\"pill\">Abonnements au parc pour chiens<\/p>\n\n\n\n<div class=\"wp-block-group is-vertical is-layout-flex wp-container-core-group-is-layout-fe9cc265 wp-block-group-is-layout-flex\">\n<h3 class=\"wp-block-heading has-text-align-center\"><strong>Lib\u00e9rez le plaisir !<\/strong><\/h3>\n\n\n\n<p class=\"has-text-align-center\">Ouverts tous les jours, toute l'ann\u00e9e, du lever au coucher du soleil, nos parcs pour chiens enti\u00e8rement cl\u00f4tur\u00e9s et sans laisse offrent un endroit s\u00fbr et accueillant o\u00f9 les chiens peuvent courir, jouer et socialiser. Les installations comprennent des zones s\u00e9par\u00e9es pour les petits chiens, des \u00e9quipements d'agilit\u00e9, un service d'eau, des zones de retenue \u00e0 l'entr\u00e9e, des stations d'\u00e9limination, des tables de pique-nique et une entr\u00e9e pratique par carte \u00e0 bande magn\u00e9tique.<\/p>\n<\/div>\n<\/div>\n\n\n\n<div class=\"wp-block-group lower-stack is-vertical is-layout-flex wp-container-core-group-is-layout-fe9cc265 wp-block-group-is-layout-flex\">\n<div class=\"wp-block-buttons is-layout-flex wp-block-buttons-is-layout-flex\">\n<div class=\"wp-block-button\"><a aria-label=\"Lib\u00e9rez le plaisir !\" class=\"wp-block-button__link wp-element-button\" href=\"https:\/\/www.heparks.org\/fr\/dog-parks\/\">Promener le chien<span class=\"screen-reader-text\">Lib\u00e9rez le plaisir !<\/span><\/a><\/div>\n<\/div>\n<\/div>\n\n\t<\/div>\n<\/swiper-slide>\n\n\t\t<\/swiper-container>\n\n\t\t\n\t\t\n\t\t\t\t\t<div class=\"carousel-new-controls-group grouped grouped-position-bottom grouped-layout-split\">\n\t\t\t\t\t\t\t\t\t\t\t\t\t\t\t\t\t\t\t\t<button\n\t\t\t\t\t\t\tclass=\"carousel-new-nav-prev\"\n\t\t\t\t\t\t\taria-label=\"Diapositive pr\u00e9c\u00e9dente\"\n\t\t\t\t\t\t\trole=\"button\"\n\t\t\t\t\t\t>\n\t\t\t\t\t\t\t\t\t\t\t\t\t\t\t<span class=\"carousel-new-nav-icon\">\n\t\t\t\t\t\t\t\t\t<svg xmlns=\"http:\/\/www.w3.org\/2000\/svg\" fill=\"none\">\n  <path d=\"M-2.40413e-07 5.5L8.25 0.736861L8.25 10.2631L-2.40413e-07 5.5Z\" fill=\"#2C4E3F\"\/>\n<\/svg>\t\t\t\t\t\t\t\t<\/span>\n\t\t\t\t\t\t\t\t\t\t\t\t\t\t<span class=\"screen-reader-text\">Pr\u00e9c\u00e9dent<\/span>\n\t\t\t\t\t\t<\/button>\n\t\t\t\t\t\n\t\t\t\t\t\t\t\t\t\t\t<div id=\"swiper-pagination-block-1bfbf88e-251a-44f3-9d8d-69722b0b4a59\" class=\"swiper-pagination grouped\"><\/div>\n\t\t\t\t\t\n\t\t\t\t\t\t\t\t\t\t\t<button\n\t\t\t\t\t\t\tclass=\"carousel-new-nav-next\"\n\t\t\t\t\t\t\taria-label=\"Diapositive suivante\"\n\t\t\t\t\t\t\trole=\"button\"\n\t\t\t\t\t\t>\n\t\t\t\t\t\t\t\t\t\t\t\t\t\t\t<span class=\"carousel-new-nav-icon\">\n\t\t\t\t\t\t\t\t\t<svg xmlns=\"http:\/\/www.w3.org\/2000\/svg\" fill=\"none\">\n  <path d=\"M9 5.5L0.749999 10.2631L0.749999 0.73686L9 5.5Z\" fill=\"#2C4E3F\"\/>\n<\/svg>\t\t\t\t\t\t\t\t<\/span>\n\t\t\t\t\t\t\t\t\t\t\t\t\t\t<span class=\"screen-reader-text\">Suivant<\/span>\n\t\t\t\t\t\t<\/button>\n\t\t\t\t\t\t\t\t\t\t\t\t<\/div>\n\t\t\t<\/div>\n\n\t<\/section>\n<\/div>\n<\/div>\n<\/div>\n<\/div><\/section>","protected":false},"excerpt":{"rendered":"","protected":false},"author":1,"featured_media":0,"parent":254,"menu_order":0,"comment_status":"closed","ping_status":"closed","template":"","meta":{"_acf_changed":false,"_searchwp_excluded":"","_EventAllDay":false,"_EventTimezone":"","_EventStartDate":"","_EventEndDate":"","_EventStartDateUTC":"","_EventEndDateUTC":"","_EventShowMap":false,"_EventShowMapLink":false,"_EventURL":"","_EventCost":"","_EventCostDescription":"","_EventCurrencySymbol":"","_EventCurrencyCode":"","_EventCurrencyPosition":"","_EventDateTimeSeparator":"","_EventTimeRangeSeparator":"","_EventOrganizerID":[],"_EventVenueID":[],"_OrganizerEmail":"","_OrganizerPhone":"","_OrganizerWebsite":"","_VenueAddress":"","_VenueCity":"","_VenueCountry":"","_VenueProvince":"","_VenueState":"","_VenueZip":"","_VenuePhone":"","_VenueURL":"","_VenueStateProvince":"","_VenueLat":"","_VenueLng":"","_VenueShowMap":false,"_VenueShowMapLink":false,"_tribe_blocks_recurrence_rules":"","_tribe_blocks_recurrence_description":"","_tribe_blocks_recurrence_exclusions":"","_ecp_custom_2":"","footnotes":""},"class_list":["post-16446","page","type-page","status-publish","hentry"],"acf":[],"_links":{"self":[{"href":"https:\/\/www.heparks.org\/fr\/wp-json\/wp\/v2\/pages\/16446","targetHints":{"allow":["GET"]}}],"collection":[{"href":"https:\/\/www.heparks.org\/fr\/wp-json\/wp\/v2\/pages"}],"about":[{"href":"https:\/\/www.heparks.org\/fr\/wp-json\/wp\/v2\/types\/page"}],"author":[{"embeddable":true,"href":"https:\/\/www.heparks.org\/fr\/wp-json\/wp\/v2\/users\/1"}],"replies":[{"embeddable":true,"href":"https:\/\/www.heparks.org\/fr\/wp-json\/wp\/v2\/comments?post=16446"}],"version-history":[{"count":9,"href":"https:\/\/www.heparks.org\/fr\/wp-json\/wp\/v2\/pages\/16446\/revisions"}],"predecessor-version":[{"id":46865,"href":"https:\/\/www.heparks.org\/fr\/wp-json\/wp\/v2\/pages\/16446\/revisions\/46865"}],"up":[{"embeddable":true,"href":"https:\/\/www.heparks.org\/fr\/wp-json\/wp\/v2\/pages\/254"}],"wp:attachment":[{"href":"https:\/\/www.heparks.org\/fr\/wp-json\/wp\/v2\/media?parent=16446"}],"curies":[{"name":"wp","href":"https:\/\/api.w.org\/{rel}","templated":true}]}}