{"id":89,"date":"2025-10-29T19:04:11","date_gmt":"2025-10-29T19:04:11","guid":{"rendered":"https:\/\/www.heparks.org\/?page_id=89"},"modified":"2026-04-08T14:49:11","modified_gmt":"2026-04-08T19:49:11","slug":"voluntario","status":"publish","type":"page","link":"https:\/\/www.heparks.org\/es\/about\/get-involved\/volunteer\/","title":{"rendered":"Voluntario"},"content":{"rendered":"<section class=\"wp-block-cover alignfull pattern hero-2\"><span aria-hidden=\"true\" class=\"wp-block-cover__background has-dark-teal-background-color has-background-dim-100 has-background-dim\"><\/span><div class=\"wp-block-cover__inner-container has-global-padding is-layout-constrained wp-block-cover-is-layout-constrained\">\n<div class=\"wp-block-columns pattern-intro is-layout-flex wp-container-core-columns-is-layout-28f84493 wp-block-columns-is-layout-flex\">\n<div class=\"wp-block-column pattern-col-text is-layout-flow wp-block-column-is-layout-flow\">\n<h2 class=\"wp-block-heading is-style-intro-heading\">Somos m\u00e1s grandes que la suma de nuestras partes<\/h2>\n\n\n\n<h3 class=\"wp-block-heading pattern-heading\">Voluntariado en HEParks<\/h3>\n\n\n\n<p>Nuestro distrito de parques no puede prosperar solo con el apoyo del personal; necesitamos los corazones, las manos y las habilidades de nuestros vecinos. Aqu\u00ed, un equipo de voluntarios dedicados crea conexiones, tejiendo el tejido de nuestra comunidad con cada interacci\u00f3n.<\/p>\n\n\n\n<p>Te invitamos a unirte a nuestros esfuerzos de voluntariado. Ya sea que te apasione el entrenamiento, tengas experiencia en jardiner\u00eda y embellecimiento de espacios exteriores, puedas aportar energ\u00eda a nuestros eventos comunitarios o quieras apoyar nuestro centro comunitario para mayores de 50 a\u00f1os, hay un lugar para ti aqu\u00ed.&nbsp;<\/p>\n<\/div>\n\n\n\n<div class=\"wp-block-column pattern-col-image is-layout-flow wp-block-column-is-layout-flow\">\n<figure class=\"wp-block-image size-full\"><img decoding=\"async\" width=\"580\" height=\"327\" data-src=\"https:\/\/www.heparks.org\/wp-content\/smush-webp\/2025\/11\/Rectangle-463-5.png.webp\" alt=\"un grupo de personas juntando sus manos\" class=\"wp-image-5479 lazyload\" data-srcset=\"https:\/\/www.heparks.org\/wp-content\/smush-webp\/2025\/11\/Rectangle-463-5.png.webp 580w, https:\/\/www.heparks.org\/wp-content\/smush-webp\/2025\/11\/Rectangle-463-5-300x169.png.webp 300w\" data-sizes=\"(max-width: 580px) 100vw, 580px\" src=\"data:image\/svg+xml;base64,PHN2ZyB3aWR0aD0iMSIgaGVpZ2h0PSIxIiB4bWxucz0iaHR0cDovL3d3dy53My5vcmcvMjAwMC9zdmciPjwvc3ZnPg==\" style=\"--smush-placeholder-width: 580px; --smush-placeholder-aspect-ratio: 580\/327;\" data-smush-webp-fallback=\"{&quot;data-src&quot;:&quot;https:\\\/\\\/www.heparks.org\\\/wp-content\\\/uploads\\\/2025\\\/11\\\/Rectangle-463-5.png&quot;,&quot;data-srcset&quot;:&quot;https:\\\/\\\/www.heparks.org\\\/wp-content\\\/uploads\\\/2025\\\/11\\\/Rectangle-463-5.png 580w, https:\\\/\\\/www.heparks.org\\\/wp-content\\\/uploads\\\/2025\\\/11\\\/Rectangle-463-5-300x169.png 300w&quot;}\" \/><\/figure>\n<\/div>\n<\/div>\n<\/div><\/section>\n\n\n\n<section class=\"wp-block-cover alignfull is-light pattern cards-3\"><span aria-hidden=\"true\" class=\"wp-block-cover__background has-coral-orange-background-color has-background-dim-100 has-background-dim\"><\/span><div class=\"wp-block-cover__inner-container has-global-padding is-layout-constrained wp-block-cover-is-layout-constrained\">\n<div class=\"wp-block-columns pattern-intro is-layout-flex wp-container-core-columns-is-layout-28f84493 wp-block-columns-is-layout-flex\">\n<div class=\"wp-block-column is-layout-flow wp-block-column-is-layout-flow\">\n<h2 class=\"wp-block-heading is-style-intro-heading\">La comunidad se fortalece unida.<\/h2>\n\n\n\n<h3 class=\"wp-block-heading pattern-heading\">Formas en que puedes ayudar<\/h3>\n<\/div>\n<\/div>\n\n\n\n<div class=\"wp-block-columns pattern-cards is-layout-flex wp-container-core-columns-is-layout-28f84493 wp-block-columns-is-layout-flex\">\n<div class=\"wp-block-column is-layout-flow wp-block-column-is-layout-flow\">\n<div class=\"wp-block-group has-global-padding is-layout-constrained wp-block-group-is-layout-constrained\">\n<figure class=\"wp-block-image size-full\"><img decoding=\"async\" data-src=\"https:\/\/www.heparks.org\/wp-content\/themes\/dream\/patterns\/images\/Group-328-1.svg\" alt=\"logo de hoja verde\" class=\"wp-image-1943 lazyload\" src=\"data:image\/svg+xml;base64,PHN2ZyB3aWR0aD0iMSIgaGVpZ2h0PSIxIiB4bWxucz0iaHR0cDovL3d3dy53My5vcmcvMjAwMC9zdmciPjwvc3ZnPg==\" style=\"--smush-placeholder-width: 30px; --smush-placeholder-aspect-ratio: 30\/30;\" \/><\/figure>\n\n\n\n<h4 class=\"wp-block-heading pattern-card-heading\">Oportunidades de coaching<\/h4>\n\n\n\n<p>Deja una huella duradera entrenando deportes juveniles como baloncesto, b\u00e9isbol, s\u00f3ftbol, f\u00fatbol, voleibol, hockey o patinaje art\u00edstico. Todos los voluntarios reciben entrenamiento especializado.<\/p>\n<\/div>\n\n\n<\/div>\n\n\n\n<div class=\"wp-block-column is-layout-flow wp-block-column-is-layout-flow\">\n<div class=\"wp-block-group has-global-padding is-layout-constrained wp-block-group-is-layout-constrained\">\n<figure class=\"wp-block-image size-full\"><img decoding=\"async\" data-src=\"https:\/\/www.heparks.org\/wp-content\/themes\/dream\/patterns\/images\/Group-328-1.svg\" alt=\"logo de hoja verde\" class=\"wp-image-1943 lazyload\" src=\"data:image\/svg+xml;base64,PHN2ZyB3aWR0aD0iMSIgaGVpZ2h0PSIxIiB4bWxucz0iaHR0cDovL3d3dy53My5vcmcvMjAwMC9zdmciPjwvc3ZnPg==\" style=\"--smush-placeholder-width: 30px; --smush-placeholder-aspect-ratio: 30\/30;\" \/><\/figure>\n\n\n\n<h4 class=\"wp-block-heading pattern-card-heading\">Voluntariado para eventos especiales<\/h4>\n\n\n\n<p>Apoya nuestros vibrantes eventos comunitarios con un compromiso de un solo d\u00eda. Ayuda con el montaje, registro, actividades o limpieza.<\/p>\n<\/div>\n\n\n<\/div>\n\n\n\n<div class=\"wp-block-column is-layout-flow wp-block-column-is-layout-flow\">\n<div class=\"wp-block-group has-global-padding is-layout-constrained wp-block-group-is-layout-constrained\">\n<figure class=\"wp-block-image size-full\"><img decoding=\"async\" data-src=\"https:\/\/www.heparks.org\/wp-content\/themes\/dream\/patterns\/images\/Group-328-1.svg\" alt=\"logo de hoja verde\" class=\"wp-image-1943 lazyload\" src=\"data:image\/svg+xml;base64,PHN2ZyB3aWR0aD0iMSIgaGVpZ2h0PSIxIiB4bWxucz0iaHR0cDovL3d3dy53My5vcmcvMjAwMC9zdmciPjwvc3ZnPg==\" style=\"--smush-placeholder-width: 30px; --smush-placeholder-aspect-ratio: 30\/30;\" \/><\/figure>\n\n\n\n<h4 class=\"wp-block-heading pattern-card-heading\">Voluntariado en Parques<\/h4>\n\n\n\n<p>Forma parte del programa Adopta un Parque: ayuda a quitar malezas, pintar, limpiar y plantar flores silvestres nativas. Juega un papel activo para mantener nuestros parques hermosos y acogedores.<\/p>\n<\/div>\n\n\n\n<div class=\"wp-block-buttons is-layout-flex wp-block-buttons-is-layout-flex\"><\/div>\n<\/div>\n\n\n\n<div class=\"wp-block-column is-layout-flow wp-block-column-is-layout-flow\">\n<div class=\"wp-block-group has-global-padding is-layout-constrained wp-block-group-is-layout-constrained\">\n<figure class=\"wp-block-image size-full\"><img decoding=\"async\" data-src=\"https:\/\/www.heparks.org\/wp-content\/themes\/dream\/patterns\/images\/Group-328-1.svg\" alt=\"logo de hoja verde\" class=\"wp-image-1943 lazyload\" src=\"data:image\/svg+xml;base64,PHN2ZyB3aWR0aD0iMSIgaGVpZ2h0PSIxIiB4bWxucz0iaHR0cDovL3d3dy53My5vcmcvMjAwMC9zdmciPjwvc3ZnPg==\" style=\"--smush-placeholder-width: 30px; --smush-placeholder-aspect-ratio: 30\/30;\" \/><\/figure>\n\n\n\n<h4 class=\"wp-block-heading pattern-card-heading\">Voluntarios del Centro 50+<\/h4>\n\n\n\n<p>Ayuda a crear un ambiente c\u00e1lido y acogedor para las personas mayores, brindando asistencia en servicio al cliente o apoyo en eventos en el Centro Comunitario para Adultos Mayores.<\/p>\n<\/div>\n\n\n<\/div>\n<\/div>\n<\/div><\/section>\n\n\n\n<section class=\"wp-block-cover alignfull pattern timeline\"><span aria-hidden=\"true\" class=\"wp-block-cover__background has-dark-teal-background-color has-background-dim-100 has-background-dim\"><\/span><div class=\"wp-block-cover__inner-container has-global-padding is-layout-constrained wp-block-cover-is-layout-constrained\">\n<div class=\"wp-block-columns alignwide is-layout-flex wp-container-core-columns-is-layout-28f84493 wp-block-columns-is-layout-flex\">\n<div class=\"wp-block-column pattern-col-text is-layout-flow wp-block-column-is-layout-flow\">\n<h2 class=\"wp-block-heading is-style-intro-heading\">Ven como eres, empieza donde est\u00e1s<\/h2>\n\n\n\n<h3 class=\"wp-block-heading pattern-heading\">C\u00f3mo empezar<\/h3>\n\n\n\n<div class=\"wp-block-group has-global-padding is-layout-constrained wp-block-group-is-layout-constrained\">\n<p>Estamos ansiosos por darte la bienvenida a nuestra comunidad de voluntarios.<\/p>\n\n\n\n<p>Para empezar, simplemente sigue estos sencillos pasos. Si necesitas ayuda o informaci\u00f3n adicional, siempre estamos aqu\u00ed para responder preguntas y ofrecer tu perspectiva. No dudes en contactarnos si necesitas algo.<\/p>\n<\/div>\n<\/div>\n\n\n\n<div class=\"wp-block-column pattern-col-content is-layout-flow wp-block-column-is-layout-flow\">\n<div class=\"wp-block-group is-nowrap is-layout-flex wp-container-core-group-is-layout-6c531013 wp-block-group-is-layout-flex\">\n<p>1<\/p>\n\n\n\n<div class=\"wp-block-group has-global-padding is-layout-constrained wp-block-group-is-layout-constrained\">\n<h4 class=\"wp-block-heading\">Solicitud de Voluntariado<\/h4>\n\n\n\n<p>Completa el formulario de solicitud para compartir tus intereses y disponibilidad.<\/p>\n\n\n\n<div class=\"wp-block-buttons is-layout-flex wp-block-buttons-is-layout-flex\">\n<div class=\"wp-block-button is-style-outline is-style-outline--1\"><a class=\"wp-block-button__link wp-element-button\" href=\"https:\/\/www.heparks.org\/es\/authorization-for-volunteer-service-background-check-2\/\">Solicitud de Voluntariado<\/a><\/div>\n<\/div>\n<\/div>\n<\/div>\n\n\n\n<div class=\"wp-block-group is-nowrap is-layout-flex wp-container-core-group-is-layout-6c531013 wp-block-group-is-layout-flex\">\n<p>2<\/p>\n\n\n\n<div class=\"wp-block-group has-global-padding is-layout-constrained wp-block-group-is-layout-constrained\">\n<h4 class=\"wp-block-heading\">Autorizaci\u00f3n de Verificaci\u00f3n de Antecedentes<\/h4>\n\n\n\n<p>Env\u00eda el formulario de autorizaci\u00f3n de verificaci\u00f3n de antecedentes requerido.<\/p>\n\n\n\n<div class=\"wp-block-buttons is-layout-flex wp-block-buttons-is-layout-flex\">\n<div class=\"wp-block-button is-style-outline is-style-outline--2\"><a class=\"wp-block-button__link wp-element-button\" href=\"https:\/\/www.heparks.org\/es\/authorization-for-volunteer-service-background-check\/\"><strong>Formulario de Verificaci\u00f3n de Antecedentes<\/strong><\/a><\/div>\n<\/div>\n<\/div>\n<\/div>\n\n\n\n<div class=\"wp-block-group is-nowrap is-layout-flex wp-container-core-group-is-layout-6c531013 wp-block-group-is-layout-flex\">\n<p>3<\/p>\n\n\n\n<div class=\"wp-block-group has-global-padding is-layout-constrained wp-block-group-is-layout-constrained\">\n<h4 class=\"wp-block-heading\">Exenci\u00f3n de responsabilidad para voluntarios<\/h4>\n\n\n\n<p>Firma el descargo de responsabilidad para finalizar tu inscripci\u00f3n.<\/p>\n\n\n\n<div class=\"wp-block-buttons is-layout-flex wp-block-buttons-is-layout-flex\">\n<div class=\"wp-block-button is-style-outline is-style-outline--3\"><a class=\"wp-block-button__link wp-element-button\" href=\"https:\/\/www.heparks.org\/es\/authorization-for-volunteer-service-background-check-3\/\">Descargo de responsabilidad del voluntario<\/a><\/div>\n<\/div>\n<\/div>\n<\/div>\n<\/div>\n<\/div>\n<\/div><\/section>\n\n\n\n<section class=\"wp-block-cover alignfull is-light pattern feature-grid-1 has-dark-teal-color has-text-color has-link-color wp-elements-b35814e7dae815543b29bf5683baff1f\"><span aria-hidden=\"true\" class=\"wp-block-cover__background has-light-teal-background-color has-background-dim-100 has-background-dim\"><\/span><div class=\"wp-block-cover__inner-container has-global-padding is-layout-constrained wp-block-cover-is-layout-constrained\">\n<div class=\"wp-block-columns pattern-intro is-layout-flex wp-container-core-columns-is-layout-28f84493 wp-block-columns-is-layout-flex\">\n<div class=\"wp-block-column is-layout-flow wp-block-column-is-layout-flow\">\n<h2 class=\"wp-block-heading is-style-intro-heading\">Estamos muy agradecidos contigo<\/h2>\n\n\n\n<h3 class=\"wp-block-heading pattern-heading\">Reconocimiento de voluntarios<\/h3>\n\n\n\n<div class=\"wp-block-group has-global-padding is-layout-constrained wp-block-group-is-layout-constrained\">\n<p>La verdad es que no existimos sin ti.<br>Independientemente de cu\u00e1ntos premios ganemos o elogios recibamos, la verdadera medida de nuestro \u00e9xito radica en su participaci\u00f3n. Sabemos que no dedicar\u00edan su tiempo y experiencia con nosotros si no creyeran en nuestra misi\u00f3n y reconocieran que nuestra visi\u00f3n compartida tiene un impacto genuino en nuestra comunidad.<\/p>\n<\/div>\n<\/div>\n<\/div>\n\n\n\n<div class=\"wp-block-columns pattern-grid is-layout-flex wp-container-core-columns-is-layout-28f84493 wp-block-columns-is-layout-flex\">\n<div class=\"wp-block-column is-layout-flow wp-block-column-is-layout-flow\">\n<h4 class=\"wp-block-heading pattern-grid-heading\">Lo mejor de <br>Hoffman<\/h4>\n\n\n\n<p>Muchos voluntarios son reconocidos por el Consejo de Comisionados del Parque en reuniones mensuales.<\/p>\n<\/div>\n\n\n\n<div class=\"wp-block-column is-layout-flow wp-block-column-is-layout-flow\">\n<h4 class=\"wp-block-heading pattern-grid-heading\">Voluntario de <br>el A\u00f1o<\/h4>\n\n\n\n<p>\u00dasalos en cualquier lugar: programas, membres\u00edas, masajes, golf y m\u00e1s.<\/p>\n<\/div>\n\n\n\n<div class=\"wp-block-column is-layout-flow wp-block-column-is-layout-flow\">\n<h4 class=\"wp-block-heading pattern-grid-heading\">Voluntario <br>Noche de Agradecimiento<\/h4>\n\n\n\n<p>Cada agosto, los voluntarios y sus familias disfrutan de una fiesta organizada por nuestro Comit\u00e9 del Parque.<\/p>\n<\/div>\n<\/div>\n\n\n\n<div class=\"wp-block-buttons is-content-justification-center is-layout-flex wp-container-core-buttons-is-layout-a89b3969 wp-block-buttons-is-layout-flex\">\n<div class=\"wp-block-button\"><a class=\"wp-block-button__link wp-element-button\" href=\"https:\/\/www.heparks.org\/es\/sobre\/lo-mejor-de-hoffman\/\">Mira lo mejor de Hoffman<\/a><\/div>\n<\/div>\n<\/div><\/section>\n\n\n\n<section class=\"wp-block-cover alignfull is-light pattern cta-3\"><img decoding=\"async\" width=\"1024\" height=\"643\" class=\"wp-block-cover__image-background wp-image-5481 size-large lazyload\" alt=\"una persona estirando los brazos\" data-src=\"https:\/\/www.heparks.org\/wp-content\/smush-webp\/2025\/11\/pexels-goumbik-296234-6-1024x643.png.webp\" data-object-fit=\"cover\" data-srcset=\"https:\/\/www.heparks.org\/wp-content\/smush-webp\/2025\/11\/pexels-goumbik-296234-6-1024x643.png.webp 1024w, https:\/\/www.heparks.org\/wp-content\/smush-webp\/2025\/11\/pexels-goumbik-296234-6-300x188.png.webp 300w, https:\/\/www.heparks.org\/wp-content\/smush-webp\/2025\/11\/pexels-goumbik-296234-6-768x482.png.webp 768w, https:\/\/www.heparks.org\/wp-content\/smush-webp\/2025\/11\/pexels-goumbik-296234-6.png.webp 1512w\" data-sizes=\"(max-width: 1024px) 100vw, 1024px\" src=\"data:image\/svg+xml;base64,PHN2ZyB3aWR0aD0iMSIgaGVpZ2h0PSIxIiB4bWxucz0iaHR0cDovL3d3dy53My5vcmcvMjAwMC9zdmciPjwvc3ZnPg==\" style=\"--smush-placeholder-width: 1024px; --smush-placeholder-aspect-ratio: 1024\/643;\" data-smush-webp-fallback=\"{&quot;data-src&quot;:&quot;https:\\\/\\\/www.heparks.org\\\/wp-content\\\/uploads\\\/2025\\\/11\\\/pexels-goumbik-296234-6-1024x643.png&quot;,&quot;data-srcset&quot;:&quot;https:\\\/\\\/www.heparks.org\\\/wp-content\\\/uploads\\\/2025\\\/11\\\/pexels-goumbik-296234-6-1024x643.png 1024w, https:\\\/\\\/www.heparks.org\\\/wp-content\\\/uploads\\\/2025\\\/11\\\/pexels-goumbik-296234-6-300x188.png 300w, https:\\\/\\\/www.heparks.org\\\/wp-content\\\/uploads\\\/2025\\\/11\\\/pexels-goumbik-296234-6-768x482.png 768w, https:\\\/\\\/www.heparks.org\\\/wp-content\\\/uploads\\\/2025\\\/11\\\/pexels-goumbik-296234-6.png 1512w&quot;}\" \/><span aria-hidden=\"true\" class=\"wp-block-cover__background has-background-dim-0 has-background-dim\" style=\"background-color:#809cae\"><\/span><div class=\"wp-block-cover__inner-container has-global-padding is-layout-constrained wp-block-cover-is-layout-constrained\">\n<div class=\"wp-block-columns is-layout-flex wp-container-core-columns-is-layout-28f84493 wp-block-columns-is-layout-flex\">\n<div class=\"wp-block-column is-layout-flow wp-block-column-is-layout-flow\">\n<h2 class=\"wp-block-heading is-style-intro-heading\">Estamos aqu\u00ed para ayudarte, ay\u00fadanos<\/h2>\n\n\n\n<h2 class=\"wp-block-heading pattern-heading\">Informaci\u00f3n de contacto<\/h2>\n\n\n\n<p>Si no est\u00e1s seguro por d\u00f3nde empezar, solo cont\u00e1ctanos. Estamos aqu\u00ed para ayudarte a encontrar la opci\u00f3n adecuada seg\u00fan tus intereses, disponibilidad y experiencia.<\/p>\n\n\n\n<div class=\"wp-block-buttons is-layout-flex wp-block-buttons-is-layout-flex\">\n<div class=\"wp-block-button\"><a class=\"wp-block-button__link wp-element-button\" href=\"https:\/\/www.heparks.org\/es\/contact\/\">Cont\u00e1ctanos<\/a><\/div>\n<\/div>\n<\/div>\n<\/div>\n<\/div><\/section>","protected":false},"excerpt":{"rendered":"","protected":false},"author":1,"featured_media":0,"parent":6343,"menu_order":0,"comment_status":"closed","ping_status":"closed","template":"","meta":{"_acf_changed":false,"_searchwp_excluded":"","_EventAllDay":false,"_EventTimezone":"","_EventStartDate":"","_EventEndDate":"","_EventStartDateUTC":"","_EventEndDateUTC":"","_EventShowMap":false,"_EventShowMapLink":false,"_EventURL":"","_EventCost":"","_EventCostDescription":"","_EventCurrencySymbol":"","_EventCurrencyCode":"","_EventCurrencyPosition":"","_EventDateTimeSeparator":"","_EventTimeRangeSeparator":"","_EventOrganizerID":[],"_EventVenueID":[],"_OrganizerEmail":"","_OrganizerPhone":"","_OrganizerWebsite":"","_VenueAddress":"","_VenueCity":"","_VenueCountry":"","_VenueProvince":"","_VenueState":"","_VenueZip":"","_VenuePhone":"","_VenueURL":"","_VenueStateProvince":"","_VenueLat":"","_VenueLng":"","_VenueShowMap":false,"_VenueShowMapLink":false,"_tribe_blocks_recurrence_rules":"","_tribe_blocks_recurrence_description":"","_tribe_blocks_recurrence_exclusions":"","_ecp_custom_2":"","footnotes":""},"class_list":["post-89","page","type-page","status-publish","hentry"],"acf":[],"_links":{"self":[{"href":"https:\/\/www.heparks.org\/es\/wp-json\/wp\/v2\/pages\/89","targetHints":{"allow":["GET"]}}],"collection":[{"href":"https:\/\/www.heparks.org\/es\/wp-json\/wp\/v2\/pages"}],"about":[{"href":"https:\/\/www.heparks.org\/es\/wp-json\/wp\/v2\/types\/page"}],"author":[{"embeddable":true,"href":"https:\/\/www.heparks.org\/es\/wp-json\/wp\/v2\/users\/1"}],"replies":[{"embeddable":true,"href":"https:\/\/www.heparks.org\/es\/wp-json\/wp\/v2\/comments?post=89"}],"version-history":[{"count":7,"href":"https:\/\/www.heparks.org\/es\/wp-json\/wp\/v2\/pages\/89\/revisions"}],"predecessor-version":[{"id":46830,"href":"https:\/\/www.heparks.org\/es\/wp-json\/wp\/v2\/pages\/89\/revisions\/46830"}],"up":[{"embeddable":true,"href":"https:\/\/www.heparks.org\/es\/wp-json\/wp\/v2\/pages\/6343"}],"wp:attachment":[{"href":"https:\/\/www.heparks.org\/es\/wp-json\/wp\/v2\/media?parent=89"}],"curies":[{"name":"wp","href":"https:\/\/api.w.org\/{rel}","templated":true}]}}