{"id":31284,"date":"2025-11-13T18:07:42","date_gmt":"2025-11-14T00:07:42","guid":{"rendered":"https:\/\/www.heparks.org\/?page_id=31284"},"modified":"2026-04-08T10:32:24","modified_gmt":"2026-04-08T15:32:24","slug":"actividades-de-un-dia-para-la-primera-infancia","status":"publish","type":"page","link":"https:\/\/www.heparks.org\/es\/program\/early-learning-and-development\/early-childhood\/early-childhood-one-day-activities\/","title":{"rendered":"Actividades de un d\u00eda para la primera infancia"},"content":{"rendered":"<section class=\"wp-block-cover alignfull pattern hero-2 with-slider\"><span aria-hidden=\"true\" class=\"wp-block-cover__background has-dark-teal-background-color has-background-dim-100 has-background-dim\"><\/span><div class=\"wp-block-cover__inner-container has-global-padding is-layout-constrained wp-block-cover-is-layout-constrained\">\n<div class=\"wp-block-columns pattern-intro is-layout-flex wp-container-core-columns-is-layout-28f84493 wp-block-columns-is-layout-flex\">\n<div class=\"wp-block-column pattern-col-text is-layout-flow wp-block-column-is-layout-flow\">\n<h2 class=\"wp-block-heading is-style-intro-heading\">Programa<\/h2>\n\n\n\n<h3 class=\"wp-block-heading pattern-heading\">Primera infancia<\/h3>\n\n\n\n<p>Los programas para la primera infancia de HEParks nutren a los j\u00f3venes aprendices a trav\u00e9s de actividades l\u00fadicas que apoyan el desarrollo social, emocional, cognitivo y f\u00edsico. Educadores experimentados crean entornos seguros y estimulantes donde los ni\u00f1os exploran, descubren y desarrollan habilidades fundamentales. Los programas enfatizan el aprendizaje pr\u00e1ctico, la creatividad y las interacciones sociales positivas.<\/p>\n<\/div>\n\n\n\n<div class=\"wp-block-column pattern-col-image is-layout-flow wp-block-column-is-layout-flow\">\n<figure class=\"wp-block-image size-full\"><img decoding=\"async\" width=\"1640\" height=\"2048\" data-src=\"https:\/\/www.heparks.org\/wp-content\/smush-webp\/2026\/02\/Screenshot-2025-12-03-at-12.08.59-PM.jpg.webp\" alt=\"un ni\u00f1o jugando con juguetes\" class=\"wp-image-40927 lazyload\" data-srcset=\"https:\/\/www.heparks.org\/wp-content\/smush-webp\/2026\/02\/Screenshot-2025-12-03-at-12.08.59-PM.jpg.webp 1640w, https:\/\/www.heparks.org\/wp-content\/smush-webp\/2026\/02\/Screenshot-2025-12-03-at-12.08.59-PM-240x300.jpg.webp 240w, https:\/\/www.heparks.org\/wp-content\/smush-webp\/2026\/02\/Screenshot-2025-12-03-at-12.08.59-PM-820x1024.jpg.webp 820w, https:\/\/www.heparks.org\/wp-content\/smush-webp\/2026\/02\/Screenshot-2025-12-03-at-12.08.59-PM-768x959.jpg.webp 768w, https:\/\/www.heparks.org\/wp-content\/smush-webp\/2026\/02\/Screenshot-2025-12-03-at-12.08.59-PM-1230x1536.jpg.webp 1230w\" data-sizes=\"(max-width: 1640px) 100vw, 1640px\" src=\"data:image\/svg+xml;base64,PHN2ZyB3aWR0aD0iMSIgaGVpZ2h0PSIxIiB4bWxucz0iaHR0cDovL3d3dy53My5vcmcvMjAwMC9zdmciPjwvc3ZnPg==\" style=\"--smush-placeholder-width: 1640px; --smush-placeholder-aspect-ratio: 1640\/2048;\" data-smush-webp-fallback=\"{&quot;data-src&quot;:&quot;https:\\\/\\\/www.heparks.org\\\/wp-content\\\/uploads\\\/2026\\\/02\\\/Screenshot-2025-12-03-at-12.08.59-PM.jpg&quot;,&quot;data-srcset&quot;:&quot;https:\\\/\\\/www.heparks.org\\\/wp-content\\\/uploads\\\/2026\\\/02\\\/Screenshot-2025-12-03-at-12.08.59-PM.jpg 1640w, https:\\\/\\\/www.heparks.org\\\/wp-content\\\/uploads\\\/2026\\\/02\\\/Screenshot-2025-12-03-at-12.08.59-PM-240x300.jpg 240w, https:\\\/\\\/www.heparks.org\\\/wp-content\\\/uploads\\\/2026\\\/02\\\/Screenshot-2025-12-03-at-12.08.59-PM-820x1024.jpg 820w, https:\\\/\\\/www.heparks.org\\\/wp-content\\\/uploads\\\/2026\\\/02\\\/Screenshot-2025-12-03-at-12.08.59-PM-768x959.jpg 768w, https:\\\/\\\/www.heparks.org\\\/wp-content\\\/uploads\\\/2026\\\/02\\\/Screenshot-2025-12-03-at-12.08.59-PM-1230x1536.jpg 1230w&quot;}\" \/><\/figure>\n<\/div>\n<\/div>\n\n\n\n<div class=\"wp-block-columns is-layout-flex wp-container-core-columns-is-layout-28f84493 wp-block-columns-is-layout-flex\">\n<div class=\"wp-block-column is-layout-flow wp-block-column-is-layout-flow\">\n<div class=\"wp-block-group has-global-padding is-layout-constrained wp-block-group-is-layout-constrained\">\n<h4 class=\"wp-block-heading is-style-intro-heading\">Opciones para la Primera Infancia<\/h4>\n<\/div>\n\n\n<div class=\"wp-block-rectrac-programs wp-block-rectrac-programs\">\n<div class=\"rectrac-programs-grid rectrac-programs-grid--columns-3\" role=\"list\" aria-label=\"Available Programs\">\n\t\n\t<article class=\"rectrac-program-item\" role=\"listitem\" data-program-id=\"45472\" aria-labelledby=\"program-title-program-45472\">\n\t\t<div class=\"rectrac-program-top-content\">\n\t\t\t<div class=\"rectrac-program-header\">\n\t\t\t\t<span class=\"search-result-badge\">Programa<\/span>\n\t\t\t\t\t\t\t\t<div class=\"rectrac-activity-pill\" aria-label=\"Program Code\">\n\t\t\t\t\t226021\t\t\t\t<\/div>\n\t\t\t\t\t\t\t<\/div>\n\n\t\t\t<h3 class=\"rectrac-program-title\" id=\"program-title-program-45472\">\n\t\t\t\tAdventures with Dragons who Love Tacos\t\t\t<\/h3>\n\t\t<\/div>\n\n\t\t<div class=\"rectrac-program-bottom-content\">\n\t\t\t<div class=\"rectrac-program-meta\">\n\t\t\t\t\t\t\t\t<p class=\"rectrac-location\">\n\t\t\t\t\t<span class=\"dashicons dashicons-location\" aria-hidden=\"true\"><\/span>\n\t\t\t\t\t<span class=\"screen-reader-text\">Ubicaci\u00f3n:<\/span>\n\t\t\t\t\tCentro Triphahn\t\t\t\t<\/p>\n\t\t\t\t\n\t\t\t\t\t\t\t\t<p class=\"rectrac-dates\">\n\t\t\t\t\t<span class=\"dashicons dashicons-calendar-alt\" aria-hidden=\"true\"><\/span>\n\t\t\t\t\t<span class=\"screen-reader-text\">Dates:<\/span>\n\t\t\t\t\t5 de mayo de 2026 \u2013 5 de mayo de 2026\t\t\t\t<\/p>\n\t\t\t\t\n\t\t\t\t\t\t\t\t<p class=\"rectrac-times\">\n\t\t\t\t\t<span class=\"dashicons dashicons-clock\" aria-hidden=\"true\"><\/span>\n\t\t\t\t\t<span class=\"screen-reader-text\">Hora:<\/span>\n\t\t\t\t\t5:30 PM \u2013 6:30 PM\t\t\t\t<\/p>\n\t\t\t\t\n\t\t\t\t\t\t\t\t<p class=\"rectrac-days\">\n\t\t\t\t\t<span class=\"dashicons dashicons-calendar\" aria-hidden=\"true\"><\/span>\n\t\t\t\t\t<span class=\"screen-reader-text\">Days:<\/span>\n\t\t\t\t\tMartes\t\t\t\t<\/p>\n\t\t\t\t\n\t\t\t\t\t\t\t\t<p class=\"rectrac-ages\">\n\t\t\t\t\t<span class=\"dashicons dashicons-groups\" aria-hidden=\"true\"><\/span>\n\t\t\t\t\t<span class=\"screen-reader-text\">Edades:<\/span>\n\t\t\t\t\tAges 3 &#8211; 6.99\t\t\t\t<\/p>\n\t\t\t\t\t\t\t<\/div>\n\n\t\t\t\t\t\t<div class=\"rectrac-enrollment-section\" aria-labelledby=\"enrollment-heading-program-45472\">\n\t\t\t\t<strong id=\"enrollment-heading-program-45472\" class=\"rectrac-section-title screen-reader-text\">\n\t\t\t\t\tEnrollment\t\t\t\t<\/strong>\n\n\t\t\t\t<div class=\"rectrac-enrollment-status-badge rectrac-enrollment-open\" aria-label=\"6 spots available for enrollment\">\n\t\t\t\t\t6 spots available\t\t\t\t<\/div>\n\n\t\t\t\t<div class=\"rectrac-enrollment-meter\" role=\"progressbar\" aria-valuenow=\"4\" aria-valuemin=\"0\" aria-valuemax=\"10\" aria-label=\"Enrollment progress: 4 out of 10 spots filled\">\n\t\t\t\t\t<div class=\"rectrac-meter-background\">\n\t\t\t\t\t\t<div class=\"rectrac-meter-fill rectrac-meter-open\" style=\"width: 40%\" aria-hidden=\"true\"><\/div>\n\t\t\t\t\t<\/div>\n\t\t\t\t<\/div>\n\n\t\t\t\t<div class=\"rectrac-enrollment-numbers\">\n\t\t\t\t\t4 \/ 10 enrolled\t\t\t\t<\/div>\n\t\t\t<\/div>\n\t\t\t\n\t\t\t\t\t\t\t\t\t<div class=\"rectrac-pricing-section\">\n\t\t\t\t\t\t\t\t<div class=\"rectrac-price-row\">\n\t\t\t\t\t<span class=\"rectrac-price-label\">En el distrito<\/span>\n\t\t\t\t\t<span class=\"rectrac-price-amount\">$16.00<\/span>\n\t\t\t\t<\/div>\n\t\t\t\t<div class=\"rectrac-price-row\">\n\t\t\t\t\t<span class=\"rectrac-price-label\">Fuera del distrito<\/span>\n\t\t\t\t\t<span class=\"rectrac-price-amount\">$18.00<\/span>\n\t\t\t\t<\/div>\n\t\t\t\t\t\t\t<\/div>\n\t\t\t\t\t\t\n\t\t\t\t\t\t<div class=\"rectrac-program-action\">\n\t\t\t\t<a\n\t\t\t\t\thref=\"https:\/\/ilhoffmanestatesweb.myvscloud.com\/webtrac\/web\/iteminfo.html?Module=AR&#038;FMID=177753085\"\n\t\t\t\t\tclass=\"rectrac-btn rectrac-btn--primary\"\n\t\t\t\t\ttarget=\"_blank\"\n\t\t\t\t\trel=\"noopener noreferrer\"\n\t\t\t\t\tdata-program-id=\"45472\"\n\t\t\t\t\tdata-url=\"https:\/\/ilhoffmanestatesweb.myvscloud.com\/webtrac\/web\/iteminfo.html?Module=AR&amp;FMID=177753085\"\n\t\t\t\t\taria-label=\"Learn more about Adventures with Dragons who Love Tacos\"\n\t\t\t\t>\n\t\t\t\t\tM\u00e1s informaci\u00f3n \/ Registrarse\t\t\t\t\t<span class=\"dashicons dashicons-arrow-right-alt\" aria-hidden=\"true\"><\/span>\n\t\t\t\t<\/a>\n\t\t\t<\/div>\n\t\t\t\t\t<\/div>\n\t<\/article>\n\n\t<\/div>\n<\/div><\/div>\n<\/div>\n<\/div><\/section>\n\n\n\n<section class=\"wp-block-cover alignfull is-light pattern slider-5\"><img decoding=\"async\" width=\"1024\" height=\"731\" class=\"wp-block-cover__image-background wp-image-41604 size-large lazyload\" alt=\"Foto de los \u00e1rboles con el sol asom\u00e1ndose entre las hojas\" data-src=\"https:\/\/www.heparks.org\/wp-content\/smush-webp\/2025\/12\/DSC7541-1024x731.jpg.webp\" data-object-fit=\"cover\" data-srcset=\"https:\/\/www.heparks.org\/wp-content\/smush-webp\/2025\/12\/DSC7541-1024x731.jpg.webp 1024w, https:\/\/www.heparks.org\/wp-content\/smush-webp\/2025\/12\/DSC7541-300x214.jpg.webp 300w, https:\/\/www.heparks.org\/wp-content\/smush-webp\/2025\/12\/DSC7541-768x549.jpg.webp 768w, https:\/\/www.heparks.org\/wp-content\/smush-webp\/2025\/12\/DSC7541-1536x1097.jpg.webp 1536w, https:\/\/www.heparks.org\/wp-content\/smush-webp\/2025\/12\/DSC7541-scaled.jpg.webp 2048w\" data-sizes=\"(max-width: 1024px) 100vw, 1024px\" src=\"data:image\/svg+xml;base64,PHN2ZyB3aWR0aD0iMSIgaGVpZ2h0PSIxIiB4bWxucz0iaHR0cDovL3d3dy53My5vcmcvMjAwMC9zdmciPjwvc3ZnPg==\" style=\"--smush-placeholder-width: 1024px; --smush-placeholder-aspect-ratio: 1024\/731;\" data-smush-webp-fallback=\"{&quot;data-src&quot;:&quot;https:\\\/\\\/www.heparks.org\\\/wp-content\\\/uploads\\\/2025\\\/12\\\/DSC7541-1024x731.jpg&quot;,&quot;data-srcset&quot;:&quot;https:\\\/\\\/www.heparks.org\\\/wp-content\\\/uploads\\\/2025\\\/12\\\/DSC7541-1024x731.jpg 1024w, https:\\\/\\\/www.heparks.org\\\/wp-content\\\/uploads\\\/2025\\\/12\\\/DSC7541-300x214.jpg 300w, https:\\\/\\\/www.heparks.org\\\/wp-content\\\/uploads\\\/2025\\\/12\\\/DSC7541-768x549.jpg 768w, https:\\\/\\\/www.heparks.org\\\/wp-content\\\/uploads\\\/2025\\\/12\\\/DSC7541-1536x1097.jpg 1536w, https:\\\/\\\/www.heparks.org\\\/wp-content\\\/uploads\\\/2025\\\/12\\\/DSC7541-scaled.jpg 2048w&quot;}\" \/><span aria-hidden=\"true\" class=\"wp-block-cover__background has-background-dim-0 has-background-dim\"><\/span><div class=\"wp-block-cover__inner-container has-global-padding is-layout-constrained wp-block-cover-is-layout-constrained\">\n<div class=\"wp-block-columns pattern-intro is-layout-flex wp-container-core-columns-is-layout-28f84493 wp-block-columns-is-layout-flex\">\n<div class=\"wp-block-column pattern-col-text is-layout-flow wp-block-column-is-layout-flow\">\n<h2 class=\"wp-block-heading is-style-intro-heading\">Programas destacados<\/h2>\n\n\n\n<h3 class=\"wp-block-heading pattern-heading\">Explora m\u00e1s desde HEParks<\/h3>\n<\/div>\n\n\n\n<div class=\"wp-block-column pattern-col-content is-layout-flow wp-block-column-is-layout-flow\">\n<p>Descubre nuestros programas destacados, dise\u00f1ados para mantenerte activo, involucrado y conectado durante todo el a\u00f1o. Desde deportes y actividades f\u00edsicas para j\u00f3venes hasta artes, actividades recreativas y eventos comunitarios, el Distrito de Parques de Hoffman Estates tiene algo para todos.<\/p>\n\n\n\n<div class=\"wp-block-buttons is-layout-flex wp-block-buttons-is-layout-flex\">\n<div class=\"wp-block-button\"><a class=\"wp-block-button__link has-dark-teal-color has-text-color has-link-color wp-element-button\" href=\"https:\/\/www.flipsnack.com\/BDABCECC5A8\/2026-summer-guide\">Consulta nuestra gu\u00eda del PROGRAMA DE VERANO<\/a><\/div>\n<\/div>\n\n\n\n<div class=\"wp-block-buttons is-layout-flex wp-block-buttons-is-layout-flex\">\n<div class=\"wp-block-button\"><a class=\"wp-block-button__link has-dark-teal-color has-text-color has-link-color wp-element-button\" href=\"https:\/\/www.heparks.org\/es\/programa\/cuidado-posterior-y-campamentos\/campamentos\/\">Consulte nuestra gu\u00eda de campamentos de verano<\/a><\/div>\n<\/div>\n<\/div>\n<\/div>\n\n\n\n<div class=\"wp-block-columns pattern-carousel is-layout-flex wp-container-core-columns-is-layout-28f84493 wp-block-columns-is-layout-flex\">\n<div class=\"wp-block-column is-layout-flow wp-block-column-is-layout-flow\">\n<div class=\"wp-block-group slider-variation variation-01 has-global-padding is-layout-constrained wp-block-group-is-layout-constrained\">\n<section class=\"wp-block-prolific-carousel-new has-content-align-center wp-block-prolific-carousel-new\" id=\"carousel-new-block-1bfbf88e-251a-44f3-9d8d-69722b0b4a59\" data-slide-count=\"4\" data-virtual-active-index=\"true\">\n\t<div class=\"carousel-new-swiper-wrapper\">\n\t\t<swiper-container\n\t\t\t direction=\"horizontal\" speed=\"300\" centered-slides=\"false\" auto-height=\"true\" free-mode=\"false\" scrollbar=\"false\" loop=\"false\" allow-touch-move=\"true\" grab-cursor=\"true\" keyboard=\"true\" mousewheel=\"false\" navigation=\"false\" pagination=\"true\" pagination-type=\"bullets\" pagination-el=\"#swiper-pagination-block-1bfbf88e-251a-44f3-9d8d-69722b0b4a59\" pagination-clickable=\"true\" pagination-dynamic-bullets=\"false\" resistance-ratio=\"0.85\" breakpoints='{&quot;0&quot;:{&quot;slidesPerView&quot;:1,&quot;spaceBetween&quot;:10},&quot;768&quot;:{&quot;slidesPerView&quot;:3,&quot;spaceBetween&quot;:20},&quot;1024&quot;:{&quot;slidesPerView&quot;:4,&quot;spaceBetween&quot;:35}}'\t\t\trole=\"region\"\n\t\t\taria-label=\"Carousel\"\n\t\t\tclass=\"carousel-new-swiper-container\"\n\t\t>\n\t\t\t\n\n<swiper-slide class=\"swiper-slide wp-block-prolific-carousel-new-slide\">\n\t<div class=\"carousel-new-slide-inner\">\n\t\t\n\n<div class=\"wp-block-group upper-stack is-vertical is-layout-flex wp-container-core-group-is-layout-fe9cc265 wp-block-group-is-layout-flex\">\n<p class=\"pill\">Representante de la comunidad<\/p>\n\n\n\n<div class=\"wp-block-group is-vertical is-layout-flex wp-container-core-group-is-layout-fe9cc265 wp-block-group-is-layout-flex\">\n<h3 class=\"wp-block-heading has-text-align-center\">Ay\u00fadanos a dar forma a nuestro futuro<\/h3>\n\n\n\n<p class=\"has-text-align-center\">Buscamos a miembros de la comunidad para que formen parte de nuestro Comit\u00e9 Asesor, lo que ofrece a los residentes una oportunidad significativa para ayudar a dar forma al futuro de los parques, los programas y las instalaciones recreativas locales.<\/p>\n<\/div>\n<\/div>\n\n\n\n<div class=\"wp-block-group lower-stack is-vertical is-layout-flex wp-container-core-group-is-layout-fe9cc265 wp-block-group-is-layout-flex\">\n<div class=\"wp-block-buttons is-layout-flex wp-block-buttons-is-layout-flex\">\n<div class=\"wp-block-button\"><a aria-label=\"Ay\u00fadanos a dar forma a nuestro futuro\" class=\"wp-block-button__link wp-element-button\" href=\"https:\/\/www.heparks.org\/es\/questionnaire\/\">\u00a1Participa!<span class=\"screen-reader-text\">Ay\u00fadanos a dar forma a nuestro futuro<\/span><\/a><\/div>\n<\/div>\n<\/div>\n\n\t<\/div>\n<\/swiper-slide>\n\n\n\n<swiper-slide class=\"swiper-slide wp-block-prolific-carousel-new-slide\">\n\t<div class=\"carousel-new-slide-inner\">\n\t\t\n\n<div class=\"wp-block-group upper-stack is-vertical is-layout-flex wp-container-core-group-is-layout-fe9cc265 wp-block-group-is-layout-flex\">\n<p class=\"pill\">Parque y Granero Vogelei<\/p>\n\n\n\n<div class=\"wp-block-group is-vertical is-layout-flex wp-container-core-group-is-layout-fe9cc265 wp-block-group-is-layout-flex\">\n<h3 class=\"wp-block-heading has-text-align-center\">\u00a1Nuevo patio de juegos abierto para jugar!<\/h3>\n\n\n\n<p class=\"has-text-align-center\">HEParks se enorgullece en anunciar la inauguraci\u00f3n de un nuevo parque infantil totalmente inclusivo en Vogelei Park &amp; Barn, ubicado en 650 W. Higgins Road. Esta apertura es el resultado de dos a\u00f1os de cuidadosa planificaci\u00f3n, demolici\u00f3n y construcci\u00f3n para crear un espacio recreativo \u00fanico dise\u00f1ado para toda la comunidad.<\/p>\n<\/div>\n<\/div>\n\n\n\n<div class=\"wp-block-group lower-stack is-vertical is-layout-flex wp-container-core-group-is-layout-fe9cc265 wp-block-group-is-layout-flex\">\n<div class=\"wp-block-buttons is-layout-flex wp-block-buttons-is-layout-flex\">\n<div class=\"wp-block-button\"><a aria-label=\"\u00a1Nuevo patio de juegos abierto para jugar!\" class=\"wp-block-button__link wp-element-button\" href=\"https:\/\/www.heparks.org\/es\/hoffman-estates-park-district-debuts-fully-inclusive\/\">Leer m\u00e1s<span class=\"screen-reader-text\">\u00a1Nuevo patio de juegos abierto para jugar!<\/span><\/a><\/div>\n<\/div>\n<\/div>\n\n\t<\/div>\n<\/swiper-slide>\n\n\n\n<swiper-slide class=\"swiper-slide wp-block-prolific-carousel-new-slide\">\n\t<div class=\"carousel-new-slide-inner\">\n\t\t\n\n<div class=\"wp-block-group upper-stack is-vertical is-layout-flex wp-container-core-group-is-layout-fe9cc265 wp-block-group-is-layout-flex\">\n<p class=\"pill\">Pase Seascape<\/p>\n\n\n\n<div class=\"wp-block-group is-vertical is-layout-flex wp-container-core-group-is-layout-fe9cc265 wp-block-group-is-layout-flex\">\n<h3 class=\"wp-block-heading has-text-align-center\"><strong>\u00a1Sum\u00e9rgete en el verano!<\/strong><\/h3>\n\n\n\n<p class=\"has-text-align-center\">Dale un chapuz\u00f3n en el Seascape Family Aquatic Center. Desde toboganes hasta trampolines, pasando por los peque\u00f1os que se inician en la nataci\u00f3n, \u00a1hay diversi\u00f3n para todas las edades! Compra hoy mismo tus pases familiares: \u00a1tu yo del verano te lo agradecer\u00e1!<\/p>\n<\/div>\n<\/div>\n\n\n\n<div class=\"wp-block-group lower-stack is-vertical is-layout-flex wp-container-core-group-is-layout-fe9cc265 wp-block-group-is-layout-flex\">\n<div class=\"wp-block-buttons is-layout-flex wp-block-buttons-is-layout-flex\">\n<div class=\"wp-block-button\"><a aria-label=\"\u00a1Sum\u00e9rgete en el verano!\" class=\"wp-block-button__link wp-element-button\" href=\"https:\/\/www.heparks.org\/es\/spaces\/centro-acuatico-familiar-seascape\/\"><strong>Da el paso<\/strong><span class=\"screen-reader-text\">\u00a1Sum\u00e9rgete en el verano!<\/span><\/a><\/div>\n<\/div>\n<\/div>\n\n\t<\/div>\n<\/swiper-slide>\n\n\n\n<swiper-slide class=\"swiper-slide wp-block-prolific-carousel-new-slide\">\n\t<div class=\"carousel-new-slide-inner\">\n\t\t\n\n<div class=\"wp-block-group upper-stack is-vertical is-layout-flex wp-container-core-group-is-layout-fe9cc265 wp-block-group-is-layout-flex\">\n<p class=\"pill\">Pases para parques para perros<\/p>\n\n\n\n<div class=\"wp-block-group is-vertical is-layout-flex wp-container-core-group-is-layout-fe9cc265 wp-block-group-is-layout-flex\">\n<h3 class=\"wp-block-heading has-text-align-center\"><strong>\u00a1Desata la Diversi\u00f3n!<\/strong><\/h3>\n\n\n\n<p class=\"has-text-align-center\">Abiertos todos los d\u00edas, durante todo el a\u00f1o, desde el amanecer hasta el atardecer, nuestros parques para perros sin correa, totalmente cercados, ofrecen un lugar seguro y acogedor para que los perros corran, jueguen y socialicen. Las instalaciones incluyen \u00e1reas separadas para perros peque\u00f1os, equipos de agilidad, servicio de agua, zonas de espera en la entrada, estaciones para desechos, mesas de picnic y un c\u00f3modo sistema de acceso con tarjeta magn\u00e9tica.<\/p>\n<\/div>\n<\/div>\n\n\n\n<div class=\"wp-block-group lower-stack is-vertical is-layout-flex wp-container-core-group-is-layout-fe9cc265 wp-block-group-is-layout-flex\">\n<div class=\"wp-block-buttons is-layout-flex wp-block-buttons-is-layout-flex\">\n<div class=\"wp-block-button\"><a aria-label=\"\u00a1Desata la Diversi\u00f3n!\" class=\"wp-block-button__link wp-element-button\" href=\"https:\/\/www.heparks.org\/es\/dog-parks\/\">SACAR A PASEO AL PERRO<span class=\"screen-reader-text\">\u00a1Desata la Diversi\u00f3n!<\/span><\/a><\/div>\n<\/div>\n<\/div>\n\n\t<\/div>\n<\/swiper-slide>\n\n\t\t<\/swiper-container>\n\n\t\t\n\t\t\n\t\t\t\t\t<div class=\"carousel-new-controls-group grouped grouped-position-bottom grouped-layout-split\">\n\t\t\t\t\t\t\t\t\t\t\t\t\t\t\t\t\t\t\t\t<button\n\t\t\t\t\t\t\tclass=\"carousel-new-nav-prev\"\n\t\t\t\t\t\t\taria-label=\"Previous slide\"\n\t\t\t\t\t\t\trole=\"button\"\n\t\t\t\t\t\t>\n\t\t\t\t\t\t\t\t\t\t\t\t\t\t\t<span class=\"carousel-new-nav-icon\">\n\t\t\t\t\t\t\t\t\t<svg xmlns=\"http:\/\/www.w3.org\/2000\/svg\" fill=\"none\">\n  <path d=\"M-2.40413e-07 5.5L8.25 0.736861L8.25 10.2631L-2.40413e-07 5.5Z\" fill=\"#2C4E3F\"\/>\n<\/svg>\t\t\t\t\t\t\t\t<\/span>\n\t\t\t\t\t\t\t\t\t\t\t\t\t\t<span class=\"screen-reader-text\">Previous<\/span>\n\t\t\t\t\t\t<\/button>\n\t\t\t\t\t\n\t\t\t\t\t\t\t\t\t\t\t<div id=\"swiper-pagination-block-1bfbf88e-251a-44f3-9d8d-69722b0b4a59\" class=\"swiper-pagination grouped\"><\/div>\n\t\t\t\t\t\n\t\t\t\t\t\t\t\t\t\t\t<button\n\t\t\t\t\t\t\tclass=\"carousel-new-nav-next\"\n\t\t\t\t\t\t\taria-label=\"Next slide\"\n\t\t\t\t\t\t\trole=\"button\"\n\t\t\t\t\t\t>\n\t\t\t\t\t\t\t\t\t\t\t\t\t\t\t<span class=\"carousel-new-nav-icon\">\n\t\t\t\t\t\t\t\t\t<svg xmlns=\"http:\/\/www.w3.org\/2000\/svg\" fill=\"none\">\n  <path d=\"M9 5.5L0.749999 10.2631L0.749999 0.73686L9 5.5Z\" fill=\"#2C4E3F\"\/>\n<\/svg>\t\t\t\t\t\t\t\t<\/span>\n\t\t\t\t\t\t\t\t\t\t\t\t\t\t<span class=\"screen-reader-text\">Next<\/span>\n\t\t\t\t\t\t<\/button>\n\t\t\t\t\t\t\t\t\t\t\t\t<\/div>\n\t\t\t<\/div>\n\n\t<\/section>\n<\/div>\n<\/div>\n<\/div>\n<\/div><\/section>","protected":false},"excerpt":{"rendered":"","protected":false},"author":1,"featured_media":0,"parent":8373,"menu_order":0,"comment_status":"closed","ping_status":"closed","template":"","meta":{"_acf_changed":false,"_searchwp_excluded":"","_EventAllDay":false,"_EventTimezone":"","_EventStartDate":"","_EventEndDate":"","_EventStartDateUTC":"","_EventEndDateUTC":"","_EventShowMap":false,"_EventShowMapLink":false,"_EventURL":"","_EventCost":"","_EventCostDescription":"","_EventCurrencySymbol":"","_EventCurrencyCode":"","_EventCurrencyPosition":"","_EventDateTimeSeparator":"","_EventTimeRangeSeparator":"","_EventOrganizerID":[],"_EventVenueID":[],"_OrganizerEmail":"","_OrganizerPhone":"","_OrganizerWebsite":"","_VenueAddress":"","_VenueCity":"","_VenueCountry":"","_VenueProvince":"","_VenueState":"","_VenueZip":"","_VenuePhone":"","_VenueURL":"","_VenueStateProvince":"","_VenueLat":"","_VenueLng":"","_VenueShowMap":false,"_VenueShowMapLink":false,"_tribe_blocks_recurrence_rules":"","_tribe_blocks_recurrence_description":"","_tribe_blocks_recurrence_exclusions":"","_ecp_custom_2":"","footnotes":""},"class_list":["post-31284","page","type-page","status-publish","hentry"],"acf":[],"_links":{"self":[{"href":"https:\/\/www.heparks.org\/es\/wp-json\/wp\/v2\/pages\/31284","targetHints":{"allow":["GET"]}}],"collection":[{"href":"https:\/\/www.heparks.org\/es\/wp-json\/wp\/v2\/pages"}],"about":[{"href":"https:\/\/www.heparks.org\/es\/wp-json\/wp\/v2\/types\/page"}],"author":[{"embeddable":true,"href":"https:\/\/www.heparks.org\/es\/wp-json\/wp\/v2\/users\/1"}],"replies":[{"embeddable":true,"href":"https:\/\/www.heparks.org\/es\/wp-json\/wp\/v2\/comments?post=31284"}],"version-history":[{"count":5,"href":"https:\/\/www.heparks.org\/es\/wp-json\/wp\/v2\/pages\/31284\/revisions"}],"predecessor-version":[{"id":46587,"href":"https:\/\/www.heparks.org\/es\/wp-json\/wp\/v2\/pages\/31284\/revisions\/46587"}],"up":[{"embeddable":true,"href":"https:\/\/www.heparks.org\/es\/wp-json\/wp\/v2\/pages\/8373"}],"wp:attachment":[{"href":"https:\/\/www.heparks.org\/es\/wp-json\/wp\/v2\/media?parent=31284"}],"curies":[{"name":"wordpress","href":"https:\/\/api.w.org\/{rel}","templated":true}]}}