{"id":215,"date":"2025-11-05T23:08:49","date_gmt":"2025-11-05T23:08:49","guid":{"rendered":"https:\/\/www.heparks.org\/?page_id=215"},"modified":"2026-04-08T10:45:26","modified_gmt":"2026-04-08T15:45:26","slug":"plan-de-gestion-de-definicion-de-tierras","status":"publish","type":"page","link":"https:\/\/www.heparks.org\/es\/governance\/land-definition-management-plan\/","title":{"rendered":"Plan de definici\u00f3n y gesti\u00f3n del territorio"},"content":{"rendered":"<section class=\"wp-block-cover alignfull pattern hero-2\"><span aria-hidden=\"true\" class=\"wp-block-cover__background has-dark-teal-background-color has-background-dim-100 has-background-dim\"><\/span><div class=\"wp-block-cover__inner-container has-global-padding is-layout-constrained wp-block-cover-is-layout-constrained\">\n<div class=\"wp-block-columns pattern-intro is-layout-flex wp-container-core-columns-is-layout-28f84493 wp-block-columns-is-layout-flex\">\n<div class=\"wp-block-column pattern-col-text is-layout-flow wp-block-column-is-layout-flow\">\n<h2 class=\"wp-block-heading is-style-intro-heading\">Cuidando la tierra que nos cuida<\/h2>\n\n\n\n<h3 class=\"wp-block-heading pattern-heading\">Plan de definici\u00f3n y gesti\u00f3n del territorio<\/h3>\n\n\n\n<p>A principios de 2010, la Junta de Comisionados de HEParks aprob\u00f3 oficialmente el primer Plan de Gesti\u00f3n de \u00c1reas Naturales del Distrito. Hemos transformado las riberas de nuestros lagos mediante la incorporaci\u00f3n de vegetaci\u00f3n natural, lo que se conoce como riberas naturales. Las riberas naturales, a diferencia de los bordes de roca o las riberas con muros de contenci\u00f3n, ofrecen muchos beneficios a la comunidad. Las riberas naturales embellecen el paisaje. Ayudan a reducir el crecimiento excesivo de algas al proteger la calidad del agua, ya que evitan que el suelo se erosione y caiga al lago. Las riberas naturales tambi\u00e9n evitan que la basura sea arrastrada hacia los lagos. Las plantas atraen a una gran variedad de vida silvestre, como aves, mariposas, ranas, tortugas y patos, que utilizan la zona para anidar, desovar y protegerse de los depredadores. Adem\u00e1s, la vegetaci\u00f3n disuade a especies molestas como los gansos canadienses, que ensucian el lago y sus alrededores con sus excrementos. Por otra parte, al mejorar la calidad y el aspecto del agua, y al aumentar el h\u00e1bitat de la vida silvestre, una ribera natural puede incluso aumentar el valor de las propiedades.<\/p>\n\n\n\n<p>A principios de 2021, la Junta de Comisionados de HEParks adopt\u00f3 formalmente un Plan de Manejo de \u00c1reas Naturales actualizado, llamado \u201cPlan de Definici\u00f3n y Manejo de Tierras\u201d, que sirvi\u00f3 para actualizar las descripciones de los tipos de propiedades, con planes de manejo actualizados por definici\u00f3n de propiedad. Cada definici\u00f3n de manejo se divide en varios niveles, y cada nivel describe los procedimientos apropiados para un desarrollo hort\u00edcola saludable y beneficioso.<\/p>\n\n\n\n<p>El plan fue actualizado una vez m\u00e1s en noviembre de 2024 despu\u00e9s de que Vogelei Park lograra el estatus completo de Arboretum, convirtiendo a HEParks en una de las \u00fanicas dos agencias de distritos de parques de Illinois en poseer un parque designado como Arboretum.<\/p>\n\n\n\n<div class=\"wp-block-buttons is-layout-flex wp-block-buttons-is-layout-flex\">\n<div class=\"wp-block-button\"><a class=\"wp-block-button__link wp-element-button\" href=\"https:\/\/www.heparks.org\/wp-content\/uploads\/2025\/12\/Land-Definition-Management-Plan-Updated-11.14.2024.pdf\">Ver el plan<\/a><\/div>\n<\/div>\n<\/div>\n\n\n\n<div class=\"wp-block-column pattern-col-image is-layout-flow wp-block-column-is-layout-flow\">\n<figure class=\"wp-block-image size-full\"><img decoding=\"async\" width=\"580\" height=\"327\" data-src=\"https:\/\/www.heparks.org\/wp-content\/smush-webp\/2025\/12\/Rectangle-463-2.png.webp\" alt=\"un par de manos con guantes sosteniendo hierba\" class=\"wp-image-6158 lazyload\" data-srcset=\"https:\/\/www.heparks.org\/wp-content\/smush-webp\/2025\/12\/Rectangle-463-2.png.webp 580w, https:\/\/www.heparks.org\/wp-content\/smush-webp\/2025\/12\/Rectangle-463-2-300x169.png.webp 300w\" data-sizes=\"(max-width: 580px) 100vw, 580px\" src=\"data:image\/svg+xml;base64,PHN2ZyB3aWR0aD0iMSIgaGVpZ2h0PSIxIiB4bWxucz0iaHR0cDovL3d3dy53My5vcmcvMjAwMC9zdmciPjwvc3ZnPg==\" style=\"--smush-placeholder-width: 580px; --smush-placeholder-aspect-ratio: 580\/327;\" data-smush-webp-fallback=\"{&quot;data-src&quot;:&quot;https:\\\/\\\/www.heparks.org\\\/wp-content\\\/uploads\\\/2025\\\/12\\\/Rectangle-463-2.png&quot;,&quot;data-srcset&quot;:&quot;https:\\\/\\\/www.heparks.org\\\/wp-content\\\/uploads\\\/2025\\\/12\\\/Rectangle-463-2.png 580w, https:\\\/\\\/www.heparks.org\\\/wp-content\\\/uploads\\\/2025\\\/12\\\/Rectangle-463-2-300x169.png 300w&quot;}\" \/><\/figure>\n<\/div>\n<\/div>\n<\/div><\/section>\n\n\n\n<section class=\"wp-block-cover alignfull is-light pattern cta-1 has-dark-teal-color has-text-color has-link-color wp-elements-e033bdd935111b6e2b10926e81813442\"><span aria-hidden=\"true\" class=\"wp-block-cover__background has-light-teal-background-color has-background-dim-100 has-background-dim\"><\/span><div class=\"wp-block-cover__inner-container has-global-padding is-layout-constrained wp-block-cover-is-layout-constrained\">\n<div class=\"wp-block-columns is-layout-flex wp-container-core-columns-is-layout-28f84493 wp-block-columns-is-layout-flex\">\n<div class=\"wp-block-column pattern-col-text is-layout-flow wp-block-column-is-layout-flow\">\n<h2 class=\"wp-block-heading is-style-intro-heading\">Mapa interactivo de parques e instalaciones<\/h2>\n\n\n\n<div class=\"wp-block-group has-global-padding is-layout-constrained wp-block-group-is-layout-constrained\">\n<h3 class=\"wp-block-heading\">Mapa interactivo de parques e instalaciones<\/h3>\n\n\n\n<p>Descubre los parques, senderos e instalaciones recreativas de Hoffman Estates. Usa el mapa interactivo para encontrar instalaciones, parques, \u00e1reas de juegos infantiles, parques para perros, canchas de pickleball, canchas deportivas, zonas de juegos acu\u00e1ticos y mucho m\u00e1s. Obt\u00e9n indicaciones, explora los servicios y encuentra hoy mismo un parque cerca de ti.<\/p>\n\n\n\n<div class=\"wp-block-buttons is-vertical is-layout-flex wp-container-core-buttons-is-layout-fe9cc265 wp-block-buttons-is-layout-flex\">\n<div class=\"wp-block-button is-style-fill\"><a class=\"wp-block-button__link has-base-color has-dark-teal-background-color has-text-color has-background has-link-color wp-element-button\" href=\"https:\/\/www.heparks.org\/es\/mapa\/\">Explora el mapa<\/a><\/div>\n<\/div>\n<\/div>\n<\/div>\n\n\n\n<div class=\"wp-block-column pattern-col-image is-layout-flow wp-block-column-is-layout-flow\">\n<figure class=\"wp-block-image size-full\"><img decoding=\"async\" width=\"780\" height=\"797\" data-src=\"https:\/\/www.heparks.org\/wp-content\/smush-webp\/2025\/11\/Map.png.webp\" alt=\"un dibujo de una cancha de tenis con una pelota y gafas protectoras\" class=\"wp-image-293 lazyload\" data-srcset=\"https:\/\/www.heparks.org\/wp-content\/smush-webp\/2025\/11\/Map.png.webp 780w, https:\/\/www.heparks.org\/wp-content\/smush-webp\/2025\/11\/Map-294x300.png.webp 294w, https:\/\/www.heparks.org\/wp-content\/smush-webp\/2025\/11\/Map-768x785.png.webp 768w\" data-sizes=\"(max-width: 780px) 100vw, 780px\" src=\"data:image\/svg+xml;base64,PHN2ZyB3aWR0aD0iMSIgaGVpZ2h0PSIxIiB4bWxucz0iaHR0cDovL3d3dy53My5vcmcvMjAwMC9zdmciPjwvc3ZnPg==\" style=\"--smush-placeholder-width: 780px; --smush-placeholder-aspect-ratio: 780\/797;\" data-smush-webp-fallback=\"{&quot;data-src&quot;:&quot;https:\\\/\\\/www.heparks.org\\\/wp-content\\\/uploads\\\/2025\\\/11\\\/Map.png&quot;,&quot;data-srcset&quot;:&quot;https:\\\/\\\/www.heparks.org\\\/wp-content\\\/uploads\\\/2025\\\/11\\\/Map.png 780w, https:\\\/\\\/www.heparks.org\\\/wp-content\\\/uploads\\\/2025\\\/11\\\/Map-294x300.png 294w, https:\\\/\\\/www.heparks.org\\\/wp-content\\\/uploads\\\/2025\\\/11\\\/Map-768x785.png 768w&quot;}\" \/><\/figure>\n<\/div>\n<\/div>\n<\/div><\/section>","protected":false},"excerpt":{"rendered":"","protected":false},"author":1,"featured_media":0,"parent":6349,"menu_order":0,"comment_status":"closed","ping_status":"closed","template":"","meta":{"_acf_changed":false,"_searchwp_excluded":"","_EventAllDay":false,"_EventTimezone":"","_EventStartDate":"","_EventEndDate":"","_EventStartDateUTC":"","_EventEndDateUTC":"","_EventShowMap":false,"_EventShowMapLink":false,"_EventURL":"","_EventCost":"","_EventCostDescription":"","_EventCurrencySymbol":"","_EventCurrencyCode":"","_EventCurrencyPosition":"","_EventDateTimeSeparator":"","_EventTimeRangeSeparator":"","_EventOrganizerID":[],"_EventVenueID":[],"_OrganizerEmail":"","_OrganizerPhone":"","_OrganizerWebsite":"","_VenueAddress":"","_VenueCity":"","_VenueCountry":"","_VenueProvince":"","_VenueState":"","_VenueZip":"","_VenuePhone":"","_VenueURL":"","_VenueStateProvince":"","_VenueLat":"","_VenueLng":"","_VenueShowMap":false,"_VenueShowMapLink":false,"_tribe_blocks_recurrence_rules":"","_tribe_blocks_recurrence_description":"","_tribe_blocks_recurrence_exclusions":"","_ecp_custom_2":"","footnotes":""},"class_list":["post-215","page","type-page","status-publish","hentry"],"acf":[],"_links":{"self":[{"href":"https:\/\/www.heparks.org\/es\/wp-json\/wp\/v2\/pages\/215","targetHints":{"allow":["GET"]}}],"collection":[{"href":"https:\/\/www.heparks.org\/es\/wp-json\/wp\/v2\/pages"}],"about":[{"href":"https:\/\/www.heparks.org\/es\/wp-json\/wp\/v2\/types\/page"}],"author":[{"embeddable":true,"href":"https:\/\/www.heparks.org\/es\/wp-json\/wp\/v2\/users\/1"}],"replies":[{"embeddable":true,"href":"https:\/\/www.heparks.org\/es\/wp-json\/wp\/v2\/comments?post=215"}],"version-history":[{"count":5,"href":"https:\/\/www.heparks.org\/es\/wp-json\/wp\/v2\/pages\/215\/revisions"}],"predecessor-version":[{"id":46651,"href":"https:\/\/www.heparks.org\/es\/wp-json\/wp\/v2\/pages\/215\/revisions\/46651"}],"up":[{"embeddable":true,"href":"https:\/\/www.heparks.org\/es\/wp-json\/wp\/v2\/pages\/6349"}],"wp:attachment":[{"href":"https:\/\/www.heparks.org\/es\/wp-json\/wp\/v2\/media?parent=215"}],"curies":[{"name":"wp","href":"https:\/\/api.w.org\/{rel}","templated":true}]}}