{"id":134,"date":"2025-11-05T12:09:08","date_gmt":"2025-11-05T12:09:08","guid":{"rendered":"https:\/\/www.heparks.org\/?page_id=134"},"modified":"2026-04-10T11:39:12","modified_gmt":"2026-04-10T16:39:12","slug":"lightning-detection-system","status":"publish","type":"page","link":"https:\/\/www.heparks.org\/es\/lightning-detection-system\/","title":{"rendered":"Sistema de Detecci\u00f3n de Rel\u00e1mpagos"},"content":{"rendered":"<section class=\"wp-block-cover alignfull is-light pattern accordion-2\" style=\"min-height:312px;aspect-ratio:unset;\"><span aria-hidden=\"true\" class=\"wp-block-cover__background has-light-teal-background-color has-background-dim-100 has-background-dim\"><\/span><div class=\"wp-block-cover__inner-container has-global-padding is-layout-constrained wp-block-cover-is-layout-constrained\">\n<div style=\"width: 100%; border-radius: 30px; position:relative\" id=\"pwWidget:960648ac-5908-4696-9574-3f444714405e\">\n        <script src=\"https:\/\/widget.perryweather.com\/js\/PwIframe.min.js\"> <\/script>\n        <script>\n            PwIframe.createPerryWeatherWidget('960648ac-5908-4696-9574-3f444714405e');\n        <\/script>\n    <\/div>\n<\/div><\/section>\n\n\n\n<section class=\"wp-block-cover alignfull is-light pattern accordion-2\" style=\"min-height:347px;aspect-ratio:unset;\"><span aria-hidden=\"true\" class=\"wp-block-cover__background has-light-teal-background-color has-background-dim-100 has-background-dim\"><\/span><div class=\"wp-block-cover__inner-container has-global-padding is-layout-constrained wp-block-cover-is-layout-constrained\">\n<div style=\"width: 100%; border-radius: 30px; position:relative\" id=\"pwWidget:00716ad8-eaed-48b7-a5be-84681ec83f8b\">\n        <script src=\"https:\/\/widget.perryweather.com\/js\/PwIframe.min.js\"> <\/script>\n        <script>\n            PwIframe.createPerryWeatherWidget('00716ad8-eaed-48b7-a5be-84681ec83f8b');\n        <\/script>\n    <\/div>\n<\/div><\/section>\n\n\n\n<section class=\"wp-block-cover alignfull pattern accordion-2\"><span aria-hidden=\"true\" class=\"wp-block-cover__background has-sky-blue-background-color has-background-dim-100 has-background-dim\"><\/span><div class=\"wp-block-cover__inner-container has-global-padding is-layout-constrained wp-block-cover-is-layout-constrained\">\n<div class=\"wp-block-columns pattern-intro is-layout-flex wp-container-core-columns-is-layout-28f84493 wp-block-columns-is-layout-flex\">\n<div class=\"wp-block-column pattern-col-text is-layout-flow wp-block-column-is-layout-flow\">\n<h2 class=\"wp-block-heading is-style-intro-heading\">Perry Weather Lightning Detection System<\/h2>\n\n\n\n<h3 class=\"wp-block-heading pattern-heading\">Real-Time Weather Updates<\/h3>\n\n\n\n<p>At Hoffman Estates Park District, your safety is our top priority. To ensure our guests can enjoy our outdoor facilities with peace of mind, we have upgraded our weather monitoring capabilities at The Bridges of Poplar Creek Country Club and Seascape Family Aquatic Center with the Perry Weather outdoor warning system.<\/p>\n\n\n\n<p>Enjoy our facilities knowing that we are watching the skies for you!<\/p>\n<\/div>\n\n\n\n<div class=\"wp-block-column pattern-col-image is-layout-flow wp-block-column-is-layout-flow\">\n<figure class=\"wp-block-image size-full\"><img decoding=\"async\" width=\"580\" height=\"327\" data-src=\"https:\/\/www.heparks.org\/wp-content\/smush-webp\/2025\/11\/Rectangle-463.png.webp\" alt=\"a rainbow in the sky\" class=\"wp-image-155 lazyload\" data-srcset=\"https:\/\/www.heparks.org\/wp-content\/smush-webp\/2025\/11\/Rectangle-463.png.webp 580w, https:\/\/www.heparks.org\/wp-content\/smush-webp\/2025\/11\/Rectangle-463-300x169.png.webp 300w\" data-sizes=\"(max-width: 580px) 100vw, 580px\" src=\"data:image\/svg+xml;base64,PHN2ZyB3aWR0aD0iMSIgaGVpZ2h0PSIxIiB4bWxucz0iaHR0cDovL3d3dy53My5vcmcvMjAwMC9zdmciPjwvc3ZnPg==\" style=\"--smush-placeholder-width: 580px; --smush-placeholder-aspect-ratio: 580\/327;\" data-smush-webp-fallback=\"{&quot;data-src&quot;:&quot;https:\\\/\\\/www.heparks.org\\\/wp-content\\\/uploads\\\/2025\\\/11\\\/Rectangle-463.png&quot;,&quot;data-srcset&quot;:&quot;https:\\\/\\\/www.heparks.org\\\/wp-content\\\/uploads\\\/2025\\\/11\\\/Rectangle-463.png 580w, https:\\\/\\\/www.heparks.org\\\/wp-content\\\/uploads\\\/2025\\\/11\\\/Rectangle-463-300x169.png 300w&quot;}\" \/><\/figure>\n<\/div>\n<\/div>\n\n\n\n<div class=\"wp-block-columns pattern-accordion is-layout-flex wp-container-core-columns-is-layout-28f84493 wp-block-columns-is-layout-flex\">\n<div class=\"wp-block-column is-layout-flow wp-block-column-is-layout-flow\">\n<details class=\"wp-block-details is-layout-flow wp-block-details-is-layout-flow\"><summary>What is Perry Weather?<\/summary>\n<p>Perry Weather is a state-of-the-art weather safety platform that provides 24\/7 monitoring of lightning and severe weather conditions. Unlike traditional weather apps that rely on broad regional data, Perry Weather uses on-site sensors to provide hyperlocal, real-time information, monitoring weather patterns up to 48 hours in advance, specifically for our locations. Learn more at their website: P<a href=\"https:\/\/perryweather.com\/\">erry Weather.<\/a><\/p>\n<\/details>\n\n\n\n<details class=\"wp-block-details is-layout-flow wp-block-details-is-layout-flow\"><summary>How Does it Work?<\/summary>\n<p>When the Perry Weather system detects lightning or severe weather within a specific radius of our facilities, it automatically triggers a series of alerts to keep everyone safe:<\/p>\n\n\n\n<ul class=\"wp-block-list\">\n<li>Notifications are sent in real-time to HEParks staff alerting them of severe weather.<\/li>\n<\/ul>\n\n\n\n<ul class=\"wp-block-list\">\n<li>Audible Sirens: A loud, 15-second horn blast will sound to signal that weather conditions are unsafe and everyone must seek shelter immediately.<\/li>\n<\/ul>\n\n\n\n<ul class=\"wp-block-list\">\n<li>Visual Strobes: High-visibility strobe lights will flash continuously while a weather alert is active.<\/li>\n\n\n\n<li>The &#8220;All-Clear&#8221;: Once the system determines that no lightning has been detected for 30 minutes, it will sound three short horn blasts and the strobes will turn off, signaling that it is safe to resume outdoor activities.<\/li>\n<\/ul>\n\n\n\n<ul class=\"wp-block-list\">\n<li>Text-to-Speech PA: Clear, automated voice instructions may be broadcast to provide specific guidance on where to go. <\/li>\n<\/ul>\n<\/details>\n\n\n\n<details class=\"wp-block-details is-layout-flow wp-block-details-is-layout-flow\"><summary>Where You\u2019ll See It<\/summary>\n<p>You can now find Perry Weather stations active at:<\/p>\n\n\n\n<ul class=\"wp-block-list\">\n<li>The Bridges of Poplar Creek Country Club<\/li>\n\n\n\n<li>Centro Acu\u00e1tico Familiar Seascape<\/li>\n<\/ul>\n\n\n\n<p>Perry Weather App: patrons can view our weather monitoring system on their mobile phones (see below)<\/p>\n<\/details>\n\n\n\n<details class=\"wp-block-details is-layout-flow wp-block-details-is-layout-flow\"><summary>What Happened to the Previous System?<\/summary>\n<p>HEParks formally used Thor Guard, which has since discontinued serving current models of their remote sensors we use, which doesn\u2019t allow us to access to replacement parts or technical support. This provided HEParks the opportunity to upgrade to a better, more modern service. As weather in Illinois can change in an instant, we felt it was vital to keep our residents safe by using the most up-do-date technology to remove the guesswork from weather safety. This system is trusted by the PGA of America and professional sports teams because it offers the most accurate lightning detection available, helping us avoid &#8220;false alarms&#8221; while ensuring we never miss a real threat.<\/p>\n<\/details>\n<\/div>\n<\/div>\n<\/div><\/section>\n\n\n\n<section class=\"wp-block-cover alignfull is-light pattern slider-5\"><img decoding=\"async\" width=\"1024\" height=\"731\" class=\"wp-block-cover__image-background wp-image-41604 size-large lazyload\" alt=\"Foto de los \u00e1rboles con el sol asom\u00e1ndose entre las hojas\" data-src=\"https:\/\/www.heparks.org\/wp-content\/smush-webp\/2025\/12\/DSC7541-1024x731.jpg.webp\" data-object-fit=\"cover\" data-srcset=\"https:\/\/www.heparks.org\/wp-content\/smush-webp\/2025\/12\/DSC7541-1024x731.jpg.webp 1024w, https:\/\/www.heparks.org\/wp-content\/smush-webp\/2025\/12\/DSC7541-300x214.jpg.webp 300w, https:\/\/www.heparks.org\/wp-content\/smush-webp\/2025\/12\/DSC7541-768x549.jpg.webp 768w, https:\/\/www.heparks.org\/wp-content\/smush-webp\/2025\/12\/DSC7541-1536x1097.jpg.webp 1536w, https:\/\/www.heparks.org\/wp-content\/smush-webp\/2025\/12\/DSC7541-scaled.jpg.webp 2048w\" data-sizes=\"(max-width: 1024px) 100vw, 1024px\" src=\"data:image\/svg+xml;base64,PHN2ZyB3aWR0aD0iMSIgaGVpZ2h0PSIxIiB4bWxucz0iaHR0cDovL3d3dy53My5vcmcvMjAwMC9zdmciPjwvc3ZnPg==\" style=\"--smush-placeholder-width: 1024px; --smush-placeholder-aspect-ratio: 1024\/731;\" data-smush-webp-fallback=\"{&quot;data-src&quot;:&quot;https:\\\/\\\/www.heparks.org\\\/wp-content\\\/uploads\\\/2025\\\/12\\\/DSC7541-1024x731.jpg&quot;,&quot;data-srcset&quot;:&quot;https:\\\/\\\/www.heparks.org\\\/wp-content\\\/uploads\\\/2025\\\/12\\\/DSC7541-1024x731.jpg 1024w, https:\\\/\\\/www.heparks.org\\\/wp-content\\\/uploads\\\/2025\\\/12\\\/DSC7541-300x214.jpg 300w, https:\\\/\\\/www.heparks.org\\\/wp-content\\\/uploads\\\/2025\\\/12\\\/DSC7541-768x549.jpg 768w, https:\\\/\\\/www.heparks.org\\\/wp-content\\\/uploads\\\/2025\\\/12\\\/DSC7541-1536x1097.jpg 1536w, https:\\\/\\\/www.heparks.org\\\/wp-content\\\/uploads\\\/2025\\\/12\\\/DSC7541-scaled.jpg 2048w&quot;}\" \/><span aria-hidden=\"true\" class=\"wp-block-cover__background has-background-dim-0 has-background-dim\"><\/span><div class=\"wp-block-cover__inner-container has-global-padding is-layout-constrained wp-block-cover-is-layout-constrained\">\n<div class=\"wp-block-columns pattern-intro is-layout-flex wp-container-core-columns-is-layout-28f84493 wp-block-columns-is-layout-flex\">\n<div class=\"wp-block-column pattern-col-text is-layout-flow wp-block-column-is-layout-flow\">\n<h2 class=\"wp-block-heading is-style-intro-heading\">Programas destacados<\/h2>\n\n\n\n<h3 class=\"wp-block-heading pattern-heading\">Explora m\u00e1s desde HEParks<\/h3>\n<\/div>\n\n\n\n<div class=\"wp-block-column pattern-col-content is-layout-flow wp-block-column-is-layout-flow\">\n<p>Descubre nuestros programas destacados, dise\u00f1ados para mantenerte activo, involucrado y conectado durante todo el a\u00f1o. Desde deportes y actividades f\u00edsicas para j\u00f3venes hasta artes, actividades recreativas y eventos comunitarios, el Distrito de Parques de Hoffman Estates tiene algo para todos.<\/p>\n\n\n\n<div class=\"wp-block-buttons is-layout-flex wp-block-buttons-is-layout-flex\">\n<div class=\"wp-block-button\"><a class=\"wp-block-button__link has-dark-teal-color has-text-color has-link-color wp-element-button\" href=\"https:\/\/www.flipsnack.com\/BDABCECC5A8\/spring-2026\">Consulte nuestra gu\u00eda de primavera de 2026<\/a><\/div>\n<\/div>\n\n\n\n<div class=\"wp-block-buttons is-layout-flex wp-block-buttons-is-layout-flex\">\n<div class=\"wp-block-button\"><a class=\"wp-block-button__link has-dark-teal-color has-text-color has-link-color wp-element-button\" href=\"https:\/\/www.heparks.org\/es\/programa\/cuidado-posterior-y-campamentos\/camps\/\">Consulte nuestra gu\u00eda de campamentos de verano<\/a><\/div>\n<\/div>\n<\/div>\n<\/div>\n\n\n\n<div class=\"wp-block-columns pattern-carousel is-layout-flex wp-container-core-columns-is-layout-28f84493 wp-block-columns-is-layout-flex\">\n<div class=\"wp-block-column is-layout-flow wp-block-column-is-layout-flow\">\n<div class=\"wp-block-group slider-variation variation-01 has-global-padding is-layout-constrained wp-block-group-is-layout-constrained\">\n<section class=\"wp-block-prolific-carousel-new has-content-align-center wp-block-prolific-carousel-new\" id=\"carousel-new-block-2d0fb00b-40d6-4de8-bfa9-2a4bd35f90b9\" data-slide-count=\"4\" data-virtual-active-index=\"true\">\n\t<div class=\"carousel-new-swiper-wrapper\">\n\t\t<swiper-container\n\t\t\t direction=\"horizontal\" speed=\"300\" centered-slides=\"false\" auto-height=\"true\" free-mode=\"false\" scrollbar=\"false\" loop=\"false\" allow-touch-move=\"true\" grab-cursor=\"true\" keyboard=\"true\" mousewheel=\"false\" navigation=\"false\" pagination=\"true\" pagination-type=\"bullets\" pagination-el=\"#swiper-pagination-block-2d0fb00b-40d6-4de8-bfa9-2a4bd35f90b9\" pagination-clickable=\"true\" pagination-dynamic-bullets=\"false\" resistance-ratio=\"0.85\" breakpoints='{&quot;0&quot;:{&quot;slidesPerView&quot;:1,&quot;spaceBetween&quot;:10},&quot;768&quot;:{&quot;slidesPerView&quot;:3,&quot;spaceBetween&quot;:20},&quot;1024&quot;:{&quot;slidesPerView&quot;:4,&quot;spaceBetween&quot;:35}}'\t\t\trole=\"region\"\n\t\t\taria-label=\"Carousel\"\n\t\t\tclass=\"carousel-new-swiper-container\"\n\t\t>\n\t\t\t\n\n<swiper-slide class=\"swiper-slide wp-block-prolific-carousel-new-slide\">\n\t<div class=\"carousel-new-slide-inner\">\n\t\t\n\n<div class=\"wp-block-group upper-stack is-vertical is-layout-flex wp-container-core-group-is-layout-fe9cc265 wp-block-group-is-layout-flex\">\n<p class=\"pill\">Representante de la comunidad<\/p>\n\n\n\n<div class=\"wp-block-group is-vertical is-layout-flex wp-container-core-group-is-layout-fe9cc265 wp-block-group-is-layout-flex\">\n<h3 class=\"wp-block-heading has-text-align-center\">Ay\u00fadanos a dar forma a nuestro futuro<\/h3>\n\n\n\n<p class=\"has-text-align-center\">Buscamos a miembros de la comunidad para que formen parte de nuestro Comit\u00e9 Asesor, lo que ofrece a los residentes una oportunidad significativa para ayudar a dar forma al futuro de los parques, los programas y las instalaciones recreativas locales.<\/p>\n<\/div>\n<\/div>\n\n\n\n<div class=\"wp-block-group lower-stack is-vertical is-layout-flex wp-container-core-group-is-layout-fe9cc265 wp-block-group-is-layout-flex\">\n<div class=\"wp-block-buttons is-layout-flex wp-block-buttons-is-layout-flex\">\n<div class=\"wp-block-button\"><a aria-label=\"Ay\u00fadanos a dar forma a nuestro futuro\" class=\"wp-block-button__link wp-element-button\" href=\"https:\/\/www.heparks.org\/es\/questionnaire\/\">\u00a1Participa!<span class=\"screen-reader-text\">Ay\u00fadanos a dar forma a nuestro futuro<\/span><\/a><\/div>\n<\/div>\n<\/div>\n\n\t<\/div>\n<\/swiper-slide>\n\n\n\n<swiper-slide class=\"swiper-slide wp-block-prolific-carousel-new-slide\">\n\t<div class=\"carousel-new-slide-inner\">\n\t\t\n\n<div class=\"wp-block-group upper-stack is-vertical is-layout-flex wp-container-core-group-is-layout-fe9cc265 wp-block-group-is-layout-flex\">\n<p class=\"pill\">Golf para j\u00f3venes y adultos<\/p>\n\n\n\n<div class=\"wp-block-group is-vertical is-layout-flex wp-container-core-group-is-layout-fe9cc265 wp-block-group-is-layout-flex\">\n<h3 class=\"wp-block-heading has-text-align-center\">Mejora tu juego de golf<\/h3>\n\n\n\n<p class=\"has-text-align-center\">HEParks ofrece clases particulares, clases en grupos reducidos y programas adaptados a cada edad que se centran en los fundamentos, la mec\u00e1nica del swing, las habilidades del juego corto, el juego en el campo y el desarrollo de la confianza, todo ello en un entorno de aprendizaje acogedor en el Bridges of Poplar Creek Country Club.<\/p>\n<\/div>\n<\/div>\n\n\n\n<div class=\"wp-block-group lower-stack is-vertical is-layout-flex wp-container-core-group-is-layout-fe9cc265 wp-block-group-is-layout-flex\">\n<div class=\"wp-block-buttons is-layout-flex wp-block-buttons-is-layout-flex\">\n<div class=\"wp-block-button\"><a aria-label=\"Mejora tu juego de golf\" class=\"wp-block-button__link wp-element-button\" href=\"https:\/\/www.heparks.org\/es\/programa\/atletismo\/golf\/\">Salir al campo de golf<span class=\"screen-reader-text\">Mejora tu juego de golf<\/span><\/a><\/div>\n<\/div>\n<\/div>\n\n\t<\/div>\n<\/swiper-slide>\n\n\n\n<swiper-slide class=\"swiper-slide wp-block-prolific-carousel-new-slide\">\n\t<div class=\"carousel-new-slide-inner\">\n\t\t\n\n<div class=\"wp-block-group upper-stack is-vertical is-layout-flex wp-container-core-group-is-layout-fe9cc265 wp-block-group-is-layout-flex\">\n<p class=\"pill\">Pase Seascape<\/p>\n\n\n\n<div class=\"wp-block-group is-vertical is-layout-flex wp-container-core-group-is-layout-fe9cc265 wp-block-group-is-layout-flex\">\n<h3 class=\"wp-block-heading has-text-align-center\"><strong>\u00a1Sum\u00e9rgete en el verano!<\/strong><\/h3>\n\n\n\n<p class=\"has-text-align-center\">Dale un chapuz\u00f3n en el Seascape Family Aquatic Center. Desde toboganes hasta trampolines, pasando por los peque\u00f1os que se inician en la nataci\u00f3n, \u00a1hay diversi\u00f3n para todas las edades! Compra hoy mismo tus pases familiares: \u00a1tu yo del verano te lo agradecer\u00e1!<\/p>\n<\/div>\n<\/div>\n\n\n\n<div class=\"wp-block-group lower-stack is-vertical is-layout-flex wp-container-core-group-is-layout-fe9cc265 wp-block-group-is-layout-flex\">\n<div class=\"wp-block-buttons is-layout-flex wp-block-buttons-is-layout-flex\">\n<div class=\"wp-block-button\"><a aria-label=\"\u00a1Sum\u00e9rgete en el verano!\" class=\"wp-block-button__link wp-element-button\" href=\"https:\/\/www.heparks.org\/es\/espacios\/centro-acuatico-familiar-seascape\/\"><strong>Da el paso<\/strong><span class=\"screen-reader-text\">\u00a1Sum\u00e9rgete en el verano!<\/span><\/a><\/div>\n<\/div>\n<\/div>\n\n\t<\/div>\n<\/swiper-slide>\n\n\n\n<swiper-slide class=\"swiper-slide wp-block-prolific-carousel-new-slide\">\n\t<div class=\"carousel-new-slide-inner\">\n\t\t\n\n<div class=\"wp-block-group upper-stack is-vertical is-layout-flex wp-container-core-group-is-layout-fe9cc265 wp-block-group-is-layout-flex\">\n<p class=\"pill\">Pases para parques para perros<\/p>\n\n\n\n<div class=\"wp-block-group is-vertical is-layout-flex wp-container-core-group-is-layout-fe9cc265 wp-block-group-is-layout-flex\">\n<h3 class=\"wp-block-heading has-text-align-center\"><strong>\u00a1Desata la Diversi\u00f3n!<\/strong><\/h3>\n\n\n\n<p class=\"has-text-align-center\">Abiertos todos los d\u00edas, durante todo el a\u00f1o, desde el amanecer hasta el atardecer, nuestros parques para perros sin correa, totalmente cercados, ofrecen un lugar seguro y acogedor para que los perros corran, jueguen y socialicen. Las instalaciones incluyen \u00e1reas separadas para perros peque\u00f1os, equipos de agilidad, servicio de agua, zonas de espera en la entrada, estaciones para desechos, mesas de picnic y un c\u00f3modo sistema de acceso con tarjeta magn\u00e9tica.<\/p>\n<\/div>\n<\/div>\n\n\n\n<div class=\"wp-block-group lower-stack is-vertical is-layout-flex wp-container-core-group-is-layout-fe9cc265 wp-block-group-is-layout-flex\">\n<div class=\"wp-block-buttons is-layout-flex wp-block-buttons-is-layout-flex\">\n<div class=\"wp-block-button\"><a aria-label=\"\u00a1Desata la Diversi\u00f3n!\" class=\"wp-block-button__link wp-element-button\" href=\"https:\/\/www.heparks.org\/es\/dog-parks\/\">SACAR A PASEO AL PERRO<span class=\"screen-reader-text\">\u00a1Desata la Diversi\u00f3n!<\/span><\/a><\/div>\n<\/div>\n<\/div>\n\n\t<\/div>\n<\/swiper-slide>\n\n\t\t<\/swiper-container>\n\n\t\t\n\t\t\n\t\t\t\t\t<div class=\"carousel-new-controls-group grouped grouped-position-bottom grouped-layout-split\">\n\t\t\t\t\t\t\t\t\t\t\t\t\t\t\t\t\t\t\t\t<button\n\t\t\t\t\t\t\tclass=\"carousel-new-nav-prev\"\n\t\t\t\t\t\t\taria-label=\"Previous slide\"\n\t\t\t\t\t\t\trole=\"button\"\n\t\t\t\t\t\t>\n\t\t\t\t\t\t\t\t\t\t\t\t\t\t\t<span class=\"carousel-new-nav-icon\">\n\t\t\t\t\t\t\t\t\t<svg xmlns=\"http:\/\/www.w3.org\/2000\/svg\" fill=\"none\">\n  <path d=\"M-2.40413e-07 5.5L8.25 0.736861L8.25 10.2631L-2.40413e-07 5.5Z\" fill=\"#2C4E3F\"\/>\n<\/svg>\t\t\t\t\t\t\t\t<\/span>\n\t\t\t\t\t\t\t\t\t\t\t\t\t\t<span class=\"screen-reader-text\">Previous<\/span>\n\t\t\t\t\t\t<\/button>\n\t\t\t\t\t\n\t\t\t\t\t\t\t\t\t\t\t<div id=\"swiper-pagination-block-2d0fb00b-40d6-4de8-bfa9-2a4bd35f90b9\" class=\"swiper-pagination grouped\"><\/div>\n\t\t\t\t\t\n\t\t\t\t\t\t\t\t\t\t\t<button\n\t\t\t\t\t\t\tclass=\"carousel-new-nav-next\"\n\t\t\t\t\t\t\taria-label=\"Next slide\"\n\t\t\t\t\t\t\trole=\"button\"\n\t\t\t\t\t\t>\n\t\t\t\t\t\t\t\t\t\t\t\t\t\t\t<span class=\"carousel-new-nav-icon\">\n\t\t\t\t\t\t\t\t\t<svg xmlns=\"http:\/\/www.w3.org\/2000\/svg\" fill=\"none\">\n  <path d=\"M9 5.5L0.749999 10.2631L0.749999 0.73686L9 5.5Z\" fill=\"#2C4E3F\"\/>\n<\/svg>\t\t\t\t\t\t\t\t<\/span>\n\t\t\t\t\t\t\t\t\t\t\t\t\t\t<span class=\"screen-reader-text\">Next<\/span>\n\t\t\t\t\t\t<\/button>\n\t\t\t\t\t\t\t\t\t\t\t\t<\/div>\n\t\t\t<\/div>\n\n\t<\/section>\n<\/div>\n<\/div>\n<\/div>\n<\/div><\/section>","protected":false},"excerpt":{"rendered":"","protected":false},"author":1,"featured_media":0,"parent":0,"menu_order":0,"comment_status":"closed","ping_status":"closed","template":"","meta":{"_acf_changed":false,"_searchwp_excluded":"","_EventAllDay":false,"_EventTimezone":"","_EventStartDate":"","_EventEndDate":"","_EventStartDateUTC":"","_EventEndDateUTC":"","_EventShowMap":false,"_EventShowMapLink":false,"_EventURL":"","_EventCost":"","_EventCostDescription":"","_EventCurrencySymbol":"","_EventCurrencyCode":"","_EventCurrencyPosition":"","_EventDateTimeSeparator":"","_EventTimeRangeSeparator":"","_EventOrganizerID":[],"_EventVenueID":[],"_OrganizerEmail":"","_OrganizerPhone":"","_OrganizerWebsite":"","_VenueAddress":"","_VenueCity":"","_VenueCountry":"","_VenueProvince":"","_VenueState":"","_VenueZip":"","_VenuePhone":"","_VenueURL":"","_VenueStateProvince":"","_VenueLat":"","_VenueLng":"","_VenueShowMap":false,"_VenueShowMapLink":false,"_tribe_blocks_recurrence_rules":"","_tribe_blocks_recurrence_description":"","_tribe_blocks_recurrence_exclusions":"","_ecp_custom_2":"","footnotes":""},"class_list":["post-134","page","type-page","status-publish","hentry"],"acf":[],"_links":{"self":[{"href":"https:\/\/www.heparks.org\/es\/wp-json\/wp\/v2\/pages\/134","targetHints":{"allow":["GET"]}}],"collection":[{"href":"https:\/\/www.heparks.org\/es\/wp-json\/wp\/v2\/pages"}],"about":[{"href":"https:\/\/www.heparks.org\/es\/wp-json\/wp\/v2\/types\/page"}],"author":[{"embeddable":true,"href":"https:\/\/www.heparks.org\/es\/wp-json\/wp\/v2\/users\/1"}],"replies":[{"embeddable":true,"href":"https:\/\/www.heparks.org\/es\/wp-json\/wp\/v2\/comments?post=134"}],"version-history":[{"count":19,"href":"https:\/\/www.heparks.org\/es\/wp-json\/wp\/v2\/pages\/134\/revisions"}],"predecessor-version":[{"id":57592,"href":"https:\/\/www.heparks.org\/es\/wp-json\/wp\/v2\/pages\/134\/revisions\/57592"}],"wp:attachment":[{"href":"https:\/\/www.heparks.org\/es\/wp-json\/wp\/v2\/media?parent=134"}],"curies":[{"name":"wp","href":"https:\/\/api.w.org\/{rel}","templated":true}]}}