{"id":111,"date":"2025-10-30T09:32:59","date_gmt":"2025-10-30T09:32:59","guid":{"rendered":"https:\/\/www.heparks.org\/?page_id=111"},"modified":"2026-04-08T10:28:09","modified_gmt":"2026-04-08T15:28:09","slug":"oportunidades-de-patrocinio-publicitario","status":"publish","type":"page","link":"https:\/\/www.heparks.org\/es\/about\/get-involved\/advertising-sponsorship-opportunities\/","title":{"rendered":"Oportunidades de publicidad y patrocinio"},"content":{"rendered":"<section class=\"wp-block-cover alignfull pattern hero-1\"><img decoding=\"async\" width=\"1024\" height=\"612\" class=\"wp-block-cover__image-background wp-image-6123 size-large lazyload\" alt=\"Una persona nadando en una piscina\" data-src=\"https:\/\/www.heparks.org\/wp-content\/smush-webp\/2025\/12\/Hero-2-1024x612.png.webp\" data-object-fit=\"cover\" data-srcset=\"https:\/\/www.heparks.org\/wp-content\/smush-webp\/2025\/12\/Hero-2-1024x612.png.webp 1024w, https:\/\/www.heparks.org\/wp-content\/smush-webp\/2025\/12\/Hero-2-300x179.png.webp 300w, https:\/\/www.heparks.org\/wp-content\/smush-webp\/2025\/12\/Hero-2-768x459.png.webp 768w, https:\/\/www.heparks.org\/wp-content\/smush-webp\/2025\/12\/Hero-2.png.webp 1512w\" data-sizes=\"(max-width: 1024px) 100vw, 1024px\" src=\"data:image\/svg+xml;base64,PHN2ZyB3aWR0aD0iMSIgaGVpZ2h0PSIxIiB4bWxucz0iaHR0cDovL3d3dy53My5vcmcvMjAwMC9zdmciPjwvc3ZnPg==\" style=\"--smush-placeholder-width: 1024px; --smush-placeholder-aspect-ratio: 1024\/612;\" data-smush-webp-fallback=\"{&quot;data-src&quot;:&quot;https:\\\/\\\/www.heparks.org\\\/wp-content\\\/uploads\\\/2025\\\/12\\\/Hero-2-1024x612.png&quot;,&quot;data-srcset&quot;:&quot;https:\\\/\\\/www.heparks.org\\\/wp-content\\\/uploads\\\/2025\\\/12\\\/Hero-2-1024x612.png 1024w, https:\\\/\\\/www.heparks.org\\\/wp-content\\\/uploads\\\/2025\\\/12\\\/Hero-2-300x179.png 300w, https:\\\/\\\/www.heparks.org\\\/wp-content\\\/uploads\\\/2025\\\/12\\\/Hero-2-768x459.png 768w, https:\\\/\\\/www.heparks.org\\\/wp-content\\\/uploads\\\/2025\\\/12\\\/Hero-2.png 1512w&quot;}\" \/><span aria-hidden=\"true\" class=\"wp-block-cover__background has-background-dim\"><\/span><div class=\"wp-block-cover__inner-container has-global-padding is-layout-constrained wp-block-cover-is-layout-constrained\">\n<div class=\"wp-block-columns pattern-intro is-layout-flex wp-container-core-columns-is-layout-28f84493 wp-block-columns-is-layout-flex\">\n<div class=\"wp-block-column is-layout-flow wp-block-column-is-layout-flow\">\n<h2 class=\"wp-block-heading is-style-intro-heading\">Alcanza a tu audiencia. Apoya a tu comunidad<\/h2>\n\n\n\n<div class=\"wp-block-group has-global-padding is-layout-constrained wp-block-group-is-layout-constrained\">\n<h3 class=\"wp-block-heading pattern-heading\">Oportunidades de publicidad y patrocinio<\/h3>\n\n\n\n<p>As\u00f3ciate con HEParks y conecta tu negocio con miles de familias locales de una manera significativa. Nuestros patrocinios ofrecen m\u00e1s que simple visibilidad: crean relaciones aut\u00e9nticas entre tu marca y nuestra comunidad. Al alinearte con nuestra organizaci\u00f3n confiable y enfocada en la familia, demostrar\u00e1s tu compromiso con los valores locales mientras llegas a tu p\u00fablico objetivo donde vive, juega y se re\u00fane.<\/p>\n<\/div>\n<\/div>\n<\/div>\n<\/div><\/section>\n\n\n\n<section class=\"wp-block-cover alignfull is-light pattern feature-grid-2\"><span aria-hidden=\"true\" class=\"wp-block-cover__background has-coral-orange-background-color has-background-dim-100 has-background-dim\"><\/span><div class=\"wp-block-cover__inner-container has-global-padding is-layout-constrained wp-block-cover-is-layout-constrained\">\n<div class=\"wp-block-columns pattern-intro is-layout-flex wp-container-core-columns-is-layout-28f84493 wp-block-columns-is-layout-flex\">\n<div class=\"wp-block-column is-layout-flow wp-block-column-is-layout-flow\">\n<h2 class=\"wp-block-heading is-style-intro-heading\">\u00bfPor qu\u00e9 asociarse con nosotros?<\/h2>\n\n\n\n<h3 class=\"wp-block-heading pattern-heading\">Sobre la Asociaci\u00f3n<\/h3>\n\n\n\n<div class=\"wp-block-group has-global-padding is-layout-constrained wp-block-group-is-layout-constrained\">\n<p>Asociarse con HEParks es m\u00e1s que publicidad: es una conexi\u00f3n comunitaria significativa. Alinee su marca con una instituci\u00f3n p\u00fablica de confianza, obtenga visibilidad multicanal y genere un impacto directo en la salud y felicidad de las familias locales. Es rentable, de alto valor y tiene prop\u00f3sito.<\/p>\n<\/div>\n<\/div>\n<\/div>\n\n\n\n<div class=\"wp-block-columns pattern-grid is-layout-flex wp-container-core-columns-is-layout-28f84493 wp-block-columns-is-layout-flex\">\n<div class=\"wp-block-column pattern-grid-col-1 is-layout-flow wp-block-column-is-layout-flow\">\n<h4 class=\"wp-block-heading pattern-grid-heading\">Comunidad Directa <br>Impacto<\/h4>\n<\/div>\n\n\n\n<div class=\"wp-block-column pattern-grid-col-2 is-layout-flow wp-block-column-is-layout-flow\">\n<h4 class=\"wp-block-heading pattern-grid-heading\">Multicanal <br>Visibilidad<\/h4>\n<\/div>\n\n\n\n<div class=\"wp-block-column pattern-grid-col-3 is-layout-flow wp-block-column-is-layout-flow\">\n<h4 class=\"wp-block-heading pattern-grid-heading\">Rentable <br>Exposici\u00f3n de marca<\/h4>\n<\/div>\n\n\n\n<div class=\"wp-block-column pattern-grid-col-4 is-layout-flow wp-block-column-is-layout-flow\">\n<h4 class=\"wp-block-heading pattern-grid-heading\">Comunidad Positiva <br>Percepci\u00f3n<\/h4>\n<\/div>\n<\/div>\n<\/div><\/section>\n\n\n\n<section class=\"wp-block-cover alignfull pattern accordion-1\"><span aria-hidden=\"true\" class=\"wp-block-cover__background has-dark-teal-background-color has-background-dim-100 has-background-dim\"><\/span><div class=\"wp-block-cover__inner-container has-global-padding is-layout-constrained wp-block-cover-is-layout-constrained\">\n<div class=\"wp-block-columns pattern-intro is-layout-flex wp-container-core-columns-is-layout-28f84493 wp-block-columns-is-layout-flex\">\n<div class=\"wp-block-column pattern-col-text is-layout-flow wp-block-column-is-layout-flow\">\n<h2 class=\"wp-block-heading is-style-intro-heading\">C\u00f3mo asociarse con nosotros<\/h2>\n\n\n\n<h3 class=\"wp-block-heading pattern-heading\">Oportunidades de publicidad y patrocinio<\/h3>\n<\/div>\n\n\n\n<div class=\"wp-block-column pattern-col-image is-layout-flow wp-block-column-is-layout-flow\">\n<figure class=\"wp-block-image size-full\"><img decoding=\"async\" width=\"2048\" height=\"643\" data-src=\"https:\/\/www.heparks.org\/wp-content\/smush-webp\/2025\/12\/caines-edit-Recovered-copy-1.jpg.webp\" alt=\"dos mujeres paradas una al lado de la otra\" class=\"wp-image-6125 lazyload\" data-srcset=\"https:\/\/www.heparks.org\/wp-content\/smush-webp\/2025\/12\/caines-edit-Recovered-copy-1.jpg.webp 2048w, https:\/\/www.heparks.org\/wp-content\/smush-webp\/2025\/12\/caines-edit-Recovered-copy-1-300x94.jpg.webp 300w, https:\/\/www.heparks.org\/wp-content\/smush-webp\/2025\/12\/caines-edit-Recovered-copy-1-1024x322.jpg.webp 1024w, https:\/\/www.heparks.org\/wp-content\/smush-webp\/2025\/12\/caines-edit-Recovered-copy-1-768x241.jpg.webp 768w, https:\/\/www.heparks.org\/wp-content\/smush-webp\/2025\/12\/caines-edit-Recovered-copy-1-1536x483.jpg.webp 1536w\" data-sizes=\"(max-width: 2048px) 100vw, 2048px\" src=\"data:image\/svg+xml;base64,PHN2ZyB3aWR0aD0iMSIgaGVpZ2h0PSIxIiB4bWxucz0iaHR0cDovL3d3dy53My5vcmcvMjAwMC9zdmciPjwvc3ZnPg==\" style=\"--smush-placeholder-width: 2048px; --smush-placeholder-aspect-ratio: 2048\/643;\" data-smush-webp-fallback=\"{&quot;data-src&quot;:&quot;https:\\\/\\\/www.heparks.org\\\/wp-content\\\/uploads\\\/2025\\\/12\\\/caines-edit-Recovered-copy-1.jpg&quot;,&quot;data-srcset&quot;:&quot;https:\\\/\\\/www.heparks.org\\\/wp-content\\\/uploads\\\/2025\\\/12\\\/caines-edit-Recovered-copy-1.jpg 2048w, https:\\\/\\\/www.heparks.org\\\/wp-content\\\/uploads\\\/2025\\\/12\\\/caines-edit-Recovered-copy-1-300x94.jpg 300w, https:\\\/\\\/www.heparks.org\\\/wp-content\\\/uploads\\\/2025\\\/12\\\/caines-edit-Recovered-copy-1-1024x322.jpg 1024w, https:\\\/\\\/www.heparks.org\\\/wp-content\\\/uploads\\\/2025\\\/12\\\/caines-edit-Recovered-copy-1-768x241.jpg 768w, https:\\\/\\\/www.heparks.org\\\/wp-content\\\/uploads\\\/2025\\\/12\\\/caines-edit-Recovered-copy-1-1536x483.jpg 1536w&quot;}\" \/><\/figure>\n<\/div>\n<\/div>\n\n\n\n<div class=\"wp-block-columns pattern-accordion is-layout-flex wp-container-core-columns-is-layout-28f84493 wp-block-columns-is-layout-flex\">\n<div class=\"wp-block-column is-layout-flow wp-block-column-is-layout-flow\">\n<details class=\"wp-block-details is-layout-flow wp-block-details-is-layout-flow\"><summary>Digital e impreso<\/summary>\n<ul class=\"wp-block-list\">\n<li>Publicidad en Gu\u00eda de Programaci\u00f3n (m\u00e1s de 130,000 visitas trimestrales)<\/li>\n\n\n\n<li>Presencia en el sitio web (segunda p\u00e1gina m\u00e1s visitada)<\/li>\n\n\n\n<li>Exposici\u00f3n en redes sociales (m\u00e1s de 200,000 impresiones mensuales)<\/li>\n\n\n\n<li>Inclusi\u00f3n en nuestro bolet\u00edn informativo por correo electr\u00f3nico (m\u00e1s de 23,000 cuentas activas)<\/li>\n<\/ul>\n<\/details>\n\n\n\n<details class=\"wp-block-details is-layout-flow wp-block-details-is-layout-flow\"><summary>Eventos especiales<\/summary>\n<p>El Distrito de Parques de Hoffman Estates organiza eventos especiales a lo largo del a\u00f1o. Estos eventos populares le brindan a su negocio un contacto directo con futuros clientes. A continuaci\u00f3n, se presentan algunos:<\/p>\n\n\n\n<p>\u2022 Eventos de patinaje<br>B\u00fasqueda de huevos<br>Feria de Artesan\u00eda<br>\u2022 Diversi\u00f3n de viernes en el parque<br>\u2022 Eventos de M\u00fasica en Vivo<br>\u2022 Eventos Marinos<br>\u2022 Gran fiesta de Halloween<br>\u2022 Festival Embrujado de la Familia Hoffman<br>Festival de Invierno<br>\u2022 Desayuno con Santa<br>\u2022 Eventos de Golf<\/p>\n<\/details>\n\n\n\n<details class=\"wp-block-details is-layout-flow wp-block-details-is-layout-flow\"><summary>Se\u00f1alizaci\u00f3n en el sitio<\/summary>\n<p>El Hoffman Estates Park District ofrece a las empresas la oportunidad de anunciarse en una variedad de instalaciones del Park District, as\u00ed como en sus dos pantallas digitales gigantes de gran formato, de 3 x 6 metros, ubicadas en calles de alto tr\u00e1fico: Triphahn Center (Higgins Road) y Vogelei Park (Higgins y Golf Roads). Opciones de espacio principal y espacio compartido disponibles.<\/p>\n<\/details>\n\n\n\n<details class=\"wp-block-details is-layout-flow wp-block-details-is-layout-flow\"><summary>Patrocinio de Instalaciones y Programas<\/summary>\n<p>Ofrecemos patrocinio de eventos e instalaciones, as\u00ed como diversas opciones publicitarias dentro y alrededor del Distrito del Parque. Ya sea proporcionando donaciones en especie o de alimentos, premios para rifas o patrocinios monetarios, le ayudaremos a encontrar la mejor opci\u00f3n para su negocio. Atendemos a todos, desde ni\u00f1os hasta adultos mayores, por lo que estamos seguros de que tendremos una oportunidad de patrocinio adecuada para usted.<\/p>\n\n\n\n<p><strong>Visibilidad de la comunidad<\/strong><br>56.690 residentes de HE Parks<br>M\u00e1s de 200,000 visitas a p\u00e1ginas web anualmente<br>30.000 rondas de golf jugadas<br>6,000 participantes en evento especial<br>23,000+ Cuentas de correo electr\u00f3nico activas<br>M\u00e1s de 7,000 seguidores en redes sociales<\/p>\n\n\n\n<p><strong>Oportunidades para socios<\/strong><br>Patrocinio de Instalaciones<br>Patrocinio de Evento\/Programa<br>Familia, Comunidad y Eventos Caninos<br>Oportunidades de patrocinio para programas de adultos y j\u00f3venes<br>Ligas deportivas<br>Donaciones en especie<br>Paquetes de Golf<br>Eventos del Club 50+<br>Patrocinio de LSC\/Preescolar\/Campamento<\/p>\n\n\n\n<p class=\"has-base-color has-text-color has-link-color wp-elements-961f3d5b51f5928d2cb8e767cafca64b\">Para informaci\u00f3n, env\u00ede un correo electr\u00f3nico&nbsp;<a href=\"mailto:jney@heparks.org\">Jeff Ney<\/a>&nbsp;o llama al 847-285-5477.<\/p>\n<\/details>\n\n\n\n<details class=\"wp-block-details is-layout-flow wp-block-details-is-layout-flow\"><summary>Fundaci\u00f3n y Oportunidades de Donaci\u00f3n<\/summary>\n<p>Los Amigos de los Parques de HE brindan una oportunidad \u00fanica para patrocinar eventos, comprar una hoja del \u00c1rbol de los Donantes y mucho m\u00e1s.&nbsp;<\/p>\n\n\n\n<div class=\"wp-block-buttons is-layout-flex wp-block-buttons-is-layout-flex\">\n<div class=\"wp-block-button\"><a class=\"wp-block-button__link wp-element-button\" href=\"https:\/\/www.heparks.org\/es\/sobre\/participa\/friends-of-heparks-foundation\/\">Amigos de la Fundaci\u00f3n HEParks<\/a><\/div>\n<\/div>\n<\/details>\n<\/div>\n<\/div>\n<\/div><\/section>\n\n\n\n<section class=\"wp-block-cover alignfull is-light pattern cta-1 has-dark-teal-color has-text-color has-link-color wp-elements-c6b0db99fec0046bcd577e485b9c0232\"><span aria-hidden=\"true\" class=\"wp-block-cover__background has-light-teal-background-color has-background-dim-100 has-background-dim\"><\/span><div class=\"wp-block-cover__inner-container has-global-padding is-layout-constrained wp-block-cover-is-layout-constrained\">\n<div class=\"wp-block-columns is-layout-flex wp-container-core-columns-is-layout-28f84493 wp-block-columns-is-layout-flex\">\n<div class=\"wp-block-column pattern-col-text is-layout-flow wp-block-column-is-layout-flow\">\n<h2 class=\"wp-block-heading is-style-intro-heading\">Apoya Lo Que Mueve Nuestra Comunidad<\/h2>\n\n\n\n<div class=\"wp-block-group has-global-padding is-layout-constrained wp-block-group-is-layout-constrained\">\n<h3 class=\"wp-block-heading\">Explore oportunidades de patrocinio flexibles<\/h3>\n\n\n\n<p>Ofrecemos una variedad de paquetes de patrocinio dise\u00f1ados para ajustarse a sus objetivos y conectarlo con el coraz\u00f3n de Hoffman Estates. Ya sea que busque aumentar el reconocimiento de su marca, retribuir o generar un impacto significativo, nuestros niveles Bronce, Plata y Oro ofrecen beneficios escalables, desde se\u00f1alizaci\u00f3n y menciones en redes sociales hasta exposici\u00f3n en eventos comunitarios.<\/p>\n\n\n\n<p>Tambi\u00e9n damos la bienvenida a donaciones en especie de bienes o servicios, que ayudan a apoyar nuestros programas y se reconocen con agradecimientos significativos en todas nuestras plataformas.<\/p>\n\n\n\n<div class=\"wp-block-buttons is-vertical is-layout-flex wp-container-core-buttons-is-layout-fe9cc265 wp-block-buttons-is-layout-flex\">\n<div class=\"wp-block-button is-style-fill\"><a class=\"wp-block-button__link has-base-color has-dark-teal-background-color has-text-color has-background has-link-color wp-element-button\" href=\"https:\/\/www.heparks.org\/es\/contact\/\">cont\u00e1ctanos para saber m\u00e1s<\/a><\/div>\n<\/div>\n<\/div>\n<\/div>\n\n\n\n<div class=\"wp-block-column pattern-col-image is-layout-flow wp-block-column-is-layout-flow\">\n<figure class=\"wp-block-image size-full\"><img decoding=\"async\" width=\"686\" height=\"861\" data-src=\"https:\/\/www.heparks.org\/wp-content\/smush-webp\/2025\/11\/Group-26080393.png.webp\" alt=\"una persona y una persona d\u00e1ndose la mano\" class=\"wp-image-200 lazyload\" data-srcset=\"https:\/\/www.heparks.org\/wp-content\/smush-webp\/2025\/11\/Group-26080393.png.webp 686w, https:\/\/www.heparks.org\/wp-content\/smush-webp\/2025\/11\/Group-26080393-239x300.png.webp 239w\" data-sizes=\"(max-width: 686px) 100vw, 686px\" src=\"data:image\/svg+xml;base64,PHN2ZyB3aWR0aD0iMSIgaGVpZ2h0PSIxIiB4bWxucz0iaHR0cDovL3d3dy53My5vcmcvMjAwMC9zdmciPjwvc3ZnPg==\" style=\"--smush-placeholder-width: 686px; --smush-placeholder-aspect-ratio: 686\/861;\" data-smush-webp-fallback=\"{&quot;data-src&quot;:&quot;https:\\\/\\\/www.heparks.org\\\/wp-content\\\/uploads\\\/2025\\\/11\\\/Group-26080393.png&quot;,&quot;data-srcset&quot;:&quot;https:\\\/\\\/www.heparks.org\\\/wp-content\\\/uploads\\\/2025\\\/11\\\/Group-26080393.png 686w, https:\\\/\\\/www.heparks.org\\\/wp-content\\\/uploads\\\/2025\\\/11\\\/Group-26080393-239x300.png 239w&quot;}\" \/><\/figure>\n<\/div>\n<\/div>\n<\/div><\/section>\n\n\n\n<section class=\"wp-block-cover alignfull is-light pattern feature-grid-2\"><span aria-hidden=\"true\" class=\"wp-block-cover__background has-coral-orange-background-color has-background-dim-100 has-background-dim\"><\/span><div class=\"wp-block-cover__inner-container has-global-padding is-layout-constrained wp-block-cover-is-layout-constrained\">\n<div class=\"wp-block-columns pattern-intro is-layout-flex wp-container-core-columns-is-layout-28f84493 wp-block-columns-is-layout-flex\">\n<div class=\"wp-block-column is-layout-flow wp-block-column-is-layout-flow\">\n<h2 class=\"wp-block-heading is-style-intro-heading\">Nuestro Alcance + C\u00f3mo Generamos Impacto<\/h2>\n\n\n\n<h3 class=\"wp-block-heading pattern-heading\">Comunidad<\/h3>\n\n\n\n<div class=\"wp-block-group has-global-padding is-layout-constrained wp-block-group-is-layout-constrained\">\n<p>Creemos que el trabajo que haces debe importar, y que las personas con las que lo haces deben animarte. Creemos que el trabajo que haces debe importar, y que las personas con las que lo haces deben animarte. Creemos que el trabajo que haces debe importar.<\/p>\n<\/div>\n<\/div>\n<\/div>\n\n\n\n<div class=\"wp-block-columns pattern-grid is-layout-flex wp-container-core-columns-is-layout-28f84493 wp-block-columns-is-layout-flex\">\n<div class=\"wp-block-column pattern-grid-col-1 is-layout-flow wp-block-column-is-layout-flow\">\n<h4 class=\"wp-block-heading pattern-grid-heading\"><strong>56,690<\/strong> <br>Residentes de HEParks<\/h4>\n<\/div>\n\n\n\n<div class=\"wp-block-column pattern-grid-col-2 is-layout-flow wp-block-column-is-layout-flow\">\n<h4 class=\"wp-block-heading pattern-grid-heading\"><strong>200,000+<\/strong> <br>Visitas Anuales a la P\u00e1gina Web<\/h4>\n<\/div>\n\n\n\n<div class=\"wp-block-column pattern-grid-col-3 is-layout-flow wp-block-column-is-layout-flow\">\n<h4 class=\"wp-block-heading pattern-grid-heading\"><strong>6,000+<\/strong><br>Participantes del evento<\/h4>\n<\/div>\n\n\n\n<div class=\"wp-block-column pattern-grid-col-4 is-layout-flow wp-block-column-is-layout-flow\">\n<h4 class=\"wp-block-heading pattern-grid-heading\"><strong>7,000+<\/strong><br>Seguidores de redes sociales<\/h4>\n<\/div>\n<\/div>\n<\/div><\/section>\n\n\n\n<section class=\"wp-block-cover alignfull is-light pattern cta-4 has-deep-maroon-color has-text-color has-link-color wp-elements-783316b8f5df3151a7ecbcffd678298f\"><span aria-hidden=\"true\" class=\"wp-block-cover__background has-golden-yellow-background-color has-background-dim-100 has-background-dim\"><\/span><div class=\"wp-block-cover__inner-container has-global-padding is-layout-constrained wp-block-cover-is-layout-constrained\">\n<div class=\"wp-block-columns is-layout-flex wp-container-core-columns-is-layout-28f84493 wp-block-columns-is-layout-flex\">\n<div class=\"wp-block-column pattern-col-text is-layout-flow wp-block-column-is-layout-flow\">\n<h2 class=\"wp-block-heading is-style-intro-heading\">Por qu\u00e9 importa<\/h2>\n\n\n\n<div class=\"wp-block-group has-global-padding is-layout-constrained wp-block-group-is-layout-constrained\">\n<h3 class=\"wp-block-heading pattern-heading\">Sean cuales sean tus objetivos, ofrecemos oportunidades de asociaci\u00f3n que conectan tu marca con nuestra comunidad.<\/h3>\n\n\n\n<div class=\"wp-block-buttons is-vertical is-layout-flex wp-container-core-buttons-is-layout-fe9cc265 wp-block-buttons-is-layout-flex\">\n<div data-wp-context=\"{&quot;hoverBg&quot;:&quot;#ffffff&quot;,&quot;hoverText&quot;:&quot;#1E9ED4&quot;,&quot;originalStyle&quot;:&quot;&quot;,&quot;captured&quot;:false}\" data-wp-interactive=\"button-hover-colors\" class=\"wp-block-button is-style-fill-alternate\"><a data-wp-on--blur=\"actions.onMouseLeave\" data-wp-on--focus=\"actions.onMouseEnter\" data-wp-on--mouseenter=\"actions.onMouseEnter\" data-wp-on--mouseleave=\"actions.onMouseLeave\" class=\"wp-block-button__link has-deep-navy-color has-sky-blue-background-color has-text-color has-background has-link-color wp-element-button\" href=\"https:\/\/www.heparks.org\/es\/contact\/\">Cont\u00e1ctanos<\/a><\/div>\n<\/div>\n<\/div>\n<\/div>\n\n\n\n<div class=\"wp-block-column pattern-col-image is-layout-flow wp-block-column-is-layout-flow\">\n<figure class=\"wp-block-image size-full\"><img decoding=\"async\" width=\"794\" height=\"773\" data-src=\"https:\/\/www.heparks.org\/wp-content\/smush-webp\/2025\/11\/Group-26080394.png.webp\" alt=\"dos ni\u00f1os sosteniendo frisbees amarillos\" class=\"wp-image-310 lazyload\" data-srcset=\"https:\/\/www.heparks.org\/wp-content\/smush-webp\/2025\/11\/Group-26080394.png.webp 794w, https:\/\/www.heparks.org\/wp-content\/smush-webp\/2025\/11\/Group-26080394-300x292.png.webp 300w, https:\/\/www.heparks.org\/wp-content\/smush-webp\/2025\/11\/Group-26080394-768x748.png.webp 768w\" data-sizes=\"(max-width: 794px) 100vw, 794px\" src=\"data:image\/svg+xml;base64,PHN2ZyB3aWR0aD0iMSIgaGVpZ2h0PSIxIiB4bWxucz0iaHR0cDovL3d3dy53My5vcmcvMjAwMC9zdmciPjwvc3ZnPg==\" style=\"--smush-placeholder-width: 794px; --smush-placeholder-aspect-ratio: 794\/773;\" data-smush-webp-fallback=\"{&quot;data-src&quot;:&quot;https:\\\/\\\/www.heparks.org\\\/wp-content\\\/uploads\\\/2025\\\/11\\\/Group-26080394.png&quot;,&quot;data-srcset&quot;:&quot;https:\\\/\\\/www.heparks.org\\\/wp-content\\\/uploads\\\/2025\\\/11\\\/Group-26080394.png 794w, https:\\\/\\\/www.heparks.org\\\/wp-content\\\/uploads\\\/2025\\\/11\\\/Group-26080394-300x292.png 300w, https:\\\/\\\/www.heparks.org\\\/wp-content\\\/uploads\\\/2025\\\/11\\\/Group-26080394-768x748.png 768w&quot;}\" \/><\/figure>\n<\/div>\n<\/div>\n<\/div><\/section>","protected":false},"excerpt":{"rendered":"","protected":false},"author":1,"featured_media":0,"parent":6343,"menu_order":0,"comment_status":"closed","ping_status":"closed","template":"","meta":{"_acf_changed":false,"_searchwp_excluded":"","_EventAllDay":false,"_EventTimezone":"","_EventStartDate":"","_EventEndDate":"","_EventStartDateUTC":"","_EventEndDateUTC":"","_EventShowMap":false,"_EventShowMapLink":false,"_EventURL":"","_EventCost":"","_EventCostDescription":"","_EventCurrencySymbol":"","_EventCurrencyCode":"","_EventCurrencyPosition":"","_EventDateTimeSeparator":"","_EventTimeRangeSeparator":"","_EventOrganizerID":[],"_EventVenueID":[],"_OrganizerEmail":"","_OrganizerPhone":"","_OrganizerWebsite":"","_VenueAddress":"","_VenueCity":"","_VenueCountry":"","_VenueProvince":"","_VenueState":"","_VenueZip":"","_VenuePhone":"","_VenueURL":"","_VenueStateProvince":"","_VenueLat":"","_VenueLng":"","_VenueShowMap":false,"_VenueShowMapLink":false,"_tribe_blocks_recurrence_rules":"","_tribe_blocks_recurrence_description":"","_tribe_blocks_recurrence_exclusions":"","_ecp_custom_2":"","footnotes":""},"class_list":["post-111","page","type-page","status-publish","hentry"],"acf":[],"_links":{"self":[{"href":"https:\/\/www.heparks.org\/es\/wp-json\/wp\/v2\/pages\/111","targetHints":{"allow":["GET"]}}],"collection":[{"href":"https:\/\/www.heparks.org\/es\/wp-json\/wp\/v2\/pages"}],"about":[{"href":"https:\/\/www.heparks.org\/es\/wp-json\/wp\/v2\/types\/page"}],"author":[{"embeddable":true,"href":"https:\/\/www.heparks.org\/es\/wp-json\/wp\/v2\/users\/1"}],"replies":[{"embeddable":true,"href":"https:\/\/www.heparks.org\/es\/wp-json\/wp\/v2\/comments?post=111"}],"version-history":[{"count":7,"href":"https:\/\/www.heparks.org\/es\/wp-json\/wp\/v2\/pages\/111\/revisions"}],"predecessor-version":[{"id":46523,"href":"https:\/\/www.heparks.org\/es\/wp-json\/wp\/v2\/pages\/111\/revisions\/46523"}],"up":[{"embeddable":true,"href":"https:\/\/www.heparks.org\/es\/wp-json\/wp\/v2\/pages\/6343"}],"wp:attachment":[{"href":"https:\/\/www.heparks.org\/es\/wp-json\/wp\/v2\/media?parent=111"}],"curies":[{"name":"wp","href":"https:\/\/api.w.org\/{rel}","templated":true}]}}